{"id":139,"date":"2010-12-09T15:49:30","date_gmt":"2010-12-09T19:49:30","guid":{"rendered":"http:\/\/sheilahughmackay.com\/shmf\/"},"modified":"2025-03-24T17:25:16","modified_gmt":"2025-03-24T20:25:16","slug":"special-projects","status":"publish","type":"page","link":"https:\/\/sheilahughmackay.ca\/fr\/subventions\/","title":{"rendered":"Subventions"},"content":{"rendered":"<p><\/p>\n<section id=\"foundaboutus\" class=\"about-us skill_3\">\n<div class=\"container\">\n<div class=\"row\">\n<div class=\"col-lg-4 col-md-4 column zerif-rtl-big-title\">\n<div class=\"big-intro\">&#8230; pour encourager l&#8217;excellence dans les arts visuels &#8230;<\/div>\n<\/div>\n<p class=\"leadp-light\">Depuis sa constitution en corporation en 1987, la Fondation Sheila Hugh Mackay a accord\u00e9 des bourses ou subventions destin\u00e9es \u00e0 rehausser l\u2019excellence dans le domaine des arts visuels au Nouveau-Brunswick. Ses deux principaux programmes sont les subventions Sheila et les bourses Signature.<\/p>\n<div class=\"col-lg-4 col-md-4 column zerif_about_us_center text_and_skills\">\n<p>&nbsp;<\/p>\n<h3>Les Sheila<\/h3>\n<p>Les subventions \u00ab Sheila \u00bb du Programme annuel de subventions de facilitation de la Fondation Sheila Hugh Mackay peuvent \u00eatre remises aux organismes artistiques et aux collectifs d\u2019art pour promouvoir de nouvelles initiatives.<\/p>\n<p><a class=\"light-link\" href=\"http:\/\/sheilahughmackay.ca\/\/fr\/comment-appliquer\/\">D\u00e9tails relatifs \u00e0 la demande \u2026 <\/a><\/p>\n<\/div>\n<div class=\"col-lg-4 col-md-4 column zerif-rtl-skills\">\n<p>&nbsp;<\/p>\n<h3>Bourses Signature<\/h3>\n<p>Hors des param\u00e8tres des \u00ab Sheila \u00bb, un programme annuel, le conseil d&#8217;administration s\u2019efforce d\u2019\u00eatre attentif aux possibilit\u00e9s et aux besoins exceptionnels. Une vaste gamme de projets Signature a \u00e9t\u00e9 entreprise en vue d\u2019enrichir les arts visuels au Nouveau-Brunswick.<\/p>\n<p>Le conseil d&#8217;administration examinera les demandes de subvention Signature deux fois par ann\u00e9e. Toutes les propositions doivent \u00eatre re\u00e7ues par la fondation au plus tard le <strong>15 mai<\/strong> et le <strong>15 septembre<\/strong>.<\/p>\n<p><a class=\"light-link\" href=\"http:\/\/sheilahughmackay.ca\/\/fr\/subventions\/subventions-signature\/\">Pour en savoir plus \u2026<\/a><\/p>\n<\/div>\n<p><!-- \/ END SKILLS COLUMN--><\/p>\n<\/div>\n<p><!-- \/ END 3 COLUMNS OF ABOUT US--><\/p>\n<\/div>\n<p><!-- \/ END CONTAINER --><\/p>\n<\/section>\n<p class=\"clear\">\n<p><\/p>","protected":false},"excerpt":{"rendered":"<p>&#8230; pour encourager l&#8217;excellence dans les arts visuels &#8230; Depuis sa constitution en corporation en 1987, la Fondation Sheila Hugh Mackay a accord\u00e9 des bourses ou subventions destin\u00e9es \u00e0 rehausser l\u2019excellence dans le domaine des arts visuels au Nouveau-Brunswick. Ses deux principaux programmes sont les subventions Sheila et les bourses Signature. &nbsp; Les Sheila Les<a href=\"https:\/\/sheilahughmackay.ca\/fr\/subventions\/\">[&#8230;]<\/a><\/p>\n","protected":false},"author":1,"featured_media":0,"parent":0,"menu_order":4,"comment_status":"closed","ping_status":"closed","template":"template-fullwidth.php","meta":[],"_links":{"self":[{"href":"https:\/\/sheilahughmackay.ca\/fr\/wp-json\/wp\/v2\/pages\/139"}],"collection":[{"href":"https:\/\/sheilahughmackay.ca\/fr\/wp-json\/wp\/v2\/pages"}],"about":[{"href":"https:\/\/sheilahughmackay.ca\/fr\/wp-json\/wp\/v2\/types\/page"}],"author":[{"embeddable":true,"href":"https:\/\/sheilahughmackay.ca\/fr\/wp-json\/wp\/v2\/users\/1"}],"replies":[{"embeddable":true,"href":"https:\/\/sheilahughmackay.ca\/fr\/wp-json\/wp\/v2\/comments?post=139"}],"version-history":[{"count":35,"href":"https:\/\/sheilahughmackay.ca\/fr\/wp-json\/wp\/v2\/pages\/139\/revisions"}],"predecessor-version":[{"id":8287,"href":"https:\/\/sheilahughmackay.ca\/fr\/wp-json\/wp\/v2\/pages\/139\/revisions\/8287"}],"wp:attachment":[{"href":"https:\/\/sheilahughmackay.ca\/fr\/wp-json\/wp\/v2\/media?parent=139"}],"curies":[{"name":"wp","href":"https:\/\/api.w.org\/{rel}","templated":true}]}}