{"id":14,"date":"2010-11-17T13:20:23","date_gmt":"2010-11-17T17:20:23","guid":{"rendered":"http:\/\/sheilahughmackay.com\/shmf\/?page_id=14"},"modified":"2016-10-18T11:47:37","modified_gmt":"2016-10-18T14:47:37","slug":"history","status":"publish","type":"page","link":"https:\/\/sheilahughmackay.ca\/fr\/fondation\/histoire\/","title":{"rendered":"Histoire de la fondation"},"content":{"rendered":"<p><\/p>\n<p class=\"western\" lang=\"fr-CA\">La Fondation Sheila Hugh Mackay est une organisation priv\u00e9e, cr\u00e9\u00e9e en 1987 en vue de promouvoir l&#8217;excellence dans les arts visuels et les beaux-arts au Nouveau-Brunswick. Issue du programme de petites subventions de d\u00e9marrage que Sheila Hugh Mackay accordait \u00e0 des artistes \u00e9mergents, la Fondation soutient d\u00e9sormais une large gamme de prix, de bourses, de subventions annuelles de facilitation et de projets de d\u00e9fenses des int\u00e9r\u00eats artistiques. Au moment de son d\u00e9c\u00e8s en 2004, M<sup>me<\/sup>\u00a0Mackay a l\u00e9gu\u00e9 une g\u00e9n\u00e9reuse donation \u00e0 la Fondation, laissant ainsi un h\u00e9ritage durable pour le Nouveau-Brunswick.<\/p>\n<ul class=\"bio-links\">\n<li><a title=\"T\u00e9l\u00e9charger le PDF\" href=\"http:\/\/sheilahughmackay.ca\/\/wp-content\/uploads\/resources\/SHMF-25years-fr.pdf\">D\u00e9claration du 25e anniversaire (PDF)<\/a><\/li>\n<li><a href=\"http:\/\/sheilahughmackay.ca\/\/fr\/fondation\/histoire\/galerie-de-lhistoire-de-la-fondation\/\">Photos d&#8217;archives s\u00e9lectionn\u00e9s<\/a><\/li>\n<\/ul>\n<p><\/p>","protected":false},"excerpt":{"rendered":"<p>La Fondation Sheila Hugh Mackay est une organisation priv\u00e9e, cr\u00e9\u00e9e en 1987 en vue de promouvoir l&#8217;excellence dans les arts visuels et les beaux-arts au Nouveau-Brunswick. Issue du programme de petites subventions de d\u00e9marrage que Sheila Hugh Mackay accordait \u00e0 des artistes \u00e9mergents, la Fondation soutient d\u00e9sormais une large gamme de prix, de bourses, de<a href=\"https:\/\/sheilahughmackay.ca\/fr\/fondation\/histoire\/\">[&#8230;]<\/a><\/p>\n","protected":false},"author":1,"featured_media":0,"parent":5,"menu_order":4,"comment_status":"closed","ping_status":"closed","template":"","meta":[],"_links":{"self":[{"href":"https:\/\/sheilahughmackay.ca\/fr\/wp-json\/wp\/v2\/pages\/14"}],"collection":[{"href":"https:\/\/sheilahughmackay.ca\/fr\/wp-json\/wp\/v2\/pages"}],"about":[{"href":"https:\/\/sheilahughmackay.ca\/fr\/wp-json\/wp\/v2\/types\/page"}],"author":[{"embeddable":true,"href":"https:\/\/sheilahughmackay.ca\/fr\/wp-json\/wp\/v2\/users\/1"}],"replies":[{"embeddable":true,"href":"https:\/\/sheilahughmackay.ca\/fr\/wp-json\/wp\/v2\/comments?post=14"}],"version-history":[{"count":11,"href":"https:\/\/sheilahughmackay.ca\/fr\/wp-json\/wp\/v2\/pages\/14\/revisions"}],"predecessor-version":[{"id":5446,"href":"https:\/\/sheilahughmackay.ca\/fr\/wp-json\/wp\/v2\/pages\/14\/revisions\/5446"}],"up":[{"embeddable":true,"href":"https:\/\/sheilahughmackay.ca\/fr\/wp-json\/wp\/v2\/pages\/5"}],"wp:attachment":[{"href":"https:\/\/sheilahughmackay.ca\/fr\/wp-json\/wp\/v2\/media?parent=14"}],"curies":[{"name":"wp","href":"https:\/\/api.w.org\/{rel}","templated":true}]}}