{"id":145,"date":"2010-12-09T15:59:13","date_gmt":"2010-12-09T19:59:13","guid":{"rendered":"http:\/\/sheilahughmackay.com\/shmf\/"},"modified":"2010-12-09T15:59:13","modified_gmt":"2010-12-09T19:59:13","slug":"touring-exhibitions","status":"publish","type":"page","link":"https:\/\/sheilahughmackay.ca\/fr\/subventions\/subventions-signature\/expositions-signature\/","title":{"rendered":"Signature Exhibitions"},"content":{"rendered":"<p><\/p>\n<h3><a class=\"thickbox\" title=\"regard20-cover.jpg\" href=\"http:\/\/lh6.ggpht.com\/_AdSR2HQ8XNE\/TUG-JcELrCI\/AAAAAAAAAnw\/O_LIsw9F0P0\/regard20-cover.jpg\"><img loading=\"lazy\" class=\"alignleft\" title=\"regard20-cover.jpg\" src=\"http:\/\/lh6.ggpht.com\/_AdSR2HQ8XNE\/TUG-JcELrCI\/AAAAAAAAAnw\/O_LIsw9F0P0\/s150-c\/regard20-cover.jpg\" alt=\"regard20-cover.jpg\" width=\"150\" height=\"150\" \/><\/a> Regard \u2026 Strathbutler 20 ans<\/h3>\n<p>La Fondation Sheila Hugh McKay et Le Mus\u00e9e du Nouveau Brunswick c\u00e9l\u00e8brent le vingti\u00e8me anniversaire du prestigieux prix Strathbutler. Les \u0153uvres en vedette tir\u00e9es de la collection permanente Strathbutler du MNB repr\u00e9senteront chacun des vingt artistes qui ont \u00e9t\u00e9 laur\u00e9ats de ce prix prestigieux en arts visuels. 6 Octobre 2010 au 2 Janvier 2011<\/p>\n<p>&nbsp;<\/p>\n<h3>From Bermuda Palms to Northern Pines &#8211; The Masterworks Bermudiana Collection<\/h3>\n<p>Un don de peintures pour la collection priv\u00e9e de Mackay \u00e0 augmenter la collection de Owens Art Gallery de l&#8217;Universit\u00e9 Mount Allison. 2001<\/p>\n<h3><a class=\"thickbox\" title=\"caught.jpg\" href=\"http:\/\/lh4.ggpht.com\/_AdSR2HQ8XNE\/TUG-KIJqoII\/AAAAAAAAAn8\/a_3QrJRcJGU\/caught.jpg\"><img loading=\"lazy\" class=\"alignright\" title=\"caught.jpg\" src=\"http:\/\/lh4.ggpht.com\/_AdSR2HQ8XNE\/TUG-KIJqoII\/AAAAAAAAAn8\/a_3QrJRcJGU\/s150-c\/caught.jpg\" alt=\"caught.jpg\" width=\"150\" height=\"150\" \/><\/a> Pris en flagrant d\u00e9lit de r\u00eave<\/h3>\n<p>Comme une c\u00e9l\u00e9bration du travail des laur\u00e9ats Strathbutler 1996 &#8211; 2000, The Sheila Hugh Mackay Foundation a organis\u00e9 une exposition de groupe \u00ab\u00a0 Pris en flagrant d\u00e9lit de r\u00eave \u00bb Continuer \u00e0 miser sur le travail de Sandra Flood, Tom Smart organis\u00e9e cette exposition de l&#8217;oeuvre de Marie H\u00e9l\u00e8n Allain, (sculpture) Rick Burns, (sculpture et installation) Suzanne Hill, (peinture) Freeman Patterson (photographie) et Rom\u00e9o Savoie (peinture) . Le principe directeur de cette exposition est que tous les artistes ont un grand pouvoir de nous toucher avec leurs visions, des inspirations et r\u00e9actions \u00e0 la vie. Autrement dit Tom Smart &#8220;. Ceux qui se tiennent en pr\u00e9sence de ce travail sont pris, captiv\u00e9 par les artistes qui les conduira \u00e0 une contemplation profonde de la vie &#8221;<\/p>\n<h3><a class=\"thickbox\" title=\"5nb-artists.jpg\" href=\"http:\/\/lh5.ggpht.com\/_AdSR2HQ8XNE\/TUG-KYbCdhI\/AAAAAAAAAoA\/bUvJiYTFF8s\/5nb-artists.jpg\"><img loading=\"lazy\" class=\"alignleft\" title=\"5nb-artists.jpg\" src=\"http:\/\/lh5.ggpht.com\/_AdSR2HQ8XNE\/TUG-KYbCdhI\/AAAAAAAAAoA\/bUvJiYTFF8s\/s150-c\/5nb-artists.jpg\" alt=\"5nb-artists.jpg\" width=\"150\" height=\"150\" \/><\/a> Cinq artistes n\u00e9o-brunswickois<\/h3>\n<p>En 1996, la Fondation a pr\u00e9sent\u00e9 une exposition itin\u00e9rante d&#8217;\u0153uvres cr\u00e9\u00e9es par les cinq premiers laur\u00e9ats du prix Strathbutler. Elle a \u00e9t\u00e9 organis\u00e9e par Sandra Flood; il s&#8217;agissait d&#8217;une exposition novatrice parce qu&#8217;elle c\u00e9l\u00e9bre l&#8217;art et l&#8217;artisanat. Les artistes repr\u00e9sent\u00e9s \u00e9taient les suivants : John Hooper (1991), Tom Smith (1992), Peter Powning (1993), Kathy Hooper (1994) et Nel Oudemans (1995);.<\/p>\n<p>Voyager \u00e0 partir du Mus\u00e9e du Nouveau-Brunswick, le travail a \u00e9t\u00e9 expos\u00e9 \u00e0 Wolfville (Nouvelle-\u00c9cosse), Waterloo (Ontario), Washington (DC), Vancouver (Colombie-Britannique), Medicine Hat (Alberta), Saint\u2013Jean (Terre-Neuve), King&#8217;s Landing (Nouveau-Brunswick), Charlottetown (\u00eele-du-Prinde-\u0116douard), Moncton (Nouveau-Brunswick) et \u00e0 Londres, en Angleterre.<\/p>\n<p>Un nombre limit\u00e9 de catalogues sont disponibles sur demande.<\/p>\n<div class=\"bio-links\">\n<div class=\"updates\">Tous les postes sur <a title=\"Aller \u00e0 la cat\u00e9gorie Projets sp\u00e9ciaux\" href=\"http:\/\/sheilahughmackay.ca\/\/fr\/?cat=104\">nos Projets sp\u00e9ciaux<\/a><\/div>\n<div class=\"cat-post\">Tous les postes sur <a title=\"Aller \u00e0 la cat\u00e9gorie Expositions\" href=\"http:\/\/sheilahughmackay.ca\/\/fr\/?cat=122\">les Expositions <\/a><\/div>\n<\/div>\n<p><\/p>","protected":false},"excerpt":{"rendered":"<p>Regard \u2026 Strathbutler 20 ans La Fondation Sheila Hugh McKay et Le Mus\u00e9e du Nouveau Brunswick c\u00e9l\u00e8brent le vingti\u00e8me anniversaire du prestigieux prix Strathbutler. Les \u0153uvres en vedette tir\u00e9es de la collection permanente Strathbutler du MNB repr\u00e9senteront chacun des vingt artistes qui ont \u00e9t\u00e9 laur\u00e9ats de ce prix prestigieux en arts visuels. 6 Octobre 2010<a href=\"https:\/\/sheilahughmackay.ca\/fr\/subventions\/subventions-signature\/expositions-signature\/\">[&#8230;]<\/a><\/p>\n","protected":false},"author":1,"featured_media":0,"parent":3615,"menu_order":6,"comment_status":"closed","ping_status":"closed","template":"","meta":[],"_links":{"self":[{"href":"https:\/\/sheilahughmackay.ca\/fr\/wp-json\/wp\/v2\/pages\/145"}],"collection":[{"href":"https:\/\/sheilahughmackay.ca\/fr\/wp-json\/wp\/v2\/pages"}],"about":[{"href":"https:\/\/sheilahughmackay.ca\/fr\/wp-json\/wp\/v2\/types\/page"}],"author":[{"embeddable":true,"href":"https:\/\/sheilahughmackay.ca\/fr\/wp-json\/wp\/v2\/users\/1"}],"replies":[{"embeddable":true,"href":"https:\/\/sheilahughmackay.ca\/fr\/wp-json\/wp\/v2\/comments?post=145"}],"version-history":[{"count":0,"href":"https:\/\/sheilahughmackay.ca\/fr\/wp-json\/wp\/v2\/pages\/145\/revisions"}],"up":[{"embeddable":true,"href":"https:\/\/sheilahughmackay.ca\/fr\/wp-json\/wp\/v2\/pages\/3615"}],"wp:attachment":[{"href":"https:\/\/sheilahughmackay.ca\/fr\/wp-json\/wp\/v2\/media?parent=145"}],"curies":[{"name":"wp","href":"https:\/\/api.w.org\/{rel}","templated":true}]}}