{"id":152,"date":"2010-12-09T16:26:45","date_gmt":"2010-12-09T20:26:45","guid":{"rendered":"http:\/\/sheilahughmackay.com\/shmf\/"},"modified":"2010-12-09T16:26:45","modified_gmt":"2010-12-09T20:26:45","slug":"publications","status":"publish","type":"page","link":"https:\/\/sheilahughmackay.ca\/fr\/subventions\/subventions-signature\/publications\/","title":{"rendered":"Signature Publications"},"content":{"rendered":"<p><\/p>\n<h3><a class=\"thickbox\" title=\"regard20-cover.jpg\" href=\"http:\/\/lh6.ggpht.com\/_AdSR2HQ8XNE\/TUG-JcELrCI\/AAAAAAAAAnw\/O_LIsw9F0P0\/regard20-cover.jpg\"><img loading=\"lazy\" class=\"alignleft\" title=\"regard20-cover.jpg\" src=\"http:\/\/lh6.ggpht.com\/_AdSR2HQ8XNE\/TUG-JcELrCI\/AAAAAAAAAnw\/O_LIsw9F0P0\/s150-c\/regard20-cover.jpg\" alt=\"regard20-cover.jpg\" width=\"150\" height=\"150\" \/><\/a> 2010 Regard &#8230; Strathbutler 20 ans<\/h3>\n<p>La\u00a0Fondation Sheila Hugh MacKay et\u00a0Le Mus\u00e9e du Nouveau- Brunswick c\u00e9l\u00e8brent le vingti\u00e8me anniversaire du prestigieux\u00a0Prix Strathbutler. Les \u0153uvres en vedette tir\u00e9es de la collection permanente Strathbutler du\u00a0MNBrepr\u00e9senteront chacun des vingt artistes qui ont \u00e9t\u00e9 laur\u00e9ats de ce prix prestigieux en arts visuels.<\/p>\n<h3><a class=\"thickbox\" title=\"portraits.jpg\" href=\"http:\/\/lh5.ggpht.com\/_AdSR2HQ8XNE\/TUG-J9tcaMI\/AAAAAAAAAn0\/hH4JTwxu-nA\/portraits.jpg\"><img loading=\"lazy\" class=\"alignleft\" title=\"portraits.jpg\" src=\"http:\/\/lh5.ggpht.com\/_AdSR2HQ8XNE\/TUG-J9tcaMI\/AAAAAAAAAn0\/hH4JTwxu-nA\/s150-c\/portraits.jpg\" alt=\"portraits.jpg\" width=\"150\" height=\"150\" \/><\/a> 2009 Portraits New Brunswick Painter\/ Peintres du Nouveau Brunswick<\/h3>\n<p>Peter Larocque et Peter Buckland<\/p>\n<p>Un revue de 30 importants peintres du Nouveau-Brunswick avec des portraits individuels par James Wilson<\/p>\n<h3>2001-2002 Nexus Niagara<\/h3>\n<p>Inaugurale soutien \u00e0 une critique de l&#8217;offre de publication et de r\u00e9vision de l&#8217;art contemporain au Canada atlantique<\/p>\n<h3><a class=\"thickbox\" title=\"An examination of Gothic Revival Churches in New Brunswick by cultural historian Gregg Finley and artist Lynn Wiggington\" href=\"http:\/\/lh5.ggpht.com\/-QJ4quMvdOSM\/UIbuB9HznEI\/AAAAAAAABDg\/Y8YY9SaBTlM\/Top.BMP.jpg\"><img loading=\"lazy\" class=\"alignleft\" title=\"An examination of Gothic Revival Churches in New Brunswick by cultural historian Gregg Finley and artist Lynn Wiggington\" src=\"http:\/\/lh5.ggpht.com\/-QJ4quMvdOSM\/UIbuB9HznEI\/AAAAAAAABDg\/Y8YY9SaBTlM\/s150-c\/Top.BMP.jpg\" alt=\"Top.BMP.jpg\" width=\"150\" height=\"150\" \/><\/a>1995 On Earth as It Is In Heaven: Gothic Revival Churches of Victorian New Brunswick<\/h3>\n<p>L&#8217;examen d&#8217;un changement spectaculaire dans le paysage architectural du Nouveau-Brunswick par l&#8217;historien culturel Gregg Finley et artiste Lynn Wiggington.The n\u00e9o-gothique qui a transform\u00e9 l&#8217;apparence des \u00e9glises en Am\u00e9rique du Nord a connu ses d\u00e9buts au Nouveau-Brunswick, sous la direction de l&#8217;\u00e9v\u00eaque John Medley. Cet ouvrage magnifiquement illustr\u00e9 saisit \u00e0 la fois les structures et les d\u00e9tails architecturaux de plus de cent \u00e9glises du Nouveau-Brunswick<\/p>\n<p><em>Publi\u00e9 en anglais<\/em><\/p>\n<h3><a class=\"thickbox\" title=\"landscape-georgefry.jpg\" href=\"http:\/\/lh5.ggpht.com\/_AdSR2HQ8XNE\/TUG-J7zYhWI\/AAAAAAAAAn4\/bOMIm6hWYLg\/landscape-georgefry.jpg\"><img loading=\"lazy\" class=\"alignleft\" title=\"landscape-georgefry.jpg\" src=\"http:\/\/lh5.ggpht.com\/_AdSR2HQ8XNE\/TUG-J7zYhWI\/AAAAAAAAAn4\/bOMIm6hWYLg\/s150-c\/landscape-georgefry.jpg\" alt=\"landscape-georgefry.jpg\" width=\"150\" height=\"150\" \/><\/a> 1990\u00a0The Landscape of Craft<\/h3>\n<p>En 1989, Sheila Mackay a soutenu avec enthousiasme un projet \u00e9ditorial qui r\u00e9sume sa conviction que les m\u00e9tiers d&#8217;art est en effet une discipline importante du monde de l&#8217;art. En accordant 20.000 $ \u00e0 la publication du Paysage de l&#8217;Artisanat, M. Mackay a poursuivi son soutien et de promotion du Conseil D\u2019Artisanat du Nouveau Brunswick. \u00c0 la fois une c\u00e9l\u00e9bration du Nouveau Brunswick et ses artisans, ce volume est un t\u00e9moignage \u00e0 l&#8217;habilet\u00e9, l&#8217;intuition, l&#8217;inspiration, la formation et le d\u00e9vouement inh\u00e9rent \u00e0 la cr\u00e9ation individuelle de plusieurs dizaines de tisserands, potiers, tourneurs, couturi\u00e8res, des sculpteurs, des orf\u00e8vres et des sculpteurs qui gagnent leur vie au Nouveau-Brunswick.<\/p>\n<p><em>Publi\u00e9 en anglais<\/em><\/p>\n<p>La Fondation Sheila Hugh Mackay f\u00e9licite le parrainage du Canada Conseil, le minist\u00e8re du Tourisme, du Loisir et du Patrimoine en devenir des partenaires dans ce projet.<\/p>\n<div class=\"bio-links\">\n<div class=\"updates\">Tous les postes sur <a title=\"Aller \u00e0 la cat\u00e9gorie Projets sp\u00e9ciaux\" href=\"http:\/\/sheilahughmackay.ca\/\/fr\/?cat=104\">nos Projets sp\u00e9ciaux<\/a><\/div>\n<div class=\"cat-post\">Tous les postes sur <a title=\"Aller \u00e0 la cat\u00e9gorie Publications\" href=\"http:\/\/sheilahughmackay.ca\/\/fr\/?cat=123\">les Publications<\/a><\/div>\n<\/div>\n<p><\/p>","protected":false},"excerpt":{"rendered":"<p>2010 Regard &#8230; Strathbutler 20 ans La\u00a0Fondation Sheila Hugh MacKay et\u00a0Le Mus\u00e9e du Nouveau- Brunswick c\u00e9l\u00e8brent le vingti\u00e8me anniversaire du prestigieux\u00a0Prix Strathbutler. Les \u0153uvres en vedette tir\u00e9es de la collection permanente Strathbutler du\u00a0MNBrepr\u00e9senteront chacun des vingt artistes qui ont \u00e9t\u00e9 laur\u00e9ats de ce prix prestigieux en arts visuels. 2009 Portraits New Brunswick Painter\/ Peintres du<a href=\"https:\/\/sheilahughmackay.ca\/fr\/subventions\/subventions-signature\/publications\/\">[&#8230;]<\/a><\/p>\n","protected":false},"author":1,"featured_media":0,"parent":3615,"menu_order":4,"comment_status":"closed","ping_status":"closed","template":"","meta":[],"_links":{"self":[{"href":"https:\/\/sheilahughmackay.ca\/fr\/wp-json\/wp\/v2\/pages\/152"}],"collection":[{"href":"https:\/\/sheilahughmackay.ca\/fr\/wp-json\/wp\/v2\/pages"}],"about":[{"href":"https:\/\/sheilahughmackay.ca\/fr\/wp-json\/wp\/v2\/types\/page"}],"author":[{"embeddable":true,"href":"https:\/\/sheilahughmackay.ca\/fr\/wp-json\/wp\/v2\/users\/1"}],"replies":[{"embeddable":true,"href":"https:\/\/sheilahughmackay.ca\/fr\/wp-json\/wp\/v2\/comments?post=152"}],"version-history":[{"count":0,"href":"https:\/\/sheilahughmackay.ca\/fr\/wp-json\/wp\/v2\/pages\/152\/revisions"}],"up":[{"embeddable":true,"href":"https:\/\/sheilahughmackay.ca\/fr\/wp-json\/wp\/v2\/pages\/3615"}],"wp:attachment":[{"href":"https:\/\/sheilahughmackay.ca\/fr\/wp-json\/wp\/v2\/media?parent=152"}],"curies":[{"name":"wp","href":"https:\/\/api.w.org\/{rel}","templated":true}]}}