{"id":158,"date":"2010-12-09T18:11:14","date_gmt":"2010-12-09T22:11:14","guid":{"rendered":"http:\/\/sheilahughmackay.com\/shmf\/"},"modified":"2016-09-21T18:03:42","modified_gmt":"2016-09-21T21:03:42","slug":"support-for-institutions-and-foundations","status":"publish","type":"page","link":"https:\/\/sheilahughmackay.ca\/fr\/subventions\/subventions-signature\/subventions-de-signature-dans-les-premieres-annees\/","title":{"rendered":"Subventions de signature dans les premi\u00e8res ann\u00e9es"},"content":{"rendered":"<p>En r\u00e9ponse \u00e0 reqests d&#8217;aide pour les projets dignes d&#8217;int\u00e9r\u00eat, le SHMF est fier d&#8217;avoir \u00e9t\u00e9 assiciated avec les initiatives \u00e9num\u00e9r\u00e9es ci-dessous<\/p>\n<h3>La Galerie d\u2019art Beaverbrook<\/h3>\n<p>La Fondation Sheila Hugh Mackay appuie le travail de la Galerie d\u2019art Beaverbrook en offrant des expositions, de la programmation et des possibilit\u00e9s d\u2019instruction de haute qualit\u00e9 au peuple du Nouveau-Brunswick. Subventions pour projets sp\u00e9ciaux remarquables: Boutique de la Galerie d\u2019art Beaverbrook, S\u00e9ries de conf\u00e9rences Sabat, et Programme d\u2019art Edukit &#8230; <a title=\"La Galerie d'art Beaverbrook\" href=\"http:\/\/sheilahughmackay.ca\/\/fr\/special-projects\/support-for-institutions-and-foundations\/beaverbrook-art-gallery\/\">En savoir plus<\/a><\/p>\n<h3>artsnb<\/h3>\n<ul>\n<li>2006 projections de recherche de cartographie des ressources CulturAll de la province du Nouveau-Brunswick<\/li>\n<\/ul>\n<h3>Fondation des arts du Nouveau Brunswick<\/h3>\n<p>En 2005, le Conseil d\u2019administration de la FSHM investissait dans un Programme de stabilisation des arts et du patrimoine, d\u2019une dur\u00e9e de cinq ans, lanc\u00e9 par la Fondation des arts Nouveau-Brunswick. Visant \u00e0 assurer une stabilit\u00e9 aux organismes artistiques, ce fonds permettait la r\u00e9vision des imp\u00f4ts et de la gouvernance, ainsi qu\u2019une aide financi\u00e8re \u00e0 l\u2019intention de 10 organisations &#8230; <a title=\"Fondation des arts Nouveau-Brunswick\" href=\"http:\/\/sheilahughmackay.ca\/\/fr\/support-for-foundations-through-partnership-programs\/\">En savoir plus<\/a><\/p>\n<h3>King&#8217;s Landing<\/h3>\n<ul>\n<li>Le d\u00e9placement et la restauration du patrimoine \u00e9glise<\/li>\n<\/ul>\n<h3>Le Mus\u00e9e du Nouveau Brunswick<\/h3>\n<ul>\n<li>Galerie Colin B Mackay cr\u00e9\u00e9 pour honorer les contributions aux arts visuels par le Dr Colin Mackay B au cours de son mandat en tant que pr\u00e9sident de l&#8217;Universit\u00e9 du Nouveau-Brunswick<\/li>\n<li>Collection permanente d&#8217;\u0153uvres d&#8217;art des laur\u00e9ats Strathbutler<\/li>\n<li>Aide \u00e0 l&#8217;acquisition de Corey Collection de couettes<\/li>\n<\/ul>\n<h3>Centre des arts Saint John<\/h3>\n<p>Fond\u00e9 par un groupe de volontaires sp\u00e9cialis\u00e9s en 2002, le Centre des arts Saint John (CASJ) a \u00e9volu\u00e9 en un lieu de pr\u00e9sentation multidisciplinaire dynamique desservant le Grand Saint John. Sheila Mackay a contribu\u00e9 au financement de l\u2019organisme novice, croyant au besoin et \u00e0 la valeur d\u2019un centre affect\u00e9 \u00e0 l\u2019expression artistique. Subventions pour projets sp\u00e9ciaux remarquables: le Studio de design graphique et le Studio de poterie &#8230; <a title=\"Centre des arts Saint John\" href=\"http:\/\/sheilahughmackay.ca\/\/fr\/special-projects\/support-for-institutions-and-foundations\/saint-john-art-centre\/\">En savoir plus<\/a><\/p>\n<h3><div style=\"width: 160px\" class=\"wp-caption alignright\"><a class=\"thickbox\" title=\"Owens Art Gallery\" href=\"http:\/\/lh5.ggpht.com\/-mg42dOTKhZo\/UMjmWd9PTNI\/AAAAAAAABMw\/cMUrYXmqYWQ\/owens-gallery.jpg\"><img loading=\"lazy\" title=\"Owens Art Gallery\" src=\"http:\/\/lh5.ggpht.com\/-mg42dOTKhZo\/UMjmWd9PTNI\/AAAAAAAABMw\/cMUrYXmqYWQ\/s150-c\/owens-gallery.jpg\" alt=\"owens-gallery.jpg\" width=\"150\" height=\"150\" \/><\/a><p class=\"wp-caption-text\">Owens Art Gallery<\/p><\/div>La Owens Art Gallery<\/h3>\n<p>La Owens Art Gallery est la plus ancienne universit\u00e9 en mati\u00e8re de galerie d\u2019art au Canada. Depuis son ouverture en 1895, elle a desservi l\u2019Universit\u00e9 Mount Allison comme composante int\u00e9grale en arts lib\u00e9raux et a \u00e9volu\u00e9 en une institution locale, nationale et internationale par excellence. Subventions pour projets sp\u00e9ciaux remarquables: From Bermuda Palms to Northern Pines et Studio 360\u00b0 &#8230; <a title=\"Owens Art Gallery\" href=\"http:\/\/sheilahughmackay.ca\/\/fr\/special-projects\/support-for-institutions-and-foundations\/owens-art-gallery\/\">En savoir plus<\/a><\/p>\n<h3>John Peters Humphrey Foundation<\/h3>\n<ul>\n<li>La cr\u00e9ation d&#8217;un site d&#8217;interpr\u00e9tation de John Humphrey de Hampton pour honorer la vie de Humphrey qui a r\u00e9dig\u00e9 des Nations unies de la D\u00e9claration universelle des droits de l&#8217;homme.<\/li>\n<\/ul>\n<p><\/p>","protected":false},"excerpt":{"rendered":"<p>En r\u00e9ponse \u00e0 reqests d&#8217;aide pour les projets dignes d&#8217;int\u00e9r\u00eat, le SHMF est fier d&#8217;avoir \u00e9t\u00e9 assiciated avec les initiatives \u00e9num\u00e9r\u00e9es ci-dessous La Galerie d\u2019art Beaverbrook La Fondation Sheila Hugh Mackay appuie le travail de la Galerie d\u2019art Beaverbrook en offrant des expositions, de la programmation et des possibilit\u00e9s d\u2019instruction de haute qualit\u00e9 au peuple<a href=\"https:\/\/sheilahughmackay.ca\/fr\/subventions\/subventions-signature\/subventions-de-signature-dans-les-premieres-annees\/\">[&#8230;]<\/a><\/p>\n","protected":false},"author":1,"featured_media":0,"parent":3615,"menu_order":7,"comment_status":"closed","ping_status":"closed","template":"","meta":[],"_links":{"self":[{"href":"https:\/\/sheilahughmackay.ca\/fr\/wp-json\/wp\/v2\/pages\/158"}],"collection":[{"href":"https:\/\/sheilahughmackay.ca\/fr\/wp-json\/wp\/v2\/pages"}],"about":[{"href":"https:\/\/sheilahughmackay.ca\/fr\/wp-json\/wp\/v2\/types\/page"}],"author":[{"embeddable":true,"href":"https:\/\/sheilahughmackay.ca\/fr\/wp-json\/wp\/v2\/users\/1"}],"replies":[{"embeddable":true,"href":"https:\/\/sheilahughmackay.ca\/fr\/wp-json\/wp\/v2\/comments?post=158"}],"version-history":[{"count":5,"href":"https:\/\/sheilahughmackay.ca\/fr\/wp-json\/wp\/v2\/pages\/158\/revisions"}],"predecessor-version":[{"id":5250,"href":"https:\/\/sheilahughmackay.ca\/fr\/wp-json\/wp\/v2\/pages\/158\/revisions\/5250"}],"up":[{"embeddable":true,"href":"https:\/\/sheilahughmackay.ca\/fr\/wp-json\/wp\/v2\/pages\/3615"}],"wp:attachment":[{"href":"https:\/\/sheilahughmackay.ca\/fr\/wp-json\/wp\/v2\/media?parent=158"}],"curies":[{"name":"wp","href":"https:\/\/api.w.org\/{rel}","templated":true}]}}