{"id":18,"date":"2010-11-19T12:40:49","date_gmt":"2010-11-19T16:40:49","guid":{"rendered":"http:\/\/sheilahughmackay.com\/shmf\/?page_id=18"},"modified":"2025-02-05T13:13:25","modified_gmt":"2025-02-05T17:13:25","slug":"the-board-of-directors","status":"publish","type":"page","link":"https:\/\/sheilahughmackay.ca\/fr\/fondation\/conseil-dadminisration\/","title":{"rendered":"Conseil d&#8217;administration"},"content":{"rendered":"<p><div id=\"grid-gallery-9-17370\" data-gg-id=\"9\" data-title=\"board\" data-grid-type=\"3\" data-offset=\"3.3\" data-area-position=\"center\" data-icons=\"false\" data-preloader=\"true\" data-width=\"215\" data-height=\"215\" data-padding=\"0\" data-quicksand=\"disabled\" data-quicksand-duration=\"none\" data-popup-theme=\"theme_6\" data-popup-type=\"pretty-photo\" data-columns-number=\"4\" data-popup-image-text=\"data-caption\" data-popup-widthsize=\"auto\" data-popup-heightsize=\"auto\" data-popup-i18n-words=\"{&quot;close&quot;:&quot;close&quot;,&quot;next&quot;:&quot;next&quot;,&quot;previous&quot;:&quot;previous&quot;,&quot;start_slideshow&quot;:&quot;start slideshow&quot;,&quot;stop_slideshow&quot;:&quot;stop slideshow&quot;,&quot;image&quot;:&quot;image&quot;,&quot;of&quot;:&quot;of&quot;,&quot;prev&quot;:&quot;prev&quot;,&quot;cExpand&quot;:&quot;Expand&quot;,&quot;cPrevious&quot;:&quot;Previous&quot;,&quot;cNext&quot;:&quot;Next&quot;,&quot;cExpandStr&quot;:&quot;Expand the image&quot;,&quot;cRotate&quot;:&quot;Rotate&quot;,&quot;cDetails&quot;:&quot;Details&quot;}\" data-popup-slideshow=\"false\" data-popup-slideshow-speed=\"2500\" data-popup-hoverstop=\"true\" data-popup-slideshow-auto=\"false\" data-popup-background=\"\" data-popup-transparency=\"30\" data-popup-disable-history=\"\" data-popup-disable-changed-url=\"\" data-popup-border-type=\"solid\" data-popup-border-color=\"\" data-popup-border-width=\"\" data-popup-border-enable=\"\" data-fullscreen=\"false\" data-hide-tooltip=\"false\" data-caption-font-family=\"Default\" data-caption-text-size=\"14px\" data-is-mobile=\"0\" data-caption-mobile=\"false\" data-hide-long-tltp-title=\"0\" data-caption-disabled-on-mobile=\"false\" data-lazyload-enable='1' data-lazyload-effect=\"show\" data-lazyload-effect-duration=\"400\" data-responsive-colums=\"{&quot;desktop&quot;:{&quot;width&quot;:&quot;1200&quot;,&quot;columns&quot;:&quot;3&quot;},&quot;tablet&quot;:{&quot;width&quot;:&quot;768&quot;,&quot;columns&quot;:&quot;3&quot;},&quot;mobile&quot;:{&quot;width&quot;:&quot;320&quot;,&quot;columns&quot;:&quot;3&quot;}}\" data-popup-placement-type=\"0\" data-social-sharing=\"{&quot;enabled&quot;:&quot;&quot;,&quot;gallerySharing&quot;:{&quot;enabled&quot;:null,&quot;position&quot;:null},&quot;imageSharing&quot;:{&quot;enabled&quot;:null,&quot;wrapperClass&quot;:&quot; vertical &quot;},&quot;popupSharing&quot;:{&quot;enabled&quot;:null,&quot;wrapperClass&quot;:&quot; vertical &quot;}}\" class=\"grid-gallery grid-gallery-fixed \" style=\" width:75%; height:auto; margin-left:auto; margin-right:auto;position:relative;\"> <div class=\"gallery-loading\"> <div class=\"blocks\"> <div class=\"block\"><\/div> <div class=\"block\"><\/div> <div class=\"block\"><\/div> <div class=\"block\"><\/div> <\/div> <\/div> <div class=\"gallery-sharing-top\"><\/div> <div id=\"photos-9\" class=\"grid-gallery-photos\"><a id=\"gg-9-211\" class=\"gg-link \" data-attachment-id=\"7904\" href=\"https:\/\/sheilahughmackay.ca\/wp-content\/uploads\/2023\/08\/Dan-Steeves-scaled.jpg?gid=9\" target=\"_self\" title=\"Dan Steeves\" data-rel=\"prettyPhoto[pp_gal]\" style=\"border-radius:0px;\" ><FIGURE class=\"grid-gallery-caption\" data-grid-gallery-type=\"revolving-door-left\" data-index=\"0\" style=\"display:none;border-radius:0px;; margin:3.3px; width:215px;\" ><div class=\"crop\" style=\" width:215px; height:215px; overflow:hidden;\"><img data-gg-real-image-href=\"https:\/\/sheilahughmackay.ca\/wp-content\/uploads\/2023\/08\/Dan-Steeves-scaled-215x215.jpg\" src=\"https:\/\/sheilahughmackay.ca\/wp-content\/plugins\/gallery-by-supsystic\/src\/GridGallery\/Galleries\/assets\/img\/loading.gif\" class=\"ggImg ggLazyImg ggNotInitImg\" alt=\"Dan Steeves\" title=\"Dan Steeves\" data-description=\"Dan Steeves\" data-caption=\"Dan Steeves, Chair\" data-title=\"Dan Steeves\" style=\" width:215px; height:215px;\" \/><\/div><FIGCAPTION class=\"\" data-alpha=\"5\" style=\"color:#ffffff; background-color:#0a076d; font-size:14px; text-align:left; font-family:Default;\" ><div class=\"grid-gallery-figcaption-wrap\" style=\" vertical-align:top;\"><div class=\"gg-image-caption fitvidsignore\" style=\"font-size:14px;\"><object type=\"none\/none\">Dan Steeves, Chair <\/object><\/div><\/div><\/FIGCAPTION><\/FIGURE><\/a><a id=\"gg-9-66\" class=\"gg-link \" data-attachment-id=\"4741\" href=\"https:\/\/sheilahughmackay.ca\/wp-content\/uploads\/2016\/03\/Head-Shot-2015-bw.jpg?gid=9\" target=\"_self\" title=\"Ann Manuel\" data-rel=\"prettyPhoto[pp_gal]\" style=\"border-radius:0px;\" ><FIGURE class=\"grid-gallery-caption\" data-grid-gallery-type=\"revolving-door-left\" data-index=\"1\" style=\"display:none;border-radius:0px;; margin:3.3px; width:215px;\" ><div class=\"crop\" style=\" width:215px; height:215px; overflow:hidden;\"><img data-gg-real-image-href=\"http:\/\/sheilahughmackay.ca\/\/wp-content\/uploads\/2016\/03\/Head-Shot-2015-bw-215x215.jpg\" src=\"https:\/\/sheilahughmackay.ca\/wp-content\/plugins\/gallery-by-supsystic\/src\/GridGallery\/Galleries\/assets\/img\/loading.gif\" class=\"ggImg ggLazyImg ggNotInitImg\" alt=\"Ann Manuel\" title=\"Ann Manuel\" data-description=\"Ann Manuel\" data-caption=\"Ann Manuel\" data-title=\"Ann Manuel\" style=\" width:215px; height:215px;\" \/><\/div><FIGCAPTION class=\"\" data-alpha=\"5\" style=\"color:#ffffff; background-color:#0a076d; font-size:14px; text-align:left; font-family:Default;\" ><div class=\"grid-gallery-figcaption-wrap\" style=\" vertical-align:top;\"><div class=\"gg-image-caption fitvidsignore\" style=\"font-size:14px;\"><object type=\"none\/none\">Ann Manuel <\/object><\/div><\/div><\/FIGCAPTION><\/FIGURE><\/a><a id=\"gg-9-214\" class=\"gg-link \" data-attachment-id=\"7921\" href=\"https:\/\/sheilahughmackay.ca\/wp-content\/uploads\/2023\/08\/paul-emile-legere.jpg?gid=9\" target=\"_self\" title=\"Paul-\u00c9mile L\u00e9g\u00e8re\" data-rel=\"prettyPhoto[pp_gal]\" style=\"border-radius:0px;\" ><FIGURE class=\"grid-gallery-caption\" data-grid-gallery-type=\"revolving-door-left\" data-index=\"2\" style=\"display:none;border-radius:0px;; margin:3.3px; width:215px;\" ><div class=\"crop\" style=\" width:215px; height:215px; overflow:hidden;\"><img data-gg-real-image-href=\"https:\/\/sheilahughmackay.ca\/wp-content\/uploads\/2023\/08\/paul-emile-legere-215x215.jpg\" src=\"https:\/\/sheilahughmackay.ca\/wp-content\/plugins\/gallery-by-supsystic\/src\/GridGallery\/Galleries\/assets\/img\/loading.gif\" class=\"ggImg ggLazyImg ggNotInitImg\" alt=\"Paul-\u00c9mile L\u00e9g\u00e8re\" title=\"Paul-\u00c9mile L\u00e9g\u00e8re\" data-description=\"Paul-\u00c9mile L\u00e9g\u00e8re\" data-caption=\"Paul-\u00c9mile L\u00e9g\u00e8re\" data-title=\"Paul-\u00c9mile L\u00e9g\u00e8re\" style=\" width:215px; height:215px;\" \/><\/div><FIGCAPTION class=\"\" data-alpha=\"5\" style=\"color:#ffffff; background-color:#0a076d; font-size:14px; text-align:left; font-family:Default;\" ><div class=\"grid-gallery-figcaption-wrap\" style=\" vertical-align:top;\"><div class=\"gg-image-caption fitvidsignore\" style=\"font-size:14px;\"><object type=\"none\/none\">Paul-\u00c9mile L\u00e9g\u00e8re <\/object><\/div><\/div><\/FIGCAPTION><\/FIGURE><\/a><a id=\"gg-9-71\" class=\"gg-link \" data-attachment-id=\"5677\" href=\"https:\/\/sheilahughmackay.ca\/wp-content\/uploads\/2016\/12\/Clavette-2016.jpg?gid=9\" target=\"_self\" title=\"Clavette 2016\" data-rel=\"prettyPhoto[pp_gal]\" style=\"border-radius:0px;\" ><FIGURE class=\"grid-gallery-caption\" data-grid-gallery-type=\"revolving-door-left\" data-index=\"3\" style=\"display:none;border-radius:0px;; margin:3.3px; width:215px;\" ><div class=\"crop\" style=\" width:215px; height:215px; overflow:hidden;\"><img data-gg-real-image-href=\"http:\/\/sheilahughmackay.ca\/\/wp-content\/uploads\/2016\/12\/Clavette-2016-215x215.jpg\" src=\"https:\/\/sheilahughmackay.ca\/wp-content\/plugins\/gallery-by-supsystic\/src\/GridGallery\/Galleries\/assets\/img\/loading.gif\" class=\"ggImg ggLazyImg ggNotInitImg\" alt=\"Clavette 2016\" title=\"Clavette 2016\" data-description=\"Clavette 2016\" data-caption=\"Brigitte Clavette\" data-title=\"Clavette 2016\" style=\" width:215px; height:215px;\" \/><\/div><FIGCAPTION class=\"\" data-alpha=\"5\" style=\"color:#ffffff; background-color:#0a076d; font-size:14px; text-align:left; font-family:Default;\" ><div class=\"grid-gallery-figcaption-wrap\" style=\" vertical-align:top;\"><div class=\"gg-image-caption fitvidsignore\" style=\"font-size:14px;\"><object type=\"none\/none\">Brigitte Clavette <\/object><\/div><\/div><\/FIGCAPTION><\/FIGURE><\/a><a id=\"gg-9-213\" class=\"gg-link \" data-attachment-id=\"7906\" href=\"https:\/\/sheilahughmackay.ca\/wp-content\/uploads\/2023\/08\/Barbara-Lee-White.jpg?gid=9\" target=\"_self\" title=\"Barbara Lee-White\" data-rel=\"prettyPhoto[pp_gal]\" style=\"border-radius:0px;\" ><FIGURE class=\"grid-gallery-caption\" data-grid-gallery-type=\"revolving-door-left\" data-index=\"4\" style=\"display:none;border-radius:0px;; margin:3.3px; width:215px;\" ><div class=\"crop\" style=\" width:215px; height:215px; overflow:hidden;\"><img data-gg-real-image-href=\"https:\/\/sheilahughmackay.ca\/wp-content\/uploads\/2023\/08\/Barbara-Lee-White-215x215.jpg\" src=\"https:\/\/sheilahughmackay.ca\/wp-content\/plugins\/gallery-by-supsystic\/src\/GridGallery\/Galleries\/assets\/img\/loading.gif\" class=\"ggImg ggLazyImg ggNotInitImg\" alt=\"Barbara Lee-White\" title=\"Barbara Lee-White\" data-description=\"Barbara Lee-White\" data-caption=\"Barbara Lee-White\" data-title=\"Barbara Lee-White\" style=\" width:215px; height:215px;\" \/><\/div><FIGCAPTION class=\"\" data-alpha=\"5\" style=\"color:#ffffff; background-color:#0a076d; font-size:14px; text-align:left; font-family:Default;\" ><div class=\"grid-gallery-figcaption-wrap\" style=\" vertical-align:top;\"><div class=\"gg-image-caption fitvidsignore\" style=\"font-size:14px;\"><object type=\"none\/none\">Barbara Lee-White <\/object><\/div><\/div><\/FIGCAPTION><\/FIGURE><\/a><a id=\"gg-9-212\" class=\"gg-link \" data-attachment-id=\"7905\" href=\"https:\/\/sheilahughmackay.ca\/wp-content\/uploads\/2023\/08\/Erik-Edson.jpg?gid=9\" target=\"_self\" title=\"Erik Edson\" data-rel=\"prettyPhoto[pp_gal]\" style=\"border-radius:0px;\" ><FIGURE class=\"grid-gallery-caption\" data-grid-gallery-type=\"revolving-door-left\" data-index=\"5\" style=\"display:none;border-radius:0px;; margin:3.3px; width:215px;\" ><div class=\"crop\" style=\" width:215px; height:215px; overflow:hidden;\"><img data-gg-real-image-href=\"https:\/\/sheilahughmackay.ca\/wp-content\/uploads\/2023\/08\/Erik-Edson-215x215.jpg\" src=\"https:\/\/sheilahughmackay.ca\/wp-content\/plugins\/gallery-by-supsystic\/src\/GridGallery\/Galleries\/assets\/img\/loading.gif\" class=\"ggImg ggLazyImg ggNotInitImg\" alt=\"Erik Edson\" title=\"Erik Edson\" data-description=\"Erik Edson\" data-caption=\"Erik Edson\" data-title=\"Erik Edson\" style=\" width:215px; height:215px;\" \/><\/div><FIGCAPTION class=\"\" data-alpha=\"5\" style=\"color:#ffffff; background-color:#0a076d; font-size:14px; text-align:left; font-family:Default;\" ><div class=\"grid-gallery-figcaption-wrap\" style=\" vertical-align:top;\"><div class=\"gg-image-caption fitvidsignore\" style=\"font-size:14px;\"><object type=\"none\/none\">Erik Edson <\/object><\/div><\/div><\/FIGCAPTION><\/FIGURE><\/a> <div class=\"grid-gallery-clearfix\"><\/div> <\/div> <div class=\"gallery-sharing-bottom\"><\/div> <div class=\"grid-gallery-clearfix\"><\/div> <\/div> <!-- Gallery by Supsystic plugin1.14.10 --><\/p>\n<p class=\"western\" lang=\"fr-CA\">La Fondation Sheila Hugh Mackay est dirig\u00e9e par un conseil d\u2019administration b\u00e9n\u00e9vole qui consacre son \u00e9nergie \u00e0 poursuivre son mandat de promouvoir l\u2019excellence dans les arts visuels du Nouveau-Brunswick.<\/p>\n<ul>\n<li><a href=\"https:\/\/sheilahughmackay.ca\/fr\/fondation\/conseil-dadminisration\/dan-steeves\/\">Dan Steeves<\/a>, <strong>pr\u00e9sidente<\/strong><\/li>\n<li><a href=\"http:\/\/sheilahughmackay.ca\/fr\/fondation\/conseil-dadminisration\/suzanne-hill\/\">Suzanne Hill<\/a> de Rothesay, <strong>vice-pr\u00e9sident<\/strong><\/li>\n<li><a href=\"http:\/\/sheilahughmackay.ca\/fr\/fondation\/conseil-dadminisration\/paul-emile-legere\/\">Paul-\u00c9mile L\u00e9g\u00e8re<\/a> de Grand Barachois, <strong>tr\u00e9sorier<\/strong><\/li>\n<li><a href=\"http:\/\/sheilahughmackay.ca\/fr\/fondation\/conseil-dadminisration\/brigitte-clavette\/\">Brigitte Clavette<\/a> de Fredericton<\/li>\n<li><a href=\"https:\/\/sheilahughmackay.ca\/fr\/fondation\/conseil-dadminisration\/ann-manuel\/\">Ann Manuel<\/a> de Fredericton<\/li>\n<li><a href=\"https:\/\/sheilahughmackay.ca\/fr\/fondation\/conseil-dadminisration\/barbara-lee-white\/\">Barbara Lee-White<\/a><\/li>\n<li><a href=\"https:\/\/sheilahughmackay.ca\/fr\/fondation\/conseil-dadminisration\/erik-edson\/\">Erik Edson<\/a><\/li>\n<\/ul>\n<p>&nbsp;<\/p>\n<ul class=\"bio-links\">\n<li>Articles \u00e0 propos de la <a href=\"http:\/\/sheilahughmackay.ca\/\/fr\/?cat=12\">Fondation<\/a><\/li>\n<li>Articles \u00e0 propos du <a href=\"http:\/\/sheilahughmackay.ca\/\/fr\/?cat=55\">conseil d&#8217;administration<\/a><\/li>\n<\/ul>\n<p><\/p>","protected":false},"excerpt":{"rendered":"<p>La Fondation Sheila Hugh Mackay est dirig\u00e9e par un conseil d\u2019administration b\u00e9n\u00e9vole qui consacre son \u00e9nergie \u00e0 poursuivre son mandat de promouvoir l\u2019excellence dans les arts visuels du Nouveau-Brunswick. Dan Steeves, pr\u00e9sidente Suzanne Hill de Rothesay, vice-pr\u00e9sident Paul-\u00c9mile L\u00e9g\u00e8re de Grand Barachois, tr\u00e9sorier Brigitte Clavette de Fredericton Ann Manuel de Fredericton Barbara Lee-White Erik Edson<a href=\"https:\/\/sheilahughmackay.ca\/fr\/fondation\/conseil-dadminisration\/\">[&#8230;]<\/a><\/p>\n","protected":false},"author":1,"featured_media":0,"parent":5,"menu_order":4,"comment_status":"closed","ping_status":"closed","template":"","meta":[],"_links":{"self":[{"href":"https:\/\/sheilahughmackay.ca\/fr\/wp-json\/wp\/v2\/pages\/18"}],"collection":[{"href":"https:\/\/sheilahughmackay.ca\/fr\/wp-json\/wp\/v2\/pages"}],"about":[{"href":"https:\/\/sheilahughmackay.ca\/fr\/wp-json\/wp\/v2\/types\/page"}],"author":[{"embeddable":true,"href":"https:\/\/sheilahughmackay.ca\/fr\/wp-json\/wp\/v2\/users\/1"}],"replies":[{"embeddable":true,"href":"https:\/\/sheilahughmackay.ca\/fr\/wp-json\/wp\/v2\/comments?post=18"}],"version-history":[{"count":43,"href":"https:\/\/sheilahughmackay.ca\/fr\/wp-json\/wp\/v2\/pages\/18\/revisions"}],"predecessor-version":[{"id":8252,"href":"https:\/\/sheilahughmackay.ca\/fr\/wp-json\/wp\/v2\/pages\/18\/revisions\/8252"}],"up":[{"embeddable":true,"href":"https:\/\/sheilahughmackay.ca\/fr\/wp-json\/wp\/v2\/pages\/5"}],"wp:attachment":[{"href":"https:\/\/sheilahughmackay.ca\/fr\/wp-json\/wp\/v2\/media?parent=18"}],"curies":[{"name":"wp","href":"https:\/\/api.w.org\/{rel}","templated":true}]}}