{"id":1945,"date":"2012-11-21T21:36:56","date_gmt":"2012-11-21T21:36:56","guid":{"rendered":"http:\/\/sheilahughmackay.com\/shmf\/?page_id=1945"},"modified":"2016-03-09T17:07:08","modified_gmt":"2016-03-09T21:07:08","slug":"news","status":"publish","type":"page","link":"https:\/\/sheilahughmackay.ca\/fr\/nouvelles\/","title":{"rendered":"Nouvelles"},"content":{"rendered":"<div class=\"pt-cv-wrapper\"><div class=\"pt-cv-view pt-cv-grid pt-cv-colsys pt-cv-nolf\" id=\"pt-cv-view-a1daf74646\"><div data-id=\"pt-cv-page-1\" class=\"pt-cv-page\" data-cvc=\"3\"><div class=\"col-md-4 col-sm-6 col-xs-12 pt-cv-content-item pt-cv-1-col\" ><div class='pt-cv-ifield'><a href=\"https:\/\/sheilahughmackay.ca\/fr\/2026\/03\/03\/jim-boyd-recoit-la-residence-internationale-de-la-fondation-sheila-hugh-mackay-pour-la-creativite-2026\/\" class=\"_self pt-cv-href-thumbnail pt-cv-thumb-default\" target=\"_self\" ><img width=\"285\" height=\"214\" src=\"https:\/\/sheilahughmackay.ca\/wp-content\/uploads\/2026\/03\/Jim-Boyd-285x214.jpeg\" class=\"pt-cv-thumbnail\" alt=\"Jim Boyd\" loading=\"lazy\" \/><\/a>\n<h4 class=\"pt-cv-title\"><a href=\"https:\/\/sheilahughmackay.ca\/fr\/2026\/03\/03\/jim-boyd-recoit-la-residence-internationale-de-la-fondation-sheila-hugh-mackay-pour-la-creativite-2026\/\" class=\"_self\" target=\"_self\" >Jim Boyd re\u00e7oit la R\u00e9sidence internationale de la Fondation Sheila Hugh Mackay pour la cr\u00e9ativit\u00e9 2026<\/a><\/h4>\n<div class=\"pt-cv-content\">Jim Boyd Le sculpteur <strong>Jim Boyd<\/strong> a \u00e9t\u00e9 s\u00e9lectionn\u00e9 pour recevoir <a href=\"https:\/\/sheilahughmackay.ca\/fr\/programme-de-bourses\/residence-internationale-de-la-fondation-sheila-hugh-mackay-pour-la-creativite\/\">la r\u00e9sidence internationale<\/a> de 10 000 $ ...<br \/><a href=\"https:\/\/sheilahughmackay.ca\/fr\/2026\/03\/03\/jim-boyd-recoit-la-residence-internationale-de-la-fondation-sheila-hugh-mackay-pour-la-creativite-2026\/\" class=\"_self pt-cv-readmore btn btn-success\" target=\"_self\">Lire la suite<\/a><\/div><\/div><\/div>\n<div class=\"col-md-4 col-sm-6 col-xs-12 pt-cv-content-item pt-cv-1-col\" ><div class='pt-cv-ifield'><a href=\"https:\/\/sheilahughmackay.ca\/fr\/2026\/02\/13\/appel-aux-soumissions-2026-programme-des-prix-de-la-fshm\/\" class=\"_self pt-cv-href-thumbnail pt-cv-thumb-default\" target=\"_self\" ><img width=\"214\" height=\"214\" src=\"https:\/\/sheilahughmackay.ca\/wp-content\/uploads\/2016\/09\/shmf-logo-graphite-white.gif\" class=\"pt-cv-thumbnail\" alt=\"\" loading=\"lazy\" \/><\/a>\n<h4 class=\"pt-cv-title\"><a href=\"https:\/\/sheilahughmackay.ca\/fr\/2026\/02\/13\/appel-aux-soumissions-2026-programme-des-prix-de-la-fshm\/\" class=\"_self\" target=\"_self\" >Appel aux soumissions : 2026 Programme des prix de la FSHM<\/a><\/h4>\n<div class=\"pt-cv-content\">La Fondation Sheila Hugh Mackay c\u00e9l\u00e8bre l\u2019excellence artistique des artistes professionnels du Nouveau-Brunswick gr\u00e2ce \u00e0 ses programmes de ...<br \/><a href=\"https:\/\/sheilahughmackay.ca\/fr\/2026\/02\/13\/appel-aux-soumissions-2026-programme-des-prix-de-la-fshm\/\" class=\"_self pt-cv-readmore btn btn-success\" target=\"_self\">Lire la suite<\/a><\/div><\/div><\/div>\n<div class=\"col-md-4 col-sm-6 col-xs-12 pt-cv-content-item pt-cv-1-col\" ><div class='pt-cv-ifield'><a href=\"https:\/\/sheilahughmackay.ca\/fr\/2026\/02\/06\/annonce-des-subventions-sheila-de-la-shmf-2026\/\" class=\"_self pt-cv-href-thumbnail pt-cv-thumb-default\" target=\"_self\" ><img width=\"214\" height=\"214\" src=\"https:\/\/sheilahughmackay.ca\/wp-content\/uploads\/2016\/09\/shmf-logo-graphite-white.gif\" class=\"pt-cv-thumbnail\" alt=\"\" loading=\"lazy\" \/><\/a>\n<h4 class=\"pt-cv-title\"><a href=\"https:\/\/sheilahughmackay.ca\/fr\/2026\/02\/06\/annonce-des-subventions-sheila-de-la-shmf-2026\/\" class=\"_self\" target=\"_self\" >Annonce des subventions Sheila de la SHMF 2026<\/a><\/h4>\n<div class=\"pt-cv-content\">Par l\u2019entremise de son programme annuel de subventions de facilitation, la FSHM soutient le d\u00e9veloppement professionnel et la ...<br \/><a href=\"https:\/\/sheilahughmackay.ca\/fr\/2026\/02\/06\/annonce-des-subventions-sheila-de-la-shmf-2026\/\" class=\"_self pt-cv-readmore btn btn-success\" target=\"_self\">Lire la suite<\/a><\/div><\/div><\/div>\n<div class=\"col-md-4 col-sm-6 col-xs-12 pt-cv-content-item pt-cv-1-col\" ><div class='pt-cv-ifield'><a href=\"https:\/\/sheilahughmackay.ca\/fr\/2026\/01\/30\/les-dates-limites-de-depot-des-demandes-pour-les-occasions-de-financement-2026-en-developpement-de-carriere-de-la-fshm-approchent\/\" class=\"_self pt-cv-href-thumbnail pt-cv-thumb-default\" target=\"_self\" ><img width=\"214\" height=\"214\" src=\"https:\/\/sheilahughmackay.ca\/wp-content\/uploads\/2016\/09\/shmf-logo-graphite-white.gif\" class=\"pt-cv-thumbnail\" alt=\"\" loading=\"lazy\" \/><\/a>\n<h4 class=\"pt-cv-title\"><a href=\"https:\/\/sheilahughmackay.ca\/fr\/2026\/01\/30\/les-dates-limites-de-depot-des-demandes-pour-les-occasions-de-financement-2026-en-developpement-de-carriere-de-la-fshm-approchent\/\" class=\"_self\" target=\"_self\" >Les dates limites de d\u00e9p\u00f4t des demandes pour les occasions de financement 2026 en d\u00e9veloppement de carri\u00e8re de la FSHM approchent<\/a><\/h4>\n<div class=\"pt-cv-content\"><ul> <li><a href=\"https:\/\/sheilahughmackay.ca\/fr\/programme-de-bourses\/bourse-superieures-sheila-mackay\/\"><strong>La Bourse d\u2019\u00e9tudes sup\u00e9rieures Sheila<\/strong> <strong>Mackay<\/strong><\/a>, d\u2019un montant maximal de 5 000 $, est offerte annuellement aux ...<br \/><a href=\"https:\/\/sheilahughmackay.ca\/fr\/2026\/01\/30\/les-dates-limites-de-depot-des-demandes-pour-les-occasions-de-financement-2026-en-developpement-de-carriere-de-la-fshm-approchent\/\" class=\"_self pt-cv-readmore btn btn-success\" target=\"_self\">Lire la suite<\/a><\/li><\/ul><\/div><\/div><\/div>\n<div class=\"col-md-4 col-sm-6 col-xs-12 pt-cv-content-item pt-cv-1-col\" ><div class='pt-cv-ifield'><a href=\"https:\/\/sheilahughmackay.ca\/fr\/2026\/01\/27\/announce-fshm-subvention-2026\/\" class=\"_self pt-cv-href-thumbnail pt-cv-thumb-default\" target=\"_self\" ><img width=\"214\" height=\"214\" src=\"https:\/\/sheilahughmackay.ca\/wp-content\/uploads\/2016\/09\/shmf-logo-graphite-white.gif\" class=\"pt-cv-thumbnail\" alt=\"\" loading=\"lazy\" \/><\/a>\n<h4 class=\"pt-cv-title\"><a href=\"https:\/\/sheilahughmackay.ca\/fr\/2026\/01\/27\/announce-fshm-subvention-2026\/\" class=\"_self\" target=\"_self\" >Announce FSHM Subvention 2026<\/a><\/h4>\n<div class=\"pt-cv-content\">La Fondation Sheila Hugh Mackay est heureuse d\u2019annoncer l\u2019octroi d\u2019une subvention de 25 000 $ \u00e0 Craft Alliance ...<br \/><a href=\"https:\/\/sheilahughmackay.ca\/fr\/2026\/01\/27\/announce-fshm-subvention-2026\/\" class=\"_self pt-cv-readmore btn btn-success\" target=\"_self\">Lire la suite<\/a><\/div><\/div><\/div>\n<div class=\"col-md-4 col-sm-6 col-xs-12 pt-cv-content-item pt-cv-1-col\" ><div class='pt-cv-ifield'><a href=\"https:\/\/sheilahughmackay.ca\/fr\/2026\/01\/05\/la-fondation-sheila-hugh-mackay-annonce-les-dates-limites-de-depot-des-candidatures-pour-des-occasions-de-perfectionnement-professionnel-destinees-aux-artistes-en-arts-visuels-du-nouveau-brunswick\/\" class=\"_self pt-cv-href-thumbnail pt-cv-thumb-default\" target=\"_self\" ><img width=\"214\" height=\"214\" src=\"https:\/\/sheilahughmackay.ca\/wp-content\/uploads\/2016\/09\/shmf-logo-graphite-white.gif\" class=\"pt-cv-thumbnail\" alt=\"\" loading=\"lazy\" \/><\/a>\n<h4 class=\"pt-cv-title\"><a href=\"https:\/\/sheilahughmackay.ca\/fr\/2026\/01\/05\/la-fondation-sheila-hugh-mackay-annonce-les-dates-limites-de-depot-des-candidatures-pour-des-occasions-de-perfectionnement-professionnel-destinees-aux-artistes-en-arts-visuels-du-nouveau-brunswick\/\" class=\"_self\" target=\"_self\" >La Fondation Sheila Hugh Mackay annonce les dates limites de d\u00e9p\u00f4t des candidatures pour des occasions de perfectionnement professionnel destin\u00e9es aux artistes en arts visuels du Nouveau-Brunswick<\/a><\/h4>\n<div class=\"pt-cv-content\">La Fondation Sheila Hugh Mackay s\u2019engage \u00e0 soutenir les artistes du Nouveau-Brunswick \u00e0 des moments cl\u00e9s de leur ...<br \/><a href=\"https:\/\/sheilahughmackay.ca\/fr\/2026\/01\/05\/la-fondation-sheila-hugh-mackay-annonce-les-dates-limites-de-depot-des-candidatures-pour-des-occasions-de-perfectionnement-professionnel-destinees-aux-artistes-en-arts-visuels-du-nouveau-brunswick\/\" class=\"_self pt-cv-readmore btn btn-success\" target=\"_self\">Lire la suite<\/a><\/div><\/div><\/div><\/div><\/div>\n<div class=\" pt-cv-pagination-wrapper\"><ul class=\"pt-cv-pagination pt-cv-ajax pagination\" data-totalpages=\"87\" data-currentpage=\"1\" data-sid=\"a1daf74646\" data-unid=\"\"><li class=\"active\"><a href=\"#\">1<\/a><\/li>\n\t<li ><a class=\"\" href=\"https:\/\/sheilahughmackay.ca\/fr\/wp-json\/wp\/v2\/pages\/1945\/?_page=2\">2<\/a><\/li>\n\t<li ><a class=\"\" href=\"https:\/\/sheilahughmackay.ca\/fr\/wp-json\/wp\/v2\/pages\/1945\/?_page=3\">3<\/a><\/li>\n\t<li ><a href=\"#\">\u2026<\/a><\/li>\n\t<li ><a class=\"\" href=\"https:\/\/sheilahughmackay.ca\/fr\/wp-json\/wp\/v2\/pages\/1945\/?_page=87\">87<\/a><\/li>\n\t<li ><a class=\" \" href=\"https:\/\/sheilahughmackay.ca\/fr\/wp-json\/wp\/v2\/pages\/1945\/?_page=2\">&rsaquo;<\/a><\/li>\n\t<\/ul><img width=\"15\" height=\"15\" class=\"pt-cv-spinner\" alt=\"Chargement\u2026\" src=\"data:image\/gif;base64,R0lGODlhDwAPALMPAMrKygwMDJOTkz09PZWVla+vr3p6euTk5M7OzuXl5TMzMwAAAJmZmWZmZszMzP\/\/\/yH\/C05FVFNDQVBFMi4wAwEAAAAh+QQFCgAPACwAAAAADwAPAAAEQvDJaZaZOIcV8iQK8VRX4iTYoAwZ4iCYoAjZ4RxejhVNoT+mRGP4cyF4Pp0N98sBGIBMEMOotl6YZ3S61Bmbkm4mAgAh+QQFCgAPACwAAAAADQANAAAENPDJSRSZeA418itN8QiK8BiLITVsFiyBBIoYqnoewAD4xPw9iY4XLGYSjkQR4UAUD45DLwIAIfkEBQoADwAsAAAAAA8ACQAABC\/wyVlamTi3nSdgwFNdhEJgTJoNyoB9ISYoQmdjiZPcj7EYCAeCF1gEDo4Dz2eIAAAh+QQFCgAPACwCAAAADQANAAAEM\/DJBxiYeLKdX3IJZT1FU0iIg2RNKx3OkZVnZ98ToRD4MyiDnkAh6BkNC0MvsAj0kMpHBAAh+QQFCgAPACwGAAAACQAPAAAEMDC59KpFDll73HkAA2wVY5KgiK5b0RRoI6MuzG6EQqCDMlSGheEhUAgqgUUAFRySIgAh+QQFCgAPACwCAAIADQANAAAEM\/DJKZNLND\/kkKaHc3xk+QAMYDKsiaqmZCxGVjSFFCxB1vwy2oOgIDxuucxAMTAJFAJNBAAh+QQFCgAPACwAAAYADwAJAAAEMNAs86q1yaWwwv2Ig0jUZx3OYa4XoRAfwADXoAwfo1+CIjyFRuEho60aSNYlOPxEAAAh+QQFCgAPACwAAAIADQANAAAENPA9s4y8+IUVcqaWJ4qEQozSoAzoIyhCK2NFU2SJk0hNnyEOhKR2AzAAj4Pj4GE4W0bkJQIAOw==\" \/><div class=\"clear pt-cv-clear-pagination\"><\/div><\/div><\/div>\n","protected":false},"excerpt":{"rendered":"","protected":false},"author":1,"featured_media":0,"parent":0,"menu_order":1,"comment_status":"closed","ping_status":"closed","template":"template-fullwidth.php","meta":[],"_links":{"self":[{"href":"https:\/\/sheilahughmackay.ca\/fr\/wp-json\/wp\/v2\/pages\/1945"}],"collection":[{"href":"https:\/\/sheilahughmackay.ca\/fr\/wp-json\/wp\/v2\/pages"}],"about":[{"href":"https:\/\/sheilahughmackay.ca\/fr\/wp-json\/wp\/v2\/types\/page"}],"author":[{"embeddable":true,"href":"https:\/\/sheilahughmackay.ca\/fr\/wp-json\/wp\/v2\/users\/1"}],"replies":[{"embeddable":true,"href":"https:\/\/sheilahughmackay.ca\/fr\/wp-json\/wp\/v2\/comments?post=1945"}],"version-history":[{"count":5,"href":"https:\/\/sheilahughmackay.ca\/fr\/wp-json\/wp\/v2\/pages\/1945\/revisions"}],"predecessor-version":[{"id":4724,"href":"https:\/\/sheilahughmackay.ca\/fr\/wp-json\/wp\/v2\/pages\/1945\/revisions\/4724"}],"wp:attachment":[{"href":"https:\/\/sheilahughmackay.ca\/fr\/wp-json\/wp\/v2\/media?parent=1945"}],"curies":[{"name":"wp","href":"https:\/\/api.w.org\/{rel}","templated":true}]}}