{"id":2001,"date":"2012-12-12T16:19:54","date_gmt":"2012-12-12T20:19:54","guid":{"rendered":"http:\/\/sheilahughmackay.com\/shmf\/?page_id=2001"},"modified":"2012-12-12T16:19:54","modified_gmt":"2012-12-12T20:19:54","slug":"owens-art-gallery","status":"publish","type":"page","link":"https:\/\/sheilahughmackay.ca\/fr\/subventions\/subventions-signature\/subventions-de-signature-dans-les-premieres-annees\/owens-art-gallery\/","title":{"rendered":"Owens Art Gallery"},"content":{"rendered":"<p><div style=\"width: 310px\" class=\"wp-caption alignleft\"><a class=\"thickbox\" title=\"Owens Art Gallery\" href=\"http:\/\/lh5.ggpht.com\/-mg42dOTKhZo\/UMjmWd9PTNI\/AAAAAAAABMw\/cMUrYXmqYWQ\/owens-gallery.jpg\"><img title=\"Owens Art Gallery\" src=\"http:\/\/lh5.ggpht.com\/-mg42dOTKhZo\/UMjmWd9PTNI\/AAAAAAAABMw\/cMUrYXmqYWQ\/w300\/owens-gallery.jpg\" alt=\"owens-gallery.jpg\" width=\"300\" \/><\/a><p class=\"wp-caption-text\">La Owens Art Gallery<\/p><\/div><\/p>\n<p lang=\"fr-CA\">La Owens Art Gallery est la plus ancienne universit\u00e9 en mati\u00e8re de galerie d\u2019art au Canada. Depuis son ouverture en 1895, elle a desservi l\u2019Universit\u00e9 Mount Allison comme composante int\u00e9grale en arts lib\u00e9raux et a \u00e9volu\u00e9 en une institution locale, nationale et internationale par excellence. La Fondation Sheila Hugh Mackay f\u00e9licite le travail de la Owens Art Gallery, et elle est fi\u00e8re des deux subventions pour projets sp\u00e9ciaux qui ont contribu\u00e9 \u00e0 son histoire de programmation exceptionnelle.<\/p>\n<h2 lang=\"fr-CA\">From Bermuda Palms to Northern Pines<\/h2>\n<p lang=\"fr-CA\">En 2001, une telle subvention appuyait une exposition itin\u00e9rante d\u2019\u0153uvres de ma\u00eetres des Bermudes. On pouvait y voir les \u0153uvres d\u2019artistes canadiens, comme Jack Bush, Frank Allison et John Lyman. L\u2019exposition, intitul\u00e9e \u00ab <em>From Bermuda Palms to Northern Pines \u00bb,<\/em> a voyag\u00e9 des Bermudes \u00e0 Boston (Massachusetts), et puis vers la Owens Art Gallery, \u00e0 Sackville (Nouveau-Brunswick).<\/p>\n<h2 lang=\"fr-CA\">Studio 360\u00b0<\/h2>\n<p><iframe loading=\"lazy\" src=\"http:\/\/player.vimeo.com\/video\/54605108?badge=0\" frameborder=\"0\" align=\"aligncenter\" width=\"500\" height=\"375\"><\/iframe><\/p>\n<p><a href=\"http:\/\/vimeo.com\/54605108\">Studio 360\u02da Highlight Reel<\/a> from <a href=\"http:\/\/vimeo.com\/owensartgallery\">Owens Art Gallery<\/a> on <a href=\"http:\/\/vimeo.com\">Vimeo<\/a><\/p>\n<p lang=\"fr-CA\">En 2012, la Fondation Sheila Hugh Mackay \u00e9tait heureuse d\u2019appuyer la programmation \u00e9ducative continue offerte \u00e0 la Galerie, et ce, en procurant des fonds vou\u00e9s \u00e0 un projet m\u00e9diatique interactif \u2013 Studio 360\u00b0 \u2013 r\u00e9alis\u00e9 par la Owens Art Gallery, en partenariat avec le Fawcett Media Centre. Sous la gouverne du directeur de la Owens Art Gallery, Gemey Kelly, une archive de vid\u00e9os en direct, permettant l\u2019acc\u00e8s virtuel \u00e0 des espaces studio d\u2019artistes au travail, a \u00e9t\u00e9 cr\u00e9\u00e9e. Elle pr\u00e9sente des photographies panoramiques interactives de six studios d\u2019artistes de Sackville, de m\u00eame qu\u2019une s\u00e9rie d\u2019entrevues qui focalisent sur l\u2019aspect travail de la vie d\u2019artiste. Le traitement du filmage incorporait un programme de mentorat en vid\u00e9ographie.<\/p>\n<p lang=\"fr-CA\">\n<p><\/p>","protected":false},"excerpt":{"rendered":"<p>La Owens Art Gallery est la plus ancienne universit\u00e9 en mati\u00e8re de galerie d\u2019art au Canada. Depuis son ouverture en 1895, elle a desservi l\u2019Universit\u00e9 Mount Allison comme composante int\u00e9grale en arts lib\u00e9raux et a \u00e9volu\u00e9 en une institution locale, nationale et internationale par excellence. La Fondation Sheila Hugh Mackay f\u00e9licite le travail de la<a href=\"https:\/\/sheilahughmackay.ca\/fr\/subventions\/subventions-signature\/subventions-de-signature-dans-les-premieres-annees\/owens-art-gallery\/\">[&#8230;]<\/a><\/p>\n","protected":false},"author":1,"featured_media":0,"parent":158,"menu_order":4,"comment_status":"closed","ping_status":"closed","template":"","meta":[],"_links":{"self":[{"href":"https:\/\/sheilahughmackay.ca\/fr\/wp-json\/wp\/v2\/pages\/2001"}],"collection":[{"href":"https:\/\/sheilahughmackay.ca\/fr\/wp-json\/wp\/v2\/pages"}],"about":[{"href":"https:\/\/sheilahughmackay.ca\/fr\/wp-json\/wp\/v2\/types\/page"}],"author":[{"embeddable":true,"href":"https:\/\/sheilahughmackay.ca\/fr\/wp-json\/wp\/v2\/users\/1"}],"replies":[{"embeddable":true,"href":"https:\/\/sheilahughmackay.ca\/fr\/wp-json\/wp\/v2\/comments?post=2001"}],"version-history":[{"count":0,"href":"https:\/\/sheilahughmackay.ca\/fr\/wp-json\/wp\/v2\/pages\/2001\/revisions"}],"up":[{"embeddable":true,"href":"https:\/\/sheilahughmackay.ca\/fr\/wp-json\/wp\/v2\/pages\/158"}],"wp:attachment":[{"href":"https:\/\/sheilahughmackay.ca\/fr\/wp-json\/wp\/v2\/media?parent=2001"}],"curies":[{"name":"wp","href":"https:\/\/api.w.org\/{rel}","templated":true}]}}