{"id":2027,"date":"2012-12-17T16:31:37","date_gmt":"2012-12-17T20:31:37","guid":{"rendered":"http:\/\/sheilahughmackay.com\/shmf\/?page_id=2027"},"modified":"2012-12-17T16:31:37","modified_gmt":"2012-12-17T20:31:37","slug":"beaverbrook-art-gallery","status":"publish","type":"page","link":"https:\/\/sheilahughmackay.ca\/fr\/subventions\/subventions-signature\/subventions-de-signature-dans-les-premieres-annees\/galerie-dart-beaverbrook\/","title":{"rendered":"Beaverbrook Art Gallery"},"content":{"rendered":"<p>La Fondation Sheila Hugh Mackay appuie le travail de la <a title=\"Aller au site de La Galerie d'art Beaverbrook\" href=\"http:\/\/www.beaverbrookartgallery.org\/main-f.asp\" target=\"_blank\">Galerie d\u2019art Beaverbrook<\/a> en offrant des expositions, de la programmation et des possibilit\u00e9s d\u2019instruction de haute qualit\u00e9 au peuple du Nouveau-Brunswick.<\/p>\n<p>Subventions pour projets sp\u00e9ciaux remarquables:<\/p>\n<h2>Boutique de la Galerie d\u2019art Beaverbrook<\/h2>\n<p>R\u00e9pondant au besoin d\u2019\u00e9tablir une boutique \u00e0 l\u2019entr\u00e9e de la Galerie, la Fondation Sheila Hugh Mackay a octroy\u00e9 des fonds aux fins d\u2019une r\u00e9novation moderne. Les recettes, obtenues par le truchement des ventes d\u00e9rivant de la boutique, permettent d\u2019assurer le travail continu de la Galerie. D\u2019un int\u00e9r\u00eat particulier \u00e0 la Fondation, les artistes locaux peuvent y exposer et vendre leurs \u0153uvres.<\/p>\n<h2>S\u00e9ries de conf\u00e9rences Sabat<\/h2>\n<p>La FSHM est fi\u00e8re d\u2019\u00eatre l\u2019un parmi les nombreux promoteurs de la Conf\u00e9rence comm\u00e9morative Christina Sabat annuelle vou\u00e9e \u00e0 un discours culturel significatif.<\/p>\n<h2>Programme d\u2019art Edukit<\/h2>\n<p lang=\"fr-CA\">Une subvention en recherches a donn\u00e9 droit \u00e0 la cr\u00e9ation d\u2019un programme \u00e9ducatif de diffusion en direct; <a title=\"Aller au site de Edukit\" href=\"http:\/\/www.bag-edukit.org\/?lang=fr\" target=\"_blank\">Edukit<\/a> fournit des ressources bilingues en enseignement aux \u00e9ducateurs. En utilisant la collection d\u2019\u0153uvres d\u2019art locales et internationales de la Galerie, des plans de le\u00e7on, des images t\u00e9l\u00e9chargeables et du mat\u00e9riel documentaire ont \u00e9t\u00e9 cr\u00e9\u00e9s pour encourager la pens\u00e9e cr\u00e9atrice et l\u2019appr\u00e9ciation critique de l\u2019art. <a title=\"Aller au site de Edukit\" href=\"http:\/\/www.bag-edukit.org\/?lang=fr\" target=\"_blank\">Pour de plus amples renseignements &#8230;<\/a><\/p>\n<p lang=\"fr-CA\">\n<p><\/p>","protected":false},"excerpt":{"rendered":"<p>La Fondation Sheila Hugh Mackay appuie le travail de la Galerie d\u2019art Beaverbrook en offrant des expositions, de la programmation et des possibilit\u00e9s d\u2019instruction de haute qualit\u00e9 au peuple du Nouveau-Brunswick. Subventions pour projets sp\u00e9ciaux remarquables: Boutique de la Galerie d\u2019art Beaverbrook R\u00e9pondant au besoin d\u2019\u00e9tablir une boutique \u00e0 l\u2019entr\u00e9e de la Galerie, la Fondation<a href=\"https:\/\/sheilahughmackay.ca\/fr\/subventions\/subventions-signature\/subventions-de-signature-dans-les-premieres-annees\/galerie-dart-beaverbrook\/\">[&#8230;]<\/a><\/p>\n","protected":false},"author":1,"featured_media":0,"parent":158,"menu_order":0,"comment_status":"closed","ping_status":"closed","template":"","meta":[],"_links":{"self":[{"href":"https:\/\/sheilahughmackay.ca\/fr\/wp-json\/wp\/v2\/pages\/2027"}],"collection":[{"href":"https:\/\/sheilahughmackay.ca\/fr\/wp-json\/wp\/v2\/pages"}],"about":[{"href":"https:\/\/sheilahughmackay.ca\/fr\/wp-json\/wp\/v2\/types\/page"}],"author":[{"embeddable":true,"href":"https:\/\/sheilahughmackay.ca\/fr\/wp-json\/wp\/v2\/users\/1"}],"replies":[{"embeddable":true,"href":"https:\/\/sheilahughmackay.ca\/fr\/wp-json\/wp\/v2\/comments?post=2027"}],"version-history":[{"count":0,"href":"https:\/\/sheilahughmackay.ca\/fr\/wp-json\/wp\/v2\/pages\/2027\/revisions"}],"up":[{"embeddable":true,"href":"https:\/\/sheilahughmackay.ca\/fr\/wp-json\/wp\/v2\/pages\/158"}],"wp:attachment":[{"href":"https:\/\/sheilahughmackay.ca\/fr\/wp-json\/wp\/v2\/media?parent=2027"}],"curies":[{"name":"wp","href":"https:\/\/api.w.org\/{rel}","templated":true}]}}