{"id":2029,"date":"2012-12-17T16:41:44","date_gmt":"2012-12-17T20:41:44","guid":{"rendered":"http:\/\/sheilahughmackay.com\/shmf\/?page_id=2029"},"modified":"2012-12-17T16:41:44","modified_gmt":"2012-12-17T20:41:44","slug":"saint-john-art-centre","status":"publish","type":"page","link":"https:\/\/sheilahughmackay.ca\/fr\/subventions\/subventions-signature\/subventions-de-signature-dans-les-premieres-annees\/saint-john-art-centre\/","title":{"rendered":"Saint John Art Centre"},"content":{"rendered":"<p><\/p>\n<p lang=\"fr-CA\">Fond\u00e9 par un groupe de volontaires sp\u00e9cialis\u00e9s en 2002, le <a title=\"Aller au site de La Centre des arts Saint John\" href=\"http:\/\/www.saintjohnartscentre.com\/\" target=\"_blank\">Centre des arts Saint John<\/a> (CASJ) a \u00e9volu\u00e9 en un lieu de pr\u00e9sentation multidisciplinaire dynamique desservant le Grand Saint John. Sheila Mackay a contribu\u00e9 au financement de l\u2019organisme novice, croyant au besoin et \u00e0 la valeur d\u2019un centre affect\u00e9 \u00e0 l\u2019expression artistique. La Fondation a continu\u00e9 de soutenir la croissance du Centre des arts Saint John comme point d\u2019int\u00e9r\u00eat pour l\u2019expression artistique dans la r\u00e9gion.<\/p>\n<p lang=\"en-US\">Subventions pour projets sp\u00e9ciaux remarquables:<\/p>\n<h2>Studio de design graphique<\/h2>\n<p lang=\"fr-CA\">En guise d\u2019appui au Programme de d\u00e9veloppement du portefeuille, du financement a \u00e9t\u00e9 avanc\u00e9 pour \u00e9tablir un studio de design graphique moderne. De l\u2019\u00e9quipement a \u00e9t\u00e9 achet\u00e9 afin de permettre l\u2019exp\u00e9rimentation et l\u2019instruction en photographie, en design graphique et en production de vid\u00e9os offerts aux \u00e9tudiants boursiers du Programme de d\u00e9veloppement financ\u00e9 de la Fondation James Venner Russel. De l\u2019\u00e9quipement a \u00e9galement \u00e9t\u00e9 fourni pour les Stages d\u2019\u00e9t\u00e9, lesquels sont parrain\u00e9s par le biais d\u2019initiatives de financement de Canada au travail. Le gagnant de la bourse Fred Ross, Andrew Hicks, qui a particip\u00e9 \u00e0 ces programmes, d\u00e9clare : \u00ab le Centre Saint John m\u2019a procur\u00e9 les outils qui m\u2019ont permis de poursuivre mes \u00e9tudes gr\u00e2ce \u00e0 de l\u2019emploi d\u2019\u00e9t\u00e9 significatif. \u00bb<\/p>\n<h2>Studio de poterie<\/h2>\n<p lang=\"fr-CA\">D\u2019abord avec Carol Taylor et Darren Emaneau, le Centre Saint John jouit d\u2019une longue tradition d\u2019offrir des classes de travail avec de l\u2019argile. En 2012, des fonds pour projets sp\u00e9ciaux ont \u00e9t\u00e9 accord\u00e9s afin de permettre l\u2019achat et l\u2019installation d\u2019un s\u00e9choir pour compl\u00e9ter un nouveau studio de poterie. Andrew Kierstead, directeur administratif, affirme que le financement permet d\u2019offrir des occasions abordables et accessibles en mati\u00e8re d\u2019\u00e9ducation, de m\u00eame qu\u2019il permet \u00e0 cet organisme \u00e0 but non lucratif de se cr\u00e9er une source possible de revenu.<\/p>\n<p lang=\"fr-CA\">En octroyant du financement pour projets sp\u00e9ciaux, la FSHM rend hommage \u00e0 la vision et au travail du personnel et des b\u00e9n\u00e9voles affect\u00e9s au CASJ qui ne cessent d\u2019apporter leur concours \u00e0 l\u2019am\u00e9lioration des capacit\u00e9s du Centre.<\/p>\n<p><\/p>","protected":false},"excerpt":{"rendered":"<p>Fond\u00e9 par un groupe de volontaires sp\u00e9cialis\u00e9s en 2002, le Centre des arts Saint John (CASJ) a \u00e9volu\u00e9 en un lieu de pr\u00e9sentation multidisciplinaire dynamique desservant le Grand Saint John. Sheila Mackay a contribu\u00e9 au financement de l\u2019organisme novice, croyant au besoin et \u00e0 la valeur d\u2019un centre affect\u00e9 \u00e0 l\u2019expression artistique. La Fondation a<a href=\"https:\/\/sheilahughmackay.ca\/fr\/subventions\/subventions-signature\/subventions-de-signature-dans-les-premieres-annees\/saint-john-art-centre\/\">[&#8230;]<\/a><\/p>\n","protected":false},"author":1,"featured_media":0,"parent":158,"menu_order":0,"comment_status":"closed","ping_status":"closed","template":"","meta":[],"_links":{"self":[{"href":"https:\/\/sheilahughmackay.ca\/fr\/wp-json\/wp\/v2\/pages\/2029"}],"collection":[{"href":"https:\/\/sheilahughmackay.ca\/fr\/wp-json\/wp\/v2\/pages"}],"about":[{"href":"https:\/\/sheilahughmackay.ca\/fr\/wp-json\/wp\/v2\/types\/page"}],"author":[{"embeddable":true,"href":"https:\/\/sheilahughmackay.ca\/fr\/wp-json\/wp\/v2\/users\/1"}],"replies":[{"embeddable":true,"href":"https:\/\/sheilahughmackay.ca\/fr\/wp-json\/wp\/v2\/comments?post=2029"}],"version-history":[{"count":0,"href":"https:\/\/sheilahughmackay.ca\/fr\/wp-json\/wp\/v2\/pages\/2029\/revisions"}],"up":[{"embeddable":true,"href":"https:\/\/sheilahughmackay.ca\/fr\/wp-json\/wp\/v2\/pages\/158"}],"wp:attachment":[{"href":"https:\/\/sheilahughmackay.ca\/fr\/wp-json\/wp\/v2\/media?parent=2029"}],"curies":[{"name":"wp","href":"https:\/\/api.w.org\/{rel}","templated":true}]}}