{"id":2058,"date":"2013-01-01T17:52:37","date_gmt":"2013-01-01T21:52:37","guid":{"rendered":"http:\/\/sheilahughmackay.com\/shmf\/?page_id=2058"},"modified":"2026-03-10T21:45:25","modified_gmt":"2026-03-11T00:45:25","slug":"applications","status":"publish","type":"page","link":"https:\/\/sheilahughmackay.ca\/fr\/comment-appliquer\/","title":{"rendered":"Comment appliquer"},"content":{"rendered":"<p><\/p>\n<h2>Guide de mise en candidature 2026<\/h2>\n<p><!--Toutes les candidatures sont maintenant termin\u00e9es pour 2022.--><\/p>\n<h3>Prix<\/h3>\n<ul>\n<li style=\"list-style-type: none;\">\n<ul>\n<li style=\"list-style-type: none;\">\n<ul><!--\n \t\n\n<li><a href=\"https:\/\/sheilahughmackay.ca\/wp-content\/uploads\/2024\/12\/SHMF_Strathbutler_Application_2025_FR.pdf\" target=\"_blank\" rel=\"noopener\">Prix Strathbutler 2025 - Guide de pr\u00e9sentation des candidatures<\/a> - <em><span style=\"color: #ff0000;\">La date limite de d\u00e9p\u00f4t des candidatures a \u00e9t\u00e9 prolong\u00e9e jusqu'au 10 avril 2025.<\/span><\/em><\/li>\n\n\n--><\/ul>\n<\/li>\n<\/ul>\n<ul>\n<li><a href=\"https:\/\/sheilahughmackay.ca\/wp-content\/uploads\/2026\/02\/SHMF-Emerging-Artisan-2026-Application-French.pdf\" target=\"_blank\" rel=\"noopener\">Demande de prix des artisans \u00e9mergents 2026<\/a><\/li>\n<li><a href=\"https:\/\/sheilahughmackay.ca\/wp-content\/uploads\/2026\/02\/SHMF-MHA-Application-2026-Fr.pdf\" target=\"_blank\" rel=\"noopener\">Bourse d\u2019excellence Marie H\u00e9l\u00e8ne Allain 2026<\/a><\/li>\n<\/ul>\n<\/li>\n<\/ul>\n<p><!--La date limite pour pr\u00e9senter une demande pour les prix 2025 est maintenant pass\u00e9e.--><br \/>\n<!--La p\u00e9riode de mise en candidature pour le prix Strathbutler 2023 est close. Les dossiers de candidatures propos\u00e9s par des artistes visuels de toute la province t\u00e9moignent de la richesse de la culture artistique au Nouveau-Brunswick. La FSHM leur en est grandement reconnaissante. Le nom de la personne laur\u00e9ate de 2023 sera annonc\u00e9 en septembre 2023.--><br \/>\n<!--\n \t\n\n<li><a href=\"https:\/\/sheilahughmackay.ca\/wp-content\/uploads\/2024\/04\/SHMF_MH_Allain_Application_2024_French.pdf\" target=\"_blank\" rel=\"noopener\">Bourse d\u2019excellence Marie H\u00e9l\u00e8ne Allain 2024 - Guide de pr\u00e9sentation des candidatures<\/a><\/li>\n\n\n \t\n\n<li><a href=\"https:\/\/sheilahughmackay.ca\/wp-content\/uploads\/2022\/03\/SHMF_Oudemans_App_2022_French.pdf\" target=\"_blank\" rel=\"noopener\">Prix Nel Oudemans 2022 - Guide de pr\u00e9sentation des candidatures<\/a><\/li>\n\n\n--><\/p>\n<h3>D\u00e9veloppement de carri\u00e8re d\u2019artiste<\/h3>\n<p>La date limite de d\u00e9p\u00f4t des candidatures pour les bourses 2026 est maintenant d\u00e9pass\u00e9e.<br \/>\n<!--\n\n\n<ul>\n \t\n\n<li style=\"list-style-type: none;\">\n\n\n<ul>\n \t\n\n<li><a href=\"https:\/\/sheilahughmackay.ca\/wp-content\/uploads\/2025\/11\/SHMF_Fred_Ross_Application_2026_FR.pdf\" target=\"_blank\" rel=\"noopener noreferrer\">Demande de bourse d\u2019\u00e9tudes Fred Ross 2026<\/a><\/li>\n\n\n \t\n\n<li><a href=\"https:\/\/sheilahughmackay.ca\/wp-content\/uploads\/2026\/01\/SHMF_Advanced_Studies_Application_2026_FR.pdf\" target=\"_blank\" rel=\"noopener noreferrer\">Demande de bourse d'\u00e9tudes sup\u00e9rieures Sheila Mackay 2026<\/a><\/li>\n\n\n \t\n\n<li><a href=\"https:\/\/sheilahughmackay.ca\/wp-content\/uploads\/2025\/11\/SHMF-Residency-Application-2026-FR.pdf\" target=\"_blank\" rel=\"noopener noreferrer\">R\u00e9sidence internationale de la Fondation Sheila Hugh Mackay 2026<\/a><\/li>\n\n\n<\/ul>\n\n\n<\/li>\n\n\n<\/ul>\n\n\n--><br \/>\n<!--La date limite pour pr\u00e9senter une demande de bourse FSHM demande de r\u00e9sidence internationale pour 2023 est maintenant pass\u00e9e.--><br \/>\n<!--Les laur\u00e9ats de 2023 seront avis\u00e9s au plus tard le 15 avril.--><\/p>\n<h3>Les subventions<\/h3>\n<p>La p\u00e9riode de demande pour le cycle de subvention Sheila 2026 est maintenant termin\u00e9e.<br \/>\n<!--\n\n\n<ul>\n \t\n\n<li style=\"list-style-type: none;\">\n\n\n<ul>\n \t\n\n<li><a href=\"https:\/\/sheilahughmackay.ca\/wp-content\/uploads\/2025\/11\/SHMF-Sheilas-2026-Form-FR.pdf\" target=\"_blank\" rel=\"noopener\">Les Sheilas : Programme de subventions annuelles de facilitation de la Fondation Sheila Hugh Mackay<\/a><\/li>\n\n\n<\/ul>\n\n\n<\/li>\n\n\n<\/ul>\n\n\n--><br \/>\n<!--La p\u00e9riode de demande pour le cycle de subvention Sheila 2025 est maintenant termin\u00e9e. Les organismes seront inform\u00e9s directement de l\u2019\u00e9tat de leur demande d\u2019ici le 1er avril 2024. Merci \u00e0 tous les candidats de b\u00e2tir une communaut\u00e9 artistique forte.--><br \/>\n<!--Le cycle de subventions \u201cSheilas\u201d de 2023 est maintenant termin\u00e9. Les annonces des subventions de 2023 seront faites \u00e0 la suite du processus de s\u00e9lection.--><\/p>","protected":false},"excerpt":{"rendered":"<p>Guide de mise en candidature 2026 Prix Demande de prix des artisans \u00e9mergents 2026 Bourse d\u2019excellence Marie H\u00e9l\u00e8ne Allain 2026 D\u00e9veloppement de carri\u00e8re d\u2019artiste La date limite de d\u00e9p\u00f4t des candidatures pour les bourses 2026 est maintenant d\u00e9pass\u00e9e. Les subventions La p\u00e9riode de demande pour le cycle de subvention Sheila 2026 est maintenant termin\u00e9e.<\/p>\n","protected":false},"author":1,"featured_media":0,"parent":0,"menu_order":8,"comment_status":"closed","ping_status":"closed","template":"","meta":[],"_links":{"self":[{"href":"https:\/\/sheilahughmackay.ca\/fr\/wp-json\/wp\/v2\/pages\/2058"}],"collection":[{"href":"https:\/\/sheilahughmackay.ca\/fr\/wp-json\/wp\/v2\/pages"}],"about":[{"href":"https:\/\/sheilahughmackay.ca\/fr\/wp-json\/wp\/v2\/types\/page"}],"author":[{"embeddable":true,"href":"https:\/\/sheilahughmackay.ca\/fr\/wp-json\/wp\/v2\/users\/1"}],"replies":[{"embeddable":true,"href":"https:\/\/sheilahughmackay.ca\/fr\/wp-json\/wp\/v2\/comments?post=2058"}],"version-history":[{"count":129,"href":"https:\/\/sheilahughmackay.ca\/fr\/wp-json\/wp\/v2\/pages\/2058\/revisions"}],"predecessor-version":[{"id":8405,"href":"https:\/\/sheilahughmackay.ca\/fr\/wp-json\/wp\/v2\/pages\/2058\/revisions\/8405"}],"wp:attachment":[{"href":"https:\/\/sheilahughmackay.ca\/fr\/wp-json\/wp\/v2\/media?parent=2058"}],"curies":[{"name":"wp","href":"https:\/\/api.w.org\/{rel}","templated":true}]}}