{"id":2064,"date":"2013-01-05T14:38:53","date_gmt":"2013-01-05T18:38:53","guid":{"rendered":"http:\/\/sheilahughmackay.com\/shmf\/?page_id=2064"},"modified":"2016-02-29T15:41:10","modified_gmt":"2016-02-29T19:41:10","slug":"support-for-foundations-through-partnership-programs","status":"publish","type":"page","link":"https:\/\/sheilahughmackay.ca\/fr\/subventions\/subventions-signature\/subventions-de-signature-dans-les-premieres-annees\/soutien-aux-fondations-par-voie-de-programmes-de-partenariat\/","title":{"rendered":"Soutien aux fondations par voie de Programmes de partenariat"},"content":{"rendered":"<p><\/p>\n<blockquote class=\"bqshort\"><p>\u00ab\u00a0Il faut un village pour \u00e9lever un enfant \u00bb<\/p><\/blockquote>\n<h3 lang=\"fr-CA\">Fondation des arts Nouveau-Brunswick<\/h3>\n<p lang=\"fr-CA\">En 2005, le Conseil d\u2019administration de la FSHM investissait dans un Programme de stabilisation des arts et du patrimoine, d\u2019une dur\u00e9e de cinq ans, lanc\u00e9 par la <a title=\"la Fondation des arts du Nouveau-Brunswick\" href=\"http:\/\/www.nbfa-fanb.ca\/fr\/index.php\" target=\"_blank\">Fondation des arts Nouveau-Brunswick<\/a>. Visant \u00e0 assurer une stabilit\u00e9 aux organismes artistiques, ce fonds permettait la r\u00e9vision des imp\u00f4ts et de la gouvernance, ainsi qu\u2019une aide financi\u00e8re \u00e0 l\u2019intention de 10 organisations.<\/p>\n<ul>\n<li>Th\u00e9\u00e2tre Ballet atlantique, Moncton<\/li>\n<li>Galerie d\u2019art Beaverbrook, Fredericton<\/li>\n<li>Arts et apprentissage Fredericton, Fredericton<\/li>\n<li>Festival Frye, Moncton<\/li>\n<li>Galerie Connexion, Fredericton<\/li>\n<li>Festival de musique d\u2019\u00e9t\u00e9 NB, Fredericton<\/li>\n<li>Symphonie NB, Saint John<\/li>\n<li>Th\u00e9\u00e2tre NB, Fredericton<\/li>\n<li>Th\u00e9\u00e2tre Populaire d\u2019Acadie, Caraquet<\/li>\n<li>Mus\u00e9e York Sunbury, Fredericton<\/li>\n<\/ul>\n<p><\/p>","protected":false},"excerpt":{"rendered":"<p>\u00ab\u00a0Il faut un village pour \u00e9lever un enfant \u00bb Fondation des arts Nouveau-Brunswick En 2005, le Conseil d\u2019administration de la FSHM investissait dans un Programme de stabilisation des arts et du patrimoine, d\u2019une dur\u00e9e de cinq ans, lanc\u00e9 par la Fondation des arts Nouveau-Brunswick. Visant \u00e0 assurer une stabilit\u00e9 aux organismes artistiques, ce fonds permettait<a href=\"https:\/\/sheilahughmackay.ca\/fr\/subventions\/subventions-signature\/subventions-de-signature-dans-les-premieres-annees\/soutien-aux-fondations-par-voie-de-programmes-de-partenariat\/\">[&#8230;]<\/a><\/p>\n","protected":false},"author":1,"featured_media":0,"parent":158,"menu_order":0,"comment_status":"closed","ping_status":"closed","template":"","meta":[],"_links":{"self":[{"href":"https:\/\/sheilahughmackay.ca\/fr\/wp-json\/wp\/v2\/pages\/2064"}],"collection":[{"href":"https:\/\/sheilahughmackay.ca\/fr\/wp-json\/wp\/v2\/pages"}],"about":[{"href":"https:\/\/sheilahughmackay.ca\/fr\/wp-json\/wp\/v2\/types\/page"}],"author":[{"embeddable":true,"href":"https:\/\/sheilahughmackay.ca\/fr\/wp-json\/wp\/v2\/users\/1"}],"replies":[{"embeddable":true,"href":"https:\/\/sheilahughmackay.ca\/fr\/wp-json\/wp\/v2\/comments?post=2064"}],"version-history":[{"count":1,"href":"https:\/\/sheilahughmackay.ca\/fr\/wp-json\/wp\/v2\/pages\/2064\/revisions"}],"predecessor-version":[{"id":4619,"href":"https:\/\/sheilahughmackay.ca\/fr\/wp-json\/wp\/v2\/pages\/2064\/revisions\/4619"}],"up":[{"embeddable":true,"href":"https:\/\/sheilahughmackay.ca\/fr\/wp-json\/wp\/v2\/pages\/158"}],"wp:attachment":[{"href":"https:\/\/sheilahughmackay.ca\/fr\/wp-json\/wp\/v2\/media?parent=2064"}],"curies":[{"name":"wp","href":"https:\/\/api.w.org\/{rel}","templated":true}]}}