{"id":22,"date":"2010-11-19T12:44:50","date_gmt":"2010-11-19T16:44:50","guid":{"rendered":"http:\/\/sheilahughmackay.com\/shmf\/?page_id=22"},"modified":"2020-08-31T17:29:24","modified_gmt":"2020-08-31T20:29:24","slug":"contact-us","status":"publish","type":"page","link":"https:\/\/sheilahughmackay.ca\/fr\/coordonnees\/","title":{"rendered":"Contactez nous"},"content":{"rendered":"<p>Pour obtenir de plus amples renseignements, pri\u00e8re de contacter :<\/p>\n<p><strong>La\u00a0Fondation Sheila Hugh Mackay<br \/>\n<\/strong>Case postale\u00a0416<br \/>\nSaint John, NB<br \/>\nE2L-4L9<\/p>\n<p>T\u00e9l\u00e9phone : 506.693.5647<\/p>\n<p>Veuillez mettre \u00e0 jour vos contacts. L&#8217;adresse courriel de la fondation a chang\u00e9.<br \/>\nContactez-nous \u00e0\u00a0<a href=\"mailto:shmf@sheilahughmackay.ca\">shmf@sheilahughmackay.ca<\/a><\/p>\n<p>&nbsp;<\/p>","protected":false},"excerpt":{"rendered":"<p>Pour obtenir de plus amples renseignements, pri\u00e8re de contacter : La\u00a0Fondation Sheila Hugh Mackay Case postale\u00a0416 Saint John, NB E2L-4L9 T\u00e9l\u00e9phone : 506.693.5647 Veuillez mettre \u00e0 jour vos contacts. L&#8217;adresse courriel de la fondation a chang\u00e9. Contactez-nous \u00e0\u00a0shmf@sheilahughmackay.ca &nbsp;<\/p>\n","protected":false},"author":1,"featured_media":0,"parent":0,"menu_order":6,"comment_status":"closed","ping_status":"closed","template":"","meta":[],"_links":{"self":[{"href":"https:\/\/sheilahughmackay.ca\/fr\/wp-json\/wp\/v2\/pages\/22"}],"collection":[{"href":"https:\/\/sheilahughmackay.ca\/fr\/wp-json\/wp\/v2\/pages"}],"about":[{"href":"https:\/\/sheilahughmackay.ca\/fr\/wp-json\/wp\/v2\/types\/page"}],"author":[{"embeddable":true,"href":"https:\/\/sheilahughmackay.ca\/fr\/wp-json\/wp\/v2\/users\/1"}],"replies":[{"embeddable":true,"href":"https:\/\/sheilahughmackay.ca\/fr\/wp-json\/wp\/v2\/comments?post=22"}],"version-history":[{"count":4,"href":"https:\/\/sheilahughmackay.ca\/fr\/wp-json\/wp\/v2\/pages\/22\/revisions"}],"predecessor-version":[{"id":7013,"href":"https:\/\/sheilahughmackay.ca\/fr\/wp-json\/wp\/v2\/pages\/22\/revisions\/7013"}],"wp:attachment":[{"href":"https:\/\/sheilahughmackay.ca\/fr\/wp-json\/wp\/v2\/media?parent=22"}],"curies":[{"name":"wp","href":"https:\/\/api.w.org\/{rel}","templated":true}]}}