{"id":2416,"date":"2013-11-13T21:28:29","date_gmt":"2013-11-14T01:28:29","guid":{"rendered":"http:\/\/sheilahughmackay.com\/shmf\/?page_id=2416"},"modified":"2026-03-10T21:35:56","modified_gmt":"2026-03-11T00:35:56","slug":"sheila-mackay-advanced-studies","status":"publish","type":"page","link":"https:\/\/sheilahughmackay.ca\/fr\/programme-de-bourses\/bourse-superieures-sheila-mackay\/","title":{"rendered":"Bourse d\u2019\u00e9tudes sup\u00e9rieures Sheila Mackay"},"content":{"rendered":"<p><div id=\"attachment_6423\" style=\"width: 277px\" class=\"wp-caption alignright\"><a href=\"http:\/\/sheilahughmackay.ca\/\/wp-content\/uploads\/2019\/02\/Sheila-portait_Clavette-black-and-white-e1550706092450.jpg\"><img aria-describedby=\"caption-attachment-6423\" loading=\"lazy\" class=\"wp-image-6423 size-medium\" src=\"https:\/\/sheilahughmackay.ca\/wp-content\/uploads\/2019\/02\/Sheila-portait_Clavette-black-and-white-e1550706092450-267x300.jpg\" alt=\"\" width=\"267\" height=\"300\" srcset=\"https:\/\/sheilahughmackay.ca\/wp-content\/uploads\/2019\/02\/Sheila-portait_Clavette-black-and-white-e1550706092450-267x300.jpg 267w, https:\/\/sheilahughmackay.ca\/wp-content\/uploads\/2019\/02\/Sheila-portait_Clavette-black-and-white-e1550706092450.jpg 682w\" sizes=\"(max-width: 267px) 100vw, 267px\" \/><\/a><p id=\"caption-attachment-6423\" class=\"wp-caption-text\">Sheila, portrait &#8211; Brigette Clavette<\/p><\/div><\/p>\n<p lang=\"fr-CA\"><strong>La bourse d\u2019\u00e9tudes sup\u00e9rieures Sheila Mackay<\/strong>, d\u00e9cern\u00e9e annuellement \u00e0 un r\u00e9sident du Nouveau-Brunswick d\u00e9sirant s\u2019inscrire ou \u00e9tant d\u00e9j\u00e0 inscrit \u00e0 un programme d\u2019\u00e9tudes sup\u00e9rieures en arts visuels, a \u00e9t\u00e9 cr\u00e9\u00e9e par le Conseil d\u2019administration de la Fondation Sheila Hugh Mackay afin d\u2019honorer la m\u00e9moire de Madame Mackay. Tout au long de sa vie, Madame Mackay a \u0153uvr\u00e9 \u00e0 la promotion des arts visuels en soutenant les artistes et les institutions qui visent l\u2019excellence.<\/p>\n<p lang=\"fr-CA\">D\u2019une valeur maximum de 5 000$, cette bourse est accord\u00e9e sous recommandation d\u2019un jury ind\u00e9pendant compos\u00e9 de sp\u00e9cialistes en arts visuels. Le concours s\u2019adresse aux artistes et aux th\u00e9oriciens en arts visuels (histoire, enseignement, mus\u00e9ologie, th\u00e9orie).<\/p>\n<ul class=\"bio-links\">\n<li>Tous les postes sur <a href=\"http:\/\/sheilahughmackay.ca\/\/?cat=30\">nos bourses<\/a><\/li>\n<li>Tous les postes sur <a href=\"http:\/\/sheilahughmackay.ca\/\/?cat=33\">La bourse d\u2019\u00e9tudes sup\u00e9rieures Sheila Mackay<\/a><\/li>\n<\/ul>\n<h3>Liste cumulative des laur\u00e9ats pour la bourse d\u2019\u00e9tudes sup\u00e9rieures Sheila Mackay:<\/h3>\n<div id=\"attachment_8263\" style=\"width: 310px\" class=\"wp-caption alignright\"><img aria-describedby=\"caption-attachment-8263\" loading=\"lazy\" class=\"wp-image-8263 size-medium\" src=\"https:\/\/sheilahughmackay.ca\/wp-content\/uploads\/2025\/03\/jennifer-lee-wiebe-headshot-300x360.jpg\" alt=\"Jennifer Lee Wiebe\" width=\"300\" height=\"360\" srcset=\"https:\/\/sheilahughmackay.ca\/wp-content\/uploads\/2025\/03\/jennifer-lee-wiebe-headshot-300x360.jpg 300w, https:\/\/sheilahughmackay.ca\/wp-content\/uploads\/2025\/03\/jennifer-lee-wiebe-headshot-768x922.jpg 768w, https:\/\/sheilahughmackay.ca\/wp-content\/uploads\/2025\/03\/jennifer-lee-wiebe-headshot.jpg 831w\" sizes=\"(max-width: 300px) 100vw, 300px\" \/><p id=\"caption-attachment-8263\" class=\"wp-caption-text\">Jennifer Lee Wiebe, artiste visuelle et \u00e9ducatrice artistique polydisciplinaire, a \u00e9t\u00e9 s\u00e9lectionn\u00e9e pour recevoir la bourse d\u2019\u00e9tudes sup\u00e9rieures Sheila Mackay de 2025.<\/p><\/div>\n<ul>\n<li><strong>Jennifer Lee Wiebe<\/strong> &#8211; Doctorat en \u00e9ducation artistique, Concordia University<\/li>\n<li><strong>Jean Rooney<\/strong> &#8211; Doctorat en \u00e9ducation artistique, Concordia University<\/li>\n<li><strong>Christiana Myers<\/strong> &#8211; Doctorat en histoire de l\u2019art; University of Glasgow<\/li>\n<li><strong>Laura Oland<\/strong> &#8211; Doctorate n histoire de l\u2019art, Concordia University<\/li>\n<li><strong>Lorne Power<\/strong> &#8211; Ma\u00eetrise en arts plastiques, University of Lethbridge<\/li>\n<li><strong>Gemey Kelly<\/strong> &#8211; Doctorate n histoire de l\u2019art, Carleton University<\/li>\n<li><strong>Elise Anne Laplante<\/strong> &#8211; Masters in Curatorial Studies UQAM<\/li>\n<li><strong>Julie Caissie<\/strong> &#8211; Ma\u00eetrise en arts plastiques, University of Ottawa<\/li>\n<li><strong><a href=\"http:\/\/sheilahughmackay.ca\/\/?p=6458\">Jessica Arseneau<\/a><\/strong> of St. Laurent &#8211; Masters of Museum Studies, Universit\u00e9 du Qu\u00e9bec<\/li>\n<li><strong><a href=\"http:\/\/sheilahughmackay.ca\/\/?p=5745\">Elizabeth Grant<\/a><\/strong> &#8211; Masters of Arts in Art Business, Sotheby\u2019s Institute of Art, New York<\/li>\n<li><strong><a href=\"http:\/\/sheilahughmackay.ca\/\/?p=5740\">Jessica Arseneau<\/a><\/strong> of Tilly Road &#8211; Academy of Visual Arts, Leipzig, Germany<\/li>\n<li><strong><a href=\"http:\/\/sheilahughmackay.ca\/\/?p=5728\">Patrick Allaby<\/a><\/strong> &#8211; University of Waterloo<\/li>\n<li><a href=\"http:\/\/sheilahughmackay.ca\/\/?p=5054\"><strong>Emilie Lavoie<\/strong><\/a> &#8211; Emily Carr Institute<\/li>\n<li><strong><a href=\"http:\/\/sheilahughmackay.ca\/\/?p=5017\">Samantha Noseworthy<\/a><\/strong> &#8211; University of Toronto<\/li>\n<li><a href=\"http:\/\/sheilahughmackay.ca\/\/?p=5009\"><strong>Kristen Atkins<\/strong><\/a> &#8211; Mount Allison University<\/li>\n<li><a title=\"Jared Peters\" href=\"http:\/\/sheilahughmackay.ca\/\/2013\/10\/jared-peters\/\"><strong>Jared Peters<\/strong><\/a> &#8211; Western University<\/li>\n<li><strong><a title=\"Barbara Safran de Niverville\" href=\"http:\/\/sheilahughmackay.ca\/\/2013\/01\/barbara-sarah-safran-de-niverville\/\">Barbara Safran de Niverville<\/a><\/strong> &#8211; Lesley College, University of Boston<\/li>\n<li><a title=\"Greg Klassen\" href=\"http:\/\/sheilahughmackay.ca\/\/2014\/01\/14\/greg-klassen\/\"><strong>Greg Klassen<\/strong><\/a> &#8211; Emily Carr Institute<\/li>\n<li><strong>Whitefeather Hunter<\/strong> &#8211; Chicago Institute<\/li>\n<\/ul>\n<p><\/p>","protected":false},"excerpt":{"rendered":"<p>La bourse d\u2019\u00e9tudes sup\u00e9rieures Sheila Mackay, d\u00e9cern\u00e9e annuellement \u00e0 un r\u00e9sident du Nouveau-Brunswick d\u00e9sirant s\u2019inscrire ou \u00e9tant d\u00e9j\u00e0 inscrit \u00e0 un programme d\u2019\u00e9tudes sup\u00e9rieures en arts visuels, a \u00e9t\u00e9 cr\u00e9\u00e9e par le Conseil d\u2019administration de la Fondation Sheila Hugh Mackay afin d\u2019honorer la m\u00e9moire de Madame Mackay. Tout au long de sa vie, Madame Mackay<a href=\"https:\/\/sheilahughmackay.ca\/fr\/programme-de-bourses\/bourse-superieures-sheila-mackay\/\">[&#8230;]<\/a><\/p>\n","protected":false},"author":1,"featured_media":0,"parent":76,"menu_order":0,"comment_status":"closed","ping_status":"closed","template":"template-fullwidth.php","meta":[],"_links":{"self":[{"href":"https:\/\/sheilahughmackay.ca\/fr\/wp-json\/wp\/v2\/pages\/2416"}],"collection":[{"href":"https:\/\/sheilahughmackay.ca\/fr\/wp-json\/wp\/v2\/pages"}],"about":[{"href":"https:\/\/sheilahughmackay.ca\/fr\/wp-json\/wp\/v2\/types\/page"}],"author":[{"embeddable":true,"href":"https:\/\/sheilahughmackay.ca\/fr\/wp-json\/wp\/v2\/users\/1"}],"replies":[{"embeddable":true,"href":"https:\/\/sheilahughmackay.ca\/fr\/wp-json\/wp\/v2\/comments?post=2416"}],"version-history":[{"count":86,"href":"https:\/\/sheilahughmackay.ca\/fr\/wp-json\/wp\/v2\/pages\/2416\/revisions"}],"predecessor-version":[{"id":8403,"href":"https:\/\/sheilahughmackay.ca\/fr\/wp-json\/wp\/v2\/pages\/2416\/revisions\/8403"}],"up":[{"embeddable":true,"href":"https:\/\/sheilahughmackay.ca\/fr\/wp-json\/wp\/v2\/pages\/76"}],"wp:attachment":[{"href":"https:\/\/sheilahughmackay.ca\/fr\/wp-json\/wp\/v2\/media?parent=2416"}],"curies":[{"name":"wp","href":"https:\/\/api.w.org\/{rel}","templated":true}]}}