{"id":25,"date":"2010-11-19T13:13:16","date_gmt":"2010-11-19T17:13:16","guid":{"rendered":"http:\/\/sheilahughmackay.com\/shmf\/?page_id=25"},"modified":"2024-06-11T17:09:48","modified_gmt":"2024-06-11T20:09:48","slug":"awards","status":"publish","type":"page","link":"https:\/\/sheilahughmackay.ca\/fr\/les-prix\/","title":{"rendered":"Prix"},"content":{"rendered":"<p><\/p>\n<h3>Strathbutler<\/h3>\n<p>Le prix Strathbutler reconna\u00eet l&#8217;excellence dans le domaine des m\u00e9tiers d&#8217;art ou d&#8217;arts visuels par un artiste qui a apport\u00e9 une contribution substantielle \u00e0 la province du Nouveau-Brunswick. Sheila Mackay a inaugur\u00e9 ce prix en 1991 pour offrir la reconnaissance et le soutien des artistes n\u00e9o-brunswickois. L&#8217;origine un prix de 10.000 $, il a \u00e9t\u00e9 augment\u00e9 en 2005 pour une valeur de 25,000 $. &#8211; <a href=\"http:\/\/sheilahughmackay.ca\/\/fr\/awards\/strathbutler-award\/\">Plus d&#8217;infos<\/a><\/p>\n<h3>Le prix des artisans \u00e9mergents<\/h3>\n<p>Le Prix des artisans \u00e9mergents de la SHMF reconna\u00eet les r\u00e9alisations des artisans \u00e9mergents du Nouveau-Brunswick en mati\u00e8re d\u2019artisanat et de design. Ce prix est destin\u00e9 \u00e0 soutenir la croissance cr\u00e9ative des artistes aux premiers stades de leur carri\u00e8re. En plus de la bourse de 4000\u00a0$, le b\u00e9n\u00e9ficiaire est admissible \u00e0 un financement suppl\u00e9mentaire pour appuyer une possibilit\u00e9 d\u2019\u00e9tudes approuv\u00e9e dans l\u2019ann\u00e9e suivant la remise de la bourse. Les arrangements doivent \u00eatre approuv\u00e9s par le directeur g\u00e9n\u00e9ral de la Fondation Sheila Hugh Mackay. &#8211; <a href=\"http:\/\/sheilahughmackay.ca\/fr\/awards\/nel-oudemans-award\/\">Plus d&#8217;infos<\/a><\/p>\n<p><!--Le Prix Nel Oudemans reconna\u00eet la contribution extraordinaire de Fredericton Nel Oudemans tisserand au domaine des arts appliqu\u00e9s du Canada, ainsi que les beaux-arts et l'artisanat d'\u00e9ducation au Nouveau-Brunswick. - <a href=\"http:\/\/sheilahughmackay.ca\/\/fr\/awards\/nel-oudemans-award\/\">Plus d'infos<\/a>--><\/p>\n<h3>Bourse Marie H\u00e9l\u00e8ne Allain<\/h3>\n<p>La bourse Marie H\u00e9l\u00e8ne Allain est un prix bisannuel de 10 000 $ d\u00e9cern\u00e9 aux artistes et artisans n\u00e9o-brunswickois en milieu de carri\u00e8re et attribu\u00e9 sur la recommandation d\u2019un jury ind\u00e9pendant. Pour faire partie de la s\u00e9lection, les artistes doivent s\u2019\u00eatre distingu\u00e9s au cours de leurs dix derni\u00e8res ann\u00e9es de pratique professionnelle et proposer la cr\u00e9ation d\u2019un ensemble d\u2019oeuvres significatif pendant l\u2019ann\u00e9e vis\u00e9e par la bourse. &#8211; <a href=\"http:\/\/sheilahughmackay.ca\/\/fr\/les-prix\/bourse-dexcellence-marie-helene-allain\/\">Plus d&#8217;infos<\/a><\/p>\n<h3>D\u00e9fense des arts<\/h3>\n<p>La Fondation Sheila Hugh Mackay apporte son appui \u00e0 la cr\u00e9ation, \u00e0 la promotion et \u00e0 l\u2019appr\u00e9ciation des arts visuels. Ce domaine englobe un vaste spectre de m\u00e9dium, mais \u00e0 leur centre r\u00e9side l\u2019expression individuelle des artistes. &#8211; <a href=\"http:\/\/sheilahughmackay.ca\/\/fr\/plaidoyer-pour-les-arts\/prix-plaidoyer-pour-les-arts\/\">Plus d&#8217;infos<\/a><\/p>\n<h3>Processus du jury<\/h3>\n<p>Pour marquer son association depuis 1947 avec le Coll\u00e8ge du Nouveau-Brunswick d&#8217;artisanat et de design, le prix reconna\u00eetra la poursuite de l&#8217;excellence dans les domaines des m\u00e9tiers d&#8217;art, le design et les arts visuels par les r\u00e9cents dipl\u00f4m\u00e9s du Coll\u00e8ge. Le gagnant de ce prix de 2000 $ est choisi par un jury de professionnels des arts exp\u00e9riment\u00e9s. &#8211; <a href=\"http:\/\/sheilahughmackay.ca\/\/fr\/awards\/the-jury-process\/\">Plus d&#8217;infos<\/a><\/p>\n<ul>\n<li>Pour les postes sur <a href=\"http:\/\/sheilahughmackay.ca\/\/?cat=11\">nos prix<\/a><\/li>\n<\/ul>\n<p><\/p>","protected":false},"excerpt":{"rendered":"<p>Strathbutler Le prix Strathbutler reconna\u00eet l&#8217;excellence dans le domaine des m\u00e9tiers d&#8217;art ou d&#8217;arts visuels par un artiste qui a apport\u00e9 une contribution substantielle \u00e0 la province du Nouveau-Brunswick. Sheila Mackay a inaugur\u00e9 ce prix en 1991 pour offrir la reconnaissance et le soutien des artistes n\u00e9o-brunswickois. L&#8217;origine un prix de 10.000 $, il a<a href=\"https:\/\/sheilahughmackay.ca\/fr\/les-prix\/\">[&#8230;]<\/a><\/p>\n","protected":false},"author":1,"featured_media":0,"parent":0,"menu_order":3,"comment_status":"closed","ping_status":"closed","template":"","meta":[],"_links":{"self":[{"href":"https:\/\/sheilahughmackay.ca\/fr\/wp-json\/wp\/v2\/pages\/25"}],"collection":[{"href":"https:\/\/sheilahughmackay.ca\/fr\/wp-json\/wp\/v2\/pages"}],"about":[{"href":"https:\/\/sheilahughmackay.ca\/fr\/wp-json\/wp\/v2\/types\/page"}],"author":[{"embeddable":true,"href":"https:\/\/sheilahughmackay.ca\/fr\/wp-json\/wp\/v2\/users\/1"}],"replies":[{"embeddable":true,"href":"https:\/\/sheilahughmackay.ca\/fr\/wp-json\/wp\/v2\/comments?post=25"}],"version-history":[{"count":17,"href":"https:\/\/sheilahughmackay.ca\/fr\/wp-json\/wp\/v2\/pages\/25\/revisions"}],"predecessor-version":[{"id":8146,"href":"https:\/\/sheilahughmackay.ca\/fr\/wp-json\/wp\/v2\/pages\/25\/revisions\/8146"}],"wp:attachment":[{"href":"https:\/\/sheilahughmackay.ca\/fr\/wp-json\/wp\/v2\/media?parent=25"}],"curies":[{"name":"wp","href":"https:\/\/api.w.org\/{rel}","templated":true}]}}