{"id":2587,"date":"2014-01-20T22:43:15","date_gmt":"2014-01-21T02:43:15","guid":{"rendered":"http:\/\/sheilahughmackay.com\/shmf\/?page_id=2587"},"modified":"2014-01-20T22:43:15","modified_gmt":"2014-01-21T02:43:15","slug":"symposium-strathbutler-2010","status":"publish","type":"page","link":"https:\/\/sheilahughmackay.ca\/fr\/defense-des-arts\/projets-de-defense\/symposium-strathbutler-2010\/","title":{"rendered":"Symposium Strathbutler 2010"},"content":{"rendered":"<p><\/p>\n<h2>Symposium Strathbutler 2010<\/h2>\n<p><a class=\"thickbox\" title=\"symposium-french.jpg\" href=\"http:\/\/lh5.ggpht.com\/_AdSR2HQ8XNE\/TUH11Q7iZtI\/AAAAAAAAAok\/-J-qiaYqkgM\/symposium-french.jpg\"><img loading=\"lazy\" class=\"alignleft\" title=\"symposium-french.jpg\" alt=\"symposium-french.jpg\" src=\"http:\/\/lh5.ggpht.com\/_AdSR2HQ8XNE\/TUH11Q7iZtI\/AAAAAAAAAok\/-J-qiaYqkgM\/s150-c\/symposium-french.jpg\" width=\"150\" height=\"150\" \/><\/a>En conjugaison avec le 20e anniversaire du Prix Strathbutler, le Conseil d&#8217;administration de la Fondation Sheila Hugh MacKay est fier de pr\u00e9senter un symposium de deux jours qui examinera l&#8217;\u00e9tat actuel des arts visuels au Nouveau-Brunswick. La Fondation vise a promouvoir l&#8217;excellence dans le domaine des arts visuels au Nouveau- Brunswick, ce symposium donnera Sheila MacKay a la province du Nouveau-Brunswick.<\/p>\n<p class=\"clear\">\n<div class=\"post-gallery\">\n<div class=\"pe2-album \" style=\"\"><a class=\"thickbox\" href=\"http:\/\/lh5.ggpht.com\/_AdSR2HQ8XNE\/TTmeFFVHW-I\/AAAAAAAAAlQ\/o5z8XIAkQL8\/DSC_1605.JPG\" rel=\"4d98a2c078e1e\"><img loading=\"lazy\" class=\"alignleft\" alt=\"DSC_1605.JPG\" src=\"http:\/\/lh5.ggpht.com\/_AdSR2HQ8XNE\/TTmeFFVHW-I\/AAAAAAAAAlQ\/o5z8XIAkQL8\/s150-c\/DSC_1605.JPG\" width=\"150\" height=\"150\" \/><\/a><a class=\"thickbox\" href=\"http:\/\/lh3.ggpht.com\/_AdSR2HQ8XNE\/TTmeGv-nmmI\/AAAAAAAAAlo\/hY5xW5Uvy24\/DSC_1714.JPG\" rel=\"4d98a2c078e1e\"><img loading=\"lazy\" class=\"alignleft\" alt=\"DSC_1714.JPG\" src=\"http:\/\/lh3.ggpht.com\/_AdSR2HQ8XNE\/TTmeGv-nmmI\/AAAAAAAAAlo\/hY5xW5Uvy24\/s150-c\/DSC_1714.JPG\" width=\"150\" height=\"150\" \/><\/a><a class=\"thickbox\" href=\"http:\/\/lh6.ggpht.com\/_AdSR2HQ8XNE\/TTmeNhVqjuI\/AAAAAAAAAnA\/ZtxCW9EULBM\/DSC_1576.JPG\" rel=\"4d98a2c078e1e\"><img loading=\"lazy\" class=\"alignleft\" alt=\"DSC_1576.JPG\" src=\"http:\/\/lh6.ggpht.com\/_AdSR2HQ8XNE\/TTmeNhVqjuI\/AAAAAAAAAnA\/ZtxCW9EULBM\/s150-c\/DSC_1576.JPG\" width=\"150\" height=\"150\" \/><\/a><\/p>\n<p><\/div><div class='clear'><\/div>\n<\/div>\n<p class=\"clear\">\n<p>Le Symposium Strathbutler est endett\u00e9e envers artsnb qui offre un service de traduction simultan\u00e9e durant toutes les s\u00e9ances.<\/p>\n<p>La Fondation Sheila Hugh MacKay pr\u00e9sente le Symposium Strathbutler: Les Arts Visuels &#8211; Ponts de Mire au NB en tant que service envers les arts visuels du Nouveau- Brunswick et envers les artistes visuels du Nouveau- Brunswick. Le Conseil d&#8217;administration remercie sinc\u00e8rement le Mus\u00e9e du Nouveau-Brunswick et s&#8217;artnb de leur g\u00e9n\u00e9reux soutien et de leur participation.<\/p>","protected":false},"excerpt":{"rendered":"<p>Symposium Strathbutler 2010 En conjugaison avec le 20e anniversaire du Prix Strathbutler, le Conseil d&#8217;administration de la Fondation Sheila Hugh MacKay est fier de pr\u00e9senter un symposium de deux jours qui examinera l&#8217;\u00e9tat actuel des arts visuels au Nouveau-Brunswick. La Fondation vise a promouvoir l&#8217;excellence dans le domaine des arts visuels au Nouveau- Brunswick, ce<a href=\"https:\/\/sheilahughmackay.ca\/fr\/defense-des-arts\/projets-de-defense\/symposium-strathbutler-2010\/\">[&#8230;]<\/a><\/p>\n","protected":false},"author":1,"featured_media":0,"parent":700,"menu_order":2,"comment_status":"closed","ping_status":"closed","template":"","meta":[],"_links":{"self":[{"href":"https:\/\/sheilahughmackay.ca\/fr\/wp-json\/wp\/v2\/pages\/2587"}],"collection":[{"href":"https:\/\/sheilahughmackay.ca\/fr\/wp-json\/wp\/v2\/pages"}],"about":[{"href":"https:\/\/sheilahughmackay.ca\/fr\/wp-json\/wp\/v2\/types\/page"}],"author":[{"embeddable":true,"href":"https:\/\/sheilahughmackay.ca\/fr\/wp-json\/wp\/v2\/users\/1"}],"replies":[{"embeddable":true,"href":"https:\/\/sheilahughmackay.ca\/fr\/wp-json\/wp\/v2\/comments?post=2587"}],"version-history":[{"count":0,"href":"https:\/\/sheilahughmackay.ca\/fr\/wp-json\/wp\/v2\/pages\/2587\/revisions"}],"up":[{"embeddable":true,"href":"https:\/\/sheilahughmackay.ca\/fr\/wp-json\/wp\/v2\/pages\/700"}],"wp:attachment":[{"href":"https:\/\/sheilahughmackay.ca\/fr\/wp-json\/wp\/v2\/media?parent=2587"}],"curies":[{"name":"wp","href":"https:\/\/api.w.org\/{rel}","templated":true}]}}