{"id":2610,"date":"2014-02-04T11:52:35","date_gmt":"2014-02-04T15:52:35","guid":{"rendered":"http:\/\/sheilahughmackay.com\/shmf\/?page_id=2610"},"modified":"2018-10-01T14:29:49","modified_gmt":"2018-10-01T17:29:49","slug":"arts-advocacy-2","status":"publish","type":"page","link":"https:\/\/sheilahughmackay.ca\/fr\/defense-des-arts\/","title":{"rendered":"D\u00e9fense des arts"},"content":{"rendered":"<p><\/p>\n<h2>La Fondation Sheila Hugh Mackay apporte son appui \u00e0 la cr\u00e9ation, \u00e0 la promotion et \u00e0 l\u2019appr\u00e9ciation des arts visuels.<\/h2>\n<p>Ce domaine englobe un vaste spectre de m\u00e9dium, mais \u00e0 leur centre r\u00e9side l\u2019expression individuelle des artistes.<\/p>\n<p>Depuis 1987, la Fondation a travaill\u00e9 \u00e0 d\u00e9montrer que les arts visuels sont un \u00e9l\u00e9ment essentiel dans la qualit\u00e9 de vie. Focalisant sur le d\u00e9veloppement des arts visuels au Nouveau-Brunswick, la Fondation met de l\u2019avant des projets et des travaux de signature en partenariat avec d\u2019autres personnes pour favoriser la cr\u00e9ativit\u00e9.<\/p>\n<p><a href=\"http:\/\/sheilahughmackay.ca\/\/fr\/defense-des-arts\/projets-de-defense\/\">Projets de d\u00e9fense pour les arts<\/a><\/p>\n<ul>\n<li><a href=\"http:\/\/sheilahughmackay.ca\/\/fr\/defense-des-arts\/projets-de-defense\/conference-des-directeurs-des-centres-dart-en-novembre-2018\/\">Conf\u00e9rence des directeurs des centres d\u2019art en novembre 2018<\/a><\/li>\n<li><a href=\"http:\/\/sheilahughmackay.ca\/\/fr\/defense-des-arts\/projets-de-defense\/la-federation-canadienne-des-metiers-dart-pour-creation-despaces\/\">La F\u00e9d\u00e9ration canadienne des m\u00e9tiers d\u2019art pour Cr\u00e9ation d\u2019espaces<\/a><\/li>\n<li><a href=\"http:\/\/sheilahughmackay.ca\/\/fr\/defense-des-arts\/projets-de-defence\/forum-artistes-en-residence-2016\/\">Forum Artistes en r\u00e9sidence 2016<\/a><\/li>\n<li><a href=\"http:\/\/sheilahughmackay.ca\/\/fr\/defense-des-arts\/projets-de-defense\/un-appel-a-creer\/\">Un appel \u00e0 cr\u00e9er 2013<\/a><\/li>\n<li><a href=\"http:\/\/sheilahughmackay.ca\/\/fr\/defense-des-arts\/projets-de-defense\/lest-de-la-saint-jean-2013\/\">A l\u2019Est de L\u00e0 : Saint-Jean 2013<\/a><\/li>\n<li><a href=\"http:\/\/sheilahughmackay.ca\/\/fr\/defense-des-arts\/projets-de-defense\/forum-jack-weldon-humphrey-2013\/\">Forum Jack Weldon Humphrey 2013<\/a><\/li>\n<li><a href=\"http:\/\/sheilahughmackay.ca\/\/fr\/defense-des-arts\/projets-de-defense\/symposium-strathbutler-2010\/\">Symposium Strathbutler 2010<\/a><\/li>\n<\/ul>\n<p><\/p>","protected":false},"excerpt":{"rendered":"<p>La Fondation Sheila Hugh Mackay apporte son appui \u00e0 la cr\u00e9ation, \u00e0 la promotion et \u00e0 l\u2019appr\u00e9ciation des arts visuels. Ce domaine englobe un vaste spectre de m\u00e9dium, mais \u00e0 leur centre r\u00e9side l\u2019expression individuelle des artistes. Depuis 1987, la Fondation a travaill\u00e9 \u00e0 d\u00e9montrer que les arts visuels sont un \u00e9l\u00e9ment essentiel dans la<a href=\"https:\/\/sheilahughmackay.ca\/fr\/defense-des-arts\/\">[&#8230;]<\/a><\/p>\n","protected":false},"author":1,"featured_media":0,"parent":0,"menu_order":7,"comment_status":"closed","ping_status":"closed","template":"","meta":[],"_links":{"self":[{"href":"https:\/\/sheilahughmackay.ca\/fr\/wp-json\/wp\/v2\/pages\/2610"}],"collection":[{"href":"https:\/\/sheilahughmackay.ca\/fr\/wp-json\/wp\/v2\/pages"}],"about":[{"href":"https:\/\/sheilahughmackay.ca\/fr\/wp-json\/wp\/v2\/types\/page"}],"author":[{"embeddable":true,"href":"https:\/\/sheilahughmackay.ca\/fr\/wp-json\/wp\/v2\/users\/1"}],"replies":[{"embeddable":true,"href":"https:\/\/sheilahughmackay.ca\/fr\/wp-json\/wp\/v2\/comments?post=2610"}],"version-history":[{"count":24,"href":"https:\/\/sheilahughmackay.ca\/fr\/wp-json\/wp\/v2\/pages\/2610\/revisions"}],"predecessor-version":[{"id":6311,"href":"https:\/\/sheilahughmackay.ca\/fr\/wp-json\/wp\/v2\/pages\/2610\/revisions\/6311"}],"wp:attachment":[{"href":"https:\/\/sheilahughmackay.ca\/fr\/wp-json\/wp\/v2\/media?parent=2610"}],"curies":[{"name":"wp","href":"https:\/\/api.w.org\/{rel}","templated":true}]}}