{"id":2654,"date":"2014-06-11T23:19:11","date_gmt":"2014-06-12T02:19:11","guid":{"rendered":"http:\/\/sheilahughmackay.com\/shmf\/?page_id=2654"},"modified":"2026-02-13T14:30:55","modified_gmt":"2026-02-13T18:30:55","slug":"marie-helene-allain-fellowship","status":"publish","type":"page","link":"https:\/\/sheilahughmackay.ca\/fr\/les-prix\/bourse-dexcellence-marie-helene-allain\/","title":{"rendered":"Bourse d\u2019excellence Marie H\u00e9l\u00e8ne Allain"},"content":{"rendered":"<p><div id=\"attachment_6442\" style=\"width: 596px\" class=\"wp-caption alignright\"><a href=\"http:\/\/sheilahughmackay.ca\/\/wp-content\/uploads\/2019\/02\/MHAllain_award-cutout.png\"><img aria-describedby=\"caption-attachment-6442\" loading=\"lazy\" class=\"size-full wp-image-6442\" src=\"http:\/\/sheilahughmackay.ca\/\/wp-content\/uploads\/2019\/02\/MHAllain_award-cutout.png\" alt=\"\" width=\"586\" height=\"900\" srcset=\"https:\/\/sheilahughmackay.ca\/wp-content\/uploads\/2019\/02\/MHAllain_award-cutout.png 586w, https:\/\/sheilahughmackay.ca\/wp-content\/uploads\/2019\/02\/MHAllain_award-cutout-195x300.png 195w\" sizes=\"(max-width: 586px) 100vw, 586px\" \/><\/a><p id=\"caption-attachment-6442\" class=\"wp-caption-text\">Marie H\u00e9l\u00e8ne Allain<\/p><\/div><\/p>\n<p>La bourse d\u2019excellence \u00a0Marie-H\u00e9l\u00e8ne-Allain est un prix biennal de 10000\u00a0$ offert aux artistes visuels du Nouveau-Brunswick qui se sont distingu\u00e9s au cours des dix derni\u00e8res ann\u00e9es de pratique professionnelle et qui proposent un ensemble important de nouvelles \u0153uvres \u00e0 entreprendre au cours d\u2019une ann\u00e9e de bourse. Il est donn\u00e9 sur recommandation d\u2019un jury professionnel ind\u00e9pendant.<\/p>\n<p>La cr\u00e9ation de la bourse d\u2019excellence Marie H\u00e9l\u00e8ne Allain en 2014 a \u00e9t\u00e9 une r\u00e9ponse aux besoins exprim\u00e9s par les artistes \u00e9tablis lors des consultations avec les intervenants. Il est con\u00e7u \u00e0 la fois pour c\u00e9l\u00e9brer les r\u00e9alisations professionnelles et pour soutenir les artistes professionnels dans la r\u00e9alisation ou la pr\u00e9sentation d\u2019une nouvelle \u0153uvre. . Au c\u0153ur de ce prix se trouve la conviction que les artistes ont besoin de libert\u00e9 cr\u00e9ative pour explorer de nouvelles id\u00e9es gr\u00e2ce \u00e0 des possibilit\u00e9s comme les voyages, le mentorat, le r\u00e9seautage et le temps consacr\u00e9 \u00e0 l\u2019exploration artistique.<\/p>\n<p>Il a \u00e9t\u00e9 nomm\u00e9 en l\u2019honneur de l\u2019artiste acadienne Marie H\u00e9l\u00e8ne Allain. Apr\u00e8s avoir \u00e9t\u00e9 choisi comme artiste de Strathbutler, Allain a \u00e9t\u00e9 nomm\u00e9 directeur de la fondation par Sheila Mackay et a \u00e9t\u00e9 un leader dans son d\u00e9veloppement. Allain, dont la carri\u00e8re illustre l\u2019exploration cr\u00e9ative, la poursuite de l\u2019excellence et l\u2019apprentissage continu, a d\u00e9fendu les artistes professionnels tout au long de ses trois mandats de leadership. Ce prix est un hommage durable \u00e0 Marie H\u00e9l\u00e8ne Allain, dont le travail a enrichi le tissu culturel du Canada.<\/p>\n<p><!--La bourse d\u2019excellence Marie H\u00e9l\u00e8ne Allain est un prix bisannuel de 10 000 $ d\u00e9cern\u00e9 aux artistes et artisans n\u00e9o-brunswickois en milieu de carri\u00e8re et attribu\u00e9 sur la recommandation d\u2019un jury ind\u00e9pendant. Pour faire partie de la s\u00e9lection, les artistes doivent s\u2019\u00eatre distingu\u00e9s au cours de leurs dix derni\u00e8res ann\u00e9es de pratique professionnelle et proposer la cr\u00e9ation d\u2019un ensemble d\u2019oeuvres significatif pendant l\u2019ann\u00e9e vis\u00e9e par la bourse. Nomm\u00e9e en l\u2019honneur de l\u2019artiste acadienne Marie H\u00e9l\u00e8ne Allain, cette bourse favorise l\u2019exploration et l\u2019innovation cr\u00e9atives. Apr\u00e8s avoir obtenu le prix Strathbutler, Mme Allain a \u00e9t\u00e9 invit\u00e9e, par Sheila Mackay, \u00e0 si\u00e9ger au conseil d\u2019administration de la fondation et s\u2019est affirm\u00e9e comme chef de file du d\u00e9veloppement de l\u2019organisation. Marie H\u00e9l\u00e8ne Allain, dont la carri\u00e8re est un exemple d\u2019exploration cr\u00e9ative, de poursuite de l\u2019excellence et d\u2019apprentissage continu, a appuy\u00e9 les artistes professionnels tout au long de son mandat de trois ans. La cr\u00e9ation de la bourse d\u2019excellence Marie H\u00e9l\u00e8ne Allain r\u00e9pond aux besoins exprim\u00e9s par les artistes \u00e0 mi-carri\u00e8re. Ce prix vise \u00e0 soutenir et \u00e0 promouvoir sp\u00e9cifiquement les artistes qui sont arriv\u00e9s \u00e0 cette \u00e9tape de leur carri\u00e8re et dont les oeuvres poss\u00e8dent du potentiel. Il appuie la poursuite de l\u2019excellence en fournissant des fonds qui aideront l\u2019artiste \u00e0 r\u00e9aliser ou pr\u00e9senter un ensemble de nouvelles oeuvres. Ce financement repose sur la conviction que les artistes ont besoin de libert\u00e9 cr\u00e9ative pour explorer de nouvelles id\u00e9es en profitant d\u2019occasions (voyages, mentorat, r\u00e9seautage) et en consacrant du temps \u00e0 l\u2019exploration artistique.--><\/p>\n<p>&nbsp;<\/p>\n<blockquote><p><a href=\"https:\/\/sheilahughmackay.ca\/wp-content\/uploads\/2026\/02\/SHMF-MHA-Application-2026-Fr.pdf\" target=\"_blank\" rel=\"noopener noreferrer\">Application pour la bourse Marie H\u00e9l\u00e8ne Allain <\/a><\/p><\/blockquote>\n<p>&nbsp;<\/p>\n<ul>\n<li>Tous les postes sur <a href=\"http:\/\/sheilahughmackay.ca\/fr\/?cat=50\">la Bourse d\u2019excellence Marie H\u00e9l\u00e8ne Allain<\/a><\/li>\n<li>Tous les postes sur <a title=\"Aller \u00e0 la cat\u00e9gorie les Prix\" href=\"http:\/\/sheilahughmackay.ca\/\/fr\/?cat=11\">nos prix<\/a><\/li>\n<li>Voir <a title=\"Aller \u00e0 le Comment appliquer\" href=\"http:\/\/sheilahughmackay.ca\/\/fr\/comment-appliquer\/\">Comment appliquer<\/a><\/li>\n<\/ul>\n<p><!--\n \t\n\n<li>Tous les postes sur <a href=\"http:\/\/sheilahughmackay.ca\/\/fr\/?cat=62\">le jury la bourse d\u2019excellence Allain<\/a><\/li>\n\n\n \t\n\n<li>Tous les postes sur <a href=\"http:\/\/sheilahughmackay.ca\/\/fr\/?cat=161\">le D\u00e9claration du jury la bourse d\u2019excellence Allain<\/a><\/li>\n\n\n--><\/p>\n<p><iframe loading=\"lazy\" title=\"YouTube video player\" src=\"https:\/\/www.youtube.com\/embed\/YNu67dYYfQw\" width=\"500\" height=\"281\" frameborder=\"0\" allowfullscreen=\"allowfullscreen\"><span data-mce-type=\"bookmark\" style=\"display: inline-block; width: 0px; overflow: hidden; line-height: 0;\" class=\"mce_SELRES_start\">\ufeff<\/span><\/iframe><\/p>\n<p>&nbsp;<\/p>\n<p><!--[pt_view id=\"330d51a91t\"]--><br \/>\n<strong>Liste cumulative des laur\u00e9ats pour la bourse d\u2019excellence Marie H\u00e9l\u00e8ne Allain:<\/strong><\/p>\n<ul>\n<li style=\"list-style-type: none;\"><\/li>\n<li><a href=\"https:\/\/sheilahughmackay.ca\/?p=7712\">Amanda Fauteux<\/a><\/li>\n<li><a href=\"https:\/\/sheilahughmackay.ca\/?p=7858\">Sarah Petite<\/a><\/li>\n<li><a href=\"https:\/\/sheilahughmackay.ca\/?p=7071\">Marjolaine Bourgeois<\/a><\/li>\n<li><a href=\"https:\/\/sheilahughmackay.ca\/?p=7048\">Yalda Bozorg <\/a><\/li>\n<li class=\"pt-cv-title\"><a class=\"_self\" href=\"https:\/\/sheilahughmackay.ca\/fr\/2018\/06\/01\/andrea-mortson\/\" target=\"_self\" rel=\"noopener noreferrer\">Andrea Mortson<\/a><\/li>\n<li class=\"pt-cv-title\"><a class=\"_self\" href=\"https:\/\/sheilahughmackay.ca\/fr\/2018\/06\/01\/maya-padrov\/\" target=\"_self\" rel=\"noopener noreferrer\">Maya Padrov<\/a><\/li>\n<li class=\"pt-cv-title\"><a class=\"_self\" href=\"https:\/\/sheilahughmackay.ca\/fr\/2016\/03\/11\/les-recipiendaire-de-la-bourse-mha-2016-annoncees\/\" target=\"_self\" rel=\"noopener noreferrer\">Ann Manuel<\/a><\/li>\n<li class=\"pt-cv-title\"><a class=\"_self\" href=\"https:\/\/sheilahughmackay.ca\/fr\/2016\/03\/11\/les-recipiendaire-de-la-bourse-mha-2016-annoncees\/\" target=\"_self\" rel=\"noopener noreferrer\">Jennifer Belanger<\/a><\/li>\n<li><a href=\"https:\/\/sheilahughmackay.ca\/2014\/11\/25\/shmf-international-creative-residency\/\">Mario Doucette<\/a><\/li>\n<li><a href=\"https:\/\/sheilahughmackay.ca\/2014\/11\/25\/shmf-international-creative-residency\/\">Mathieu Leger<\/a><\/li>\n<\/ul>\n<p><\/p>","protected":false},"excerpt":{"rendered":"<p>La bourse d\u2019excellence \u00a0Marie-H\u00e9l\u00e8ne-Allain est un prix biennal de 10000\u00a0$ offert aux artistes visuels du Nouveau-Brunswick qui se sont distingu\u00e9s au cours des dix derni\u00e8res ann\u00e9es de pratique professionnelle et qui proposent un ensemble important de nouvelles \u0153uvres \u00e0 entreprendre au cours d\u2019une ann\u00e9e de bourse. Il est donn\u00e9 sur recommandation d\u2019un jury professionnel ind\u00e9pendant.<a href=\"https:\/\/sheilahughmackay.ca\/fr\/les-prix\/bourse-dexcellence-marie-helene-allain\/\">[&#8230;]<\/a><\/p>\n","protected":false},"author":1,"featured_media":0,"parent":25,"menu_order":3,"comment_status":"closed","ping_status":"closed","template":"template-fullwidth.php","meta":[],"_links":{"self":[{"href":"https:\/\/sheilahughmackay.ca\/fr\/wp-json\/wp\/v2\/pages\/2654"}],"collection":[{"href":"https:\/\/sheilahughmackay.ca\/fr\/wp-json\/wp\/v2\/pages"}],"about":[{"href":"https:\/\/sheilahughmackay.ca\/fr\/wp-json\/wp\/v2\/types\/page"}],"author":[{"embeddable":true,"href":"https:\/\/sheilahughmackay.ca\/fr\/wp-json\/wp\/v2\/users\/1"}],"replies":[{"embeddable":true,"href":"https:\/\/sheilahughmackay.ca\/fr\/wp-json\/wp\/v2\/comments?post=2654"}],"version-history":[{"count":51,"href":"https:\/\/sheilahughmackay.ca\/fr\/wp-json\/wp\/v2\/pages\/2654\/revisions"}],"predecessor-version":[{"id":8396,"href":"https:\/\/sheilahughmackay.ca\/fr\/wp-json\/wp\/v2\/pages\/2654\/revisions\/8396"}],"up":[{"embeddable":true,"href":"https:\/\/sheilahughmackay.ca\/fr\/wp-json\/wp\/v2\/pages\/25"}],"wp:attachment":[{"href":"https:\/\/sheilahughmackay.ca\/fr\/wp-json\/wp\/v2\/media?parent=2654"}],"curies":[{"name":"wp","href":"https:\/\/api.w.org\/{rel}","templated":true}]}}