{"id":27,"date":"2010-11-19T13:42:47","date_gmt":"2010-11-19T17:42:47","guid":{"rendered":"http:\/\/sheilahughmackay.com\/shmf\/?page_id=27"},"modified":"2025-04-11T15:27:57","modified_gmt":"2025-04-11T18:27:57","slug":"strathbutler-award","status":"publish","type":"page","link":"https:\/\/sheilahughmackay.ca\/fr\/les-prix\/la-prix-strathbutler\/","title":{"rendered":"Strathbutler"},"content":{"rendered":"<p><div id=\"attachment_7948\" style=\"width: 914px\" class=\"wp-caption aligncenter\"><img aria-describedby=\"caption-attachment-7948\" loading=\"lazy\" class=\"wp-image-7948 size-full\" src=\"https:\/\/sheilahughmackay.ca\/wp-content\/uploads\/2023\/08\/strathbutler_header_john_murchie.jpg\" alt=\"John Murchie, r\u00e9cipiendaire de Strathbutler 2023\" width=\"904\" height=\"415\" srcset=\"https:\/\/sheilahughmackay.ca\/wp-content\/uploads\/2023\/08\/strathbutler_header_john_murchie.jpg 904w, https:\/\/sheilahughmackay.ca\/wp-content\/uploads\/2023\/08\/strathbutler_header_john_murchie-360x165.jpg 360w, https:\/\/sheilahughmackay.ca\/wp-content\/uploads\/2023\/08\/strathbutler_header_john_murchie-768x353.jpg 768w\" sizes=\"(max-width: 904px) 100vw, 904px\" \/><p id=\"caption-attachment-7948\" class=\"wp-caption-text\"><b>John Murchie<\/b>, r\u00e9cipiendaire de Strathbutler 2023<\/p><\/div><\/p>\n<div style=\"float: right; padding-left: 20px;\"><iframe loading=\"lazy\" src=\"https:\/\/www.youtube.com\/embed\/MagzAgVqYV4?rel=0&amp;controls=0&amp;showinfo=0\" width=\"400\" height=\"225\" frameborder=\"0\" allowfullscreen=\"allowfullscreen\"><\/iframe><\/div>\n<div>\n<p>Le <strong>Strathbutler<\/strong> reconna\u00eet l\u2019excellence dans le domaine des m\u00e9tiers d\u2019art ou d\u2019arts visuels par un artiste qui a apport\u00e9 une contribution substantielle \u00e0 la province du Nouveau-Brunswick.<\/p>\n<p>Sheila Mackay a inaugur\u00e9 ce prix en 1991 pour offrir la reconnaissance et le soutien des artistes n\u00e9o-brunswickois.\u00a0L\u2019appellation du prix par Sheila Mackay se veut une marque de respect pour la maison ancestrale \u00e9cossaise de la famille Mackay, Strathnaver. Le mot\u00a0\u00ab Strath \u00bb a \u00e9t\u00e9 jumel\u00e9 avec le mot \u00ab butler \u00bb (ma\u00eetre d\u2019h\u00f4tel chez un riche particulier), une fa\u00e7on subtile de sugg\u00e9rer que son but \u00e9tait de se mettre au service des arts. Lors d\u2019une f\u00eate en soir\u00e9e de gala, les Strathbutler est d\u00e9cern\u00e9 tous les deux ans.Ilest actuellement \u00e9valu\u00e9 \u00e025 000$<br \/>\n<!--\n\n\n<blockquote><a href=\"https:\/\/sheilahughmackay.ca\/wp-content\/uploads\/2024\/12\/SHMF_Strathbutler_Application_2025_FR.pdf\" target=\"_blank\" rel=\"noopener noreferrer\">Demande de prix Strathbutler<\/a><\/blockquote>\n\n\n--><\/p>\n<ul>\n<li>D&#8217;appliquer ou de nommer quelqu&#8217;un pour le Strathbutler faire pour <a href=\"http:\/\/sheilahughmackay.ca\/\/fr\/comment-appliquer\/\">Comment appliquer<\/a><\/li>\n<li>Liste des <a title=\"Aller \u00e0 la cat\u00e9gorie R\u00e9cipiendaires Strathbutler\" href=\"https:\/\/sheilahughmackay.ca\/fr\/les-prix\/la-prix-strathbutler\/recipiendaire-strathbutler\/\">R\u00e9cipiendaires Strathbutler<\/a><\/li>\n<li>Tous les postes sur <a title=\"Aller \u00e0 la cat\u00e9gorie les Prix\" href=\"http:\/\/sheilahughmackay.ca\/\/fr\/?cat=11\">nos prix<\/a><\/li>\n<li>Tous les postes sur <a title=\"Aller \u00e0 la cat\u00e9gorie Strathbutler\" href=\"http:\/\/sheilahughmackay.ca\/\/fr\/?cat=37\">Strathbutler<\/a><\/li>\n<li>Tous les postes sur <a title=\"Aller \u00e0 la cat\u00e9gorie D\u00e9claration du jury Strathbutler\" href=\"http:\/\/sheilahughmackay.ca\/\/fr\/?cat=41\">D\u00e9claration du jury Strathbutler<\/a><\/li>\n<\/ul>\n<\/div>\n<p><\/p>","protected":false},"excerpt":{"rendered":"<p>Le Strathbutler reconna\u00eet l\u2019excellence dans le domaine des m\u00e9tiers d\u2019art ou d\u2019arts visuels par un artiste qui a apport\u00e9 une contribution substantielle \u00e0 la province du Nouveau-Brunswick. Sheila Mackay a inaugur\u00e9 ce prix en 1991 pour offrir la reconnaissance et le soutien des artistes n\u00e9o-brunswickois.\u00a0L\u2019appellation du prix par Sheila Mackay se veut une marque de<a href=\"https:\/\/sheilahughmackay.ca\/fr\/les-prix\/la-prix-strathbutler\/\">[&#8230;]<\/a><\/p>\n","protected":false},"author":1,"featured_media":0,"parent":25,"menu_order":0,"comment_status":"closed","ping_status":"closed","template":"","meta":[],"_links":{"self":[{"href":"https:\/\/sheilahughmackay.ca\/fr\/wp-json\/wp\/v2\/pages\/27"}],"collection":[{"href":"https:\/\/sheilahughmackay.ca\/fr\/wp-json\/wp\/v2\/pages"}],"about":[{"href":"https:\/\/sheilahughmackay.ca\/fr\/wp-json\/wp\/v2\/types\/page"}],"author":[{"embeddable":true,"href":"https:\/\/sheilahughmackay.ca\/fr\/wp-json\/wp\/v2\/users\/1"}],"replies":[{"embeddable":true,"href":"https:\/\/sheilahughmackay.ca\/fr\/wp-json\/wp\/v2\/comments?post=27"}],"version-history":[{"count":31,"href":"https:\/\/sheilahughmackay.ca\/fr\/wp-json\/wp\/v2\/pages\/27\/revisions"}],"predecessor-version":[{"id":8288,"href":"https:\/\/sheilahughmackay.ca\/fr\/wp-json\/wp\/v2\/pages\/27\/revisions\/8288"}],"up":[{"embeddable":true,"href":"https:\/\/sheilahughmackay.ca\/fr\/wp-json\/wp\/v2\/pages\/25"}],"wp:attachment":[{"href":"https:\/\/sheilahughmackay.ca\/fr\/wp-json\/wp\/v2\/media?parent=27"}],"curies":[{"name":"wp","href":"https:\/\/api.w.org\/{rel}","templated":true}]}}