{"id":2727,"date":"2014-07-19T22:08:55","date_gmt":"2014-07-20T01:08:55","guid":{"rendered":"http:\/\/sheilahughmackay.com\/shmf\/?page_id=2727"},"modified":"2023-08-03T14:28:03","modified_gmt":"2023-08-03T17:28:03","slug":"suzanne-hill","status":"publish","type":"page","link":"https:\/\/sheilahughmackay.ca\/fr\/fondation\/conseil-dadminisration\/english-suzanne-hill\/","title":{"rendered":"Suzanne Hill"},"content":{"rendered":"<p><div id=\"attachment_4547\" style=\"width: 247px\" class=\"wp-caption aligncenter\"><a href=\"http:\/\/sheilahughmackay.ca\/\/wp-content\/uploads\/2016\/02\/Hill-bio-port.jpg\" rel=\"attachment wp-att-4547\"><img aria-describedby=\"caption-attachment-4547\" loading=\"lazy\" class=\"wp-image-4547\" src=\"http:\/\/sheilahughmackay.ca\/\/wp-content\/uploads\/2016\/02\/Hill-bio-port-197x300.jpg\" alt=\"Suzanne Hill\" width=\"237\" height=\"360\" srcset=\"https:\/\/sheilahughmackay.ca\/wp-content\/uploads\/2016\/02\/Hill-bio-port-197x300.jpg 197w, https:\/\/sheilahughmackay.ca\/wp-content\/uploads\/2016\/02\/Hill-bio-port.jpg 379w\" sizes=\"(max-width: 237px) 100vw, 237px\" \/><\/a><p id=\"caption-attachment-4547\" class=\"wp-caption-text\">Suzanne Hill<\/p><\/div><\/p>\n<p>Depuis 2015, Suzanne Hill, artiste professionnelle et consultante en enseignement de l\u2019art, joue un r\u00f4le de premier plan au conseil d\u2019administration de la Fondation Sheila Hugh Mackay. Elle en est la vice-pr\u00e9sidente depuis 2019 et participe activement aux comit\u00e9s s\u2019occupant de la planification strat\u00e9gique, de la d\u00e9fense des int\u00e9r\u00eats, des prix et des subventions. Les \u0153uvres de cette dipl\u00f4m\u00e9e des universit\u00e9s Mount Allison et McGill font partie de nombreuses collections priv\u00e9es et publiques, notamment celles de la Banque d\u2019\u0153uvres d\u2019art du Nouveau-Brunswick, de la Banque d\u2019art du Conseil des Arts du Canada, de l\u2019UNB, du Mus\u00e9e du Nouveau-Brunswick, de la Galerie d\u2019art Beaverbrook, de l\u2019Universit\u00e9 du Maine et de la Gouverneure g\u00e9n\u00e9rale du Canada. On retrouve \u00e9galement son travail dans les collections du Mus\u00e9e canadien de la guerre et d\u2019Affaires mondiales Canada. Suzanne Hill a fait partie du jury du prix Strathbutler, de la Banque d\u2019\u0153uvres d\u2019art du Nouveau-Brunswick et de bourses r\u00e9compensant la cr\u00e9ation et l\u2019excellence.<\/p>\n<p>En 1999, Suzanne Hill a re\u00e7u le prix Strathbutler pour l\u2019excellence de son \u0153uvre. Elle a si\u00e9g\u00e9 au conseil ex\u00e9cutif du Conseil des arts du Nouveau-Brunswick et au conseil d\u2019administration du Mus\u00e9e du Nouveau-Brunswick. En 2003, elle a collabor\u00e9 \u00e0 la cr\u00e9ation de l\u2019association pour l\u2019\u00e9ducation en arts visuels du Nouveau-Brunswick, la NB Visual Art Education Association, produisant une s\u00e9rie de courts m\u00e9trages sur les artistes visuels du Nouveau-Brunswick. En 2016, ses r\u00e9alisations professionnelles et ses contributions \u00e0 la province lui ont valu le prix de la lieutenante-gouverneure pour l\u2019excellence dans les arts, cat\u00e9gorie en arts visuels. Son \u0153uvre la plus r\u00e9cente, Hands of the Horseman, a \u00e9t\u00e9 expos\u00e9e \u00e0 la Galerie d\u2019art Andrew et Laura McCain, \u00e0 Florenceville, en 2022.<\/p>\n<p><!--Artiste professionnelle et consultante en \u00e9ducation artistique, Suzanne Hill, vit \u00e0 Rothesay, au Nouveau-Brunswick. Cette dipl\u00f4m\u00e9e des universit\u00e9s Mount Allison et McGill expose dans la r\u00e9gion de l'Atlantique. Ses \u0153uvres font partie de nombreuses collections publiques et priv\u00e9es, y compris celles de la Banque d'\u0153uvres d'art du Nouveau-Brunswick, de la Banque d\u2019art du Conseil des Arts du Canada, de l'Universit\u00e9 du Nouveau-Brunswick, du Mus\u00e9e du Nouveau-Brunswick, de la Galerie d'art Beaverbrook, de l'Universit\u00e9 du Maine et du gouverneur g\u00e9n\u00e9ral du Canada. Suzanne Hill est \u00e9galement repr\u00e9sent\u00e9e dans les collections du Mus\u00e9e canadien de la guerre et du minist\u00e8re des Affaires \u00e9trang\u00e8res.\n\nElle a fait partie de jurys pour le prix Strathbutler, pour la Banque d'\u0153uvres d'art du Nouveau-Brunswick et pour le programme de subvention \u00e0 la cr\u00e9ation et des prix d'excellence. Elle-m\u00eame laur\u00e9ate du prix Strathbutler pour l\u2019excellence en arts (1999), elle a si\u00e9g\u00e9 au comit\u00e9 ex\u00e9cutif du Conseil des arts du Nouveau-Brunswick et au conseil d\u2019administration du Mus\u00e9e du Nouveau-Brunswick. \u00c0 l\u2019heure actuelle, elle fait partie du conseil de la Fondation Sheila Hugh Mackay. En 2003, elle a cr\u00e9\u00e9, avec deux autres personnes, la NB Visual Art Education Association qui produit actuellement une s\u00e9rie de courts m\u00e9trages sur des artistes visuels du Nouveau-Brunswick. Gr\u00e2ce \u00e0 une subvention \u00e0 la cr\u00e9ation, Suzanne Hill a pu financer High Water Mark, sa plus r\u00e9cente exposition solo. Une subvention de cat\u00e9gorie A du Conseil des arts du Nouveau-Brunswick lui procure \u00e9galement les fonds pour r\u00e9aliser une grande s\u00e9rie, Only.\n\n<strong>Autres expositions r\u00e9centes<\/strong> : <strong>Invisible Worlds<\/strong>, Galerie d'art Beaverbrook, Mus\u00e9e du Nouveau-Brunswick.\u00a0 Exposition en trio, avec Toby Graser et Kathy Hooper. <strong>Suzanne Hill : Conversations with Rick Burns<\/strong>, Peter Buckland Gallery, Gallery Connexion. Exposition en \u00ab duo \u00bb <strong>Labyrinth<\/strong> : Ingrid Mueller Art &amp; Contacts--><\/p>","protected":false},"excerpt":{"rendered":"<p>Depuis 2015, Suzanne Hill, artiste professionnelle et consultante en enseignement de l\u2019art, joue un r\u00f4le de premier plan au conseil d\u2019administration de la Fondation Sheila Hugh Mackay. Elle en est la vice-pr\u00e9sidente depuis 2019 et participe activement aux comit\u00e9s s\u2019occupant de la planification strat\u00e9gique, de la d\u00e9fense des int\u00e9r\u00eats, des prix et des subventions. Les<a href=\"https:\/\/sheilahughmackay.ca\/fr\/fondation\/conseil-dadminisration\/english-suzanne-hill\/\">[&#8230;]<\/a><\/p>\n","protected":false},"author":1,"featured_media":0,"parent":18,"menu_order":6,"comment_status":"closed","ping_status":"closed","template":"","meta":[],"_links":{"self":[{"href":"https:\/\/sheilahughmackay.ca\/fr\/wp-json\/wp\/v2\/pages\/2727"}],"collection":[{"href":"https:\/\/sheilahughmackay.ca\/fr\/wp-json\/wp\/v2\/pages"}],"about":[{"href":"https:\/\/sheilahughmackay.ca\/fr\/wp-json\/wp\/v2\/types\/page"}],"author":[{"embeddable":true,"href":"https:\/\/sheilahughmackay.ca\/fr\/wp-json\/wp\/v2\/users\/1"}],"replies":[{"embeddable":true,"href":"https:\/\/sheilahughmackay.ca\/fr\/wp-json\/wp\/v2\/comments?post=2727"}],"version-history":[{"count":3,"href":"https:\/\/sheilahughmackay.ca\/fr\/wp-json\/wp\/v2\/pages\/2727\/revisions"}],"predecessor-version":[{"id":7911,"href":"https:\/\/sheilahughmackay.ca\/fr\/wp-json\/wp\/v2\/pages\/2727\/revisions\/7911"}],"up":[{"embeddable":true,"href":"https:\/\/sheilahughmackay.ca\/fr\/wp-json\/wp\/v2\/pages\/18"}],"wp:attachment":[{"href":"https:\/\/sheilahughmackay.ca\/fr\/wp-json\/wp\/v2\/media?parent=2727"}],"curies":[{"name":"wp","href":"https:\/\/api.w.org\/{rel}","templated":true}]}}