{"id":2736,"date":"2014-07-21T17:53:31","date_gmt":"2014-07-21T20:53:31","guid":{"rendered":"http:\/\/sheilahughmackay.com\/shmf\/?page_id=2736"},"modified":"2021-05-27T13:23:09","modified_gmt":"2021-05-27T16:23:09","slug":"jason-alcorn","status":"publish","type":"page","link":"https:\/\/sheilahughmackay.ca\/fr\/fondation\/conseil-dadminisration\/jason-alcorn\/","title":{"rendered":"Jason Alcorn"},"content":{"rendered":"<p><div id=\"attachment_7452\" style=\"width: 343px\" class=\"wp-caption aligncenter\"><img aria-describedby=\"caption-attachment-7452\" loading=\"lazy\" class=\"size-medium wp-image-7452\" src=\"https:\/\/sheilahughmackay.ca\/wp-content\/uploads\/2021\/05\/JasonAlcorn-333x360.jpg\" alt=\"Jason Alcorn\" width=\"333\" height=\"360\" srcset=\"https:\/\/sheilahughmackay.ca\/wp-content\/uploads\/2021\/05\/JasonAlcorn-333x360.jpg 333w, https:\/\/sheilahughmackay.ca\/wp-content\/uploads\/2021\/05\/JasonAlcorn-948x1024.jpg 948w, https:\/\/sheilahughmackay.ca\/wp-content\/uploads\/2021\/05\/JasonAlcorn-768x830.jpg 768w, https:\/\/sheilahughmackay.ca\/wp-content\/uploads\/2021\/05\/JasonAlcorn-1422x1536.jpg 1422w, https:\/\/sheilahughmackay.ca\/wp-content\/uploads\/2021\/05\/JasonAlcorn-1896x2048.jpg 1896w\" sizes=\"(max-width: 333px) 100vw, 333px\" \/><p id=\"caption-attachment-7452\" class=\"wp-caption-text\">Jason Alcorn, Chair<\/p><\/div><\/p>\n<p>Jason Alcorn est un administrateur de la FSHM depuis 2014 et vient d\u2019\u00eatre d\u00e9sign\u00e9 pr\u00e9sident du conseil d\u2019administration en juin 2018.<\/p>\n<p>Jason s\u2019est joint \u00e0 la Commission des services financiers et des services aux consommateurs (N.-B.) en mai 2006. \u00c0 son poste actuel de conseiller juridique principal et conseiller sp\u00e9cial, il aide \u00e0 formuler des lois et des politiques touchant les march\u00e9s financiers du Nouveau-Brunswick.<\/p>\n<p>En plus d\u2019\u00eatre dipl\u00f4m\u00e9 des Facult\u00e9s de droit Osgoode Hall (ma\u00eetrise en droit, 2018) et de l\u2019Universit\u00e9 de Moncton (baccalaur\u00e9at en droit, 2005), Jason a d\u00e9croch\u00e9 des dipl\u00f4mes d\u2019\u00e9tudes sup\u00e9rieures en affaires internationales (2001) et en administration publique (2015) respectivement \u00e0 Sciences Po Paris et \u00e0 l\u2019\u00c9cole Nationale d\u2019Administration en France. Il est dipl\u00f4m\u00e9 de l\u2019Universit\u00e9 du Nouveau-Brunswick \u00e0 Saint John (B.A.,1998).<\/p>\n<p>Jason agit souvent \u00e0 titre de conf\u00e9rencier \u00e0 l\u2019U de M et \u00e0 l\u2019UNB. Il a r\u00e9cemment obtenu une ma\u00eetrise en droit des valeurs mobili\u00e8res de la facult\u00e9 de droit Osgoode Hall.<\/p>\n<p>Actif participant aux affaires de la communaut\u00e9, Jason a d\u00e9j\u00e0 assur\u00e9 les fonctions de pr\u00e9sident de la biblioth\u00e8que publique de Saint John. Il si\u00e8ge actuellement aux conseils d\u2019administration de Dialogue NB et CPA Nouveau-Brunswick, en plus d\u2019\u00eatre membre du comit\u00e9 des finances du YMCA du Grand Saint John. Il r\u00e9side dans le quartier Ragged Point de Saint John.<\/p>","protected":false},"excerpt":{"rendered":"<p>Jason Alcorn est un administrateur de la FSHM depuis 2014 et vient d\u2019\u00eatre d\u00e9sign\u00e9 pr\u00e9sident du conseil d\u2019administration en juin 2018. Jason s\u2019est joint \u00e0 la Commission des services financiers et des services aux consommateurs (N.-B.) en mai 2006. \u00c0 son poste actuel de conseiller juridique principal et conseiller sp\u00e9cial, il aide \u00e0 formuler des<a href=\"https:\/\/sheilahughmackay.ca\/fr\/fondation\/conseil-dadminisration\/jason-alcorn\/\">[&#8230;]<\/a><\/p>\n","protected":false},"author":1,"featured_media":0,"parent":18,"menu_order":7,"comment_status":"closed","ping_status":"closed","template":"","meta":[],"_links":{"self":[{"href":"https:\/\/sheilahughmackay.ca\/fr\/wp-json\/wp\/v2\/pages\/2736"}],"collection":[{"href":"https:\/\/sheilahughmackay.ca\/fr\/wp-json\/wp\/v2\/pages"}],"about":[{"href":"https:\/\/sheilahughmackay.ca\/fr\/wp-json\/wp\/v2\/types\/page"}],"author":[{"embeddable":true,"href":"https:\/\/sheilahughmackay.ca\/fr\/wp-json\/wp\/v2\/users\/1"}],"replies":[{"embeddable":true,"href":"https:\/\/sheilahughmackay.ca\/fr\/wp-json\/wp\/v2\/comments?post=2736"}],"version-history":[{"count":4,"href":"https:\/\/sheilahughmackay.ca\/fr\/wp-json\/wp\/v2\/pages\/2736\/revisions"}],"predecessor-version":[{"id":7453,"href":"https:\/\/sheilahughmackay.ca\/fr\/wp-json\/wp\/v2\/pages\/2736\/revisions\/7453"}],"up":[{"embeddable":true,"href":"https:\/\/sheilahughmackay.ca\/fr\/wp-json\/wp\/v2\/pages\/18"}],"wp:attachment":[{"href":"https:\/\/sheilahughmackay.ca\/fr\/wp-json\/wp\/v2\/media?parent=2736"}],"curies":[{"name":"wp","href":"https:\/\/api.w.org\/{rel}","templated":true}]}}