{"id":2902,"date":"2014-11-04T14:33:10","date_gmt":"2014-11-04T18:33:10","guid":{"rendered":"http:\/\/sheilahughmackay.com\/shmf\/?page_id=2902"},"modified":"2026-02-13T10:56:33","modified_gmt":"2026-02-13T14:56:33","slug":"current-projects","status":"publish","type":"page","link":"https:\/\/sheilahughmackay.ca\/fr\/subventions\/les-sheila\/","title":{"rendered":"Les Sheilas"},"content":{"rendered":"<p><\/p>\n<h2>Les Sheilas &#8230; en l&#8217;honneur de la philanthropie de Sheila Mackay &#8230;<\/h2>\n<div style=\"float: left; width: 28%;\">\n<div id=\"attachment_3826\" style=\"width: 210px\" class=\"wp-caption alignleft\"><a href=\"http:\/\/sheilahughmackay.ca\/\/wp-content\/uploads\/2016\/01\/SheilaPic.jpg\"><img aria-describedby=\"caption-attachment-3826\" class=\"size-medium wp-image-3826\" src=\"http:\/\/sheilahughmackay.ca\/\/wp-content\/uploads\/2016\/01\/SheilaPic-289x320.jpg\" alt=\"Sheila Hugh Mackay\" width=\"200\" \/><\/a><p id=\"caption-attachment-3826\" class=\"wp-caption-text\">Sheila Hugh Mackay<\/p><\/div>\n<\/div>\n<div style=\"float: right; width: 72%;\">\n<p>Depuis 2012, la Fondation Sheila Hugh Mackay a vers\u00e9 500 000 $ en subventions annuelles de facilitation \u00e0 des organismes et collectifs artistiques qui \u0153uvrent au service des artistes visuels du Nouveau-Brunswick.Ces subventions, affectueusement appel\u00e9es les \u00ab les Sheila \u00bb, s\u2019appuient sur le programme d\u2019origine de Sheila Mackay, lequel consistait \u00e0 accorder de petites subventions de d\u00e9marrage aux artistes \u00e9mergents. Sur recommandation de jurys ind\u00e9pendants, le conseil d\u2019administration offre des subventions annuelles pour des projets susceptibles de rehausser la cr\u00e9ation, l\u2019interpr\u00e9tation ou l\u2019appr\u00e9ciation des arts visuels au Nouveau-Brunswick. Compte tenu des ressources disponibles pour l\u2019ann\u00e9e vis\u00e9e, la Fondation Sheila Hugh Mackay investira dans des projets qui se conforment aux principes suivants :<\/p>\n<p><!--La Fondation Sheila Hugh Mackay offre un programme annuel de subventions de facilitation pour soutenir le d\u00e9veloppement des organismes et collectifs artistiques au service de la communaut\u00e9 des arts du Nouveau-Brunswick. Ces subventions, affectueusement appel\u00e9es les \u00ab\u00a0les\u00a0Sheila\u00a0\u00bb, s\u2019appuient sur le programme d\u2019origine de Sheila Mackay, lequel consistait \u00e0 accorder de petites subventions de d\u00e9marrage aux artistes \u00e9mergents. Sur recommandation de jurys ind\u00e9pendants, le conseil d\u2019administration offre des subventions annuelles allant de 2\u00a0000\u00a0$ \u00e0 10\u00a0000\u00a0$ \u00e0 des artistes qui pr\u00e9sentent des projets susceptibles de rehausser la cr\u00e9ation, l\u2019interpr\u00e9tation ou l\u2019appr\u00e9ciation des arts visuels au Nouveau-Brunswick. Compte tenu des ressources disponibles pour l\u2019ann\u00e9e vis\u00e9e, la Fondation Sheila Hugh Mackay investira dans des projets qui se conforment aux principes suivants\u00a0:--><\/p>\n<\/div>\n<ul>\n<li>Cr\u00e9dibilit\u00e9 du concept ou de l\u2019id\u00e9e ayant un caract\u00e8re novateur et sans rapport avec les frais de fonctionnement habituels<\/li>\n<li>Objectifs mesurables, strat\u00e9gies de mise en \u0153uvre et crit\u00e8res d\u2019\u00e9valuation<\/li>\n<li>Leadership et comp\u00e9tences sp\u00e9cialis\u00e9es<\/li>\n<li>Viabilit\u00e9 du projet sur le plan financier<\/li>\n<li>Compr\u00e9hension des enjeux de l\u2019art contemporain au Nouveau-Brunswick<\/li>\n<\/ul>\n<p><!--Dans la logique de l\u2019examen strat\u00e9gique 2022, le conseil d\u2019administration reste d\u00e9termin\u00e9 \u00e0 soutenir des initiatives fortes et impactantes qui permettent de faire appr\u00e9cier l\u2019art par les expositions et l\u2019enseignement.\n\nLa SHMF invite les organismes et les collectifs d\u2019arts visuels du Nouveau-Brunswick \u00e0 lui pr\u00e9senter une demande de subvention de 10000\u00a0$ \u00e0 20000\u00a0$.\n\nLe conseil d\u2019administration, dans le but d\u2019investir dans la viabilit\u00e9 \u00e0 long terme des organismes ou des collectifs d\u2019arts visuels, lance un appel de candidatures dans l\u2019une des deux grandes cat\u00e9gories s\u00e9lectionn\u00e9es comme cible pour 2026 :\n\n\n<ol>\n \t\n\n<li>Des projets d\u2019infrastructures (physiques, num\u00e9riquesou de ressources humaines) qui renforceront la capacit\u00e9\u00e0 long terme d\u2019organismes proposant des programmesd\u2019arts visuels au Nouveau-Brunswick.<\/li>\n\n\n \t\n\n<li>Des projets \u00e0 destination des jeunes pour soutenir etencourager le perfectionnement de jeunes artistes visuelsqui recherchent des exp\u00e9riences d\u2019expression cr\u00e9ative.<\/li>\n\n\n<\/ol>\n\n\n--><br \/>\nLes subventions Sheila sont comp\u00e9titives. Les propositions les plus convaincantes, \u00e9valu\u00e9es par des jurys ind\u00e9pendants, seront s\u00e9lectionn\u00e9es par notre fondation en vue d\u2019un investissement en 2026. Les organisations ne peuvent postuler que dans une seule cat\u00e9gorie.<\/p>\n<p><!--La date limite de soumission des demandes pour 2026 est <strong>le 9 janvier 2026<\/strong>. Aucune soumission en retard ne sera accept\u00e9e.--><\/p>\n<p><!--Pour l\u2019ann\u00e9e 2022, apr\u00e8s \u00e9tude des commentaires de la communaut\u00e9 et examen strat\u00e9gique, la Fondation Sheila Hugh MacKay accordera la priorit\u00e9 aux domaines cibles suivants.\n\n\n<ul>\n \t\n\n<li><strong>Subventions pour l\u2019avancement de carri\u00e8re en vue defaciliter le d\u00e9veloppement des ressources humainesdans les organismes d\u2019arts visuels du Nouveau-Brunswick<\/strong><\/li>\n\n\n \t\n\n<li><strong>Programmes en arts visuels pour les jeunes du Nouveau-Brunswick<\/strong><\/li>\n\n\n \t\n\n<li><strong>B\u00e2tir des ressources et des infrastructures dans les organismes artistiques du Nouveau-Brunswick (cela englobe les initiatives physiques et \u00e9lectroniques)<\/strong><\/li>\n\n\n \t\n\n<li><strong>Initiatives d'art public<\/strong><\/li>\n\n\n<\/ul>\n\n\nCes subventions sont offertes de mani\u00e8re comp\u00e9titive et un seul projet dans chacun des domaines cibles sera s\u00e9lectionn\u00e9 pour l\u2019octroi d\u2019une subvention Sheila 2022.\n\nLes organismes doivent choisir une cat\u00e9gorie, \u00e9tant donn\u00e9 qu\u2019une seule demande par ann\u00e9e et par organisme sera accept\u00e9e. Un jury ind\u00e9pendant \u00e9valuera toutes les candidatures et conseillera le conseil d\u2019administration sur le projet le plus convaincant dans chaque domaine cible.--><br \/>\n<!--\n\n\n<blockquote><a href=\"https:\/\/sheilahughmackay.ca\/wp-content\/uploads\/2025\/11\/SHMF-Sheilas-2026-Form-FR.pdf\" target=\"_blank\" rel=\"noopener noreferrer\">Programme annuel de subventions de facilitation de la Fondation Sheila Hugh Mackay<\/a><\/blockquote>\n\n\n--><br \/>\n<!--\n\n\n<blockquote><a href=\"https:\/\/sheilahughmackay.ca\/wp-content\/uploads\/2020\/12\/SHMF-Sheilas-fillable-form-2021-FR.pdf\" target=\"_blank\" rel=\"noopener noreferrer\">Programme annuel de subventions de facili<span data-mce-type=\"bookmark\" style=\"display: inline-block; width: 0px; overflow: hidden; line-height: 0;\" class=\"mce_SELRES_start\"><\/span>tation de la Fondation Sheila Hugh Mackay<\/a><\/blockquote>\n\n\n--><br \/>\n<!--\n\n\n<blockquote><a href=\"https:\/\/sheilahughmackay.ca\/wp-content\/uploads\/2020\/01\/SHMF-Sheilas-fillable-form-Jan-2020-FR.pdf\" target=\"_blank\" rel=\"noopener noreferrer\">Programme annuel de subventions de facilitation de la Fondation Sheila Hugh Mackay<\/a><\/blockquote>\n\n\n--><br \/>\n<em>Remarque\u00a0: Les personnes ne sont pas admissibles aux Sheila, seuls les groupes le sont, mais ceux qui n\u2019ont pas pr\u00e9sent\u00e9 leur rapport ne sont pas admissibles \u00e0 du financement suppl\u00e9mentaire.<\/em><\/p>\n<p>&nbsp;<\/p>\n<h4>Les Sheila des ann\u00e9es pass\u00e9es<\/h4>\n<p>2020 &#8211; <a href=\"https:\/\/sheilahughmackay.ca\/grants\/the-sheilas\/2020-sheilas\/\">Publication<\/a><br \/>\n2019 &#8211; <a href=\"http:\/\/sheilahughmackay.ca\/\/fr\/?p=6499\">\u00e0 \u00e9largir la carri\u00e8re d\u2019artistes du N-B par l\u2019entremise d\u2019expositions<\/a><br \/>\n2018 &#8211; <a href=\"http:\/\/sheilahughmackay.ca\/\/fr\/subventions\/les-sheila\/2018-sheilas\/\">\u00e0 fournir des possibilit\u00e9s de r\u00e9seautage et d\u2019\u00e9ducation significatives<\/a><br \/>\n2017 &#8211; <a href=\"http:\/\/sheilahughmackay.ca\/\/fr\/subventions\/les-sheila\/2017-sheilas\/\">Infrastructure<\/a><br \/>\n2016 \u2013 <a href=\"http:\/\/sheilahughmackay.ca\/\/fr\/subventions\/les-sheila\/2017-sheilas\/\">Am\u00e9lioration des infrastructures<\/a><br \/>\n2016 \u2013 <a href=\"http:\/\/sheilahughmackay.ca\/\/fr\/subventions\/les-sheila\/2016-sheilas\/\">\u00c9crits critiques et documentaires<\/a><br \/>\n2015 \u2013 <a href=\"http:\/\/sheilahughmackay.ca\/\/fr\/subventions\/les-sheila\/les-sheilas-2015\/\">Am\u00e9lioration des infrastructures<\/a><br \/>\n2014 \u2013 <a href=\"http:\/\/sheilahughmackay.ca\/\/fr\/subventions\/les-sheila\/les-sheilas-2014\/\">Art public<\/a><br \/>\n2013 \u2013 <a href=\"http:\/\/sheilahughmackay.ca\/\/fr\/subventions\/les-sheila\/les-sheilas-2013\/\">D\u00e9veloppement de projets de cr\u00e9ation et de l&#8217;\u00e9ducation<\/a><br \/>\n<a href=\"http:\/\/sheilahughmackay.ca\/\/fr\/subventions\/les-sheila\/archives-de-les-sheilas\/\">L&#8217;Archive Sheilas<\/a><\/p>","protected":false},"excerpt":{"rendered":"<p>Les Sheilas &#8230; en l&#8217;honneur de la philanthropie de Sheila Mackay &#8230; Depuis 2012, la Fondation Sheila Hugh Mackay a vers\u00e9 500 000 $ en subventions annuelles de facilitation \u00e0 des organismes et collectifs artistiques qui \u0153uvrent au service des artistes visuels du Nouveau-Brunswick.Ces subventions, affectueusement appel\u00e9es les \u00ab les Sheila \u00bb, s\u2019appuient sur le<a href=\"https:\/\/sheilahughmackay.ca\/fr\/subventions\/les-sheila\/\">[&#8230;]<\/a><\/p>\n","protected":false},"author":1,"featured_media":0,"parent":139,"menu_order":1,"comment_status":"closed","ping_status":"closed","template":"","meta":[],"_links":{"self":[{"href":"https:\/\/sheilahughmackay.ca\/fr\/wp-json\/wp\/v2\/pages\/2902"}],"collection":[{"href":"https:\/\/sheilahughmackay.ca\/fr\/wp-json\/wp\/v2\/pages"}],"about":[{"href":"https:\/\/sheilahughmackay.ca\/fr\/wp-json\/wp\/v2\/types\/page"}],"author":[{"embeddable":true,"href":"https:\/\/sheilahughmackay.ca\/fr\/wp-json\/wp\/v2\/users\/1"}],"replies":[{"embeddable":true,"href":"https:\/\/sheilahughmackay.ca\/fr\/wp-json\/wp\/v2\/comments?post=2902"}],"version-history":[{"count":75,"href":"https:\/\/sheilahughmackay.ca\/fr\/wp-json\/wp\/v2\/pages\/2902\/revisions"}],"predecessor-version":[{"id":8385,"href":"https:\/\/sheilahughmackay.ca\/fr\/wp-json\/wp\/v2\/pages\/2902\/revisions\/8385"}],"up":[{"embeddable":true,"href":"https:\/\/sheilahughmackay.ca\/fr\/wp-json\/wp\/v2\/pages\/139"}],"wp:attachment":[{"href":"https:\/\/sheilahughmackay.ca\/fr\/wp-json\/wp\/v2\/media?parent=2902"}],"curies":[{"name":"wp","href":"https:\/\/api.w.org\/{rel}","templated":true}]}}