{"id":30,"date":"2010-11-19T14:36:45","date_gmt":"2010-11-19T18:36:45","guid":{"rendered":"http:\/\/sheilahughmackay.com\/shmf\/?page_id=30"},"modified":"2026-02-13T11:06:36","modified_gmt":"2026-02-13T15:06:36","slug":"nel-oudemans-award","status":"publish","type":"page","link":"https:\/\/sheilahughmackay.ca\/fr\/les-prix\/la-prix-nel-oudemans\/","title":{"rendered":"Le prix des artisans \u00e9mergents"},"content":{"rendered":"<p><\/p>\n<h2>_une reconnaissance des r\u00e9alisations des nouveaux artisans du Nouveau-Brunswick<\/h2>\n<p><!--\n\n\n<h2>Le prix Nel Oudemans vise \u00e0 reconna\u00eetre l\u2019extraordinaire contribution de Nel Oudemans.<\/h2>\n\n\n--><\/p>\n<div id=\"attachment_3432\" style=\"width: 266px\" class=\"wp-caption alignleft\"><a href=\"http:\/\/sheilahughmackay.ca\/\/wp-content\/uploads\/2015\/07\/oudemans-port-bw.jpg\"><img aria-describedby=\"caption-attachment-3432\" loading=\"lazy\" class=\"alignleft size-medium wp-image-3432\" src=\"http:\/\/sheilahughmackay.ca\/\/wp-content\/uploads\/2015\/07\/oudemans-port-bw-256x320.jpg\" alt=\"Portrait of Nel Oudemans, Strathbutler Award 1995\" width=\"256\" height=\"320\" \/><\/a><p id=\"caption-attachment-3432\" class=\"wp-caption-text\">Portrait de Nel Oudemans, Prix Strathbutler 1995<\/p><\/div>\n<p>Le Prix des artisans \u00e9mergents de la SHMF reconna\u00eet les r\u00e9alisations des artisans \u00e9mergents du Nouveau-Brunswick en mati\u00e8re d\u2019artisanat et de design. Ce prix est destin\u00e9 \u00e0 soutenir la croissance cr\u00e9ative des artistes aux premiers stades de leur carri\u00e8re. En plus de la bourse de 4000\u00a0$, le b\u00e9n\u00e9ficiaire est admissible \u00e0 un financement suppl\u00e9mentaire pour appuyer une possibilit\u00e9 d\u2019\u00e9tudes approuv\u00e9e dans l\u2019ann\u00e9e suivant la remise de la bourse. Les arrangements doivent \u00eatre approuv\u00e9s par le directeur g\u00e9n\u00e9ral de la Fondation Sheila Hugh Mackay.<\/p>\n<p>Ce prix a \u00e9t\u00e9 cr\u00e9\u00e9 en 2002 en tant que marque de respect durable pour Nel Oudemans, tisserand, \u00e9ducateur et leader reconnu \u00e0 l\u2019\u00e9chelle nationale dans le domaine des arts appliqu\u00e9s au Canada. La SHMF a maintenu ce prix pour promouvoir l\u2019engagement d\u2019Oudemans \u00e0 encourager la jeunesse et la transmission des connaissances dans l\u2019artisanat et le design.<\/p>\n<p>&nbsp;<\/p>\n<p>&nbsp;<\/p>\n<blockquote><p><a href=\"https:\/\/sheilahughmackay.ca\/wp-content\/uploads\/2026\/02\/SHMF-Emerging-Artisan-2026-Application-French.pdf\" target=\"_blank\" rel=\"noopener noreferrer\">Demande de prix des artisans \u00e9mergents<\/a><\/p><\/blockquote>\n<p>&nbsp;<\/p>\n<ul class=\"bio-links\">\n<li><a href=\"http:\/\/sheilahughmackay.ca\/\/fr\/comment-appliquer\/\">Comment appliquer<\/a><\/li>\n<li>Pour <a href=\"http:\/\/sheilahughmackay.ca\/public_html\/shmf\/wp-content\/uploads\/resources\/SHMF_Oudemans_Flyer_French_WEB.pdf\">la brochure<\/a><\/li>\n<li>Nel Blink Oudemans &#8211; <a href=\"http:\/\/sheilahughmackay.ca\/\/fr\/les-prix\/la-prix-nel-oudemans\/nel-blink-oudemans-1918-2002\/\">biographie<\/a><\/li>\n<li><a href=\"https:\/\/sheilahughmackay.ca\/awards\/nel-oudemans-award\/educational-initiative-for-nel-oudemans-recipients\/\">Initiative \u00e9ducative pour les personnes laur\u00e9ates du prix Nel Oudemans<\/a><\/li>\n<\/ul>\n<div id=\"grid-gallery-16-41001\" data-gg-id=\"16\" data-title=\"Nel Oudemans Award Recipients\" data-grid-type=\"0\" data-offset=\"5.3\" data-area-position=\"center\" data-icons=\"false\" data-preloader=\"true\" data-width=\"150\" data-height=\"150\" data-padding=\"0\" data-quicksand=\"disabled\" data-quicksand-duration=\"none\" data-popup-theme=\"theme_6\" data-popup-type=\"pretty-photo\" data-popup-image-text=\"data-description\" data-popup-widthsize=\"auto\" data-popup-heightsize=\"auto\" data-popup-i18n-words=\"{&quot;close&quot;:&quot;fermer&quot;,&quot;next&quot;:&quot;suivant&quot;,&quot;previous&quot;:&quot;pr\\u00e9c\\u00e9dent&quot;,&quot;start_slideshow&quot;:&quot;d\\u00e9marrer le diaporama&quot;,&quot;stop_slideshow&quot;:&quot;arr\\u00e9ter le diaporama&quot;,&quot;image&quot;:&quot;image&quot;,&quot;of&quot;:&quot;de&quot;,&quot;prev&quot;:&quot;pr\\u00e9c.&quot;,&quot;cExpand&quot;:&quot;Agrandir&quot;,&quot;cPrevious&quot;:&quot;Pr\\u00e9c\\u00e9dent&quot;,&quot;cNext&quot;:&quot;Suivant&quot;,&quot;cExpandStr&quot;:&quot;Agrandir l&#039;image&quot;,&quot;cRotate&quot;:&quot;Pivoter&quot;,&quot;cDetails&quot;:&quot;Details&quot;}\" data-popup-slideshow=\"false\" data-popup-slideshow-speed=\"2500\" data-popup-hoverstop=\"true\" data-popup-slideshow-auto=\"false\" data-popup-background=\"\" data-popup-transparency=\"30\" data-popup-disable-history=\"\" data-popup-disable-changed-url=\"\" data-popup-border-type=\"solid\" data-popup-border-color=\"\" data-popup-border-width=\"\" data-popup-border-enable=\"\" data-fullscreen=\"false\" data-hide-tooltip=\"false\" data-caption-font-family=\"Default\" data-caption-text-size=\"14px\" data-is-mobile=\"0\" data-caption-mobile=\"false\" data-hide-long-tltp-title=\"0\" data-caption-disabled-on-mobile=\"false\" data-lazyload-enable='1' data-lazyload-effect=\"show\" data-lazyload-effect-duration=\"400\" data-popup-placement-type=\"0\" data-social-sharing=\"{&quot;enabled&quot;:&quot;&quot;,&quot;gallerySharing&quot;:{&quot;enabled&quot;:null,&quot;position&quot;:null},&quot;imageSharing&quot;:{&quot;enabled&quot;:null,&quot;wrapperClass&quot;:&quot; vertical \\n &quot;},&quot;popupSharing&quot;:{&quot;enabled&quot;:null,&quot;wrapperClass&quot;:&quot; vertical \\n &quot;}}\" class=\"grid-gallery grid-gallery-fixed \" style=\" width:100%; height:auto ; margin-left:auto; margin-right:auto; position:relative;\" > <div class=\"gallery-loading\"> <div class=\"blocks\"> <div class=\"block\"><\/div> <div class=\"block\"><\/div> <div class=\"block\"><\/div> <div class=\"block\"><\/div> <\/div> <\/div> <div class=\"gallery-sharing-top\"><\/div> <div id=\"photos-16\" class=\"grid-gallery-photos \" > <a id=\"gg-16-129\" class=\"gg-link \" data-attachment-id=\"6850\" href=\"https:\/\/sheilahughmackay.ca\/wp-content\/uploads\/2020\/04\/Allison-Greene-Millenium-Park-Education-Mission-to-SOFA-Chicago-scaled.jpg?gid=16\" target=\"_self\" title=\"Allison Greene - Millenium Park - Education Mission to SOFA Chicago\" data-rel=\"prettyPhoto[pp_gal]\" style=\"border-radius: 0px;\" ><FIGURE class=\"grid-gallery-caption \" data-grid-gallery-type=\"quarter-slide-up\" data-index=\"0\" style=\"display:none;border-radius: 0px; ; margin: 5.3px; width:150px;\" ><div class=\"crop \" style=\" width:150px; height:150px; overflow:hidden; \"><img data-gg-real-image-href=\"https:\/\/sheilahughmackay.ca\/wp-content\/uploads\/2020\/04\/Allison-Greene-Millenium-Park-Education-Mission-to-SOFA-Chicago-scaled-150x150.jpg\" src=\"https:\/\/sheilahughmackay.ca\/wp-content\/plugins\/gallery-by-supsystic\/src\/GridGallery\/Galleries\/assets\/img\/loading.gif\" class=\"ggImg ggLazyImg\" alt=\"Allison Greene - Millenium Park - Education Mission to SOFA Chicago\" title=\"Allison Greene - Millenium Park - Education Mission to SOFA Chicago\" data-description=\"Allison Greene - Millenium Park - Education Mission to SOFA Chicago\" data-caption=\"Allison Greene - Millenium Park - Education Mission to SOFA Chicago\" data-title=\"Allison Greene - Millenium Park - Education Mission to SOFA Chicago\" style=\" width:150px; height:150px; \" \/><\/div><FIGCAPTION class=\"\" data-alpha=\"5\" style=\"color:#ffffff; background-color:#6f0000; font-size:14px; text-align:left; font-family:Default;\" ><div class=\"grid-gallery-figcaption-wrap\" style=\" vertical-align:top; \"><div class=\"gg-image-caption fitvidsignore \" style=\"font-size:14px;\"><object type=\"none\/none\"> Allison Greene - Millenium Park - Education Mission to SOFA Chicago <\/object><\/div><\/div><\/FIGCAPTION><\/FIGURE><\/a> <a id=\"gg-16-128\" class=\"gg-link \" data-attachment-id=\"6849\" href=\"https:\/\/sheilahughmackay.ca\/wp-content\/uploads\/2020\/04\/Phil-Savage-River-Desk.jpg?gid=16\" target=\"_self\" title=\"Phil Savage - River Desk\" data-rel=\"prettyPhoto[pp_gal]\" style=\"border-radius: 0px;\" ><FIGURE class=\"grid-gallery-caption \" data-grid-gallery-type=\"quarter-slide-up\" data-index=\"1\" style=\"display:none;border-radius: 0px; ; margin: 5.3px; width:150px;\" ><div class=\"crop \" style=\" width:150px; height:150px; overflow:hidden; \"><img data-gg-real-image-href=\"https:\/\/sheilahughmackay.ca\/wp-content\/uploads\/2020\/04\/Phil-Savage-River-Desk-150x150.jpg\" src=\"https:\/\/sheilahughmackay.ca\/wp-content\/plugins\/gallery-by-supsystic\/src\/GridGallery\/Galleries\/assets\/img\/loading.gif\" class=\"ggImg ggLazyImg\" alt=\"Phil Savage - River Desk\" title=\"Phil Savage - River Desk\" data-description=\"Phil Savage - River Desk\" data-caption=\"Phil Savage - River Desk\" data-title=\"Phil Savage - River Desk\" style=\" width:150px; height:150px; \" \/><\/div><FIGCAPTION class=\"\" data-alpha=\"5\" style=\"color:#ffffff; background-color:#6f0000; font-size:14px; text-align:left; font-family:Default;\" ><div class=\"grid-gallery-figcaption-wrap\" style=\" vertical-align:top; \"><div class=\"gg-image-caption fitvidsignore \" style=\"font-size:14px;\"><object type=\"none\/none\"> Phil Savage - River Desk <\/object><\/div><\/div><\/FIGCAPTION><\/FIGURE><\/a> <a id=\"gg-16-127\" class=\"gg-link \" data-attachment-id=\"6848\" href=\"https:\/\/sheilahughmackay.ca\/wp-content\/uploads\/2020\/04\/Phil-Savage-Flock.jpg?gid=16\" target=\"_self\" title=\"Phil Savage - Flock\" data-rel=\"prettyPhoto[pp_gal]\" style=\"border-radius: 0px;\" ><FIGURE class=\"grid-gallery-caption \" data-grid-gallery-type=\"quarter-slide-up\" data-index=\"2\" style=\"display:none;border-radius: 0px; ; margin: 5.3px; width:150px;\" ><div class=\"crop \" style=\" width:150px; height:150px; overflow:hidden; \"><img data-gg-real-image-href=\"https:\/\/sheilahughmackay.ca\/wp-content\/uploads\/2020\/04\/Phil-Savage-Flock-150x150.jpg\" src=\"https:\/\/sheilahughmackay.ca\/wp-content\/plugins\/gallery-by-supsystic\/src\/GridGallery\/Galleries\/assets\/img\/loading.gif\" class=\"ggImg ggLazyImg\" alt=\"Phil Savage - Flock\" title=\"Phil Savage - Flock\" data-description=\"Phil Savage - Flock\" data-caption=\"Phil Savage - Flock\" data-title=\"Phil Savage - Flock\" style=\" width:150px; height:150px; \" \/><\/div><FIGCAPTION class=\"\" data-alpha=\"5\" style=\"color:#ffffff; background-color:#6f0000; font-size:14px; text-align:left; font-family:Default;\" ><div class=\"grid-gallery-figcaption-wrap\" style=\" vertical-align:top; \"><div class=\"gg-image-caption fitvidsignore \" style=\"font-size:14px;\"><object type=\"none\/none\"> Phil Savage - Flock <\/object><\/div><\/div><\/FIGCAPTION><\/FIGURE><\/a> <a id=\"gg-16-126\" class=\"gg-link \" data-attachment-id=\"6847\" href=\"https:\/\/sheilahughmackay.ca\/wp-content\/uploads\/2020\/04\/I-Chun-Jenkins-HappyMadness.jpg?gid=16\" target=\"_self\" title=\"I Chun Jenkins - Happy Madness\" data-rel=\"prettyPhoto[pp_gal]\" style=\"border-radius: 0px;\" ><FIGURE class=\"grid-gallery-caption \" data-grid-gallery-type=\"quarter-slide-up\" data-index=\"3\" style=\"display:none;border-radius: 0px; ; margin: 5.3px; width:150px;\" ><div class=\"crop \" style=\" width:150px; height:150px; overflow:hidden; \"><img data-gg-real-image-href=\"https:\/\/sheilahughmackay.ca\/wp-content\/uploads\/2020\/04\/I-Chun-Jenkins-HappyMadness-150x150.jpg\" src=\"https:\/\/sheilahughmackay.ca\/wp-content\/plugins\/gallery-by-supsystic\/src\/GridGallery\/Galleries\/assets\/img\/loading.gif\" class=\"ggImg ggLazyImg\" alt=\"I Chun Jenkins - Happy Madness\" title=\"I Chun Jenkins - Happy Madness\" data-description=\"I Chun Jenkins - Happy Madness\" data-caption=\"I Chun Jenkins - Happy Madness\" data-title=\"I Chun Jenkins - Happy Madness\" style=\" width:150px; height:150px; \" \/><\/div><FIGCAPTION class=\"\" data-alpha=\"5\" style=\"color:#ffffff; background-color:#6f0000; font-size:14px; text-align:left; font-family:Default;\" ><div class=\"grid-gallery-figcaption-wrap\" style=\" vertical-align:top; \"><div class=\"gg-image-caption fitvidsignore \" style=\"font-size:14px;\"><object type=\"none\/none\"> I Chun Jenkins - Happy Madness <\/object><\/div><\/div><\/FIGCAPTION><\/FIGURE><\/a> <a id=\"gg-16-125\" class=\"gg-link \" data-attachment-id=\"6846\" href=\"https:\/\/sheilahughmackay.ca\/wp-content\/uploads\/2020\/04\/Emily-McCumber-TrianglesRug.jpg?gid=16\" target=\"_self\" title=\"Emily McCumber - Triangles Rug\" data-rel=\"prettyPhoto[pp_gal]\" style=\"border-radius: 0px;\" ><FIGURE class=\"grid-gallery-caption \" data-grid-gallery-type=\"quarter-slide-up\" data-index=\"4\" style=\"display:none;border-radius: 0px; ; margin: 5.3px; width:150px;\" ><div class=\"crop \" style=\" width:150px; height:150px; overflow:hidden; \"><img data-gg-real-image-href=\"https:\/\/sheilahughmackay.ca\/wp-content\/uploads\/2020\/04\/Emily-McCumber-TrianglesRug-150x150.jpg\" src=\"https:\/\/sheilahughmackay.ca\/wp-content\/plugins\/gallery-by-supsystic\/src\/GridGallery\/Galleries\/assets\/img\/loading.gif\" class=\"ggImg ggLazyImg\" alt=\"Emily McCumber - Triangles Rug\" title=\"Emily McCumber - Triangles Rug\" data-description=\"Emily McCumber - Triangles Rug\" data-caption=\"Emily McCumber - Triangles Rug\" data-title=\"Emily McCumber - Triangles Rug\" style=\" width:150px; height:150px; \" \/><\/div><FIGCAPTION class=\"\" data-alpha=\"5\" style=\"color:#ffffff; background-color:#6f0000; font-size:14px; text-align:left; font-family:Default;\" ><div class=\"grid-gallery-figcaption-wrap\" style=\" vertical-align:top; \"><div class=\"gg-image-caption fitvidsignore \" style=\"font-size:14px;\"><object type=\"none\/none\"> Emily McCumber - Triangles Rug <\/object><\/div><\/div><\/FIGCAPTION><\/FIGURE><\/a> <div class=\"grid-gallery-clearfix\"><\/div> <\/div> <div class=\"gallery-sharing-bottom\"><\/div> <div class=\"grid-gallery-clearfix\"><\/div> <\/div> <!-- Gallery by Supsystic plugin 1.14.10 -->\n<p>&nbsp;<\/p>\n<p><strong>Anciens laur\u00e9ats :<\/strong><\/p>\n<div style=\"float: left; width: 50%;\">\n<ul>\n<li style=\"list-style-type: none;\">\n<ul>\n<li>2024 Audr\u00e9e Hamelin-St-Amour &#8211; bijouti\u00e8re<\/li>\n<li>2022 <a href=\"https:\/\/sheilahughmackay.ca\/fr\/2022\/09\/01\/heather-mccaig\/\">Heather McCaig<\/a><\/li>\n<li>2021 <a href=\"https:\/\/sheilahughmackay.ca\/?p=7519\">Charline Collette<\/a> &#8211; textile<\/li>\n<li>2020 <a href=\"https:\/\/sheilahughmackay.ca\/?p=7094\">Kristen Bishop<\/a> &#8211; un orf\u00e8vre<\/li>\n<li>2019 <a href=\"https:\/\/sheilahughmackay.ca\/awards\/nel-oudemans-award\/ralph-simpson\/\">Ralph Simpson<\/a> &#8211; le domaine de la cr\u00e9ation artisanale et du design<\/li>\n<li>2018 <a href=\"http:\/\/sheilahughmackay.ca\/\/fr\/?p=6197\">I-Chun Jenkins<\/a> &#8211; une artiste multi-m\u00e9dia<\/li>\n<li>2017 <a href=\"http:\/\/sheilahughmackay.ca\/\/fr\/?p=6074\">Matt Watkin<\/a>s &#8211; un orf\u00e8vre<\/li>\n<li>2016 <a href=\"http:\/\/sheilahughmackay.ca\/\/fr\/2016\/07\/22\/emily-mccumber\/\">Emily McCumber<\/a> &#8211; une tisserande<\/li>\n<li>2015 <a title=\"Philip Savage\" href=\"http:\/\/sheilahughmackay.ca\/\/fr\/2015\/06\/philip-savage\/\">Philip Savage<\/a> &#8211; un menuisier<\/li>\n<li>2014 <a title=\"Allison Green\" href=\"http:\/\/sheilahughmackay.ca\/\/fr\/2014\/10\/allison-green\/\">Allison Green<\/a> &#8211; une artiste multi-m\u00e9dia<\/li>\n<\/ul>\n<\/li>\n<\/ul>\n<\/div>\n<div style=\"float: left; padding-left: 10px; width: 45%;\">\n<ul>\n<li>2012 <a title=\"Monica Lacey\" href=\"http:\/\/sheilahughmackay.ca\/\/fr\/?p=1800\">Monica Lacey<\/a> &#8211; une artiste multi-m\u00e9dia<\/li>\n<li>2011 <a title=\"Christian Demmings\" href=\"http:\/\/sheilahughmackay.ca\/\/fr\/2011\/11\/christian-demmings\/\">Christian Demmings<\/a> &#8211; un orf\u00e8vre<\/li>\n<li>2010 <a href=\"http:\/\/sheilahughmackay.ca\/\/?p=3440\">Bronwyn Gallagher<\/a> &#8211; une tisserande<\/li>\n<li>2009 <a href=\"http:\/\/sheilahughmackay.ca\/\/fr\/2009\/04\/kristyn-cooper\/\">Kristyn Cooper<\/a> &#8211; une orf\u00e8vre<\/li>\n<li>2008 <a href=\"http:\/\/sheilahughmackay.ca\/\/fr\/2008\/04\/shanie-stozek\/\">Shanie Stozek<\/a> &#8211; potier et photographe<\/li>\n<li>2007 Shallon Gagnon and Sara Murphy &#8211; cr\u00e9ateurs de Mode<\/li>\n<li>2006 Megan Billings &#8211; une potier<\/li>\n<li>2005 <a title=\"Patrick Perry\" href=\"http:\/\/sheilahughmackay.ca\/\/fr\/2005\/11\/patrick-perry\/\">Patrick Perry<\/a> &#8211; un orf\u00e8vre<\/li>\n<li>2003 Danielle Hogan &#8211; une sculpteur<\/li>\n<li>2002 Nora Blanchard &#8211; une orf\u00e8vre<\/li>\n<\/ul>\n<\/div>\n<p><\/p>","protected":false},"excerpt":{"rendered":"<p>_une reconnaissance des r\u00e9alisations des nouveaux artisans du Nouveau-Brunswick Le Prix des artisans \u00e9mergents de la SHMF reconna\u00eet les r\u00e9alisations des artisans \u00e9mergents du Nouveau-Brunswick en mati\u00e8re d\u2019artisanat et de design. Ce prix est destin\u00e9 \u00e0 soutenir la croissance cr\u00e9ative des artistes aux premiers stades de leur carri\u00e8re. En plus de la bourse de 4000\u00a0$,<a href=\"https:\/\/sheilahughmackay.ca\/fr\/les-prix\/la-prix-nel-oudemans\/\">[&#8230;]<\/a><\/p>\n","protected":false},"author":1,"featured_media":0,"parent":25,"menu_order":2,"comment_status":"closed","ping_status":"closed","template":"","meta":[],"_links":{"self":[{"href":"https:\/\/sheilahughmackay.ca\/fr\/wp-json\/wp\/v2\/pages\/30"}],"collection":[{"href":"https:\/\/sheilahughmackay.ca\/fr\/wp-json\/wp\/v2\/pages"}],"about":[{"href":"https:\/\/sheilahughmackay.ca\/fr\/wp-json\/wp\/v2\/types\/page"}],"author":[{"embeddable":true,"href":"https:\/\/sheilahughmackay.ca\/fr\/wp-json\/wp\/v2\/users\/1"}],"replies":[{"embeddable":true,"href":"https:\/\/sheilahughmackay.ca\/fr\/wp-json\/wp\/v2\/comments?post=30"}],"version-history":[{"count":97,"href":"https:\/\/sheilahughmackay.ca\/fr\/wp-json\/wp\/v2\/pages\/30\/revisions"}],"predecessor-version":[{"id":8390,"href":"https:\/\/sheilahughmackay.ca\/fr\/wp-json\/wp\/v2\/pages\/30\/revisions\/8390"}],"up":[{"embeddable":true,"href":"https:\/\/sheilahughmackay.ca\/fr\/wp-json\/wp\/v2\/pages\/25"}],"wp:attachment":[{"href":"https:\/\/sheilahughmackay.ca\/fr\/wp-json\/wp\/v2\/media?parent=30"}],"curies":[{"name":"wp","href":"https:\/\/api.w.org\/{rel}","templated":true}]}}