{"id":3615,"date":"2015-08-07T17:38:14","date_gmt":"2015-08-07T20:38:14","guid":{"rendered":"http:\/\/sheilahughmackay.com\/shmf\/?page_id=3615"},"modified":"2022-09-22T10:58:27","modified_gmt":"2022-09-22T13:58:27","slug":"signature-grants","status":"publish","type":"page","link":"https:\/\/sheilahughmackay.ca\/fr\/subventions\/subventions-signature\/","title":{"rendered":"Les subventions Signature"},"content":{"rendered":"<p>Hors des param\u00e8tres des \u00ab Sheila \u00bb, un programme annuel, le conseil d\u2019administration s\u2019efforce d\u2019\u00eatre attentif aux possibilit\u00e9s et aux besoins exceptionnels. Une vaste gamme de projets Signature a \u00e9t\u00e9 entreprise en vue d\u2019enrichir les arts visuels au Nouveau-Brunswick.<\/p>\n<p>Le conseil d&#8217;administration examinera les demandes de subvention Signature deux fois par ann\u00e9e. Toutes les propositions doivent \u00eatre re\u00e7ues par la fondation au plus tard le <strong>15 mai<\/strong> et le <strong>15 septembre<\/strong>.<\/p>\n<h3>Les subventions Signatures des ann\u00e9es pass\u00e9es<\/h3>\n<ul>\n<li><a href=\"https:\/\/sheilahughmackay.ca\/grants\/signature-grants\/restoration-john-peters-humphrey-sculpture\/\">Restauration de la sculpture commemorative de John Peters Humphrey<\/a><\/li>\n<li><a href=\"https:\/\/sheilahughmackay.ca\/?p=7179\">Subvention de 20\u2009000 $ au Mus\u00e9e du textile du Canada<\/a><\/li>\n<li><a href=\"https:\/\/sheilahughmackay.ca\/?p=7169\">2020 &#8211; Un projet de restauration d\u2019une \u0153uvre d\u2019art acadienne<\/a><\/li>\n<li><a href=\"https:\/\/sheilahughmackay.ca\/grants\/signature-grants\/new-brunswick-mat-registry-sharing-our-new-brunswick-mat-hooking-heritage-building-a-permanent-virtual-exhibtion\/\">2020 Registre des tapis du Nouveau-Brunswick<\/a><\/li>\n<li><strong>2018 Programme d&#8217;art contemporain du Mus\u00e9e du Nouveau-Brunswick<\/strong><\/li>\n<li><a href=\"http:\/\/sheilahughmackay.ca\/\/fr\/subventions\/subventions-signature\/projet-du-memorial-hall-de-luniversite-du-nouveau-brunswick-2017\/\">Projet du M\u00e9morial Hall de l&#8217;Universit\u00e9 du Nouveau-Brunswick 2017<\/a><\/li>\n<li><a href=\"http:\/\/sheilahughmackay.ca\/\/fr\/subventions\/subventions-signature\/flottille-2017\/\">Flottille 2017<\/a><\/li>\n<li><a href=\"http:\/\/sheilahughmackay.ca\/\/fr\/subventions\/subventions-signature\/le-symposium-dartnature\/\">Le Symposium d\u2019art\/nature 2016<\/a><\/li>\n<li><a href=\"http:\/\/sheilahughmackay.ca\/\/fr\/subventions\/subventions-signature\/subventions-signature-pour-residencies\/\">Subventions Signature \u2013 Projets de r\u00e9sidence d&#8217;artiste<\/a><\/li>\n<li><a href=\"http:\/\/sheilahughmackay.ca\/\/fr\/subventions\/subventions-signature\/saint-john-international-sculpture-symposium\/\">Symposium International de Sculpture 2016<\/a><\/li>\n<li><a href=\"http:\/\/sheilahughmackay.ca\/\/fr\/subventions\/subventions-signature\/le-programme-de-residence-en-critique-dart\/\">Subventions Signature \u2013 r\u00e9sidence en critique d\u2019art<\/a><\/li>\n<li><a href=\"http:\/\/sheilahughmackay.ca\/\/fr\/subventions\/subventions-signature\/subvention-signature-unb\/\">Subventions Signature \u2013 UNB<\/a><\/li>\n<li><a href=\"http:\/\/sheilahughmackay.ca\/\/fr\/subventions\/subventions-signature\/collection-permanente-mnb\/\">NBM Permanent Collection<\/a><\/li>\n<li><a href=\"http:\/\/sheilahughmackay.ca\/\/fr\/subventions\/subventions-signature\/publications\/\">Subventions Signature &#8211; Publications<\/a><\/li>\n<li><a href=\"http:\/\/sheilahughmackay.ca\/\/fr\/subventions\/subventions-signature\/expositions-signature\/\">Subventions Signature &#8211; Exhibitions<\/a><\/li>\n<li><a href=\"http:\/\/sheilahughmackay.ca\/\/fr\/subventions\/subventions-signature\/subventions-de-signature-dans-les-premieres-annees\/\">Subventions de signature dans les premi\u00e8res ann\u00e9es<\/a><\/li>\n<li><a href=\"http:\/\/sheilahughmackay.ca\/\/fr\/subventions\/subventions-signature\/subventions-signature-passees\/\">Archive des subventions Signature<\/a><\/li>\n<\/ul>\n<p><\/p>","protected":false},"excerpt":{"rendered":"<p>Hors des param\u00e8tres des \u00ab Sheila \u00bb, un programme annuel, le conseil d\u2019administration s\u2019efforce d\u2019\u00eatre attentif aux possibilit\u00e9s et aux besoins exceptionnels. Une vaste gamme de projets Signature a \u00e9t\u00e9 entreprise en vue d\u2019enrichir les arts visuels au Nouveau-Brunswick. Le conseil d&#8217;administration examinera les demandes de subvention Signature deux fois par ann\u00e9e. Toutes les propositions<a href=\"https:\/\/sheilahughmackay.ca\/fr\/subventions\/subventions-signature\/\">[&#8230;]<\/a><\/p>\n","protected":false},"author":1,"featured_media":0,"parent":139,"menu_order":2,"comment_status":"closed","ping_status":"closed","template":"","meta":[],"_links":{"self":[{"href":"https:\/\/sheilahughmackay.ca\/fr\/wp-json\/wp\/v2\/pages\/3615"}],"collection":[{"href":"https:\/\/sheilahughmackay.ca\/fr\/wp-json\/wp\/v2\/pages"}],"about":[{"href":"https:\/\/sheilahughmackay.ca\/fr\/wp-json\/wp\/v2\/types\/page"}],"author":[{"embeddable":true,"href":"https:\/\/sheilahughmackay.ca\/fr\/wp-json\/wp\/v2\/users\/1"}],"replies":[{"embeddable":true,"href":"https:\/\/sheilahughmackay.ca\/fr\/wp-json\/wp\/v2\/comments?post=3615"}],"version-history":[{"count":23,"href":"https:\/\/sheilahughmackay.ca\/fr\/wp-json\/wp\/v2\/pages\/3615\/revisions"}],"predecessor-version":[{"id":7692,"href":"https:\/\/sheilahughmackay.ca\/fr\/wp-json\/wp\/v2\/pages\/3615\/revisions\/7692"}],"up":[{"embeddable":true,"href":"https:\/\/sheilahughmackay.ca\/fr\/wp-json\/wp\/v2\/pages\/139"}],"wp:attachment":[{"href":"https:\/\/sheilahughmackay.ca\/fr\/wp-json\/wp\/v2\/media?parent=3615"}],"curies":[{"name":"wp","href":"https:\/\/api.w.org\/{rel}","templated":true}]}}