{"id":3634,"date":"2015-08-11T16:49:38","date_gmt":"2015-08-11T19:49:38","guid":{"rendered":"http:\/\/sheilahughmackay.com\/shmf\/?page_id=3634"},"modified":"2018-03-06T13:59:26","modified_gmt":"2018-03-06T17:59:26","slug":"sheila-2015-sjac","status":"publish","type":"page","link":"https:\/\/sheilahughmackay.ca\/fr\/subventions\/les-sheila\/les-sheilas-2015\/subvention-sheila-2015-sjac\/","title":{"rendered":"Sheila Grant 2015 &#8211; SJAC"},"content":{"rendered":"<p><\/p>\n<h2>Saint John Arts Centre Sheila Grant 2015<\/h2>\n<p><a href=\"http:\/\/sheilahughmackay.ca\/\/wp-content\/uploads\/2015\/08\/SJAC_Report_Cover_pic.jpg\"><img loading=\"lazy\" class=\"alignleft size-medium wp-image-3635\" src=\"http:\/\/sheilahughmackay.ca\/\/wp-content\/uploads\/2015\/08\/SJAC_Report_Cover_pic-311x320.jpg\" alt=\"SJAC_Report_Cover_pic\" width=\"311\" height=\"320\" \/><\/a>Le Centre des arts de Saint John a entrepris un projet visant \u00e0 renforcer ses capacit\u00e9s d\u2019exposition en mati\u00e8re d\u2019art contemporain multim\u00e9dia. Son impressionnante exp\u00e9rience des expositions lui sera utile pour s\u2019attaquer aux d\u00e9fis pos\u00e9s par les \u0153uvres multidisciplinaires de jeunes artistes.<br \/>\nLa conception et l\u2019installation de plinthes et de pr\u00e9sentoirs couverts en plexiglas apportent maintenant des options professionnelles et s\u00e9curitaires d\u2019exposition. La participation des stagiaires \u00e0 la conception des nouvelles options du centre vient souligner son engagement \u00e0 perfectionner des habilet\u00e9s professionnelles en mati\u00e8re d\u2019exposition et de conservation.<\/p>\n<p>L\u2019achat d\u2019un projecteur num\u00e9rique Epson, d\u2019un t\u00e9l\u00e9viseur intelligent de 46\u00a0po et d\u2019un lecteur Blu-Ray rehausse la capacit\u00e9 du centre \u00e0 accueillir des expositions photographiques et \u00e0 pr\u00e9senter des programmes \u00e9ducatifs. Son directeur g\u00e9n\u00e9ral, Andrew Kierstead, indique que la cr\u00e9ation d\u2019un minith\u00e9\u00e2tre pour ce nouvel \u00e9quipement repr\u00e9sente un \u00ab\u00a0saut quantique\u00a0dans l\u2019am\u00e9lioration des services \u00e0 la communaut\u00e9 artistique\u00a0\u00bb.<\/p>\n<p>La Fondation salue l\u2019\u00e9volution permanente du Centre des arts de Saint John. La Fondation avait d\u00e9j\u00e0 investi dans ce centre\u00a0:<\/p>\n<ul>\n<li>2012 Un four pour le studio de poterie<\/li>\n<li>2008 Le financement pour \u00e9tablir un studio de design graphique pour le programme de d\u00e9veloppement du portefeuille<\/li>\n<\/ul>\n<p><div id=\"grid-gallery-5-91779\" data-gg-id=\"5\" data-title=\"sjac -gallery-fr\" data-grid-type=\"1\" data-offset=\"0\" data-area-position=\"center\" data-icons=\"false\" data-preloader=\"true\" data-width=\"215\" data-height=\"\" data-padding=\"0\" data-quicksand=\"disabled\" data-quicksand-duration=\"none\" data-popup-theme=\"theme_6\" data-popup-type=\"pretty-photo\" data-popup-image-text=\"data-caption\" data-popup-widthsize=\"auto\" data-popup-heightsize=\"auto\" data-popup-i18n-words=\"{&quot;close&quot;:&quot;close&quot;,&quot;next&quot;:&quot;next&quot;,&quot;previous&quot;:&quot;previous&quot;,&quot;start_slideshow&quot;:&quot;start slideshow&quot;,&quot;stop_slideshow&quot;:&quot;stop slideshow&quot;,&quot;image&quot;:&quot;image&quot;,&quot;of&quot;:&quot;of&quot;,&quot;prev&quot;:&quot;prev&quot;,&quot;cExpand&quot;:&quot;Expand&quot;,&quot;cPrevious&quot;:&quot;Previous&quot;,&quot;cNext&quot;:&quot;Next&quot;,&quot;cExpandStr&quot;:&quot;Expand the image&quot;,&quot;cRotate&quot;:&quot;Rotate&quot;,&quot;cDetails&quot;:&quot;Details&quot;}\" data-popup-slideshow=\"false\" data-popup-slideshow-speed=\"2500\" data-popup-hoverstop=\"false\" data-popup-slideshow-auto=\"false\" data-popup-background=\"\" data-popup-transparency=\"30\" data-popup-disable-history=\"\" data-popup-disable-changed-url=\"\" data-popup-border-type=\"\" data-popup-border-color=\"\" data-popup-border-width=\"\" data-popup-border-enable=\"\" data-fullscreen=\"false\" data-hide-tooltip=\"false\" data-caption-font-family=\"Default\" data-caption-text-size=\"14px\" data-is-mobile=\"0\" data-caption-mobile=\"false\" data-hide-long-tltp-title=\"0\" data-caption-disabled-on-mobile=\"false\" data-popup-placement-type=\"0\" data-social-sharing=\"{&quot;enabled&quot;:&quot;&quot;,&quot;gallerySharing&quot;:{&quot;enabled&quot;:null,&quot;position&quot;:null},&quot;imageSharing&quot;:{&quot;enabled&quot;:null,&quot;wrapperClass&quot;:&quot; vertical \\n &quot;},&quot;popupSharing&quot;:{&quot;enabled&quot;:null,&quot;wrapperClass&quot;:&quot; vertical \\n &quot;}}\" class=\"grid-gallery grid-gallery-fluid-height \" style=\" width:100%; height:auto ; margin-left:auto; margin-right:auto; position:relative;\" > <div class=\"gallery-loading\"> <div class=\"blocks\"> <div class=\"block\"><\/div> <div class=\"block\"><\/div> <div class=\"block\"><\/div> <div class=\"block\"><\/div> <\/div> <\/div> <div class=\"gallery-sharing-top\"><\/div> <div id=\"photos-5\" class=\"grid-gallery-photos \" > <a id=\"gg-5-34\" class=\"gg-link \" data-attachment-id=\"3638\" href=\"https:\/\/sheilahughmackay.ca\/wp-content\/uploads\/2015\/08\/Kathryn_presents_at_SJAC-1.jpg?gid=5\" target=\"_self\" title=\"&amp;lt;!--:en--&amp;gt;March 2012 Kathryn McCarroll presenting infrastructure grant at Saint John Art Centre for pottery kiln.&amp;lt;!--:--&amp;gt;&amp;lt;!--:fr--&amp;gt;&amp;lt;!--:--&amp;gt;\" data-rel=\"prettyPhoto[pp_gal]\" style=\"border-radius: 0px;\" ><FIGURE class=\"grid-gallery-caption \" data-grid-gallery-type=\"revolving-door-left\" data-index=\"0\" style=\"display:none;border-radius: 0px; ; margin: 0px; width:215px;\" ><div class=\"crop \" style=\" \"><img src=\"http:\/\/sheilahughmackay.ca\/\/wp-content\/uploads\/2015\/08\/Kathryn_presents_at_SJAC-1-215x144.jpg\" class=\"ggImg\" alt=\"March 2012 Kathryn McCarroll presenting infrastructure grant at Saint John Art Centre for pottery kiln.\" title=\"&lt;!--:en--&gt;March 2012 Kathryn McCarroll presenting infrastructure grant at Saint John Art Centre for pottery kiln.&lt;!--:--&gt;&lt;!--:fr--&gt;&lt;!--:--&gt;\" data-description=\"&lt;!--:en--&gt;March 2012 Kathryn McCarroll presenting infrastructure grant at Saint John Art Centre for pottery kiln.&lt;!--:--&gt;&lt;!--:fr--&gt;&lt;!--:--&gt;\" data-caption=\"March 2012, Kathryn McCarroll presenting grant for pottery kiln. Mars 2012, - Kathryn McCarroll pr\u00e9sentant subvention d&amp;#039;infrastructure pour la poterie four.\" data-title=\"Kathryn presents at SJAC\" style=\" width:215px; \" \/><\/div><FIGCAPTION class=\"\" data-alpha=\"5\" style=\"color:#ffffff; background-color:#292942; font-size:14px; text-align:left; font-family:Default;\" ><div class=\"grid-gallery-figcaption-wrap\" style=\" vertical-align:top; \"><div class=\"gg-image-caption fitvidsignore \" style=\"font-size:14px;\"><object type=\"none\/none\"> March 2012, Kathryn McCarroll presenting grant for pottery kiln. Mars 2012, - Kathryn McCarroll pr\u00e9sentant subvention d&amp;#039;infrastructure pour la poterie four. <\/object><\/div><\/div><\/FIGCAPTION><\/FIGURE><\/a> <a id=\"gg-5-33\" class=\"gg-link \" data-attachment-id=\"3639\" href=\"https:\/\/sheilahughmackay.ca\/wp-content\/uploads\/2015\/08\/SJAC_Maggie_Kaelen_covers-1.jpg?gid=5\" target=\"_self\" title=\"&amp;lt;!--:en--&amp;gt;Kaelen MacDonald, a student of costume design at Dalhousie University designs and creates protective covers for new plexi-glass cabinets with the assistance of Maggie Higgins, a graduate of Mount Allison Fine Arts Program.&amp;lt;!--:--&amp;gt;&amp;lt;!--:fr--&amp;gt;&amp;lt;!--:--&amp;gt;\" data-rel=\"prettyPhoto[pp_gal]\" style=\"border-radius: 0px;\" ><FIGURE class=\"grid-gallery-caption \" data-grid-gallery-type=\"revolving-door-left\" data-index=\"1\" style=\"display:none;border-radius: 0px; ; margin: 0px; width:215px;\" ><div class=\"crop \" style=\" \"><img src=\"http:\/\/sheilahughmackay.ca\/\/wp-content\/uploads\/2015\/08\/SJAC_Maggie_Kaelen_covers-1-215x323.jpg\" class=\"ggImg\" alt=\"SJAC_Maggie_Kaelen_covers.jpg\" title=\"&lt;!--:en--&gt;Kaelen MacDonald, a student of costume design at Dalhousie University designs and creates protective covers for new plexi-glass cabinets with the assistance of Maggie Higgins, a graduate of Mount Allison Fine Arts Program.&lt;!--:--&gt;&lt;!--:fr--&gt;&lt;!--:--&gt;\" data-description=\"&lt;!--:en--&gt;Kaelen MacDonald, a student of costume design at Dalhousie University designs and creates protective covers for new plexi-glass cabinets with the assistance of Maggie Higgins, a graduate of Mount Allison Fine Arts Program.&lt;!--:--&gt;&lt;!--:fr--&gt;&lt;!--:--&gt;\" data-caption=\"Kaelen MacDonald, a student from Dalhousie University creates protective covers for new Plexiglas cabinets with the assistance of Maggie Higgins, a graduate of Mount Allison Fine Arts Program. - Kaelen MacDonald, un \u00e9tudiant \u00e0 l&amp;#039;Universit\u00e9 Dalhousie cr\u00e9e des housses de protection pour les nouveaux plexiglas armoires avec l&amp;#039;aide de Maggie Higgins, dipl\u00f4m\u00e9 du programme des Beaux-Arts Mount Allison.\" data-title=\"Students create protective covers for new Plexiglas cabinets\" style=\" width:215px; \" \/><\/div><FIGCAPTION class=\"\" data-alpha=\"5\" style=\"color:#ffffff; background-color:#292942; font-size:14px; text-align:left; font-family:Default;\" ><div class=\"grid-gallery-figcaption-wrap\" style=\" vertical-align:top; \"><div class=\"gg-image-caption fitvidsignore \" style=\"font-size:14px;\"><object type=\"none\/none\"> Kaelen MacDonald, a student from Dalhousie University creates protective covers for new Plexiglas cabinets with the assistance of Maggie Higgins, a graduate of Mount Allison Fine Arts Program. - Kaelen MacDonald, un \u00e9tudiant \u00e0 l&amp;#039;Universit\u00e9 Dalhousie cr\u00e9e des housses de protection pour les nouveaux plexiglas armoires avec l&amp;#039;aide de Maggie Higgins, dipl\u00f4m\u00e9 du programme des Beaux-Arts Mount Allison. <\/object><\/div><\/div><\/FIGCAPTION><\/FIGURE><\/a> <a id=\"gg-5-35\" class=\"gg-link \" data-attachment-id=\"3637\" href=\"https:\/\/sheilahughmackay.ca\/wp-content\/uploads\/2015\/08\/SJAC_Tompkins_projector-1.jpg?gid=5\" target=\"_self\" title=\"&amp;lt;!--:en--&amp;gt;Tompkins Studio Hall mini theatre at SJAC&amp;lt;!--:--&amp;gt;&amp;lt;!--:fr--&amp;gt;&amp;lt;!--:--&amp;gt;\" data-rel=\"prettyPhoto[pp_gal]\" style=\"border-radius: 0px;\" ><FIGURE class=\"grid-gallery-caption \" data-grid-gallery-type=\"revolving-door-left\" data-index=\"2\" style=\"display:none;border-radius: 0px; ; margin: 0px; width:215px;\" ><div class=\"crop \" style=\" \"><img src=\"http:\/\/sheilahughmackay.ca\/\/wp-content\/uploads\/2015\/08\/SJAC_Tompkins_projector-1-215x143.jpg\" class=\"ggImg\" alt=\"SJAC_Tompkins_projector.jpg\" title=\"&lt;!--:en--&gt;Tompkins Studio Hall mini theatre at SJAC&lt;!--:--&gt;&lt;!--:fr--&gt;&lt;!--:--&gt;\" data-description=\"&lt;!--:en--&gt;Tompkins Studio Hall mini theatre at SJAC&lt;!--:--&gt;&lt;!--:fr--&gt;&lt;!--:--&gt;\" data-caption=\"Tompkins Studio Hall mini theatre at SJAC. - Tompkins studio Salle mini-th\u00e9\u00e2tre \u00e0 SJAC.\" data-title=\"Tompkins Studio Hall mini theatre at SJAC\" style=\" width:215px; \" \/><\/div><FIGCAPTION class=\"\" data-alpha=\"5\" style=\"color:#ffffff; background-color:#292942; font-size:14px; text-align:left; font-family:Default;\" ><div class=\"grid-gallery-figcaption-wrap\" style=\" vertical-align:top; \"><div class=\"gg-image-caption fitvidsignore \" style=\"font-size:14px;\"><object type=\"none\/none\"> Tompkins Studio Hall mini theatre at SJAC. - Tompkins studio Salle mini-th\u00e9\u00e2tre \u00e0 SJAC. <\/object><\/div><\/div><\/FIGCAPTION><\/FIGURE><\/a> <a id=\"gg-5-36\" class=\"gg-link \" data-attachment-id=\"3636\" href=\"https:\/\/sheilahughmackay.ca\/wp-content\/uploads\/2015\/08\/SJAC_SHMF_display_cases_in_Percival_room-1.jpg?gid=5\" target=\"_self\" title=\"&amp;lt;!--:en--&amp;gt;SJAC and SHMF display cases in Percival room. These secure plinths allow for safe exhibition of fragile objects.&amp;lt;!--:--&amp;gt;&amp;lt;!--:fr--&amp;gt;Plinths s\u00e9curis\u00e9s permettent \u00e0 l&amp;amp;#039;exposition s\u00e9curitaire des objets fragiles.&amp;lt;!--:--&amp;gt;\" data-rel=\"prettyPhoto[pp_gal]\" style=\"border-radius: 0px;\" ><FIGURE class=\"grid-gallery-caption \" data-grid-gallery-type=\"revolving-door-left\" data-index=\"3\" style=\"display:none;border-radius: 0px; ; margin: 0px; width:215px;\" ><div class=\"crop \" style=\" \"><img src=\"http:\/\/sheilahughmackay.ca\/\/wp-content\/uploads\/2015\/08\/SJAC_SHMF_display_cases_in_Percival_room-1-215x126.jpg\" class=\"ggImg\" alt=\"SJAC_SHMF_display_cases_in_Percival_room.jpg\" title=\"&lt;!--:en--&gt;SJAC and SHMF display cases in Percival room. These secure plinths allow for safe exhibition of fragile objects.&lt;!--:--&gt;&lt;!--:fr--&gt;Plinths s\u00e9curis\u00e9s permettent \u00e0 l&amp;#039;exposition s\u00e9curitaire des objets fragiles.&lt;!--:--&gt;\" data-description=\"&lt;!--:en--&gt;SJAC and SHMF display cases in Percival room. These secure plinths allow for safe exhibition of fragile objects.&lt;!--:--&gt;&lt;!--:fr--&gt;Plinths s\u00e9curis\u00e9s permettent \u00e0 l&amp;#039;exposition s\u00e9curitaire des objets fragiles.&lt;!--:--&gt;\" data-caption=\"Secure plinths allow for safe exhibition of fragile objects. - Plinths s\u00e9curis\u00e9s permettent \u00e0 l&amp;#039;exposition s\u00e9curitaire des objets fragiles.\" data-title=\"SJAC and SHMF display cases in Percival room\" style=\" width:215px; \" \/><\/div><FIGCAPTION class=\"\" data-alpha=\"5\" style=\"color:#ffffff; background-color:#292942; font-size:14px; text-align:left; font-family:Default;\" ><div class=\"grid-gallery-figcaption-wrap\" style=\" vertical-align:top; \"><div class=\"gg-image-caption fitvidsignore \" style=\"font-size:14px;\"><object type=\"none\/none\"> Secure plinths allow for safe exhibition of fragile objects. - Plinths s\u00e9curis\u00e9s permettent \u00e0 l&amp;#039;exposition s\u00e9curitaire des objets fragiles. <\/object><\/div><\/div><\/FIGCAPTION><\/FIGURE><\/a> <div class=\"grid-gallery-clearfix\"><\/div> <\/div> <div class=\"gallery-sharing-bottom\"><\/div> <div class=\"grid-gallery-clearfix\"><\/div> <\/div> <!-- Gallery by Supsystic plugin 1.14.10 --><\/p>","protected":false},"excerpt":{"rendered":"<p>Saint John Arts Centre Sheila Grant 2015 Le Centre des arts de Saint John a entrepris un projet visant \u00e0 renforcer ses capacit\u00e9s d\u2019exposition en mati\u00e8re d\u2019art contemporain multim\u00e9dia. Son impressionnante exp\u00e9rience des expositions lui sera utile pour s\u2019attaquer aux d\u00e9fis pos\u00e9s par les \u0153uvres multidisciplinaires de jeunes artistes. La conception et l\u2019installation de plinthes<a href=\"https:\/\/sheilahughmackay.ca\/fr\/subventions\/les-sheila\/les-sheilas-2015\/subvention-sheila-2015-sjac\/\">[&#8230;]<\/a><\/p>\n","protected":false},"author":1,"featured_media":0,"parent":3720,"menu_order":2,"comment_status":"closed","ping_status":"closed","template":"","meta":[],"_links":{"self":[{"href":"https:\/\/sheilahughmackay.ca\/fr\/wp-json\/wp\/v2\/pages\/3634"}],"collection":[{"href":"https:\/\/sheilahughmackay.ca\/fr\/wp-json\/wp\/v2\/pages"}],"about":[{"href":"https:\/\/sheilahughmackay.ca\/fr\/wp-json\/wp\/v2\/types\/page"}],"author":[{"embeddable":true,"href":"https:\/\/sheilahughmackay.ca\/fr\/wp-json\/wp\/v2\/users\/1"}],"replies":[{"embeddable":true,"href":"https:\/\/sheilahughmackay.ca\/fr\/wp-json\/wp\/v2\/comments?post=3634"}],"version-history":[{"count":22,"href":"https:\/\/sheilahughmackay.ca\/fr\/wp-json\/wp\/v2\/pages\/3634\/revisions"}],"predecessor-version":[{"id":6141,"href":"https:\/\/sheilahughmackay.ca\/fr\/wp-json\/wp\/v2\/pages\/3634\/revisions\/6141"}],"up":[{"embeddable":true,"href":"https:\/\/sheilahughmackay.ca\/fr\/wp-json\/wp\/v2\/pages\/3720"}],"wp:attachment":[{"href":"https:\/\/sheilahughmackay.ca\/fr\/wp-json\/wp\/v2\/media?parent=3634"}],"curies":[{"name":"wp","href":"https:\/\/api.w.org\/{rel}","templated":true}]}}