{"id":3720,"date":"2015-11-24T16:56:36","date_gmt":"2015-11-24T20:56:36","guid":{"rendered":"http:\/\/sheilahughmackay.com\/shmf\/?page_id=3720"},"modified":"2016-10-24T18:36:53","modified_gmt":"2016-10-24T21:36:53","slug":"2015-sheilas","status":"publish","type":"page","link":"https:\/\/sheilahughmackay.ca\/fr\/subventions\/les-sheila\/les-sheilas-2015\/","title":{"rendered":"2015 Sheilas"},"content":{"rendered":"<p><\/p>\n<h2>Les Sheila 2015 \u2026 pour la cr\u00e9ation, la pr\u00e9sentation et la promotion des arts visuels.<\/h2>\n<p><a href=\"http:\/\/sheilahughmackay.ca\/\/wp-content\/uploads\/2014\/11\/1-DSCF3274.jpg\" class=\"alignleft\"><img loading=\"lazy\" class=\"alignleft size-medium wp-image-3750\" src=\"http:\/\/sheilahughmackay.ca\/\/wp-content\/uploads\/2014\/11\/1-DSCF3274-320x240.jpg\" alt=\"1-DSCF3274\" width=\"320\" height=\"240\" \/><\/a>Les subventions de facilitation 2015 \u00e9taient destin\u00e9es \u00e0 aider des organismes et des collectifs d\u2019artistes \u00e0 r\u00e9aliser des programmes ax\u00e9s sur la cr\u00e9ation, la pr\u00e9sentation et la promotion des arts visuels.<\/p>\n<p>Quatre centres d\u2019art dynamiques et un collectif d\u2019artistes de la rel\u00e8ve ont \u00e9t\u00e9 choisis apr\u00e8s un examen rigoureux des nombreuses candidatures par un comit\u00e9 d\u2019\u00e9valuation ind\u00e9pendant. Les groupes ont tous pr\u00e9sent\u00e9 des projets qui leur assureront la profondeur n\u00e9cessaire pour accentuer leur empreinte dans la r\u00e9gion et dans le tissu culturel du Nouveau-Brunswick.<\/p>\n<p>Pour en savoir plus sur les projets 2015, suivre les liens :<\/p>\n<ul>\n<li><a href=\"http:\/\/sheilahughmackay.ca\/\/fr\/subventions\/les-sheila\/les-sheilas-2015\/subvention-sheila-2015-owens\/\">Galerie d\u2019art Owens<\/a><\/li>\n<li><a href=\"http:\/\/sheilahughmackay.ca\/\/fr\/subventions\/les-sheila\/les-sheilas-2015\/subvention-sheila-2015-sjac\/\"><span lang=\"fr-CA\">Centre des arts de Saint John<\/span><\/a><\/li>\n<li><a href=\"http:\/\/sheilahughmackay.ca\/\/fr\/subventions\/les-sheila\/les-sheilas-2015\/subventions-sheila-2015-almag\/\"><span lang=\"fr-CA\">Le Centre Andrew et Laura McCain<\/span><\/a><\/li>\n<li><a href=\"http:\/\/sheilahughmackay.ca\/\/fr\/subventions\/les-sheila\/les-sheilas-2015\/subvention-sheila-2015-sunbury-shores\/\">Sunbury Shores Arts and Nature Centre<\/a><\/li>\n<li><a href=\"http:\/\/sheilahughmackay.ca\/\/fr\/subventions\/les-sheila\/les-sheilas-2015\/subvention-sheila-2015-bdc\/\">Restigouche Symposium BDC<\/a><\/li>\n<li><a href=\"http:\/\/sheilahughmackay.ca\/\/fr\/subventions\/les-sheila\/les-sheilas-2015\/subventions-sheila-2015-artslinknb\/\">ArtsLinkNB<\/a><\/li>\n<\/ul>\n<p><\/p>","protected":false},"excerpt":{"rendered":"<p>Les Sheila 2015 \u2026 pour la cr\u00e9ation, la pr\u00e9sentation et la promotion des arts visuels. Les subventions de facilitation 2015 \u00e9taient destin\u00e9es \u00e0 aider des organismes et des collectifs d\u2019artistes \u00e0 r\u00e9aliser des programmes ax\u00e9s sur la cr\u00e9ation, la pr\u00e9sentation et la promotion des arts visuels. Quatre centres d\u2019art dynamiques et un collectif d\u2019artistes de<a href=\"https:\/\/sheilahughmackay.ca\/fr\/subventions\/les-sheila\/les-sheilas-2015\/\">[&#8230;]<\/a><\/p>\n","protected":false},"author":1,"featured_media":0,"parent":2902,"menu_order":3,"comment_status":"closed","ping_status":"closed","template":"","meta":[],"_links":{"self":[{"href":"https:\/\/sheilahughmackay.ca\/fr\/wp-json\/wp\/v2\/pages\/3720"}],"collection":[{"href":"https:\/\/sheilahughmackay.ca\/fr\/wp-json\/wp\/v2\/pages"}],"about":[{"href":"https:\/\/sheilahughmackay.ca\/fr\/wp-json\/wp\/v2\/types\/page"}],"author":[{"embeddable":true,"href":"https:\/\/sheilahughmackay.ca\/fr\/wp-json\/wp\/v2\/users\/1"}],"replies":[{"embeddable":true,"href":"https:\/\/sheilahughmackay.ca\/fr\/wp-json\/wp\/v2\/comments?post=3720"}],"version-history":[{"count":8,"href":"https:\/\/sheilahughmackay.ca\/fr\/wp-json\/wp\/v2\/pages\/3720\/revisions"}],"predecessor-version":[{"id":5432,"href":"https:\/\/sheilahughmackay.ca\/fr\/wp-json\/wp\/v2\/pages\/3720\/revisions\/5432"}],"up":[{"embeddable":true,"href":"https:\/\/sheilahughmackay.ca\/fr\/wp-json\/wp\/v2\/pages\/2902"}],"wp:attachment":[{"href":"https:\/\/sheilahughmackay.ca\/fr\/wp-json\/wp\/v2\/media?parent=3720"}],"curies":[{"name":"wp","href":"https:\/\/api.w.org\/{rel}","templated":true}]}}