{"id":3735,"date":"2015-12-03T17:07:48","date_gmt":"2015-12-03T21:07:48","guid":{"rendered":"http:\/\/sheilahughmackay.com\/shmf\/?page_id=3735"},"modified":"2016-10-11T14:50:48","modified_gmt":"2016-10-11T17:50:48","slug":"sheila-grant-2015-owens","status":"publish","type":"page","link":"https:\/\/sheilahughmackay.ca\/fr\/subventions\/les-sheila\/les-sheilas-2015\/subvention-sheila-2015-owens\/","title":{"rendered":"Sheila Grant 2015 &#8211; Owens"},"content":{"rendered":"<p><\/p>\n<h2>Galerie d\u2019art Owens \u2013 Compagnon virtuel All Things Useful and Artistic: Applied Arts at Mount Allison University.<\/h2>\n<p><div id=\"attachment_4530\" style=\"width: 310px\" class=\"wp-caption alignleft\"><a href=\"http:\/\/sheilahughmackay.ca\/\/wp-content\/uploads\/2016\/02\/virt-comp-owens.jpg\" rel=\"attachment wp-att-4530\"><img aria-describedby=\"caption-attachment-4530\" loading=\"lazy\" src=\"http:\/\/sheilahughmackay.ca\/\/wp-content\/uploads\/2016\/02\/virt-comp-owens-300x204.jpg\" alt=\"All Things Useful and Artistic a virtual exhibit by Owens Art Gallery.\" width=\"300\" height=\"204\" class=\"size-medium wp-image-4530\" srcset=\"https:\/\/sheilahughmackay.ca\/wp-content\/uploads\/2016\/02\/virt-comp-owens-300x204.jpg 300w, https:\/\/sheilahughmackay.ca\/wp-content\/uploads\/2016\/02\/virt-comp-owens-768x521.jpg 768w, https:\/\/sheilahughmackay.ca\/wp-content\/uploads\/2016\/02\/virt-comp-owens.jpg 800w\" sizes=\"(max-width: 300px) 100vw, 300px\" \/><\/a><p id=\"caption-attachment-4530\" class=\"wp-caption-text\">All Things Useful and Artistic a virtual exhibit by Owens Art Gallery.<\/p><\/div><br \/>\nLa Fondation a \u00e9t\u00e9 fi\u00e8re de parrainer le compagnon virtuel de cette exposition qui met en \u00e9vidence le programme des arts appliqu\u00e9s de l\u2019Universit\u00e9 Mount Allison 1906-1960. La Galerie d\u2019art Owens est en train d\u2019\u00e9tablir une importante infrastructure d\u2019archives qui sera utile aux chercheurs en art, aux artistes de carri\u00e8re ainsi qu\u2019au grand public.<\/p>\n<p>F\u00e9licitations pour la r\u00e9alisation de cette magnifique ressource en ligne, qui s\u2019ajoute aux documents num\u00e9riques commenc\u00e9s avec Studio 360\u00ba. La Fondation tient \u00e0 souligner les m\u00e9rites de Gemey Kelly, Jane Tisdale, David Mawhinney, Judith Friedland, Roxie Ibbitson, Lucy MacDonald, Kealin Lamb et Rachel Thornton pour leur travail \u00e0 ce projet.<\/p>\n<ul class=\"bio-links\">\n<li><a href=\"http:\/\/www.mta.ca\/owens\/appliedarts\/index.html\" target=\"_blank\">A Virtual Companion to All Things Useful and Artistic: Applied Arts at Mount Allison University 1906-1960<\/a><\/li>\n<li><a href=\"http:\/\/www.mta.ca\/owens\/360\/\" target=\"_blank\">Studio 360\u00ba<\/a><\/li>\n<\/ul>\n<p><\/p>","protected":false},"excerpt":{"rendered":"<p>Galerie d\u2019art Owens \u2013 Compagnon virtuel All Things Useful and Artistic: Applied Arts at Mount Allison University. La Fondation a \u00e9t\u00e9 fi\u00e8re de parrainer le compagnon virtuel de cette exposition qui met en \u00e9vidence le programme des arts appliqu\u00e9s de l\u2019Universit\u00e9 Mount Allison 1906-1960. La Galerie d\u2019art Owens est en train d\u2019\u00e9tablir une importante infrastructure<a href=\"https:\/\/sheilahughmackay.ca\/fr\/subventions\/les-sheila\/les-sheilas-2015\/subvention-sheila-2015-owens\/\">[&#8230;]<\/a><\/p>\n","protected":false},"author":1,"featured_media":0,"parent":3720,"menu_order":1,"comment_status":"closed","ping_status":"closed","template":"","meta":[],"_links":{"self":[{"href":"https:\/\/sheilahughmackay.ca\/fr\/wp-json\/wp\/v2\/pages\/3735"}],"collection":[{"href":"https:\/\/sheilahughmackay.ca\/fr\/wp-json\/wp\/v2\/pages"}],"about":[{"href":"https:\/\/sheilahughmackay.ca\/fr\/wp-json\/wp\/v2\/types\/page"}],"author":[{"embeddable":true,"href":"https:\/\/sheilahughmackay.ca\/fr\/wp-json\/wp\/v2\/users\/1"}],"replies":[{"embeddable":true,"href":"https:\/\/sheilahughmackay.ca\/fr\/wp-json\/wp\/v2\/comments?post=3735"}],"version-history":[{"count":4,"href":"https:\/\/sheilahughmackay.ca\/fr\/wp-json\/wp\/v2\/pages\/3735\/revisions"}],"predecessor-version":[{"id":5369,"href":"https:\/\/sheilahughmackay.ca\/fr\/wp-json\/wp\/v2\/pages\/3735\/revisions\/5369"}],"up":[{"embeddable":true,"href":"https:\/\/sheilahughmackay.ca\/fr\/wp-json\/wp\/v2\/pages\/3720"}],"wp:attachment":[{"href":"https:\/\/sheilahughmackay.ca\/fr\/wp-json\/wp\/v2\/media?parent=3735"}],"curies":[{"name":"wp","href":"https:\/\/api.w.org\/{rel}","templated":true}]}}