{"id":3742,"date":"2015-12-03T12:22:10","date_gmt":"2015-12-03T16:22:10","guid":{"rendered":"http:\/\/sheilahughmackay.com\/shmf\/?page_id=3742"},"modified":"2016-10-11T15:49:42","modified_gmt":"2016-10-11T18:49:42","slug":"sheila-grant-2015-sunbury-shores","status":"publish","type":"page","link":"https:\/\/sheilahughmackay.ca\/fr\/subventions\/les-sheila\/les-sheilas-2015\/subvention-sheila-2015-sunbury-shores\/","title":{"rendered":"Sheila Grant 2015 &#8211; Sunbury Shores"},"content":{"rendered":"<p><\/p>\n<h2>Projet de r\u00e9novation du 50e anniversaire de Centennial House.<\/h2>\n<p><div id=\"attachment_3832\" style=\"width: 330px\" class=\"wp-caption alignleft\"><a href=\"http:\/\/sheilahughmackay.ca\/\/wp-content\/uploads\/2016\/01\/SSANC-grant-presentation-e1452650460972.jpg\"><img aria-describedby=\"caption-attachment-3832\" loading=\"lazy\" src=\"http:\/\/sheilahughmackay.ca\/\/wp-content\/uploads\/2016\/01\/SSANC-grant-presentation-e1452650460972-320x294.jpg\" alt=\"Kathryn McCarroll presents 2015 infrastructure grant to Board executives Caroline Davies and Sharon McGladdery\" width=\"320\" height=\"294\" class=\"size-medium wp-image-3832\" \/><\/a><p id=\"caption-attachment-3832\" class=\"wp-caption-text\">Kathryn McCarroll presents 2015 infrastructure grant to Board executives Caroline Davies and Sharon McGladdery<\/p><\/div>Une subvention Sheila 2015 a \u00e9t\u00e9 accord\u00e9e pour appuyer l\u2019ambitieux projet de r\u00e9novation pour souligner le 50e anniversaire de Centennial House o\u00f9 loge le Sunbury Shores Arts and Nature Centre. L\u2019immeuble r\u00e9nov\u00e9 offre une galerie spacieuse et lumineuse ainsi que des studios fonctionnels d\u2019estampe, de c\u00e9ramique, de peinture et de bijoux, destin\u00e9s \u00e0 la r\u00e9gion du sud-ouest du Nouveau-Brunswick.<\/p>\n<p>Gr\u00e2ce \u00e0 l\u2019aide de la subvention Sheila 2015 de 10 000 $, le centre a pu grandement am\u00e9liorer l\u2019espace d\u2019entreposage, la s\u00e9curit\u00e9 et l\u2019aire d\u2019exposition de la galerie. L\u2019entreposage sur mesure pour l\u2019atelier de c\u00e9ramique a permis de dynamiser le programme d\u2019enseignement de la poterie et de la sculpture. Le conseil d\u2019administration de Sunbury Shores avait d\u00e9termin\u00e9 que le stockage des archives au studio d\u2019estampe et le rayonnage de la biblioth\u00e8que d\u2019enseignement \u00e9taient des priorit\u00e9s. Des fonds ont aussi \u00e9t\u00e9 allou\u00e9s \u00e0 l\u2019\u00e9quipement d\u2019installation en vue d\u2019atteindre une norme d\u2019excellence dans la pr\u00e9sentation des arts \u00e0 la communaut\u00e9.<\/p>\n<p>\u00ab La subvention Sheila 2015 attribu\u00e9e \u00e0 Sunbury Shores Arts and Nature Centre a permis de rendre compl\u00e8tement op\u00e9rationnels plusieurs studios apr\u00e8s le r\u00e9am\u00e9nagement et la r\u00e9novation de Sunbury Shores pendant l\u2019hiver et le printemps 2013-2014. Sans cette aide, les travaux auraient \u00e9t\u00e9 retard\u00e9s ou auraient comport\u00e9 bien des lacunes \u00bb, affirme Caroline Davies, pr\u00e9sidente du conseil d\u2019administration.<\/p>","protected":false},"excerpt":{"rendered":"<p>Projet de r\u00e9novation du 50e anniversaire de Centennial House. Une subvention Sheila 2015 a \u00e9t\u00e9 accord\u00e9e pour appuyer l\u2019ambitieux projet de r\u00e9novation pour souligner le 50e anniversaire de Centennial House o\u00f9 loge le Sunbury Shores Arts and Nature Centre. L\u2019immeuble r\u00e9nov\u00e9 offre une galerie spacieuse et lumineuse ainsi que des studios fonctionnels d\u2019estampe, de c\u00e9ramique,<a href=\"https:\/\/sheilahughmackay.ca\/fr\/subventions\/les-sheila\/les-sheilas-2015\/subvention-sheila-2015-sunbury-shores\/\">[&#8230;]<\/a><\/p>\n","protected":false},"author":1,"featured_media":0,"parent":3720,"menu_order":0,"comment_status":"closed","ping_status":"closed","template":"","meta":[],"_links":{"self":[{"href":"https:\/\/sheilahughmackay.ca\/fr\/wp-json\/wp\/v2\/pages\/3742"}],"collection":[{"href":"https:\/\/sheilahughmackay.ca\/fr\/wp-json\/wp\/v2\/pages"}],"about":[{"href":"https:\/\/sheilahughmackay.ca\/fr\/wp-json\/wp\/v2\/types\/page"}],"author":[{"embeddable":true,"href":"https:\/\/sheilahughmackay.ca\/fr\/wp-json\/wp\/v2\/users\/1"}],"replies":[{"embeddable":true,"href":"https:\/\/sheilahughmackay.ca\/fr\/wp-json\/wp\/v2\/comments?post=3742"}],"version-history":[{"count":4,"href":"https:\/\/sheilahughmackay.ca\/fr\/wp-json\/wp\/v2\/pages\/3742\/revisions"}],"predecessor-version":[{"id":5386,"href":"https:\/\/sheilahughmackay.ca\/fr\/wp-json\/wp\/v2\/pages\/3742\/revisions\/5386"}],"up":[{"embeddable":true,"href":"https:\/\/sheilahughmackay.ca\/fr\/wp-json\/wp\/v2\/pages\/3720"}],"wp:attachment":[{"href":"https:\/\/sheilahughmackay.ca\/fr\/wp-json\/wp\/v2\/media?parent=3742"}],"curies":[{"name":"wp","href":"https:\/\/api.w.org\/{rel}","templated":true}]}}