{"id":3759,"date":"2015-12-03T17:21:51","date_gmt":"2015-12-03T21:21:51","guid":{"rendered":"http:\/\/sheilahughmackay.com\/shmf\/?page_id=3759"},"modified":"2018-03-06T13:49:49","modified_gmt":"2018-03-06T17:49:49","slug":"sheila-grant-2015-almag","status":"publish","type":"page","link":"https:\/\/sheilahughmackay.ca\/fr\/subventions\/les-sheila\/les-sheilas-2015\/subventions-sheila-2015-almag\/","title":{"rendered":"Sheila Grant 2015  &#8211; ALMAG"},"content":{"rendered":"<p><\/p>\n<h2>Le Centre Andrew et Laura McCain \u00e0 cr\u00e9er River Art Centre and Studios<\/h2>\n<div class=\"aligncenter\"><a href=\"http:\/\/sheilahughmackay.ca\/\/wp-content\/uploads\/2015\/12\/logo-mcCain.png\"><img loading=\"lazy\" class=\"alignleft size-full wp-image-3738\" src=\"http:\/\/sheilahughmackay.ca\/\/wp-content\/uploads\/2015\/12\/logo-mcCain.png\" alt=\"logo mcCain\" width=\"128\" height=\"121\" \/><\/a><br \/>\nLa r\u00e9ussite des programmes en art communautaire, a pouss\u00e9 le Centre Andrew et Laura McCain (ALMAG) \u00e0 cr\u00e9er River Art Centre and Studios. Un b\u00e2timent r\u00e9affect\u00e9 de la rue Main \u00e0 Florenceville est devenu un studio fonctionnel visant \u00e0 faciliter la cr\u00e9ation, l\u2019enseignement, l\u2019apprentissage et la collaboration. L\u2019ajout de cette infrastructure pour ALMAG a contribu\u00e9 \u00e0 la vitalit\u00e9 du centre-ville de Florenceville-Bristol et rendu possible des programmes de nature polyvalente que les limites d\u2019espace de la galerie actuelle n\u2019auraient pas permis.<\/p>\n<p>Les fonds de la subvention Sheila ont servi \u00e0 la r\u00e9novation d\u2019un b\u00e2timent obtenu par voie de donation. L\u2019objectif de transformer un local vacant en atelier fonctionnel pour les artistes et cr\u00e9er un centre d\u2019\u00e9ducation destin\u00e9 aux programmes jeunesse. La cr\u00e9ation et l\u2019ameublement des studios, l\u2019installation d\u2019un \u00e9vier commun pour artistes et d\u2019une aire de pr\u00e9paration, la ventilation, le syst\u00e8me de s\u00e9curit\u00e9 et l\u2019affichage ext\u00e9rieur faisaient partie des priorit\u00e9s de ce projet. C\u2019est avec fiert\u00e9 que la Fondation s\u2019est jointe \u00e0 Valley Farms Ltd, \u00e0 la municipalit\u00e9 de Florenceville-Bristol et \u00e0 une \u00e9quipe locale d\u00e9vou\u00e9e de solliciteurs de fonds pour donner naissance \u00e0 River Art Centre &#038; Studios, inaugur\u00e9 le 14 ao\u00fbt 2015.<\/p>\n<p>Nous sommes tr\u00e8s reconnaissants \u00e0 la Fondation Sheila Hugh MacKay d\u2019avoir appuy\u00e9 le projet. Ce financement a permis \u00e0 notre galerie de r\u00e9pondre aux besoins artistiques exprim\u00e9s par les gens de la r\u00e9gion. Nous avons maintenant un espace fonctionnel qui peut servir de studio favorisant la cr\u00e9ation, l\u2019enseignement, l\u2019apprentissage et la collaboration. Il est en voie de devenir la plaque tournante culturelle tant esp\u00e9r\u00e9e par la communaut\u00e9 cr\u00e9atrice.<\/p>\n<div style=\"float: left; margin: 0.5em; margin-bottom: 1em;\"><a href=\"http:\/\/sheilahughmackay.ca\/\/wp-content\/uploads\/2015\/12\/River-Art-Centre-signage.jpg\"><img loading=\"lazy\" class=\"aligncenter size-thumbnail wp-image-3739\" src=\"http:\/\/sheilahughmackay.ca\/\/wp-content\/uploads\/2015\/12\/River-Art-Centre-signage-180x180.jpg\" alt=\"River Art Centre signage\" width=\"180\" height=\"180\" \/><\/a><\/div>\n<div style=\"float: left; margin: 0.5em; margin-bottom: 1em;\"><a href=\"http:\/\/sheilahughmackay.ca\/\/wp-content\/uploads\/2015\/12\/IMG_1777.jpg\"><img loading=\"lazy\" class=\"aligncenter size-thumbnail wp-image-3737\" src=\"http:\/\/sheilahughmackay.ca\/\/wp-content\/uploads\/2015\/12\/IMG_1777-180x180.jpg\" alt=\"Children's Studio at River Centre\" width=\"180\" height=\"180\" \/><\/a><\/div>\n<\/div>\n<ul class=\"bio-links\">\n<li><a href=\"http:\/\/mccainartgallery.com\/\">Andrew Laura McCain Art Gallery<\/a><\/li>\n<\/ul>\n<p><\/p>","protected":false},"excerpt":{"rendered":"<p>Le Centre Andrew et Laura McCain \u00e0 cr\u00e9er River Art Centre and Studios La r\u00e9ussite des programmes en art communautaire, a pouss\u00e9 le Centre Andrew et Laura McCain (ALMAG) \u00e0 cr\u00e9er River Art Centre and Studios. Un b\u00e2timent r\u00e9affect\u00e9 de la rue Main \u00e0 Florenceville est devenu un studio fonctionnel visant \u00e0 faciliter la cr\u00e9ation,<a href=\"https:\/\/sheilahughmackay.ca\/fr\/subventions\/les-sheila\/les-sheilas-2015\/subventions-sheila-2015-almag\/\">[&#8230;]<\/a><\/p>\n","protected":false},"author":1,"featured_media":0,"parent":3720,"menu_order":3,"comment_status":"closed","ping_status":"closed","template":"","meta":[],"_links":{"self":[{"href":"https:\/\/sheilahughmackay.ca\/fr\/wp-json\/wp\/v2\/pages\/3759"}],"collection":[{"href":"https:\/\/sheilahughmackay.ca\/fr\/wp-json\/wp\/v2\/pages"}],"about":[{"href":"https:\/\/sheilahughmackay.ca\/fr\/wp-json\/wp\/v2\/types\/page"}],"author":[{"embeddable":true,"href":"https:\/\/sheilahughmackay.ca\/fr\/wp-json\/wp\/v2\/users\/1"}],"replies":[{"embeddable":true,"href":"https:\/\/sheilahughmackay.ca\/fr\/wp-json\/wp\/v2\/comments?post=3759"}],"version-history":[{"count":5,"href":"https:\/\/sheilahughmackay.ca\/fr\/wp-json\/wp\/v2\/pages\/3759\/revisions"}],"predecessor-version":[{"id":6138,"href":"https:\/\/sheilahughmackay.ca\/fr\/wp-json\/wp\/v2\/pages\/3759\/revisions\/6138"}],"up":[{"embeddable":true,"href":"https:\/\/sheilahughmackay.ca\/fr\/wp-json\/wp\/v2\/pages\/3720"}],"wp:attachment":[{"href":"https:\/\/sheilahughmackay.ca\/fr\/wp-json\/wp\/v2\/media?parent=3759"}],"curies":[{"name":"wp","href":"https:\/\/api.w.org\/{rel}","templated":true}]}}