{"id":3778,"date":"2015-12-17T15:30:32","date_gmt":"2015-12-17T19:30:32","guid":{"rendered":"http:\/\/sheilahughmackay.com\/shmf\/?page_id=3778"},"modified":"2016-10-17T16:01:07","modified_gmt":"2016-10-17T19:01:07","slug":"sheila-grant-2015-musee-acadien","status":"publish","type":"page","link":"https:\/\/sheilahughmackay.ca\/fr\/subventions\/les-sheila\/les-sheilas-2014\/subventions-sheila-2015-imago\/","title":{"rendered":"Sheila Grant 2014 &#8211; Imago"},"content":{"rendered":"<p><\/p>\n<h2>Le projet de collaboration cr\u00e9ative \u00ab \u00c9vang\u00e9line \u00bb<\/h2>\n<p>Des bo\u00eetes oubli\u00e9es de vieilles plaques d\u2019imprimerie du journal acadien L\u2019\u00c9vang\u00e9line (1887-1982) ont trouv\u00e9 leur chemin vers le Mus\u00e9e acadien de l\u2019Universit\u00e9 de Moncton et ont inspir\u00e9 Jennifer B\u00e9langer, la directrice d\u2019Imago, dans la proposition d\u2019un projet de recherche et d\u2019exposition \u00e0 la communaut\u00e9 artistique. Elle a choisi six artistes pour cr\u00e9er des estampes en se r\u00e9appropriant des plaques photographiques datant de 1950 aux ann\u00e9es 1970. L\u2019\u0153uvre qui en a r\u00e9sult\u00e9 a \u00e9t\u00e9 expos\u00e9e pendant l\u2019\u00e9t\u00e9 2015 avec un livret d\u2019accompagnement. Les artistes participants sont: Alisa Arsenault, R\u00e9mi Belliveau, Marjolaine Bourgeois, Ang\u00e8le Cormier, Carole Deveau et Mathieu L\u00e9ger. <\/p>\n<ul class=\"bio-links\">\n<li>\u00c9vang\u00e9line &#8211; L&#8217;essai de la commissaire par Jennifer Belanger &#8211; <a href=\"http:\/\/sheilahughmackay.ca\/\/wp-content\/uploads\/resources\/Lessai%20de%20la%20commissaire-%20Jennifer%20Belanger.pdf\" target=\"_blank\">T\u00e9l\u00e9charger le PDF<\/a><\/li>\n<li><a href=\"http:\/\/www.umoncton.ca\/umcm-maum\/node\/9\" target=\"_blank\">\u00c9vang\u00e9line exhibit<\/a> \u00e0 l&#8217;Universit\u00e9 de Moncton<\/li>\n<\/ul>\n<p><\/p>","protected":false},"excerpt":{"rendered":"<p>Le projet de collaboration cr\u00e9ative \u00ab \u00c9vang\u00e9line \u00bb Des bo\u00eetes oubli\u00e9es de vieilles plaques d\u2019imprimerie du journal acadien L\u2019\u00c9vang\u00e9line (1887-1982) ont trouv\u00e9 leur chemin vers le Mus\u00e9e acadien de l\u2019Universit\u00e9 de Moncton et ont inspir\u00e9 Jennifer B\u00e9langer, la directrice d\u2019Imago, dans la proposition d\u2019un projet de recherche et d\u2019exposition \u00e0 la communaut\u00e9 artistique. Elle a<a href=\"https:\/\/sheilahughmackay.ca\/fr\/subventions\/les-sheila\/les-sheilas-2014\/subventions-sheila-2015-imago\/\">[&#8230;]<\/a><\/p>\n","protected":false},"author":1,"featured_media":0,"parent":3795,"menu_order":0,"comment_status":"closed","ping_status":"closed","template":"","meta":[],"_links":{"self":[{"href":"https:\/\/sheilahughmackay.ca\/fr\/wp-json\/wp\/v2\/pages\/3778"}],"collection":[{"href":"https:\/\/sheilahughmackay.ca\/fr\/wp-json\/wp\/v2\/pages"}],"about":[{"href":"https:\/\/sheilahughmackay.ca\/fr\/wp-json\/wp\/v2\/types\/page"}],"author":[{"embeddable":true,"href":"https:\/\/sheilahughmackay.ca\/fr\/wp-json\/wp\/v2\/users\/1"}],"replies":[{"embeddable":true,"href":"https:\/\/sheilahughmackay.ca\/fr\/wp-json\/wp\/v2\/comments?post=3778"}],"version-history":[{"count":5,"href":"https:\/\/sheilahughmackay.ca\/fr\/wp-json\/wp\/v2\/pages\/3778\/revisions"}],"predecessor-version":[{"id":5445,"href":"https:\/\/sheilahughmackay.ca\/fr\/wp-json\/wp\/v2\/pages\/3778\/revisions\/5445"}],"up":[{"embeddable":true,"href":"https:\/\/sheilahughmackay.ca\/fr\/wp-json\/wp\/v2\/pages\/3795"}],"wp:attachment":[{"href":"https:\/\/sheilahughmackay.ca\/fr\/wp-json\/wp\/v2\/media?parent=3778"}],"curies":[{"name":"wp","href":"https:\/\/api.w.org\/{rel}","templated":true}]}}