{"id":3795,"date":"2015-12-20T11:40:30","date_gmt":"2015-12-20T15:40:30","guid":{"rendered":"http:\/\/sheilahughmackay.com\/shmf\/?page_id=3795"},"modified":"2016-10-24T18:37:50","modified_gmt":"2016-10-24T21:37:50","slug":"2014-sheilas","status":"publish","type":"page","link":"https:\/\/sheilahughmackay.ca\/fr\/subventions\/les-sheila\/les-sheilas-2014\/","title":{"rendered":"2014 Sheilas"},"content":{"rendered":"<p><\/p>\n<h2>&#8230; \u00e0 enrichir la vie culturelle du Nouveau-Brunswick par la cr\u00e9ation et la pr\u00e9sentation d\u2019\u0153uvres d\u2019art.<\/h2>\n<p>En 2014, les subventions de facilitation annuelles \u00e9taient d\u00e9di\u00e9es \u00e0 la cr\u00e9ation, \u00e0 l\u2019installation et \u00e0 l\u2019exposition d\u2019art civique au Nouveau-Brunswick.<\/p>\n<p>Sur les recommandations d&#8217;un jury ind\u00e9pendant, trois Sheila ont \u00e9t\u00e9 remis en 2014. Chacun des projets b\u00e9n\u00e9ficiant de ces subventions de facilitation a \u00e9t\u00e9 choisi d\u2019apr\u00e8s sa promesse d\u2019enrichir la vie culturelle du Nouveau-Brunswick au moyen de la cr\u00e9ation et de la pr\u00e9sentation d\u2019\u0153uvres d\u2019art.<\/p>\n<ul>\n<li><a href=\"http:\/\/sheilahughmackay.ca\/\/fr\/grants\/the-sheilas\/2014-sheilas\/sheila-grant-2014-cccts\/\">Cr\u00e9ation et installation de la sculpture De cercle en ellipse \u00e0 Tracadie-Sheila<\/a><\/li>\n<li><a href=\"http:\/\/sheilahughmackay.ca\/\/fr\/subventions\/les-sheila\/les-sheilas-2014\/subventions-sheila-2014-fbg\/\">Cr\u00e9ation et installation d\u2019une sculpture publique au Jardin botanique de Fredericton<\/a><\/li>\n<li><a href=\"http:\/\/sheilahughmackay.ca\/\/fr\/subventions\/les-sheila\/les-sheilas-2014\/subventions-sheila-2015-imago\/\">Le projet \u00ab \u00c9vangeline \u00bb, une cr\u00e9ation collaborative sous l\u2019\u00e9gide d\u2019Imago<\/a><\/li>\n<\/ul>\n<p><\/p>","protected":false},"excerpt":{"rendered":"<p>&#8230; \u00e0 enrichir la vie culturelle du Nouveau-Brunswick par la cr\u00e9ation et la pr\u00e9sentation d\u2019\u0153uvres d\u2019art. En 2014, les subventions de facilitation annuelles \u00e9taient d\u00e9di\u00e9es \u00e0 la cr\u00e9ation, \u00e0 l\u2019installation et \u00e0 l\u2019exposition d\u2019art civique au Nouveau-Brunswick. Sur les recommandations d&#8217;un jury ind\u00e9pendant, trois Sheila ont \u00e9t\u00e9 remis en 2014. Chacun des projets b\u00e9n\u00e9ficiant de<a href=\"https:\/\/sheilahughmackay.ca\/fr\/subventions\/les-sheila\/les-sheilas-2014\/\">[&#8230;]<\/a><\/p>\n","protected":false},"author":1,"featured_media":0,"parent":2902,"menu_order":6,"comment_status":"closed","ping_status":"closed","template":"","meta":[],"_links":{"self":[{"href":"https:\/\/sheilahughmackay.ca\/fr\/wp-json\/wp\/v2\/pages\/3795"}],"collection":[{"href":"https:\/\/sheilahughmackay.ca\/fr\/wp-json\/wp\/v2\/pages"}],"about":[{"href":"https:\/\/sheilahughmackay.ca\/fr\/wp-json\/wp\/v2\/types\/page"}],"author":[{"embeddable":true,"href":"https:\/\/sheilahughmackay.ca\/fr\/wp-json\/wp\/v2\/users\/1"}],"replies":[{"embeddable":true,"href":"https:\/\/sheilahughmackay.ca\/fr\/wp-json\/wp\/v2\/comments?post=3795"}],"version-history":[{"count":4,"href":"https:\/\/sheilahughmackay.ca\/fr\/wp-json\/wp\/v2\/pages\/3795\/revisions"}],"predecessor-version":[{"id":5404,"href":"https:\/\/sheilahughmackay.ca\/fr\/wp-json\/wp\/v2\/pages\/3795\/revisions\/5404"}],"up":[{"embeddable":true,"href":"https:\/\/sheilahughmackay.ca\/fr\/wp-json\/wp\/v2\/pages\/2902"}],"wp:attachment":[{"href":"https:\/\/sheilahughmackay.ca\/fr\/wp-json\/wp\/v2\/media?parent=3795"}],"curies":[{"name":"wp","href":"https:\/\/api.w.org\/{rel}","templated":true}]}}