{"id":3799,"date":"2015-12-20T11:53:56","date_gmt":"2015-12-20T15:53:56","guid":{"rendered":"http:\/\/sheilahughmackay.com\/shmf\/?page_id=3799"},"modified":"2016-10-12T17:10:59","modified_gmt":"2016-10-12T20:10:59","slug":"sheila-grant-2014-cccts","status":"publish","type":"page","link":"https:\/\/sheilahughmackay.ca\/fr\/subventions\/les-sheila\/les-sheilas-2014\/subventions-sheila-2014-cccts\/","title":{"rendered":"Sheila Grant 2014 &#8211; CCCTS"},"content":{"rendered":"<p><\/p>\n<h2>La cr\u00e9ation et l\u2019installation de l\u2019\u0153uvre De cercle en ellipse  \u00e0 Tracadie-Sheila<\/h2>\n<p><div id=\"attachment_5398\" style=\"width: 310px\" class=\"wp-caption alignleft\"><a href=\"http:\/\/sheilahughmackay.ca\/\/wp-content\/uploads\/2015\/12\/11DL2014Decercleenellipse.jpg\"><img aria-describedby=\"caption-attachment-5398\" loading=\"lazy\" src=\"http:\/\/sheilahughmackay.ca\/\/wp-content\/uploads\/2015\/12\/11DL2014Decercleenellipse-300x200.jpg\" alt=\"De cercle en ellipse; Denis Lanteigne\" width=\"300\" height=\"200\" class=\"size-medium wp-image-5398\" srcset=\"https:\/\/sheilahughmackay.ca\/wp-content\/uploads\/2015\/12\/11DL2014Decercleenellipse-300x200.jpg 300w, https:\/\/sheilahughmackay.ca\/wp-content\/uploads\/2015\/12\/11DL2014Decercleenellipse-768x512.jpg 768w, https:\/\/sheilahughmackay.ca\/wp-content\/uploads\/2015\/12\/11DL2014Decercleenellipse-750x500.jpg 750w, https:\/\/sheilahughmackay.ca\/wp-content\/uploads\/2015\/12\/11DL2014Decercleenellipse.jpg 864w\" sizes=\"(max-width: 300px) 100vw, 300px\" \/><\/a><p id=\"caption-attachment-5398\" class=\"wp-caption-text\">De cercle en ellipse; Denis Lanteigne<\/p><\/div>La Fondation est fi\u00e8re d\u2019avoir servi les gens de Tracadie-Sheila en favorisant la cr\u00e9ation et l\u2019installation de l\u2019\u0153uvre comm\u00e9morative De cercle en ellipse de l\u2019artiste Denis Lanteigne. La Commission consultative de la culture de Tracadie-Sheila s\u2019est associ\u00e9e \u00e0 la Fondation Sheila Hugh Mackay pour faire \u00e9clore l\u2019art civique au c\u0153ur de la municipalit\u00e9. Ce projet a \u00e9t\u00e9 supervis\u00e9 par l\u2019agente des affaires culturelles du Grand Tracadie-Sheila, Anngy Mallais. Apr\u00e8s avoir \u00e9labor\u00e9 et mis en \u0153uvre un plan strat\u00e9gique de vitalit\u00e9 culturelle pour les 18 districts de services locaux qui se greffent \u00e0 Tracadie-Sheila, Mme\u00a0Mallais a dirig\u00e9 un concours visant la production d\u2019une sculpture faisant image de marque dans le secteur riverain de Caraquet. \u00c0 l\u2019automne 2004, la sculpture de M. Lanteigne a \u00e9t\u00e9 install\u00e9e.   <\/p>\n<p>Con\u00e7ue par l\u2019artiste, Denis Lanteigne, cette \u0153uvre nomm\u00e9e <strong>De cercle en ellipse<\/strong> repr\u00e9sente la nouvelle municipalit\u00e9 r\u00e9gionale qui fut cr\u00e9\u00e9e le 1er juillet 2014 suite au regroupement de 18 districts de services locaux.<\/p>\n<p>Citation de l\u2019artiste :<\/p>\n<p>\u00abLa forme ovale symbolise la transformation d\u2019un cercle lanc\u00e9 dans l\u2019espace lequel, s\u2019adapte et s\u2019allonge sous la force de la v\u00e9locit\u00e9. La ville ancienne, d\u2019abord un cercle stable, s\u2019agrandit par des composantes qui s\u2019y greffent, la dynamique change et d\u00e9sormais c\u2019est l\u2019ouverture vers autre. Le cercle cro\u00eet, s\u2019allonge, se propulse pour faire un saut dans le temps. L\u2019\u0153uvre est une illustration de style minimaliste, celle d\u2019un ensemble projet\u00e9 dans une mouvance nouvelle.  Un ensemble m\u00fb par la d\u00e9termination de ses composantes. Les tiges inclin\u00e9es, pointant vers le centre, une m\u00e9taphore des 18 districts tra\u00e7ant un contour protecteur, une palissade abritant la cit\u00e9 nouvelle!<\/p>\n<p>Les deux forces interagissent sur l\u2019ensemble et constituent sa dynamique future. La ville nouvelle contient en elle son pass\u00e9, le pr\u00e9sent et peut maintenant envisager l\u2019avenir.<\/p>\n<p>Les gens d\u2019ici et d\u2019ailleurs sont invit\u00e9s \u00e0 circuler \u00e0 l\u2019int\u00e9rieur du cercle afin de ressentir la force grandissante de cette nouvelle municipalit\u00e9.\u00bb <\/p>\n<p>Denis Lanteigne<br \/>\nDenis Lanteigne assiste \u00e0 la coupure du ruban de la sculpture publique cr\u00e9\u00e9e pour comm\u00e9morer la cr\u00e9ation de la municipalit\u00e9 r\u00e9gionale Tracadie-Sheila.<\/p>\n<ul class=\"bio-links\"><\/ul>\n<p><br \/>\n<\/p>","protected":false},"excerpt":{"rendered":"<p>La cr\u00e9ation et l\u2019installation de l\u2019\u0153uvre De cercle en ellipse \u00e0 Tracadie-Sheila La Fondation est fi\u00e8re d\u2019avoir servi les gens de Tracadie-Sheila en favorisant la cr\u00e9ation et l\u2019installation de l\u2019\u0153uvre comm\u00e9morative De cercle en ellipse de l\u2019artiste Denis Lanteigne. La Commission consultative de la culture de Tracadie-Sheila s\u2019est associ\u00e9e \u00e0 la Fondation Sheila Hugh Mackay<a href=\"https:\/\/sheilahughmackay.ca\/fr\/subventions\/les-sheila\/les-sheilas-2014\/subventions-sheila-2014-cccts\/\">[&#8230;]<\/a><\/p>\n","protected":false},"author":1,"featured_media":0,"parent":3795,"menu_order":0,"comment_status":"closed","ping_status":"closed","template":"","meta":[],"_links":{"self":[{"href":"https:\/\/sheilahughmackay.ca\/fr\/wp-json\/wp\/v2\/pages\/3799"}],"collection":[{"href":"https:\/\/sheilahughmackay.ca\/fr\/wp-json\/wp\/v2\/pages"}],"about":[{"href":"https:\/\/sheilahughmackay.ca\/fr\/wp-json\/wp\/v2\/types\/page"}],"author":[{"embeddable":true,"href":"https:\/\/sheilahughmackay.ca\/fr\/wp-json\/wp\/v2\/users\/1"}],"replies":[{"embeddable":true,"href":"https:\/\/sheilahughmackay.ca\/fr\/wp-json\/wp\/v2\/comments?post=3799"}],"version-history":[{"count":4,"href":"https:\/\/sheilahughmackay.ca\/fr\/wp-json\/wp\/v2\/pages\/3799\/revisions"}],"predecessor-version":[{"id":5401,"href":"https:\/\/sheilahughmackay.ca\/fr\/wp-json\/wp\/v2\/pages\/3799\/revisions\/5401"}],"up":[{"embeddable":true,"href":"https:\/\/sheilahughmackay.ca\/fr\/wp-json\/wp\/v2\/pages\/3795"}],"wp:attachment":[{"href":"https:\/\/sheilahughmackay.ca\/fr\/wp-json\/wp\/v2\/media?parent=3799"}],"curies":[{"name":"wp","href":"https:\/\/api.w.org\/{rel}","templated":true}]}}