{"id":3815,"date":"2015-12-20T12:41:36","date_gmt":"2015-12-20T16:41:36","guid":{"rendered":"http:\/\/sheilahughmackay.com\/shmf\/?page_id=3815"},"modified":"2016-10-24T16:42:44","modified_gmt":"2016-10-24T19:42:44","slug":"sheila-grant-2013-sculpture-sj","status":"publish","type":"page","link":"https:\/\/sheilahughmackay.ca\/fr\/subventions\/les-sheila\/les-sheilas-2013\/subventions-sheila-2013-sculpture-sj\/","title":{"rendered":"Sheila Grant 2013 &#8211; Sculpture SJ"},"content":{"rendered":"<p><\/p>\n<h2>Le Symposium international de la sculpture du Nouveau-Brunswick<\/h2>\n<p><a href=\"http:\/\/sheilahughmackay.ca\/\/wp-content\/uploads\/2016\/01\/sculpturesj_logo-resized-231x166.jpg\"><img loading=\"lazy\" class=\"alignleft size-full wp-image-3912\" src=\"http:\/\/sheilahughmackay.ca\/\/wp-content\/uploads\/2016\/01\/sculpturesj_logo-resized-231x166.jpg\" alt=\"sculpturesj_logo-resized-231x166\" width=\"231\" height=\"166\" \/><\/a>Le symposium international de la sculpture du Nouveau-Brunswick de Sculpture Saint John 2014 a obtenu 20\u00a0000\u00a0$ pour l\u2019\u00e9laboration d\u2019un volet \u00e9ducatif. La Fondation Sheila Hugh Mackay \u00e9tait fi\u00e8re de parrainer une large gamme de possibilit\u00e9s \u00e9ducatives associ\u00e9es \u00e0 la cr\u00e9ation et \u00e0 l\u2019installation de sculptures destin\u00e9es \u00e0 Saint John, Grand Bay-Westfield, Hampton, Saint John, St. Andrews, Blacks Harbour, Sussex et St. Stephen.<\/p>\n<p>La directrice administrative de Sculpture Saint John, Diana Alexander, a d\u00e9clar\u00e9 que l&#8217;\u00e9ducation \u00e9tait au c\u0153ur des \u00e9v\u00e9nements pr\u00e9vus pendant les six semaines de cr\u00e9ation. Elle s\u2019est employ\u00e9e \u00e0 offrir des stages, des visites culturelles, des d\u00e9monstrations, des expos\u00e9s, des visites scolaires et de la documentation p\u00e9dagogique. Photo credit: Diana Alexander.<\/p>\n<div id='gallery-2' class='gallery galleryid-3815 gallery-columns-5 gallery-size-thumbnail'><figure class='gallery-item'>\n\t\t\t<div class='gallery-icon portrait'>\n\t\t\t\t<a href='https:\/\/sheilahughmackay.ca\/wp-content\/uploads\/2016\/10\/3-Saint-John-waterfront.jpg'><img width=\"150\" height=\"150\" src=\"https:\/\/sheilahughmackay.ca\/wp-content\/uploads\/2016\/10\/3-Saint-John-waterfront-150x150.jpg\" class=\"attachment-thumbnail size-thumbnail\" alt=\"\" loading=\"lazy\" srcset=\"https:\/\/sheilahughmackay.ca\/wp-content\/uploads\/2016\/10\/3-Saint-John-waterfront-150x150.jpg 150w, https:\/\/sheilahughmackay.ca\/wp-content\/uploads\/2016\/10\/3-Saint-John-waterfront-73x73.jpg 73w, https:\/\/sheilahughmackay.ca\/wp-content\/uploads\/2016\/10\/3-Saint-John-waterfront-174x174.jpg 174w, https:\/\/sheilahughmackay.ca\/wp-content\/uploads\/2016\/10\/3-Saint-John-waterfront-250x250.jpg 250w\" sizes=\"(max-width: 150px) 100vw, 150px\" \/><\/a>\n\t\t\t<\/div><\/figure><figure class='gallery-item'>\n\t\t\t<div class='gallery-icon portrait'>\n\t\t\t\t<a href='https:\/\/sheilahughmackay.ca\/wp-content\/uploads\/2016\/10\/2-20140909_182104.jpg'><img width=\"150\" height=\"150\" src=\"https:\/\/sheilahughmackay.ca\/wp-content\/uploads\/2016\/10\/2-20140909_182104-150x150.jpg\" class=\"attachment-thumbnail size-thumbnail\" alt=\"\" loading=\"lazy\" srcset=\"https:\/\/sheilahughmackay.ca\/wp-content\/uploads\/2016\/10\/2-20140909_182104-150x150.jpg 150w, https:\/\/sheilahughmackay.ca\/wp-content\/uploads\/2016\/10\/2-20140909_182104-73x73.jpg 73w, https:\/\/sheilahughmackay.ca\/wp-content\/uploads\/2016\/10\/2-20140909_182104-174x174.jpg 174w, https:\/\/sheilahughmackay.ca\/wp-content\/uploads\/2016\/10\/2-20140909_182104-250x250.jpg 250w\" sizes=\"(max-width: 150px) 100vw, 150px\" \/><\/a>\n\t\t\t<\/div><\/figure><figure class='gallery-item'>\n\t\t\t<div class='gallery-icon landscape'>\n\t\t\t\t<a href='https:\/\/sheilahughmackay.ca\/wp-content\/uploads\/2016\/10\/1-20140909_175615.jpg'><img width=\"150\" height=\"150\" src=\"https:\/\/sheilahughmackay.ca\/wp-content\/uploads\/2016\/10\/1-20140909_175615-150x150.jpg\" class=\"attachment-thumbnail size-thumbnail\" alt=\"\" loading=\"lazy\" srcset=\"https:\/\/sheilahughmackay.ca\/wp-content\/uploads\/2016\/10\/1-20140909_175615-150x150.jpg 150w, https:\/\/sheilahughmackay.ca\/wp-content\/uploads\/2016\/10\/1-20140909_175615-73x73.jpg 73w, https:\/\/sheilahughmackay.ca\/wp-content\/uploads\/2016\/10\/1-20140909_175615-174x174.jpg 174w, https:\/\/sheilahughmackay.ca\/wp-content\/uploads\/2016\/10\/1-20140909_175615-250x250.jpg 250w\" sizes=\"(max-width: 150px) 100vw, 150px\" \/><\/a>\n\t\t\t<\/div><\/figure><figure class='gallery-item'>\n\t\t\t<div class='gallery-icon landscape'>\n\t\t\t\t<a href='https:\/\/sheilahughmackay.ca\/wp-content\/uploads\/2016\/10\/5-Work-in-progress.jpg'><img width=\"150\" height=\"150\" src=\"https:\/\/sheilahughmackay.ca\/wp-content\/uploads\/2016\/10\/5-Work-in-progress-150x150.jpg\" class=\"attachment-thumbnail size-thumbnail\" alt=\"\" loading=\"lazy\" srcset=\"https:\/\/sheilahughmackay.ca\/wp-content\/uploads\/2016\/10\/5-Work-in-progress-150x150.jpg 150w, https:\/\/sheilahughmackay.ca\/wp-content\/uploads\/2016\/10\/5-Work-in-progress-73x73.jpg 73w, https:\/\/sheilahughmackay.ca\/wp-content\/uploads\/2016\/10\/5-Work-in-progress-174x174.jpg 174w, https:\/\/sheilahughmackay.ca\/wp-content\/uploads\/2016\/10\/5-Work-in-progress-250x250.jpg 250w\" sizes=\"(max-width: 150px) 100vw, 150px\" \/><\/a>\n\t\t\t<\/div><\/figure><figure class='gallery-item'>\n\t\t\t<div class='gallery-icon portrait'>\n\t\t\t\t<a href='https:\/\/sheilahughmackay.ca\/wp-content\/uploads\/2016\/10\/4-Jim-Boyd-inspiring-youth.jpg'><img width=\"150\" height=\"150\" src=\"https:\/\/sheilahughmackay.ca\/wp-content\/uploads\/2016\/10\/4-Jim-Boyd-inspiring-youth-150x150.jpg\" class=\"attachment-thumbnail size-thumbnail\" alt=\"\" loading=\"lazy\" srcset=\"https:\/\/sheilahughmackay.ca\/wp-content\/uploads\/2016\/10\/4-Jim-Boyd-inspiring-youth-150x150.jpg 150w, https:\/\/sheilahughmackay.ca\/wp-content\/uploads\/2016\/10\/4-Jim-Boyd-inspiring-youth-73x73.jpg 73w, https:\/\/sheilahughmackay.ca\/wp-content\/uploads\/2016\/10\/4-Jim-Boyd-inspiring-youth-174x174.jpg 174w, https:\/\/sheilahughmackay.ca\/wp-content\/uploads\/2016\/10\/4-Jim-Boyd-inspiring-youth-250x250.jpg 250w\" sizes=\"(max-width: 150px) 100vw, 150px\" \/><\/a>\n\t\t\t<\/div><\/figure>\n\t\t<\/div>\n\n<ul class=\"bio-links\">\n<li>A letter from a Sculpture SJ intern &#8211; <a href=\"http:\/\/sheilahughmackay.ca\/\/wp-content\/uploads\/resources\/Stu%20Ryan%27s%20comments%20on%20impact.pdf\">download PDF<\/a><\/li>\n<li>Go to <a href=\"http:\/\/sculpturesaintjohn.com\/\">Sculpture SJ website<\/a><\/li>\n<\/ul>\n<p><\/p>","protected":false},"excerpt":{"rendered":"<p>Le Symposium international de la sculpture du Nouveau-Brunswick Le symposium international de la sculpture du Nouveau-Brunswick de Sculpture Saint John 2014 a obtenu 20\u00a0000\u00a0$ pour l\u2019\u00e9laboration d\u2019un volet \u00e9ducatif. La Fondation Sheila Hugh Mackay \u00e9tait fi\u00e8re de parrainer une large gamme de possibilit\u00e9s \u00e9ducatives associ\u00e9es \u00e0 la cr\u00e9ation et \u00e0 l\u2019installation de sculptures destin\u00e9es \u00e0<a href=\"https:\/\/sheilahughmackay.ca\/fr\/subventions\/les-sheila\/les-sheilas-2013\/subventions-sheila-2013-sculpture-sj\/\">[&#8230;]<\/a><\/p>\n","protected":false},"author":1,"featured_media":0,"parent":3804,"menu_order":0,"comment_status":"closed","ping_status":"closed","template":"","meta":[],"_links":{"self":[{"href":"https:\/\/sheilahughmackay.ca\/fr\/wp-json\/wp\/v2\/pages\/3815"}],"collection":[{"href":"https:\/\/sheilahughmackay.ca\/fr\/wp-json\/wp\/v2\/pages"}],"about":[{"href":"https:\/\/sheilahughmackay.ca\/fr\/wp-json\/wp\/v2\/types\/page"}],"author":[{"embeddable":true,"href":"https:\/\/sheilahughmackay.ca\/fr\/wp-json\/wp\/v2\/users\/1"}],"replies":[{"embeddable":true,"href":"https:\/\/sheilahughmackay.ca\/fr\/wp-json\/wp\/v2\/comments?post=3815"}],"version-history":[{"count":4,"href":"https:\/\/sheilahughmackay.ca\/fr\/wp-json\/wp\/v2\/pages\/3815\/revisions"}],"predecessor-version":[{"id":5532,"href":"https:\/\/sheilahughmackay.ca\/fr\/wp-json\/wp\/v2\/pages\/3815\/revisions\/5532"}],"up":[{"embeddable":true,"href":"https:\/\/sheilahughmackay.ca\/fr\/wp-json\/wp\/v2\/pages\/3804"}],"wp:attachment":[{"href":"https:\/\/sheilahughmackay.ca\/fr\/wp-json\/wp\/v2\/media?parent=3815"}],"curies":[{"name":"wp","href":"https:\/\/api.w.org\/{rel}","templated":true}]}}