{"id":3820,"date":"2015-12-20T14:14:44","date_gmt":"2015-12-20T18:14:44","guid":{"rendered":"http:\/\/sheilahughmackay.com\/shmf\/?page_id=3820"},"modified":"2016-10-14T18:59:07","modified_gmt":"2016-10-14T21:59:07","slug":"sheila-grant-2015-artslinknb","status":"publish","type":"page","link":"https:\/\/sheilahughmackay.ca\/fr\/subventions\/les-sheila\/les-sheilas-2015\/subventions-sheila-2015-artslinknb\/","title":{"rendered":"Sheila Grant 2015 &#8211; ArtsLinkNB"},"content":{"rendered":"<p><\/p>\n<h2>&#8230; qui reconna\u00eet l\u2019importance du travail accompli pour favoriser la sensibilisation et le r\u00e9seautage &#8230;<\/h2>\n<p><a href=\"http:\/\/sheilahughmackay.ca\/\/wp-content\/uploads\/2015\/12\/artslinknb-logo.jpg\"><img loading=\"lazy\" src=\"http:\/\/sheilahughmackay.ca\/\/wp-content\/uploads\/2015\/12\/artslinknb-logo.jpg\" alt=\"artslinknb-logo\" width=\"160\" height=\"160\" class=\"alignleft size-full wp-image-3926\" \/><\/a>ArtsLinkNB a \u00e9t\u00e9 retenu pour la subvention 2015 en infrastructure qui reconna\u00eet l\u2019importance du travail accompli pour favoriser la sensibilisation et le r\u00e9seautage dans la province et au-del\u00e0. Fond\u00e9 en 2009, ArtsLink a \u00e9volu\u00e9 pour devenir une force \u00e9ducative et promotionnelle pour les arts et la culture. Des am\u00e9liorations technologiques \u00e9taient n\u00e9cessaires pour faire avancer le travail d\u2019ArtsLink vers la cr\u00e9ation d\u2019un bulletin \u00e9lectronique provincial donnant aux artistes, aux \u00e9tablissements artistiques et au grand public, une voie informatique d\u00e9di\u00e9e aux affaires culturelles.<\/p>\n<p>La directrice g\u00e9n\u00e9rale de la Fondation, Kathryn McCarroll f\u00e9licite le conseil d\u2019administration d\u2019ArtsLink pour sa vision. Le d\u00e9vouement consacr\u00e9 par sa directrice, Kate Wallace, et par sa responsable des communications, Julie Whiteneck, \u00e0 l\u2019\u00e9laboration du projet a plac\u00e9 ArtsLink en bonne position pour promouvoir la culture au Nouveau-Brunswick.<\/p>\n<ul class=\"bio-links\">\n<li><a href=\"http:\/\/artslinknb.com\/\">ArtsLinkNB<\/a><\/li>\n<\/ul>\n<p><\/p>","protected":false},"excerpt":{"rendered":"<p>&#8230; qui reconna\u00eet l\u2019importance du travail accompli pour favoriser la sensibilisation et le r\u00e9seautage &#8230; ArtsLinkNB a \u00e9t\u00e9 retenu pour la subvention 2015 en infrastructure qui reconna\u00eet l\u2019importance du travail accompli pour favoriser la sensibilisation et le r\u00e9seautage dans la province et au-del\u00e0. Fond\u00e9 en 2009, ArtsLink a \u00e9volu\u00e9 pour devenir une force \u00e9ducative et<a href=\"https:\/\/sheilahughmackay.ca\/fr\/subventions\/les-sheila\/les-sheilas-2015\/subventions-sheila-2015-artslinknb\/\">[&#8230;]<\/a><\/p>\n","protected":false},"author":1,"featured_media":0,"parent":3720,"menu_order":6,"comment_status":"closed","ping_status":"closed","template":"","meta":[],"_links":{"self":[{"href":"https:\/\/sheilahughmackay.ca\/fr\/wp-json\/wp\/v2\/pages\/3820"}],"collection":[{"href":"https:\/\/sheilahughmackay.ca\/fr\/wp-json\/wp\/v2\/pages"}],"about":[{"href":"https:\/\/sheilahughmackay.ca\/fr\/wp-json\/wp\/v2\/types\/page"}],"author":[{"embeddable":true,"href":"https:\/\/sheilahughmackay.ca\/fr\/wp-json\/wp\/v2\/users\/1"}],"replies":[{"embeddable":true,"href":"https:\/\/sheilahughmackay.ca\/fr\/wp-json\/wp\/v2\/comments?post=3820"}],"version-history":[{"count":8,"href":"https:\/\/sheilahughmackay.ca\/fr\/wp-json\/wp\/v2\/pages\/3820\/revisions"}],"predecessor-version":[{"id":5434,"href":"https:\/\/sheilahughmackay.ca\/fr\/wp-json\/wp\/v2\/pages\/3820\/revisions\/5434"}],"up":[{"embeddable":true,"href":"https:\/\/sheilahughmackay.ca\/fr\/wp-json\/wp\/v2\/pages\/3720"}],"wp:attachment":[{"href":"https:\/\/sheilahughmackay.ca\/fr\/wp-json\/wp\/v2\/media?parent=3820"}],"curies":[{"name":"wp","href":"https:\/\/api.w.org\/{rel}","templated":true}]}}