{"id":3834,"date":"2016-01-12T22:15:55","date_gmt":"2016-01-13T02:15:55","guid":{"rendered":"http:\/\/sheilahughmackay.com\/shmf\/?page_id=3834"},"modified":"2016-10-11T15:52:09","modified_gmt":"2016-10-11T18:52:09","slug":"postpage-name","status":"publish","type":"page","link":"https:\/\/sheilahughmackay.ca\/fr\/subventions\/les-sheila\/les-sheilas-2015\/subvention-sheila-2015-bdc\/","title":{"rendered":"Sheila Grant 2015 \u2013 BDC"},"content":{"rendered":"<p><\/p>\n<h2>Un colloque &#8230; pour traiter des lacunes sur le plan des possibilit\u00e9s, du soutien et des services offerts aux artistes &#8230;<\/h2>\n<p><a href=\"http:\/\/sheilahughmackay.ca\/\/wp-content\/uploads\/2016\/01\/BDC-logo.jpg\"><img loading=\"lazy\" src=\"http:\/\/sheilahughmackay.ca\/\/wp-content\/uploads\/2016\/01\/BDC-logo-320x98.jpg\" alt=\"BDC-logo\" width=\"320\" height=\"98\" class=\"alignleft size-medium wp-image-3839\" \/><\/a><\/p>\n<p>La Fondation Sheila Hugh Mackay est fi\u00e8re d\u2019avoir fait partie des nombreux commanditaires du premier Symposium Baie des Chaleurs, qui a eu lieu \u00e0 Balmoral, au Nouveau-Brunswick, du 25 au 27\u00a0septembre 2015. Un comit\u00e9 de s\u00e9lection ind\u00e9pendant avait choisi ce projet pour le potentiel qu\u2019il pr\u00e9sentait de renforcer consid\u00e9rablement l\u2019infrastructure accessible aux artistes dans la r\u00e9gion du Restigouche.<\/p>\n<p><a href=\"http:\/\/sheilahughmackay.ca\/\/wp-content\/uploads\/2016\/01\/BDC-02.jpg\"><img loading=\"lazy\" src=\"http:\/\/sheilahughmackay.ca\/\/wp-content\/uploads\/2016\/01\/BDC-02-640x197.jpg\" alt=\"BDC-02\" width=\"640\" height=\"197\" class=\"aligncenter size-large wp-image-3838\" \/><\/a><\/p>\n<p>Symposium BDC est un organisme \u00e0 but non lucratif fond\u00e9 en 2015 pour renforcer et \u00e9largir le tissu culturel de la r\u00e9gion du Restigouche. Se donnant pour but de combler les lacunes sur le plan des possibilit\u00e9s, du soutien et des services offerts aux artistes, un groupe de b\u00e9n\u00e9voles d\u00e9vou\u00e9s a cr\u00e9\u00e9 Symposium BDC et organis\u00e9 une conf\u00e9rence et une vitrine d\u2019une fin de semaine sur l\u2019art r\u00e9gional.<\/p>\n<p><a href=\"http:\/\/sheilahughmackay.ca\/\/wp-content\/uploads\/2016\/01\/BDC-01.jpg\"><img loading=\"lazy\" src=\"http:\/\/sheilahughmackay.ca\/\/wp-content\/uploads\/2016\/01\/BDC-01-640x197.jpg\" alt=\"BDC-01\" width=\"640\" height=\"197\" class=\"aligncenter size-large wp-image-3840\" \/><\/a><\/p>\n<p>Une exposition-concours pr\u00e9sentait des \u0153uvres de 29 artistes\u00a0:  Jesse Babin, Agathe Barriault, Jocelyn (Bujold) Blanchard, Maurice Cormier, Patsy Cormier, Monick Desjardins, Carole Doucet, Thelma Doucet, Sophie Dub\u00e9, Lorraine Eadie Gaudin Higgs, Adrienne Elfner-Hazen, Rita May Gates, Rachel Hach\u00e9, Simonne Henry, Charlie Lanteigne, Carole LeBlanc, Madeleine LeBlanc Chiasson, Brigitte Leboutillier, Amber L\u00e9ger, Marie-Claire Marin, Rh\u00e9al McIntyre, Dyane Nowlan, M\u00e9lanie Parent, Sylvie Pilotte, R\u00e9jean Roy, Jacquie Savoie, Melindria Tavoularis and Lise Ulrich. Un volet \u00e9ducatif offrait des ateliers, des d\u00e9monstrations et une discussion dirig\u00e9e par des personnalit\u00e9s provinciales du milieu des arts.<\/p>\n<p>La porte-parole du symposium, Anne Babin, une artiste de Dalhousie, a re\u00e7u les \u00e9loges de sa communaut\u00e9 pour avoir assum\u00e9 le leadership de ce mouvement communautaire. Son travail de r\u00e9seautage et de planification a eu une grande influence sur l\u2019infrastructure dont peuvent profiter les artistes de la r\u00e9gion de la baie des Chaleurs. Actuellement, le conseil d\u2019administration de BDC planifie la tenue d\u2019un \u00e9v\u00e9nement \u00e0 Atholville en 2016, \u00e0 Dalhousie en 2017 et \u00e0 Campbellton en 2018.<\/p>\n<ul class=\"bio-links\"><\/ul>\n<p><\/p>","protected":false},"excerpt":{"rendered":"<p>Un colloque &#8230; pour traiter des lacunes sur le plan des possibilit\u00e9s, du soutien et des services offerts aux artistes &#8230; La Fondation Sheila Hugh Mackay est fi\u00e8re d\u2019avoir fait partie des nombreux commanditaires du premier Symposium Baie des Chaleurs, qui a eu lieu \u00e0 Balmoral, au Nouveau-Brunswick, du 25 au 27\u00a0septembre 2015. Un comit\u00e9<a href=\"https:\/\/sheilahughmackay.ca\/fr\/subventions\/les-sheila\/les-sheilas-2015\/subvention-sheila-2015-bdc\/\">[&#8230;]<\/a><\/p>\n","protected":false},"author":1,"featured_media":0,"parent":3720,"menu_order":5,"comment_status":"closed","ping_status":"closed","template":"","meta":[],"_links":{"self":[{"href":"https:\/\/sheilahughmackay.ca\/fr\/wp-json\/wp\/v2\/pages\/3834"}],"collection":[{"href":"https:\/\/sheilahughmackay.ca\/fr\/wp-json\/wp\/v2\/pages"}],"about":[{"href":"https:\/\/sheilahughmackay.ca\/fr\/wp-json\/wp\/v2\/types\/page"}],"author":[{"embeddable":true,"href":"https:\/\/sheilahughmackay.ca\/fr\/wp-json\/wp\/v2\/users\/1"}],"replies":[{"embeddable":true,"href":"https:\/\/sheilahughmackay.ca\/fr\/wp-json\/wp\/v2\/comments?post=3834"}],"version-history":[{"count":7,"href":"https:\/\/sheilahughmackay.ca\/fr\/wp-json\/wp\/v2\/pages\/3834\/revisions"}],"predecessor-version":[{"id":5387,"href":"https:\/\/sheilahughmackay.ca\/fr\/wp-json\/wp\/v2\/pages\/3834\/revisions\/5387"}],"up":[{"embeddable":true,"href":"https:\/\/sheilahughmackay.ca\/fr\/wp-json\/wp\/v2\/pages\/3720"}],"wp:attachment":[{"href":"https:\/\/sheilahughmackay.ca\/fr\/wp-json\/wp\/v2\/media?parent=3834"}],"curies":[{"name":"wp","href":"https:\/\/api.w.org\/{rel}","templated":true}]}}