{"id":3844,"date":"2016-01-12T23:00:32","date_gmt":"2016-01-13T03:00:32","guid":{"rendered":"http:\/\/sheilahughmackay.com\/shmf\/?page_id=3844"},"modified":"2016-10-12T17:49:57","modified_gmt":"2016-10-12T20:49:57","slug":"sheila-grant-2014-fbg","status":"publish","type":"page","link":"https:\/\/sheilahughmackay.ca\/fr\/subventions\/les-sheila\/les-sheilas-2014\/subventions-sheila-2014-fbg\/","title":{"rendered":"Sheila Grant 2014 \u2013 FBG"},"content":{"rendered":"<p><img loading=\"lazy\" class=\"aligncenter wp-image-5301 size-large\" src=\"http:\/\/sheilahughmackay.ca\/\/wp-content\/uploads\/2016\/01\/3-ROB_0330-group-1024x684.jpg\" alt=\"3-rob_0330-group\" width=\"640\" height=\"428\" srcset=\"https:\/\/sheilahughmackay.ca\/wp-content\/uploads\/2016\/01\/3-ROB_0330-group.jpg 1024w, https:\/\/sheilahughmackay.ca\/wp-content\/uploads\/2016\/01\/3-ROB_0330-group-300x200.jpg 300w, https:\/\/sheilahughmackay.ca\/wp-content\/uploads\/2016\/01\/3-ROB_0330-group-768x513.jpg 768w, https:\/\/sheilahughmackay.ca\/wp-content\/uploads\/2016\/01\/3-ROB_0330-group-750x500.jpg 750w\" sizes=\"(max-width: 640px) 100vw, 640px\" \/><\/p>\n<h2>&#8230; pour l\u2019apport durable que repr\u00e9sente ce cadeau \u00e0 Fredericton.<\/h2>\n<p><div id=\"attachment_3856\" style=\"width: 271px\" class=\"wp-caption alignleft\"><a href=\"http:\/\/sheilahughmackay.ca\/\/wp-content\/uploads\/2016\/01\/James-Boyd.jpg\"><img aria-describedby=\"caption-attachment-3856\" loading=\"lazy\" class=\"size-full wp-image-3856\" src=\"http:\/\/sheilahughmackay.ca\/\/wp-content\/uploads\/2016\/01\/James-Boyd.jpg\" alt=\"James Boyd\" width=\"261\" height=\"300\" \/><\/a><p id=\"caption-attachment-3856\" class=\"wp-caption-text\"><em>James Boyd<\/em><\/p><\/div>Le 11 juin 2016, on a d\u00e9voil\u00e9 officiellement Rhodo, une sculpture en granit de huit pieds de l\u2019artiste de Hampton Jim Boyd au Jardin botanique de Fredericton. Le concept de M. Boyd, un bouton g\u00e9ant de rhododendron, a \u00e9t\u00e9 inspir\u00e9 par la promesse du printemps et de la renaissance, qu\u2019il a pressentie lors de sa visite du site par une froide journ\u00e9e de janvier. L\u2019\u0153uvre de M. Boyd exprime son lien profond avec la nature. \u00ab J\u2019ai \u00e9t\u00e9 \u00e9mu par la beaut\u00e9 des plantes, mais aussi par leur puissance qui leur permet de supporter l\u2019hiver et d\u2019\u00e9clore au printemps. \u00bb<\/p>\n<p>Dans le cadre du plan culturel adopt\u00e9 r\u00e9cemment, Fredericton s\u2019efforce de rehausser la qualit\u00e9 de vie en favorisant l\u2019installation d\u2019art civique. Sous la direction d\u2019Angela Watson, agente de d\u00e9veloppement culturel pour la Ville de Fredericton, le populaire jardin a \u00e9t\u00e9 choisi pour l\u2019implantation du projet 2014-2016. En plus d\u2019\u00eatre un lieu d\u2019interpr\u00e9tation des plantes et des fleurs, ce jardin, qui s\u2019\u00e9tend sur 22 hectares au coeur de la ville, sert \u00e0 une vari\u00e9t\u00e9 d\u2019activit\u00e9s r\u00e9cr\u00e9atives, c\u00e9r\u00e9moniales et culturelles. Le concept sugg\u00e9r\u00e9 par M. Boyd a \u00e9t\u00e9 choisi lors d\u2019un concours public.<\/p>\n<p>La maire adjointe de Fredericton, Kate Rogers, a proc\u00e9d\u00e9 au d\u00e9voilement et d\u00e9clar\u00e9 : \u00ab Nous tentons d\u2019int\u00e9grer la culture dans le quotidien des gens. Nous sommes reconnaissants \u00e0 la Fondation Sheila Hugh Mackay pour l\u2019apport durable que repr\u00e9sente ce cadeau \u00e0 Fredericton. \u00bb<\/p>\n<p><div id='gallery-2' class='gallery galleryid-3844 gallery-columns-3 gallery-size-thumbnail'><figure class='gallery-item'>\n\t\t\t<div class='gallery-icon landscape'>\n\t\t\t\t<a href='https:\/\/sheilahughmackay.ca\/wp-content\/uploads\/2016\/01\/1-ROB_0200-Rhodo-Side-Afar.jpg'><img width=\"150\" height=\"150\" src=\"https:\/\/sheilahughmackay.ca\/wp-content\/uploads\/2016\/01\/1-ROB_0200-Rhodo-Side-Afar-150x150.jpg\" class=\"attachment-thumbnail size-thumbnail\" alt=\"\" loading=\"lazy\" srcset=\"https:\/\/sheilahughmackay.ca\/wp-content\/uploads\/2016\/01\/1-ROB_0200-Rhodo-Side-Afar-150x150.jpg 150w, https:\/\/sheilahughmackay.ca\/wp-content\/uploads\/2016\/01\/1-ROB_0200-Rhodo-Side-Afar-73x73.jpg 73w, https:\/\/sheilahughmackay.ca\/wp-content\/uploads\/2016\/01\/1-ROB_0200-Rhodo-Side-Afar-174x174.jpg 174w, https:\/\/sheilahughmackay.ca\/wp-content\/uploads\/2016\/01\/1-ROB_0200-Rhodo-Side-Afar-250x250.jpg 250w\" sizes=\"(max-width: 150px) 100vw, 150px\" \/><\/a>\n\t\t\t<\/div><\/figure><figure class='gallery-item'>\n\t\t\t<div class='gallery-icon landscape'>\n\t\t\t\t<a href='https:\/\/sheilahughmackay.ca\/wp-content\/uploads\/2016\/01\/2-ROB_0207-Plaque.jpg'><img width=\"150\" height=\"150\" src=\"https:\/\/sheilahughmackay.ca\/wp-content\/uploads\/2016\/01\/2-ROB_0207-Plaque-150x150.jpg\" class=\"attachment-thumbnail size-thumbnail\" alt=\"\" loading=\"lazy\" srcset=\"https:\/\/sheilahughmackay.ca\/wp-content\/uploads\/2016\/01\/2-ROB_0207-Plaque-150x150.jpg 150w, https:\/\/sheilahughmackay.ca\/wp-content\/uploads\/2016\/01\/2-ROB_0207-Plaque-73x73.jpg 73w, https:\/\/sheilahughmackay.ca\/wp-content\/uploads\/2016\/01\/2-ROB_0207-Plaque-174x174.jpg 174w, https:\/\/sheilahughmackay.ca\/wp-content\/uploads\/2016\/01\/2-ROB_0207-Plaque-250x250.jpg 250w\" sizes=\"(max-width: 150px) 100vw, 150px\" \/><\/a>\n\t\t\t<\/div><\/figure><figure class='gallery-item'>\n\t\t\t<div class='gallery-icon portrait'>\n\t\t\t\t<a href='https:\/\/sheilahughmackay.ca\/wp-content\/uploads\/2016\/01\/4-ROB_0567-Jim-leaning-on-Rhodo.jpg'><img width=\"150\" height=\"150\" src=\"https:\/\/sheilahughmackay.ca\/wp-content\/uploads\/2016\/01\/4-ROB_0567-Jim-leaning-on-Rhodo-150x150.jpg\" class=\"attachment-thumbnail size-thumbnail\" alt=\"\" loading=\"lazy\" srcset=\"https:\/\/sheilahughmackay.ca\/wp-content\/uploads\/2016\/01\/4-ROB_0567-Jim-leaning-on-Rhodo-150x150.jpg 150w, https:\/\/sheilahughmackay.ca\/wp-content\/uploads\/2016\/01\/4-ROB_0567-Jim-leaning-on-Rhodo-73x73.jpg 73w, https:\/\/sheilahughmackay.ca\/wp-content\/uploads\/2016\/01\/4-ROB_0567-Jim-leaning-on-Rhodo-174x174.jpg 174w, https:\/\/sheilahughmackay.ca\/wp-content\/uploads\/2016\/01\/4-ROB_0567-Jim-leaning-on-Rhodo-250x250.jpg 250w\" sizes=\"(max-width: 150px) 100vw, 150px\" \/><\/a>\n\t\t\t<\/div><\/figure>\n\t\t<\/div>\n<\/p>","protected":false},"excerpt":{"rendered":"<p>&#8230; pour l\u2019apport durable que repr\u00e9sente ce cadeau \u00e0 Fredericton. Le 11 juin 2016, on a d\u00e9voil\u00e9 officiellement Rhodo, une sculpture en granit de huit pieds de l\u2019artiste de Hampton Jim Boyd au Jardin botanique de Fredericton. Le concept de M. Boyd, un bouton g\u00e9ant de rhododendron, a \u00e9t\u00e9 inspir\u00e9 par la promesse du printemps<a href=\"https:\/\/sheilahughmackay.ca\/fr\/subventions\/les-sheila\/les-sheilas-2014\/subventions-sheila-2014-fbg\/\">[&#8230;]<\/a><\/p>\n","protected":false},"author":1,"featured_media":0,"parent":3795,"menu_order":2,"comment_status":"closed","ping_status":"closed","template":"","meta":[],"_links":{"self":[{"href":"https:\/\/sheilahughmackay.ca\/fr\/wp-json\/wp\/v2\/pages\/3844"}],"collection":[{"href":"https:\/\/sheilahughmackay.ca\/fr\/wp-json\/wp\/v2\/pages"}],"about":[{"href":"https:\/\/sheilahughmackay.ca\/fr\/wp-json\/wp\/v2\/types\/page"}],"author":[{"embeddable":true,"href":"https:\/\/sheilahughmackay.ca\/fr\/wp-json\/wp\/v2\/users\/1"}],"replies":[{"embeddable":true,"href":"https:\/\/sheilahughmackay.ca\/fr\/wp-json\/wp\/v2\/comments?post=3844"}],"version-history":[{"count":11,"href":"https:\/\/sheilahughmackay.ca\/fr\/wp-json\/wp\/v2\/pages\/3844\/revisions"}],"predecessor-version":[{"id":5411,"href":"https:\/\/sheilahughmackay.ca\/fr\/wp-json\/wp\/v2\/pages\/3844\/revisions\/5411"}],"up":[{"embeddable":true,"href":"https:\/\/sheilahughmackay.ca\/fr\/wp-json\/wp\/v2\/pages\/3795"}],"wp:attachment":[{"href":"https:\/\/sheilahughmackay.ca\/fr\/wp-json\/wp\/v2\/media?parent=3844"}],"curies":[{"name":"wp","href":"https:\/\/api.w.org\/{rel}","templated":true}]}}