{"id":4731,"date":"2016-03-09T17:27:53","date_gmt":"2016-03-09T21:27:53","guid":{"rendered":"http:\/\/sheilahughmackay.ca\/shmf\/?page_id=4731"},"modified":"2025-08-12T10:07:09","modified_gmt":"2025-08-12T13:07:09","slug":"strathbutler-recipients","status":"publish","type":"page","link":"https:\/\/sheilahughmackay.ca\/fr\/les-prix\/la-prix-strathbutler\/recipiendaire-strathbutler\/","title":{"rendered":"R\u00e9cipiendaire Strathbutler"},"content":{"rendered":"<p><\/p>\n<p style=\"text-align: center;\"><strong>STRATHBUTLER ARTISTS 1991 \u2013 2023<\/strong><\/p>\n<p style=\"text-align: center;\"><strong>UN H\u0116ITAGE D\u2019EXCELLENCE EN ARTS VISUELS AU NOUVEAU-BRUNSWICK<\/strong><\/p>\n<p>Le prix Strathbutler est un prix bisannuel de 25 000 $ qui reconna\u00eet les artistes visuels de tous les m\u00e9dias qui ont atteint l\u2019excellence dans leurs domaines tout en ayant apport\u00e9 une contribution substantielle sur une p\u00e9riode de temps significative dans la province du Nouveau-Brunswick.\u00a0 Depuis 1991, la Fondation Sheila Hugh Mackay reconna\u00eet les artistes exceptionnels du Nouveau-Brunswick en leur d\u00e9cernant cette distinction fond\u00e9e sur les d\u00e9lib\u00e9rations d\u2019un jury ind\u00e9pendant compos\u00e9 d\u2019experts qualifi\u00e9s dans le domaine des arts visuels.<\/p>\n<p>1991 <a href=\"http:\/\/sheilahughmackay.ca\/\/?p=42\">John Hooper<\/a> &#8211; Sculptor\/Sculpteur<br \/>\n1992 <a href=\"http:\/\/sheilahughmackay.ca\/\/?p=49\">Tom Smith<\/a> &#8211; Potter\/Potier<br \/>\n1993 <a href=\"http:\/\/sheilahughmackay.ca\/\/?p=60\">Peter Powning<\/a> &#8211; Multi-media\/Multi-m\u00e9dia<br \/>\n1994 <a href=\"http:\/\/sheilahughmackay.ca\/\/?p=95\">Kathy Hooper<\/a> &#8211; Painter\/Peindre<br \/>\n1995 <a href=\"http:\/\/sheilahughmackay.ca\/\/?p=99\">Nel Oudemans<\/a> &#8211; Weaver\/Tissande<br \/>\n1996 <a href=\"http:\/\/sheilahughmackay.ca\/\/?p=104\">Marie H\u00e9l\u00e8ne Allain<\/a> &#8211; Sculptor\/Sculpteur<br \/>\n1997 <a href=\"http:\/\/sheilahughmackay.ca\/\/?p=115\">Freeman Patterson<\/a> &#8211; Photographer\/Photographe<br \/>\n1998 <a href=\"http:\/\/sheilahughmackay.ca\/\/?p=223\">Rom\u00e9o Savoie<\/a> &#8211; Painter\/Peindre<br \/>\n1999 <a href=\"http:\/\/sheilahughmackay.ca\/\/?p=229\">Suzanne Hill<\/a> &#8211; Painter\/Peindre<br \/>\n2000 <a href=\"http:\/\/sheilahughmackay.ca\/\/?p=235\">Rick Burns<\/a> &#8211; Painter\/Peindre<br \/>\n2001 <a href=\"http:\/\/sheilahughmackay.ca\/\/?p=237\">Gerard Collins<\/a> &#8211; Painter\/Peindre<br \/>\n2002 <a href=\"http:\/\/sheilahughmackay.ca\/\/?p=240\">Gordon Dunphy<\/a> &#8211; Wood Turner\/Tourner sur bois<br \/>\n2003 <a href=\"http:\/\/sheilahughmackay.ca\/\/?p=245\">Thaddeus Holownia<\/a> &#8211; Photographer\/Photographe<br \/>\n2004 <a href=\"http:\/\/sheilahughmackay.ca\/\/?p=252\">Janice Wright Cheney<\/a> &#8211; Multi-media\/Multi-m\u00e9dia<br \/>\n2005 <a href=\"http:\/\/sheilahughmackay.ca\/\/?p=257\">Andr\u00e9 Lapointe<\/a> &#8211; Sculptor\/Sculpteur<br \/>\n2006 <a href=\"http:\/\/sheilahughmackay.ca\/\/?p=261\">Brigitte Clavette<\/a> &#8211; Metalsmith\/Arts du m\u00e9tal<br \/>\n2007 <a href=\"http:\/\/sheilahughmackay.ca\/\/?p=266\">Dan Steeves<\/a> &#8211; Printmaker\/Graveur<br \/>\n2008 <a href=\"http:\/\/sheilahughmackay.ca\/\/?p=271\">Anna Torma<\/a> &#8211; Fiber Artist\/Artiste textile<br \/>\n2009 <a href=\"http:\/\/sheilahughmackay.ca\/\/?p=275\">David Umholtz<\/a> &#8211; Printmaker\/Graveur<br \/>\n2010 <a href=\"http:\/\/sheilahughmackay.ca\/\/?p=278\">Linda Rae Dornan<\/a> &#8211; Multi-media\/Multi-m\u00e9dia<br \/>\n2011 <a href=\"http:\/\/sheilahughmackay.ca\/\/?p=1933\">Herzl Kashetsky<\/a> &#8211; Painter\/Peindre<br \/>\n2013 <a href=\"http:\/\/sheilahughmackay.ca\/\/?p=2302\">Susan Vida Judah<\/a> &#8211; Weaver\/Tissande<br \/>\n2015 <a href=\"http:\/\/sheilahughmackay.ca\/\/?p=3164\">Paul Mathieson<\/a> &#8211; Painter\/Peindre<br \/>\n2017 <a href=\"http:\/\/sheilahughmackay.ca\/\/?p=5840\">Herm\u00e9n\u00e9gilde Chiasson<\/a> &#8211; Multi-Media\/Multi-m\u00e9dia<br \/>\n2019 <a href=\"https:\/\/sheilahughmackay.ca\/strathbutler-artists\/bruce-gray\/\">Bruce Gray<\/a> &#8211; Furniture Maker\/Artisan de bois<br \/>\n2021 <a href=\"https:\/\/sheilahughmackay.ca\/strathbutler-artists\/mathieu-leger\/\">Mathieu L\u00e9ger<\/a> &#8211; Multi-media\/Multi-m\u00e9dia<br \/>\n2023 <a href=\"https:\/\/sheilahughmackay.ca\/fr\/artistes-strathbutler\/john-murchie\/\">John Murchie<\/a> &#8211; Painter\/Peindre<br \/>\n2025 <a href=\"https:\/\/sheilahughmackay.ca\/fr\/artistes-strathbutler\/judy-blake\/\">Judy Blake<\/a> &#8211; Ceramic Artist\/Artiste c\u00e9ramiste<\/p>\n<p><!--\n\n\n<div class=\"post-title-list\" style=\"float: left; width: 40%;\">2021 <a href=\"https:\/\/sheilahughmackay.ca\/strathbutler-artists\/mathieu-leger\/\">Mathieu L\u00e9ger<\/a>\n2019 <a href=\"https:\/\/sheilahughmackay.ca\/strathbutler-artists\/bruce-gray\/\">Bruce Gray<\/a>\n2017 <a href=\"http:\/\/sheilahughmackay.ca\/\/fr\/?p=5840\">Herm\u00e9n\u00e9gilde Chiasson<\/a>\n2015 <a href=\"http:\/\/sheilahughmackay.ca\/\/fr\/?p=3164\">Paul Mathieson<\/a>\n2013 <a href=\"http:\/\/sheilahughmackay.ca\/\/fr\/?p=2302\">Susan Vida Judah<\/a>\n2011 <a href=\"http:\/\/sheilahughmackay.ca\/\/fr\/?p=1933\">Herzl Kashetsky<\/a>\n2010 <a href=\"http:\/\/sheilahughmackay.ca\/\/fr\/?p=278\">Linda Rae Dornan<\/a>\n2009 <a href=\"http:\/\/sheilahughmackay.ca\/\/fr\/?p=275\">David Umholtz<\/a>\n2008 <a href=\"http:\/\/sheilahughmackay.ca\/\/fr\/?p=271\">Anna Torma<\/a>\n2007 <a href=\"http:\/\/sheilahughmackay.ca\/\/fr\/?p=266\">Dan Steeves<\/a>\n2006 <a href=\"http:\/\/sheilahughmackay.ca\/\/fr\/?p=261\">Brigitte Clavette<\/a>\n2005 <a href=\"http:\/\/sheilahughmackay.ca\/\/fr\/?p=257\">Andr\u00e9 Lapointe<\/a>\n2004 <a href=\"http:\/\/sheilahughmackay.ca\/\/fr\/?p=252\">Janice Wright Cheney<\/a><\/div>\n\n\n\n\n<div class=\"post-title-list\" style=\"float: left; width: 40%;\">2003 <a href=\"http:\/\/sheilahughmackay.ca\/\/fr\/?p=245\">Thaddeus Holownia<\/a>\n2002 <a href=\"http:\/\/sheilahughmackay.ca\/\/fr\/?p=240\">Gordon Dunphy<\/a>\n2001 <a href=\"http:\/\/sheilahughmackay.ca\/\/fr\/?p=237\">Gerard Collins<\/a>\n2000 <a href=\"http:\/\/sheilahughmackay.ca\/\/fr\/?p=235\">Rick Burns<\/a>\n1999 <a href=\"http:\/\/sheilahughmackay.ca\/\/fr\/?p=229\">Suzanne Hill<\/a>\n1998 <a href=\"http:\/\/sheilahughmackay.ca\/\/fr\/?p=223\">Rom\u00e9o Savoie<\/a>\n1997 <a href=\"http:\/\/sheilahughmackay.ca\/\/fr\/?p=115\">Freeman Patterson<\/a>\n1996 <a href=\"http:\/\/sheilahughmackay.ca\/\/fr\/?p=104\">Marie H\u00e9l\u00e8ne Allain<\/a>\n1995 <a href=\"http:\/\/sheilahughmackay.ca\/\/fr\/?p=99\">Nel Oudemans<\/a>\n1994 <a href=\"http:\/\/sheilahughmackay.ca\/\/fr\/?p=95\">Kathy Hooper<\/a>\n1993 <a href=\"http:\/\/sheilahughmackay.ca\/\/fr\/?p=60\">Peter Powning<\/a>\n1992 <a href=\"http:\/\/sheilahughmackay.ca\/\/fr\/?p=49\">Tom Smith<\/a>\n1991 <a href=\"http:\/\/sheilahughmackay.ca\/\/fr\/?p=42\">John Hooper<\/a><\/div>\n\n\n--><\/p>","protected":false},"excerpt":{"rendered":"<p>STRATHBUTLER ARTISTS 1991 \u2013 2023 UN H\u0116ITAGE D\u2019EXCELLENCE EN ARTS VISUELS AU NOUVEAU-BRUNSWICK Le prix Strathbutler est un prix bisannuel de 25 000 $ qui reconna\u00eet les artistes visuels de tous les m\u00e9dias qui ont atteint l\u2019excellence dans leurs domaines tout en ayant apport\u00e9 une contribution substantielle sur une p\u00e9riode de temps significative dans la<a href=\"https:\/\/sheilahughmackay.ca\/fr\/les-prix\/la-prix-strathbutler\/recipiendaire-strathbutler\/\">[&#8230;]<\/a><\/p>\n","protected":false},"author":1,"featured_media":0,"parent":27,"menu_order":2,"comment_status":"closed","ping_status":"closed","template":"","meta":[],"_links":{"self":[{"href":"https:\/\/sheilahughmackay.ca\/fr\/wp-json\/wp\/v2\/pages\/4731"}],"collection":[{"href":"https:\/\/sheilahughmackay.ca\/fr\/wp-json\/wp\/v2\/pages"}],"about":[{"href":"https:\/\/sheilahughmackay.ca\/fr\/wp-json\/wp\/v2\/types\/page"}],"author":[{"embeddable":true,"href":"https:\/\/sheilahughmackay.ca\/fr\/wp-json\/wp\/v2\/users\/1"}],"replies":[{"embeddable":true,"href":"https:\/\/sheilahughmackay.ca\/fr\/wp-json\/wp\/v2\/comments?post=4731"}],"version-history":[{"count":19,"href":"https:\/\/sheilahughmackay.ca\/fr\/wp-json\/wp\/v2\/pages\/4731\/revisions"}],"predecessor-version":[{"id":8315,"href":"https:\/\/sheilahughmackay.ca\/fr\/wp-json\/wp\/v2\/pages\/4731\/revisions\/8315"}],"up":[{"embeddable":true,"href":"https:\/\/sheilahughmackay.ca\/fr\/wp-json\/wp\/v2\/pages\/27"}],"wp:attachment":[{"href":"https:\/\/sheilahughmackay.ca\/fr\/wp-json\/wp\/v2\/media?parent=4731"}],"curies":[{"name":"wp","href":"https:\/\/api.w.org\/{rel}","templated":true}]}}