{"id":4796,"date":"2016-03-11T16:20:59","date_gmt":"2016-03-11T20:20:59","guid":{"rendered":"http:\/\/sheilahughmackay.ca\/shmf\/?page_id=4796"},"modified":"2021-04-23T16:45:59","modified_gmt":"2021-04-23T19:45:59","slug":"nel-blink-oudemans-1918-2002","status":"publish","type":"page","link":"https:\/\/sheilahughmackay.ca\/fr\/les-prix\/la-prix-nel-oudemans\/nel-blink-oudemans-1918-2002\/","title":{"rendered":"Nel Blink Oudemans 1918-2002"},"content":{"rendered":"<p><a href=\"http:\/\/sheilahughmackay.ca\/\/wp-content\/uploads\/2015\/07\/oudemans-port-bw1-e1437074375630-1.jpg\" rel=\"attachment wp-att-3563\"><img loading=\"lazy\" class=\"aligncenter size-medium wp-image-3563\" src=\"http:\/\/sheilahughmackay.ca\/\/wp-content\/uploads\/2015\/07\/oudemans-port-bw1-e1437074375630-1-240x300.jpg\" alt=\"Portrait of Nel Oudemans, Strathbutler Award 1995\" width=\"240\" height=\"300\" srcset=\"https:\/\/sheilahughmackay.ca\/wp-content\/uploads\/2015\/07\/oudemans-port-bw1-e1437074375630-1-240x300.jpg 240w, https:\/\/sheilahughmackay.ca\/wp-content\/uploads\/2015\/07\/oudemans-port-bw1-e1437074375630-1-100x125.jpg 100w, https:\/\/sheilahughmackay.ca\/wp-content\/uploads\/2015\/07\/oudemans-port-bw1-e1437074375630-1-150x188.jpg 150w, https:\/\/sheilahughmackay.ca\/wp-content\/uploads\/2015\/07\/oudemans-port-bw1-e1437074375630-1-200x250.jpg 200w, https:\/\/sheilahughmackay.ca\/wp-content\/uploads\/2015\/07\/oudemans-port-bw1-e1437074375630-1-300x375.jpg 300w, https:\/\/sheilahughmackay.ca\/wp-content\/uploads\/2015\/07\/oudemans-port-bw1-e1437074375630-1.jpg 400w\" sizes=\"(max-width: 240px) 100vw, 240px\" \/><\/a><br \/>\nPersonnage marquant de la renaissance de l\u2019artisanat canadien des Maritimes dans les ann\u00e9es 1970, Nel Oudemans a connu un parcours vers l\u2019excellence artistique empreint de r\u00e9solution devant l\u2019adversit\u00e9. N\u00e9e \u00e0 La Haye, Mme\u00a0Oudemans consacre sa jeunesse \u00e0 l\u2019\u00e9tude. Elle re\u00e7oit une formation classique en tissage et broderie de tapisserie \u00e0 la prestigieuse \u00e9cole de tissage S\u0101tergl\u0101ntan, en Su\u00e8de, et au studio Karen Prestard de Heidel, en Norv\u00e8ge. L\u2019occupation de sa patrie par les nazis lui impose de grands sacrifices personnels, et le bouleversement de la Deuxi\u00e8me Guerre mondiale interrompt sa carri\u00e8re artistique. En 1947, malgr\u00e9 l\u2019incertitude face \u00e0 l\u2019avenir, elle et son mari, Jack, quittent l\u2019Europe ravag\u00e9e par la guerre pour s\u2019\u00e9tablir au Canada. C\u2019est \u00e0 Fredericton, o\u00f9 elle et son mari s\u2019installent, que Mme Oudemans se consacre \u00e0 \u00e9lever sa jeune famille, mais devient rapidement une personne \u00e0 consulter dans la communaut\u00e9 artistique.<\/p>\n<div id=\"attachment_4797\" style=\"width: 252px\" class=\"wp-caption alignleft\"><a href=\"http:\/\/sheilahughmackay.ca\/\/wp-content\/uploads\/2016\/03\/Nel_Lord.jpg\" rel=\"attachment wp-att-4797\"><img aria-describedby=\"caption-attachment-4797\" loading=\"lazy\" class=\"size-medium wp-image-4797\" src=\"http:\/\/sheilahughmackay.ca\/\/wp-content\/uploads\/2016\/03\/Nel_Lord-242x300.jpg\" alt=\"Nel Oudemans et premier Bernard Lord\" width=\"242\" height=\"300\" srcset=\"https:\/\/sheilahughmackay.ca\/wp-content\/uploads\/2016\/03\/Nel_Lord-242x300.jpg 242w, https:\/\/sheilahughmackay.ca\/wp-content\/uploads\/2016\/03\/Nel_Lord.jpg 516w\" sizes=\"(max-width: 242px) 100vw, 242px\" \/><\/a><p id=\"caption-attachment-4797\" class=\"wp-caption-text\">Nel Oudemans et premier Bernard Lord<\/p><\/div>\n<p>Sa connaissance et son d\u00e9vouement envers l\u2019histoire et la tradition de l\u2019artisanat ont d\u00e9clench\u00e9 un renouveau d\u2019int\u00e9r\u00eat pour le tissage dans la communaut\u00e9 artistique locale. Son travail sous l\u2019\u00e9gide du New Brunswick College of Craft and Design la fait aimer comme enseignante et elle s\u2019impose comme mentor estim\u00e9. Les ann\u00e9es suivantes, son studio \u00e0 domicile devient un lieu de cr\u00e9ation, d\u2019enseignement, d\u2019encadrement et d\u2019encouragement.<\/p>\n<p>Mme\u00a0Oudemans travaille inlassablement \u00e0 la cr\u00e9ation des expositions-ventes qui ont lieu au Memorial Hall de l\u2019UNB pour No\u00ebl. Toute une nouvelle g\u00e9n\u00e9ration d\u2019artistes canadiens du textile puise son inspiration dans ses tapisseries en laine et lin tiss\u00e9es \u00e0 la main, sa signature personnelle, et dans ses couvre-lits, nappes et couvertures. Sa connaissance des techniques et patrons traditionnels font r\u00e9f\u00e9rence dans tout le pays. Son travail au lieu historique de Kings Landing est digne de mention, o\u00f9 elle a \u00e9t\u00e9 conseill\u00e8re technique pour l\u2019assemblage des m\u00e9tiers et la cr\u00e9ation de couvre-lits qui justement reconstituent fid\u00e8lement l\u2019histoire \u00e0 partir de ses patrons et techniques. Comme le disait Charlotte Glencross, en 1999, \u00e0 l\u2019inauguration d\u2019une exposition r\u00e9trospective, \u00ab\u00a0son \u0153uvre est un tour de force technique\u00a0\u00bb. Dorothy Burnham, conservatrice en arts textiles au Royal Ontario Museum a, pour sa part, qualifi\u00e9 Mme\u00a0Oudemans \u00ab\u00a0d\u2019une des artistes les plus dou\u00e9es dans cette partie du monde\u00a0\u00bb.<\/p>\n<p>De nombreuses distinctions ont soulign\u00e9 son mentorat in\u00e9puisable, sa ma\u00eetrise des patrons traditionnels et son travail de conception innovant.<\/p>\n<ul>\n<li>1978 Meilleure \u0153uvre de l\u2019exposition-concours de la biennale du Conseil des m\u00e9tiers d\u2019art du Nouveau-Brunswick<\/li>\n<li>1987 Membre honoraire du Conseil des m\u00e9tiers d\u2019art du Nouveau-Brunswick<\/li>\n<li>1989 Prix d\u2019excellence du festival d\u2019artisanat de Mactaquac<\/li>\n<li>1991 Fellow du New Brunswick College of Craft and Design<\/li>\n<li>1995 Prix Kjeld et Erica Deichman pour l\u2019excellence en artisanat<\/li>\n<li>1995 Prix Strathbutler d\u2019excellence artistique et contribution importante aux arts visuels<\/li>\n<\/ul>\n<div style=\"float: left; padding-top: 10px; padding-bottom: 15px;\">\n<div id=\"attachment_7424\" style=\"width: 190px\" class=\"wp-caption alignleft\"><a href=\"https:\/\/sheilahughmackay.ca\/wp-content\/uploads\/2021\/04\/Nel-BW-1970s.jpg\" target=\"_blank\" rel=\"noopener\"><img aria-describedby=\"caption-attachment-7424\" loading=\"lazy\" class=\"wp-image-7424\" src=\"https:\/\/sheilahughmackay.ca\/wp-content\/uploads\/2021\/04\/Nel-BW-1970s-254x360.jpg\" alt=\"\" width=\"180\" height=\"255\" srcset=\"https:\/\/sheilahughmackay.ca\/wp-content\/uploads\/2021\/04\/Nel-BW-1970s-254x360.jpg 254w, https:\/\/sheilahughmackay.ca\/wp-content\/uploads\/2021\/04\/Nel-BW-1970s-723x1024.jpg 723w, https:\/\/sheilahughmackay.ca\/wp-content\/uploads\/2021\/04\/Nel-BW-1970s-768x1087.jpg 768w, https:\/\/sheilahughmackay.ca\/wp-content\/uploads\/2021\/04\/Nel-BW-1970s-1085x1536.jpg 1085w, https:\/\/sheilahughmackay.ca\/wp-content\/uploads\/2021\/04\/Nel-BW-1970s-1447x2048.jpg 1447w, https:\/\/sheilahughmackay.ca\/wp-content\/uploads\/2021\/04\/Nel-BW-1970s.jpg 1662w\" sizes=\"(max-width: 180px) 100vw, 180px\" \/><\/a><p id=\"caption-attachment-7424\" class=\"wp-caption-text\">Nel Oudemans &#8211; 1970&#8217;s<br \/>Photo Credit: Karin Hendriksen<\/p><\/div>\n<\/div>\n<div style=\"float: left; padding-top: 10px; padding-bottom: 15px;\">\n<div id=\"attachment_7425\" style=\"width: 216px\" class=\"wp-caption alignleft\"><a href=\"https:\/\/sheilahughmackay.ca\/wp-content\/uploads\/2021\/04\/Nel-BW-1990s.jpg\" target=\"_blank\" rel=\"noopener\"><img aria-describedby=\"caption-attachment-7425\" loading=\"lazy\" class=\"wp-image-7425\" src=\"https:\/\/sheilahughmackay.ca\/wp-content\/uploads\/2021\/04\/Nel-BW-1990s-291x360.jpg\" alt=\"\" width=\"206\" height=\"255\" srcset=\"https:\/\/sheilahughmackay.ca\/wp-content\/uploads\/2021\/04\/Nel-BW-1990s-291x360.jpg 291w, https:\/\/sheilahughmackay.ca\/wp-content\/uploads\/2021\/04\/Nel-BW-1990s-829x1024.jpg 829w, https:\/\/sheilahughmackay.ca\/wp-content\/uploads\/2021\/04\/Nel-BW-1990s-768x949.jpg 768w, https:\/\/sheilahughmackay.ca\/wp-content\/uploads\/2021\/04\/Nel-BW-1990s.jpg 1149w\" sizes=\"(max-width: 206px) 100vw, 206px\" \/><\/a><p id=\"caption-attachment-7425\" class=\"wp-caption-text\">Nel Oudemans &#8211; 1990&#8217;s<br \/>Photo Credit: Karin Hendriksen<\/p><\/div>\n<\/div>\n<div style=\"float: left; padding-top: 10px; padding-bottom: 15px;\">\n<div id=\"attachment_7426\" style=\"width: 393px\" class=\"wp-caption alignleft\"><a href=\"https:\/\/sheilahughmackay.ca\/wp-content\/uploads\/2021\/04\/Nel-Colour-1990s.jpg\" target=\"_blank\" rel=\"noopener\"><img aria-describedby=\"caption-attachment-7426\" loading=\"lazy\" class=\"wp-image-7426\" src=\"https:\/\/sheilahughmackay.ca\/wp-content\/uploads\/2021\/04\/Nel-Colour-1990s-360x240.jpg\" alt=\"\" width=\"383\" height=\"255\" srcset=\"https:\/\/sheilahughmackay.ca\/wp-content\/uploads\/2021\/04\/Nel-Colour-1990s-360x240.jpg 360w, https:\/\/sheilahughmackay.ca\/wp-content\/uploads\/2021\/04\/Nel-Colour-1990s-1024x683.jpg 1024w, https:\/\/sheilahughmackay.ca\/wp-content\/uploads\/2021\/04\/Nel-Colour-1990s-768x512.jpg 768w, https:\/\/sheilahughmackay.ca\/wp-content\/uploads\/2021\/04\/Nel-Colour-1990s-1536x1024.jpg 1536w, https:\/\/sheilahughmackay.ca\/wp-content\/uploads\/2021\/04\/Nel-Colour-1990s-750x500.jpg 750w, https:\/\/sheilahughmackay.ca\/wp-content\/uploads\/2021\/04\/Nel-Colour-1990s.jpg 1800w\" sizes=\"(max-width: 383px) 100vw, 383px\" \/><\/a><p id=\"caption-attachment-7426\" class=\"wp-caption-text\">Nel Oudemans &#8211; 1990&#8217;s<br \/>Photo Credit: Karin Hendriksen<\/p><\/div>\n<\/div>\n<div style=\"clear: both;\"><\/div>\n<div id=\"attachment_4765\" style=\"width: 234px\" class=\"wp-caption alignright\"><a href=\"http:\/\/sheilahughmackay.ca\/\/wp-content\/uploads\/2016\/03\/Monica-Lacey-with-Jack-e1457713798843.jpg\" rel=\"attachment wp-att-4765\"><img aria-describedby=\"caption-attachment-4765\" loading=\"lazy\" class=\"size-medium wp-image-4765\" src=\"http:\/\/sheilahughmackay.ca\/\/wp-content\/uploads\/2016\/03\/Monica-Lacey-with-Jack-e1457713798843-224x300.jpg\" alt=\"Monica Lacey, Nel Oudemans 2012, with Jack Oudemans\" width=\"224\" height=\"300\" srcset=\"https:\/\/sheilahughmackay.ca\/wp-content\/uploads\/2016\/03\/Monica-Lacey-with-Jack-e1457713798843-224x300.jpg 224w, https:\/\/sheilahughmackay.ca\/wp-content\/uploads\/2016\/03\/Monica-Lacey-with-Jack-e1457713798843.jpg 478w\" sizes=\"(max-width: 224px) 100vw, 224px\" \/><\/a><p id=\"caption-attachment-4765\" class=\"wp-caption-text\">Monica Lacey, Nel Oudemans 2012, avec Jack Oudemans.<\/p><\/div>\n<p>\u00c9tabli en 2002 par la Fondation Sheila Hugh Mackay, le prix Nel Oudemans, rend hommage \u00e0 l\u2019appui ind\u00e9fectible que Mme Oudemans a t\u00e9moign\u00e9 aux artisans de la rel\u00e8ve. Attribu\u00e9 par un jury, ce prix a vu sa valeur et son prestige augmenter avec le temps. En 2015, la Fondation Sheila Hugh Mackay a re\u00e7u un don important de la Fondation des arts du Nouveau-Brunswick pour honorer cette grande artiste canadienne et continuer le mentorat de jeunes talents.<\/p>\n<p>En 2020, le conseil d\u2019administration a fait passer le montant du prix \u00e0 4000\u00a0$. Outre la distinction associ\u00e9e \u00e0 ce prix, la r\u00e9compense p\u00e9cuniaire a pour but d\u2019aider les artisanes et les artisans de la rel\u00e8ve \u00e0 se lancer dans une carri\u00e8re professionnelle.<\/p>","protected":false},"excerpt":{"rendered":"<p>Personnage marquant de la renaissance de l\u2019artisanat canadien des Maritimes dans les ann\u00e9es 1970, Nel Oudemans a connu un parcours vers l\u2019excellence artistique empreint de r\u00e9solution devant l\u2019adversit\u00e9. N\u00e9e \u00e0 La Haye, Mme\u00a0Oudemans consacre sa jeunesse \u00e0 l\u2019\u00e9tude. Elle re\u00e7oit une formation classique en tissage et broderie de tapisserie \u00e0 la prestigieuse \u00e9cole de tissage<a href=\"https:\/\/sheilahughmackay.ca\/fr\/les-prix\/la-prix-nel-oudemans\/nel-blink-oudemans-1918-2002\/\">[&#8230;]<\/a><\/p>\n","protected":false},"author":1,"featured_media":0,"parent":30,"menu_order":0,"comment_status":"closed","ping_status":"closed","template":"","meta":[],"_links":{"self":[{"href":"https:\/\/sheilahughmackay.ca\/fr\/wp-json\/wp\/v2\/pages\/4796"}],"collection":[{"href":"https:\/\/sheilahughmackay.ca\/fr\/wp-json\/wp\/v2\/pages"}],"about":[{"href":"https:\/\/sheilahughmackay.ca\/fr\/wp-json\/wp\/v2\/types\/page"}],"author":[{"embeddable":true,"href":"https:\/\/sheilahughmackay.ca\/fr\/wp-json\/wp\/v2\/users\/1"}],"replies":[{"embeddable":true,"href":"https:\/\/sheilahughmackay.ca\/fr\/wp-json\/wp\/v2\/comments?post=4796"}],"version-history":[{"count":14,"href":"https:\/\/sheilahughmackay.ca\/fr\/wp-json\/wp\/v2\/pages\/4796\/revisions"}],"predecessor-version":[{"id":7436,"href":"https:\/\/sheilahughmackay.ca\/fr\/wp-json\/wp\/v2\/pages\/4796\/revisions\/7436"}],"up":[{"embeddable":true,"href":"https:\/\/sheilahughmackay.ca\/fr\/wp-json\/wp\/v2\/pages\/30"}],"wp:attachment":[{"href":"https:\/\/sheilahughmackay.ca\/fr\/wp-json\/wp\/v2\/media?parent=4796"}],"curies":[{"name":"wp","href":"https:\/\/api.w.org\/{rel}","templated":true}]}}