{"id":4999,"date":"2016-03-29T15:00:14","date_gmt":"2016-03-29T18:00:14","guid":{"rendered":"http:\/\/sheilahughmackay.ca\/shmf\/?page_id=4999"},"modified":"2024-06-11T17:37:09","modified_gmt":"2024-06-11T20:37:09","slug":"sheila-hugh-mackay-merit-bursaries","status":"publish","type":"page","link":"https:\/\/sheilahughmackay.ca\/fr\/programme-de-bourses\/sheila-hugh-mackay-merit-bursaries\/","title":{"rendered":"Bourses au m\u00e9rite"},"content":{"rendered":"<p><\/p>\n<h3>Les bourses au m\u00e9rite de la Fondation Sheila Hugh Mackay<\/h3>\n<p>&nbsp;<\/p>\n<div style=\"float: left; padding-right: 20px;\"><\/div>\n<div id=\"attachment_8138\" style=\"width: 370px\" class=\"wp-caption aligncenter\"><img aria-describedby=\"caption-attachment-8138\" loading=\"lazy\" class=\"size-medium wp-image-8138\" src=\"https:\/\/sheilahughmackay.ca\/wp-content\/uploads\/2024\/06\/Kathrine-Neily-2024-BC-Award-cropped-360x356.jpg\" alt=\"Kathrine Neily\" width=\"360\" height=\"356\" srcset=\"https:\/\/sheilahughmackay.ca\/wp-content\/uploads\/2024\/06\/Kathrine-Neily-2024-BC-Award-cropped-360x356.jpg 360w, https:\/\/sheilahughmackay.ca\/wp-content\/uploads\/2024\/06\/Kathrine-Neily-2024-BC-Award-cropped-73x73.jpg 73w, https:\/\/sheilahughmackay.ca\/wp-content\/uploads\/2024\/06\/Kathrine-Neily-2024-BC-Award-cropped-45x45.jpg 45w, https:\/\/sheilahughmackay.ca\/wp-content\/uploads\/2024\/06\/Kathrine-Neily-2024-BC-Award-cropped.jpg 500w\" sizes=\"(max-width: 360px) 100vw, 360px\" \/><p id=\"caption-attachment-8138\" class=\"wp-caption-text\">Kathrine Neily<\/p><\/div>\n<div style=\"float: left;\"><\/div>\n<div style=\"clear: both;\"><\/div>\n<p>La Fondation a cr\u00e9\u00e9 des bourses au m\u00e9rite \u00e0 l\u2019intention des \u00e9tudiants en arts visuels de l\u2019Universit\u00e9 Mount Allison, de l\u2019Universit\u00e9 de Moncton et du New Brunswick College of Craft and Design. Chaque ann\u00e9e, chacun des \u00e9tablissements choisit une \u00e9tudiante ou un \u00e9tudiant m\u00e9ritant de deuxi\u00e8me ou troisi\u00e8me ann\u00e9e inscrit \u00e0 un programme d\u2019arts visuels, qui recevra une bourse de 2000\u00a0$ reconnaissant ses r\u00e9alisations dans le programme d\u2019\u00e9tudes. Ce programme de bourse a commenc\u00e9 par un projet pilote, \u00e0 l\u2019origine en 2013, pour devenir ensuite une possibilit\u00e9 offerte \u00e9galement \u00e0 trois centres d\u2019excellence artistique importants du Nouveau-Brunswick. La Fondation Sheila Hugh Mackay rend hommage au personnel enseignant et \u00e0 l\u2019administration de ces \u00e9tablissements pour leur mentorat soutenu des \u00e9tudiants.<\/p>\n<p>En 2022, pour honorer les nombreuses r\u00e9alisations de Brigitte Clavette et marquer sa retraite en tant que chef de studio du programme M\u00e9taux et bijoux au NBCCD, la bourse annuelle du NBCCD a \u00e9t\u00e9 nomm\u00e9e le prix Brigitte Clavette Merit et sera un t\u00e9moignage durable de son impact sur \u00e9ducation artistique.<\/p>\n<p>Les \u00e9tudiants doivent consulter leurs conseillers pour obtenir les d\u00e9tails.<\/p>\n<p>La fondation Sheila Hugh MacKay \u00e9prouve \u00e9norm\u00e9ment de reconnaissance envers ses commanditaires, dont la g\u00e9n\u00e9rosit\u00e9 a permis d\u2019augmenter les fonds consacr\u00e9s aux programmes de bourses.<\/p>\n<div id=\"grid-gallery-25-41038\" data-gg-id=\"25\" data-title=\"Merit Bursaries\" data-grid-type=\"0\" data-offset=\"5.3\" data-area-position=\"center\" data-icons=\"false\" data-preloader=\"true\" data-width=\"215\" data-height=\"215\" data-padding=\"0\" data-quicksand=\"disabled\" data-quicksand-duration=\"1800\" data-popup-theme=\"theme_6\" data-popup-type=\"pretty-photo\" data-popup-image-text=\"data-description\" data-popup-widthsize=\"auto\" data-popup-heightsize=\"auto\" data-popup-i18n-words=\"{&quot;close&quot;:&quot;close&quot;,&quot;next&quot;:&quot;next&quot;,&quot;previous&quot;:&quot;previous&quot;,&quot;start_slideshow&quot;:&quot;start slideshow&quot;,&quot;stop_slideshow&quot;:&quot;stop slideshow&quot;,&quot;image&quot;:&quot;image&quot;,&quot;of&quot;:&quot;of&quot;,&quot;prev&quot;:&quot;prev&quot;,&quot;cExpand&quot;:&quot;Expand&quot;,&quot;cPrevious&quot;:&quot;Previous&quot;,&quot;cNext&quot;:&quot;Next&quot;,&quot;cExpandStr&quot;:&quot;Expand the image&quot;,&quot;cRotate&quot;:&quot;Rotate&quot;,&quot;cDetails&quot;:&quot;Details&quot;}\" data-popup-slideshow=\"false\" data-popup-slideshow-speed=\"2500\" data-popup-hoverstop=\"true\" data-popup-slideshow-auto=\"false\" data-popup-background=\"\" data-popup-transparency=\"30\" data-popup-disable-history=\"\" data-popup-disable-changed-url=\"\" data-popup-border-type=\"\" data-popup-border-color=\"\" data-popup-border-width=\"\" data-popup-border-enable=\"\" data-fullscreen=\"false\" data-hide-tooltip=\"false\" data-caption-font-family=\"Default\" data-caption-text-size=\"14px\" data-is-mobile=\"0\" data-caption-mobile=\"false\" data-hide-long-tltp-title=\"0\" data-caption-disabled-on-mobile=\"false\" data-lazyload-enable='1' data-lazyload-effect=\"show\" data-lazyload-effect-duration=\"400\" data-popup-placement-type=\"0\" data-social-sharing=\"{&quot;enabled&quot;:&quot;&quot;,&quot;gallerySharing&quot;:{&quot;enabled&quot;:null,&quot;position&quot;:null},&quot;imageSharing&quot;:{&quot;enabled&quot;:null,&quot;wrapperClass&quot;:&quot; vertical \\n &quot;},&quot;popupSharing&quot;:{&quot;enabled&quot;:null,&quot;wrapperClass&quot;:&quot; vertical \\n &quot;}}\" class=\"grid-gallery grid-gallery-fixed \" style=\" width:100%; height:auto ; margin-left:auto; margin-right:auto; position:relative;\" > <div class=\"gallery-loading\"> <div class=\"blocks\"> <div class=\"block\"><\/div> <div class=\"block\"><\/div> <div class=\"block\"><\/div> <div class=\"block\"><\/div> <\/div> <\/div> <div class=\"gallery-sharing-top\"><\/div> <div id=\"photos-25\" class=\"grid-gallery-photos \" > <a id=\"gg-25-222\" class=\"gg-link \" data-attachment-id=\"8138\" href=\"https:\/\/sheilahughmackay.ca\/wp-content\/uploads\/2024\/06\/Kathrine-Neily-2024-BC-Award-cropped.jpg?gid=25\" target=\"_self\" title=\"Kathrine Neily\" data-rel=\"prettyPhoto[pp_gal]\" style=\"border-radius: 0px;\" ><FIGURE class=\"grid-gallery-caption \" data-grid-gallery-type=\"quarter-slide-up\" data-index=\"0\" style=\"display:none;border-radius: 0px; ; margin: 5.3px; width:215px;\" ><div class=\"crop \" style=\" width:215px; height:215px; overflow:hidden; \"><img data-gg-real-image-href=\"https:\/\/sheilahughmackay.ca\/wp-content\/uploads\/2024\/06\/Kathrine-Neily-2024-BC-Award-cropped-215x215.jpg\" src=\"\" class=\"ggImg ggLazyImg\" alt=\"Kathrine Neily\" title=\"Kathrine Neily\" data-description=\"Kathrine Neily\" data-caption=\"Kathrine Neily\" data-title=\"Kathrine Neily\" style=\" width:215px; height:215px; \" \/><\/div><FIGCAPTION class=\"\" data-alpha=\"5\" style=\"color:#ffffff; background-color:#6f0000; font-size:14px; text-align:2; font-family:Default;\" ><div class=\"grid-gallery-figcaption-wrap\" style=\" vertical-align:; \"><div class=\"gg-image-caption fitvidsignore \" style=\"font-size:14px;\"><object type=\"none\/none\"> Kathrine Neily <\/object><\/div><\/div><\/FIGCAPTION><\/FIGURE><\/a> <a id=\"gg-25-223\" class=\"gg-link \" data-attachment-id=\"7767\" href=\"https:\/\/sheilahughmackay.ca\/wp-content\/uploads\/2023\/01\/Catherine-Degarris-Delage-Merit-Bursary-Recipient-scaled.jpg?gid=25\" target=\"_self\" title=\"Catherine Degarris-Delage - Merit Bursary Recipient\" data-rel=\"prettyPhoto[pp_gal]\" style=\"border-radius: 0px;\" ><FIGURE class=\"grid-gallery-caption \" data-grid-gallery-type=\"quarter-slide-up\" data-index=\"1\" style=\"display:none;border-radius: 0px; ; margin: 5.3px; width:215px;\" ><div class=\"crop \" style=\" width:215px; height:215px; overflow:hidden; \"><img data-gg-real-image-href=\"https:\/\/sheilahughmackay.ca\/wp-content\/uploads\/2023\/01\/Catherine-Degarris-Delage-Merit-Bursary-Recipient-scaled-215x215.jpg\" src=\"\" class=\"ggImg ggLazyImg\" alt=\"Catherine Degarris-Delage\" title=\"Catherine Degarris-Delage - Merit Bursary Recipient\" data-description=\"Catherine Degarris-Delage - Merit Bursary Recipient\" data-caption=\"Catherine Degarris-Delage\" data-title=\"Catherine Degarris-Delage - Merit Bursary Recipient\" style=\" width:215px; height:215px; \" \/><\/div><FIGCAPTION class=\"\" data-alpha=\"5\" style=\"color:#ffffff; background-color:#6f0000; font-size:14px; text-align:2; font-family:Default;\" ><div class=\"grid-gallery-figcaption-wrap\" style=\" vertical-align:; \"><div class=\"gg-image-caption fitvidsignore \" style=\"font-size:14px;\"><object type=\"none\/none\"> Catherine Degarris-Delage <\/object><\/div><\/div><\/FIGCAPTION><\/FIGURE><\/a> <a id=\"gg-25-220\" class=\"gg-link \" data-attachment-id=\"8151\" href=\"https:\/\/sheilahughmackay.ca\/wp-content\/uploads\/2024\/06\/Merit-Bursary-2022-Jasmine-Williams-scaled.jpg?gid=25\" target=\"_self\" title=\"Merit-Bursary-2022-Jasmine Williams\" data-rel=\"prettyPhoto[pp_gal]\" style=\"border-radius: 0px;\" ><FIGURE class=\"grid-gallery-caption \" data-grid-gallery-type=\"quarter-slide-up\" data-index=\"2\" style=\"display:none;border-radius: 0px; ; margin: 5.3px; width:215px;\" ><div class=\"crop \" style=\" width:215px; height:215px; overflow:hidden; \"><img data-gg-real-image-href=\"https:\/\/sheilahughmackay.ca\/wp-content\/uploads\/2024\/06\/Merit-Bursary-2022-Jasmine-Williams-scaled-215x215.jpg\" src=\"\" class=\"ggImg ggLazyImg\" alt=\"Jasmine Williams\" title=\"Merit-Bursary-2022-Jasmine Williams\" data-description=\"Merit-Bursary-2022-Jasmine Williams\" data-caption=\"Jasmine Williams\" data-title=\"Merit-Bursary-2022-Jasmine Williams\" style=\" width:215px; height:215px; \" \/><\/div><FIGCAPTION class=\"\" data-alpha=\"5\" style=\"color:#ffffff; background-color:#6f0000; font-size:14px; text-align:2; font-family:Default;\" ><div class=\"grid-gallery-figcaption-wrap\" style=\" vertical-align:; \"><div class=\"gg-image-caption fitvidsignore \" style=\"font-size:14px;\"><object type=\"none\/none\"> Jasmine Williams <\/object><\/div><\/div><\/FIGCAPTION><\/FIGURE><\/a> <a id=\"gg-25-221\" class=\"gg-link \" data-attachment-id=\"8149\" href=\"https:\/\/sheilahughmackay.ca\/wp-content\/uploads\/2024\/06\/Merit-Bursary-2022-Laura-Boudreau.jpg?gid=25\" target=\"_self\" title=\"Merit-Bursary-2022-Laura-Boudreau\" data-rel=\"prettyPhoto[pp_gal]\" style=\"border-radius: 0px;\" ><FIGURE class=\"grid-gallery-caption \" data-grid-gallery-type=\"quarter-slide-up\" data-index=\"3\" style=\"display:none;border-radius: 0px; ; margin: 5.3px; width:215px;\" ><div class=\"crop \" style=\" width:215px; height:215px; overflow:hidden; \"><img data-gg-real-image-href=\"https:\/\/sheilahughmackay.ca\/wp-content\/uploads\/2024\/06\/Merit-Bursary-2022-Laura-Boudreau-215x215.jpg\" src=\"\" class=\"ggImg ggLazyImg\" alt=\"Laura Boudreau\" title=\"Merit-Bursary-2022-Laura-Boudreau\" data-description=\"Merit-Bursary-2022-Laura-Boudreau\" data-caption=\"Laura Boudreau\" data-title=\"Merit-Bursary-2022-Laura-Boudreau\" style=\" width:215px; height:215px; \" \/><\/div><FIGCAPTION class=\"\" data-alpha=\"5\" style=\"color:#ffffff; background-color:#6f0000; font-size:14px; text-align:2; font-family:Default;\" ><div class=\"grid-gallery-figcaption-wrap\" style=\" vertical-align:; \"><div class=\"gg-image-caption fitvidsignore \" style=\"font-size:14px;\"><object type=\"none\/none\"> Laura Boudreau <\/object><\/div><\/div><\/FIGCAPTION><\/FIGURE><\/a> <a id=\"gg-25-219\" class=\"gg-link \" data-attachment-id=\"8150\" href=\"https:\/\/sheilahughmackay.ca\/wp-content\/uploads\/2024\/06\/Merit-Bursary-2020-Lucia-Choulakian.jpg?gid=25\" target=\"_self\" title=\"Merit-Bursary-2020-Lucia-Choulakian\" data-rel=\"prettyPhoto[pp_gal]\" style=\"border-radius: 0px;\" ><FIGURE class=\"grid-gallery-caption \" data-grid-gallery-type=\"quarter-slide-up\" data-index=\"4\" style=\"display:none;border-radius: 0px; ; margin: 5.3px; width:215px;\" ><div class=\"crop \" style=\" width:215px; height:215px; overflow:hidden; \"><img data-gg-real-image-href=\"https:\/\/sheilahughmackay.ca\/wp-content\/uploads\/2024\/06\/Merit-Bursary-2020-Lucia-Choulakian-215x215.jpg\" src=\"\" class=\"ggImg ggLazyImg\" alt=\"Lucia Choulakian\" title=\"Merit-Bursary-2020-Lucia-Choulakian\" data-description=\"Merit-Bursary-2020-Lucia-Choulakian\" data-caption=\"Lucia Choulakian\" data-title=\"Merit-Bursary-2020-Lucia-Choulakian\" style=\" width:215px; height:215px; \" \/><\/div><FIGCAPTION class=\"\" data-alpha=\"5\" style=\"color:#ffffff; background-color:#6f0000; font-size:14px; text-align:2; font-family:Default;\" ><div class=\"grid-gallery-figcaption-wrap\" style=\" vertical-align:; \"><div class=\"gg-image-caption fitvidsignore \" style=\"font-size:14px;\"><object type=\"none\/none\"> Lucia Choulakian <\/object><\/div><\/div><\/FIGCAPTION><\/FIGURE><\/a> <div class=\"grid-gallery-clearfix\"><\/div> <\/div> <div class=\"gallery-sharing-bottom\"><\/div> <div class=\"grid-gallery-clearfix\"><\/div> <\/div> <!-- Gallery by Supsystic plugin 1.14.10 -->\n<p><!--<a href=\"https:\/\/sheilahughmackay.ca\/scholarships\/sheila-hugh-mackay-merit-bursaries\/laura-boudreau\/\">Voyez quelques exemples de travaux de notre plus r\u00e9cente r\u00e9cipiendaire, Laura Boudreau.<\/a>--><\/p>\n<h3>Liste cumulative des b\u00e9n\u00e9ficiaires de bourse\u00a0:<\/h3>\n<div style=\"float: left; width: 50%;\">\n<ul>\n<li>2024 <strong>Kathrine Neily<\/strong>, New Brunswick College of Craft and Design<\/li>\n<li>2022 <strong>Catherine D\u00e9garris-Delage<\/strong>, Universit\u00e9 de Moncton<\/li>\n<li>2022 <strong>Jasmine Williams<\/strong>, New Brunswick College of Craft and Design<\/li>\n<li>2022 <strong>Laura Boudreau<\/strong>, New Brunswick College of Craft and Design<\/li>\n<li>2022 <strong>Lucia Choulakian<\/strong>, Universit\u00e9 de Moncton<\/li>\n<li>2021 <strong>Jodi Haley<\/strong>, New Brunswick College of Craft and Design<\/li>\n<li>2020 <strong>Lucia Choulakian<\/strong>, Universit\u00e9 de Moncton<\/li>\n<li>2020 <strong>Manny Travers<\/strong>, Mount Allison University<\/li>\n<li>2020 <strong>Tomani Noguchi Ingalls<\/strong>, New Brunswick College of Craft and Design<\/li>\n<li>2020 <strong>Rothchild Choisy<\/strong>, Universit\u00e9 de Moncton<\/li>\n<li>2019 <strong>Hannah Bridger<\/strong>, Mount Allison University<\/li>\n<li>2019 <strong>Anja Sucara<\/strong>, New Brunswick College of Craft and Design<\/li>\n<li>2018 <strong>Kimberly Vallilee<\/strong>, Universit\u00e9 de Moncton<\/li>\n<\/ul>\n<\/div>\n<div style=\"float: left; width: 50%;\">\n<ul>\n<li>2018 <strong>Breanna Carlison<\/strong>, Mount Allison University<\/li>\n<li>2017 <a href=\"http:\/\/sheilahughmackay.ca\/\/fr\/?p=5987\"><strong>Kathryn Cronin<\/strong><\/a>, New Brunswick College of Craft and Design<\/li>\n<li>2017 <strong>Savannah Beaupr\u00e9<\/strong>, Universit\u00e9 de Moncton<\/li>\n<li>2017 <strong>Emily Shaw<\/strong>, Mount Allison University<\/li>\n<li>2017 <strong>Monique Silver<\/strong>, Mount Allison University<\/li>\n<li>2016 <strong><a href=\"http:\/\/sheilahughmackay.ca\/\/fr\/2017\/01\/13\/suzanne-cormier-recoit-la-bourse-de-merite-shmf\/\">Suzanne Cormier<\/a><\/strong>, Universit\u00e9 de Moncton<\/li>\n<li>2016 <strong><a href=\"http:\/\/sheilahughmackay.ca\/\/fr\/2016\/10\/17\/felicitations-a-un-etudiant-du-nbccd-laureate-dune-bourse-de-la-fondation\/\">Ralph Simson<\/a><\/strong>, New Brunswick College of Craft and Design<\/li>\n<li>2015 <strong>Benjamin Morton<\/strong>, Mount Allison University<\/li>\n<li>2015 <strong>Chlo\u00e9 Gagnon<\/strong>, Universit\u00e9 de Moncton<\/li>\n<li>2015 <strong><a href=\"http:\/\/sheilahughmackay.ca\/\/fr\/2015\/11\/27\/la-bourse-shmf-nbccd-2015\/\">Jennifer McInnis-Wharton<\/a><\/strong>, New Brunswick College of Craft and Design<\/li>\n<li>2014 <strong><a href=\"http:\/\/sheilahughmackay.ca\/\/fr\/2015\/01\/12\/la-bourse-de-merite-de-shmf\/\">Emilie Lavoie<\/a><\/strong>, Universit\u00e9 de Moncton<\/li>\n<li>2014 <strong>Savannah Harris<\/strong>, Mount Allison University<\/li>\n<li>2014 <strong><a href=\"http:\/\/sheilahughmackay.ca\/\/fr\/2016\/03\/11\/les-recipiendaire-de-la-bourse-mha-2016-annoncees\/\">Kevin Melanson<\/a><\/strong>, Mount Allison University<\/li>\n<li>2013 <strong>Marie-France Robichaud<\/strong>, Universit\u00e9 de Moncton<\/li>\n<\/ul>\n<\/div>\n<p><\/p>","protected":false},"excerpt":{"rendered":"<p>Les bourses au m\u00e9rite de la Fondation Sheila Hugh Mackay &nbsp; La Fondation a cr\u00e9\u00e9 des bourses au m\u00e9rite \u00e0 l\u2019intention des \u00e9tudiants en arts visuels de l\u2019Universit\u00e9 Mount Allison, de l\u2019Universit\u00e9 de Moncton et du New Brunswick College of Craft and Design. Chaque ann\u00e9e, chacun des \u00e9tablissements choisit une \u00e9tudiante ou un \u00e9tudiant m\u00e9ritant<a href=\"https:\/\/sheilahughmackay.ca\/fr\/programme-de-bourses\/sheila-hugh-mackay-merit-bursaries\/\">[&#8230;]<\/a><\/p>\n","protected":false},"author":1,"featured_media":0,"parent":76,"menu_order":3,"comment_status":"closed","ping_status":"closed","template":"template-fullwidth.php","meta":[],"_links":{"self":[{"href":"https:\/\/sheilahughmackay.ca\/fr\/wp-json\/wp\/v2\/pages\/4999"}],"collection":[{"href":"https:\/\/sheilahughmackay.ca\/fr\/wp-json\/wp\/v2\/pages"}],"about":[{"href":"https:\/\/sheilahughmackay.ca\/fr\/wp-json\/wp\/v2\/types\/page"}],"author":[{"embeddable":true,"href":"https:\/\/sheilahughmackay.ca\/fr\/wp-json\/wp\/v2\/users\/1"}],"replies":[{"embeddable":true,"href":"https:\/\/sheilahughmackay.ca\/fr\/wp-json\/wp\/v2\/comments?post=4999"}],"version-history":[{"count":47,"href":"https:\/\/sheilahughmackay.ca\/fr\/wp-json\/wp\/v2\/pages\/4999\/revisions"}],"predecessor-version":[{"id":8152,"href":"https:\/\/sheilahughmackay.ca\/fr\/wp-json\/wp\/v2\/pages\/4999\/revisions\/8152"}],"up":[{"embeddable":true,"href":"https:\/\/sheilahughmackay.ca\/fr\/wp-json\/wp\/v2\/pages\/76"}],"wp:attachment":[{"href":"https:\/\/sheilahughmackay.ca\/fr\/wp-json\/wp\/v2\/media?parent=4999"}],"curies":[{"name":"wp","href":"https:\/\/api.w.org\/{rel}","templated":true}]}}