{"id":5,"date":"2010-11-16T15:59:24","date_gmt":"2010-11-16T15:59:24","guid":{"rendered":"http:\/\/sheilahughmackay.com\/shmf\/?page_id=2"},"modified":"2020-07-03T13:37:36","modified_gmt":"2020-07-03T16:37:36","slug":"about","status":"publish","type":"page","link":"https:\/\/sheilahughmackay.ca\/fr\/fondation\/","title":{"rendered":"Fondation"},"content":{"rendered":"<p><\/p>\n<section id=\"foundaboutus\" class=\"about-us\">\n<div class=\"container\">\n<div class=\"row\">\n<div class=\"col-lg-4 col-md-4 column zerif-rtl-big-title\">\n<div class=\"big-intro\">&#8230; o\u00f9 les artistes sont soutenus, compris et valoris\u00e9s.<\/div>\n<\/div>\n<div class=\"col-lg-4 col-md-4 column zerif_about_us_center text_and_skills\">\n<h2>La Fondation<\/h2>\n<p>Dans l\u2019esprit de Sheila, nous voulons faire du N.-B. une province o\u00f9 les artistes sont soutenus, compris et valoris\u00e9s.<\/p>\n<p>La Fondation ne peut pas et ne veut pas se substituer \u00e0 la responsabilit\u00e9 des gouvernements f\u00e9d\u00e9ral et provincial ni aux engagements des institutions publiques ou professionnelles qui oeuvrent dans le domaine des Arts. Mais, nous pouvons et voulons devenir des partenaires engag\u00e9s qui ouvrent de nouvelles avenues, permettent de nouvelles actions ou encore enrichissent ce qui existe d\u00e9j\u00e0.<\/p>\n<p><strong>Louise Imbeault<\/strong>, Pr\u00e9sidente du Conseil d\u2019administration<\/p>\n<\/div>\n<div class=\"col-lg-4 col-md-4 column zerif-rtl-skills\">\n<ul class=\"skills\">\n<li class=\"skill skill_1\">\n<h6><a href=\"http:\/\/sheilahughmackay.ca\/\/fr\/les-prix\/\">Les prix<\/a><\/h6>\n<p>Pour la reconna\u00eetre l&#8217;excellence dans les arts visuels.<\/li>\n<li class=\"skill skill_2\">\n<h6><a href=\"http:\/\/sheilahughmackay.ca\/\/fr\/programme-de-bourses\/\">Les bourse<\/a><\/h6>\n<p>Pour le soutien et l&#8217;encouragement de l\u2019education artistique.<\/li>\n<li class=\"skill skill_3\">\n<h6><a href=\"http:\/\/sheilahughmackay.ca\/\/fr\/subventions\/\">Les subventions<\/a><\/h6>\n<p>Pour encourager le d\u00e9veloppement des arts visuels au Nouveau-Brunswick.<\/li>\n<li class=\"skill skill_4\">\n<h6><a href=\"http:\/\/sheilahughmackay.ca\/\/fr\/plaidoyer-pour-les-arts\/\"><br \/>\nD\u00e9fense des arts<\/a><\/h6>\n<p>Pour son appui \u00e0 la cr\u00e9ation, \u00e0 la promotion et \u00e0 l\u2019appr\u00e9ciation des arts visuels.<\/li>\n<\/ul>\n<\/div>\n<p><!-- \/ END SKILLS COLUMN--><\/p>\n<\/div>\n<p><!-- \/ END 3 COLUMNS OF ABOUT US--><\/p>\n<\/div>\n<p><!-- \/ END CONTAINER --><\/p>\n<\/section>\n<p>Le mandat de la Fondation est de promouvoir l\u2019excellence dans les arts visuels du Nouveau-Brunswick.<\/p>\n<h2>Message de la directrice<\/h2>\n<div id=\"attachment_4461\" style=\"width: 310px\" class=\"wp-caption alignleft\"><a href=\"http:\/\/sheilahughmackay.ca\/\/wp-content\/uploads\/2010\/12\/Kathryn_and_Fred.jpg\" rel=\"attachment wp-att-4461\"><img aria-describedby=\"caption-attachment-4461\" loading=\"lazy\" class=\"size-medium wp-image-4461\" src=\"http:\/\/sheilahughmackay.ca\/\/wp-content\/uploads\/2010\/12\/Kathryn_and_Fred-300x236.jpg\" alt=\" Fred and Foundation director, Kathryn McCarroll. Fred et directrice de la Fondation, Kathryn McCarroll.\" width=\"300\" height=\"236\" srcset=\"https:\/\/sheilahughmackay.ca\/wp-content\/uploads\/2010\/12\/Kathryn_and_Fred-300x236.jpg 300w, https:\/\/sheilahughmackay.ca\/wp-content\/uploads\/2010\/12\/Kathryn_and_Fred.jpg 504w\" sizes=\"(max-width: 300px) 100vw, 300px\" \/><\/a><p id=\"caption-attachment-4461\" class=\"wp-caption-text\">Fred Ross and Foundation director, Kathryn McCarroll.<\/p><\/div>\n<p class=\"clear\">Au nom du Conseil d\u2019administration, je vous souhaite la bienvenue sur notre site Web. Nous esp\u00e9rons que ce site vous donnera un aper\u00e7u du travail et de l\u2019\u00e9tendue de la Fondation et qu\u2019il vous fera conna\u00eetre les artistes renomm\u00e9s du Nouveau-Brunswick. Je d\u00e9sire partager quelques-uns des points saillants qui ressortent du travail qu\u2019a accompli la Fondation cette ann\u00e9e.<\/p>\n<p>Kathryn McCarroll,<br \/>\n<a href=\"mailto:shmf@sheilahughmackay.ca\">shmf@sheilahughmackay.ca<\/a><\/p>","protected":false},"excerpt":{"rendered":"<p>&#8230; o\u00f9 les artistes sont soutenus, compris et valoris\u00e9s. La Fondation Dans l\u2019esprit de Sheila, nous voulons faire du N.-B. une province o\u00f9 les artistes sont soutenus, compris et valoris\u00e9s. La Fondation ne peut pas et ne veut pas se substituer \u00e0 la responsabilit\u00e9 des gouvernements f\u00e9d\u00e9ral et provincial ni aux engagements des institutions publiques<a href=\"https:\/\/sheilahughmackay.ca\/fr\/fondation\/\">[&#8230;]<\/a><\/p>\n","protected":false},"author":1,"featured_media":0,"parent":0,"menu_order":2,"comment_status":"closed","ping_status":"closed","template":"template-fullwidth.php","meta":[],"_links":{"self":[{"href":"https:\/\/sheilahughmackay.ca\/fr\/wp-json\/wp\/v2\/pages\/5"}],"collection":[{"href":"https:\/\/sheilahughmackay.ca\/fr\/wp-json\/wp\/v2\/pages"}],"about":[{"href":"https:\/\/sheilahughmackay.ca\/fr\/wp-json\/wp\/v2\/types\/page"}],"author":[{"embeddable":true,"href":"https:\/\/sheilahughmackay.ca\/fr\/wp-json\/wp\/v2\/users\/1"}],"replies":[{"embeddable":true,"href":"https:\/\/sheilahughmackay.ca\/fr\/wp-json\/wp\/v2\/comments?post=5"}],"version-history":[{"count":25,"href":"https:\/\/sheilahughmackay.ca\/fr\/wp-json\/wp\/v2\/pages\/5\/revisions"}],"predecessor-version":[{"id":6992,"href":"https:\/\/sheilahughmackay.ca\/fr\/wp-json\/wp\/v2\/pages\/5\/revisions\/6992"}],"wp:attachment":[{"href":"https:\/\/sheilahughmackay.ca\/fr\/wp-json\/wp\/v2\/media?parent=5"}],"curies":[{"name":"wp","href":"https:\/\/api.w.org\/{rel}","templated":true}]}}