{"id":5124,"date":"2016-05-12T14:39:43","date_gmt":"2016-05-12T17:39:43","guid":{"rendered":"http:\/\/sheilahughmackay.ca\/shmf\/?page_id=5124"},"modified":"2016-09-22T12:38:29","modified_gmt":"2016-09-22T15:38:29","slug":"2016-artist-residency-forum","status":"publish","type":"page","link":"https:\/\/sheilahughmackay.ca\/fr\/defense-des-arts\/projets-de-defense\/forum-artistes-en-residence-2016\/","title":{"rendered":"Forum Artistes en r\u00e9sidence 2016"},"content":{"rendered":"<p><\/p>\n<h2><a href=\"http:\/\/sheilahughmackay.ca\/\/wp-content\/uploads\/2016\/05\/forum-2016-fr.jpg\"><img loading=\"lazy\" class=\"alignleft size-medium wp-image-5122\" src=\"http:\/\/sheilahughmackay.ca\/\/wp-content\/uploads\/2016\/05\/forum-2016-fr-247x300.jpg\" alt=\"forum-2016-fr\" width=\"247\" height=\"300\" srcset=\"https:\/\/sheilahughmackay.ca\/wp-content\/uploads\/2016\/05\/forum-2016-fr-247x300.jpg 247w, https:\/\/sheilahughmackay.ca\/wp-content\/uploads\/2016\/05\/forum-2016-fr.jpg 457w\" sizes=\"(max-width: 247px) 100vw, 247px\" \/><\/a>Cr\u00e9er et adopter les meilleures pratiques<\/h2>\n<p>Le forum \u00ab Artistes en r\u00e9sidence : cr\u00e9er et adopter les meilleures pratiques \u00bb fait partie de l\u2019engagement de la Fondation Sheila Hugh Mackay \u00e0 ouvrir la discussion et \u00e0 faciliter la collaboration. Voulant permettre aux artistes du Nouveau-Brunswick d\u2019atteindreun haut degr\u00e9 de professionnalisme et d\u2019excellence, le conseil d\u2019administration de la Fondation a pr\u00e9sent\u00e9  le 4 juin, un forum sur invitation. Cette occasion de r\u00e9seautage  a renforc\u00e9 le travail amorc\u00e9 en 2014 par \u00ab Un appel \u00e0 cr\u00e9er \u00bb.<\/p>\n<div class=\"alignright\" style=\"background-color: #ff9257; padding: 1em;\">\n<p><strong>Le lieu et la date<\/strong><\/p>\n<p>Le 4 juin 2016<br \/>\nde 9 h \u00e0 16 h<br \/>\nau National Water Centre<br \/>\nKennebecasis Drive,<br \/>\n\u00e0 Saint John,<br \/>\nNouveau-Brunswick<\/p>\n<p style=\"text-align: center;\"><span style=\"color: #ccffff;\"><a style=\"color: #ccffff;\" href=\"https:\/\/goo.gl\/maps\/WVBk3QpGmvQ2\" target=\"_blank\">google map<\/a><\/span><\/p>\n<\/div>\n<p>Le forum, qui a eu lieu au National Water Centre, situ\u00e9 au bord de la rivi\u00e8re Kennebecasis, a \u00e9t\u00e9 consacr\u00e9 \u00e0 des discussions entre leaders au sujet de la cr\u00e9ation, du maintien et de l\u2019\u00e9valuation des r\u00e9sidences. En pr\u00e9vision de cette journ\u00e9e de r\u00e9flexion, la Fondation Sheila Hugh Mackay a command\u00e9 un documentaire sur les pratiques actuelles en mati\u00e8re de r\u00e9sidences au Nouveau-Brunswick et sur les exp\u00e9riences des artistes n\u00e9o-brunswickois qui travaillent en r\u00e9sidence \u00e0 l\u2019ext\u00e9rieur de la province. Cette vid\u00e9o a \u00e9t\u00e9 pr\u00e9sent\u00e9e pour la premi\u00e8re fois au forum et  suivie d\u2019une discussion entre leaders en la mati\u00e8re.<\/p>\n<p>L\u2019examen des meilleures pratiques pour les initiatives de r\u00e9sidence qui aura lieu ce jour-l\u00e0 a \u00e9t\u00e9 lanc\u00e9 par un groupe de discussion, mod\u00e9r\u00e9 par John Murchie et compos\u00e9 de Gillian Dykeman, Linda Rae Dornan, Ann Manuel et Don McAlpine.  <\/p>\n<div class=\"alignright\" style=\"padding: 1em;\">\n<ul>\n<li><a href=\"http:\/\/sheilahughmackay.ca\/\/wp-content\/uploads\/resources\/SHMF-Forum-2016-Agenda.pdf\">SHMF Forum 2016 Agenda<\/a><\/li>\n<li><a href=\"http:\/\/sheilahughmackay.ca\/\/wp-content\/uploads\/resources\/SHMF-Forum-2016-Bios.pdf\">SHMF Forum 2016 Bios<\/a><\/li>\n<li><a href=\"http:\/\/sheilahughmackay.ca\/\/wp-content\/uploads\/resources\/AiResidencies-Resource-list.pdf\">Liste des R\u00e9sidences Ressources<\/a><\/li>\n<\/ul>\n<\/div>\n<p>En utilisant la technique de \u201cconference ouvert\u201d  Louie Surette,a  conduit le groupe \u00e0 la cr\u00e9ation de 16 groupes de conversation r\u00e9sultant en un coup d&#8217;oeil sur la base large \u00e0 laquelle le Nouveau-Brunswick est sur la carte de r\u00e9sidence. Un Recueil des Rapports   a \u00e9t\u00e9 cr\u00e9\u00e9 pour capturer toutes les id\u00e9es.<\/p>\n<p>Cet \u00e9change d\u2019id\u00e9es sera important parce qu\u2019il permettra \u00e0 la Fondation d\u2019\u00e9valuer le travail qu\u2019elle a accompli en mati\u00e8re de r\u00e9sidence d\u2019artistes depuis 2014. Nous esp\u00e9rons \u00e9galement qu\u2019il donnera aux autres un pr\u00e9cieux retour d\u2019information qui les aidera dans leur travail.<br \/>\n<!--\n\n\n<div id=\"gt-res-p\">\n\n\n<div id=\"gt-res-data\">\n\n\n<div id=\"gt-res-wrap\">\n\n\n<div id=\"gt-res-content\" class=\"almost_half_cell\">\n\n\n<h2 dir=\"ltr\" style=\"text-align: center;\"><a href=\"http:\/\/sheilahughmackay.ca\/\/fr\/rsvp-pour-les-evenements\/\"><span id=\"result_box\" class=\"short_text\" lang=\"fr\">RSVP <span class=\"\">pour les \u00e9v\u00e9nements<\/span><\/span><\/a><\/h2>\n\n\n<\/div>\n\n\n<\/div>\n\n\n<\/div>\n\n\n<\/div>\n\n\n--><\/p>","protected":false},"excerpt":{"rendered":"<p>Cr\u00e9er et adopter les meilleures pratiques Le forum \u00ab Artistes en r\u00e9sidence : cr\u00e9er et adopter les meilleures pratiques \u00bb fait partie de l\u2019engagement de la Fondation Sheila Hugh Mackay \u00e0 ouvrir la discussion et \u00e0 faciliter la collaboration. Voulant permettre aux artistes du Nouveau-Brunswick d\u2019atteindreun haut degr\u00e9 de professionnalisme et d\u2019excellence, le conseil d\u2019administration<a href=\"https:\/\/sheilahughmackay.ca\/fr\/defense-des-arts\/projets-de-defense\/forum-artistes-en-residence-2016\/\">[&#8230;]<\/a><\/p>\n","protected":false},"author":1,"featured_media":5121,"parent":700,"menu_order":0,"comment_status":"closed","ping_status":"closed","template":"","meta":[],"_links":{"self":[{"href":"https:\/\/sheilahughmackay.ca\/fr\/wp-json\/wp\/v2\/pages\/5124"}],"collection":[{"href":"https:\/\/sheilahughmackay.ca\/fr\/wp-json\/wp\/v2\/pages"}],"about":[{"href":"https:\/\/sheilahughmackay.ca\/fr\/wp-json\/wp\/v2\/types\/page"}],"author":[{"embeddable":true,"href":"https:\/\/sheilahughmackay.ca\/fr\/wp-json\/wp\/v2\/users\/1"}],"replies":[{"embeddable":true,"href":"https:\/\/sheilahughmackay.ca\/fr\/wp-json\/wp\/v2\/comments?post=5124"}],"version-history":[{"count":33,"href":"https:\/\/sheilahughmackay.ca\/fr\/wp-json\/wp\/v2\/pages\/5124\/revisions"}],"predecessor-version":[{"id":5267,"href":"https:\/\/sheilahughmackay.ca\/fr\/wp-json\/wp\/v2\/pages\/5124\/revisions\/5267"}],"up":[{"embeddable":true,"href":"https:\/\/sheilahughmackay.ca\/fr\/wp-json\/wp\/v2\/pages\/700"}],"wp:featuredmedia":[{"embeddable":true,"href":"https:\/\/sheilahughmackay.ca\/fr\/wp-json\/wp\/v2\/media\/5121"}],"wp:attachment":[{"href":"https:\/\/sheilahughmackay.ca\/fr\/wp-json\/wp\/v2\/media?parent=5124"}],"curies":[{"name":"wp","href":"https:\/\/api.w.org\/{rel}","templated":true}]}}