{"id":5269,"date":"2016-09-22T13:57:34","date_gmt":"2016-09-22T16:57:34","guid":{"rendered":"http:\/\/sheilahughmackay.ca\/shmf\/?page_id=5269"},"modified":"2016-12-09T13:29:32","modified_gmt":"2016-12-09T17:29:32","slug":"saint-john-international-sculpture-symposium","status":"publish","type":"page","link":"https:\/\/sheilahughmackay.ca\/fr\/subventions\/subventions-signature\/saint-john-international-sculpture-symposium\/","title":{"rendered":"Symposium international de sculpture 2016"},"content":{"rendered":"<p><a href=\"http:\/\/sheilahughmackay.ca\/\/wp-content\/uploads\/2016\/09\/2016-Artists-Interns-with-John-Hoopers-sculpture-People-Waiting-1.jpg\"><img loading=\"lazy\" src=\"http:\/\/sheilahughmackay.ca\/\/wp-content\/uploads\/2016\/09\/2016-Artists-Interns-with-John-Hoopers-sculpture-People-Waiting-1-1024x422.jpg\" alt=\"2016-artists-interns-with-john-hoopers-sculpture-people-waiting\" width=\"640\" height=\"264\" class=\"aligncenter size-large wp-image-5286\" srcset=\"https:\/\/sheilahughmackay.ca\/wp-content\/uploads\/2016\/09\/2016-Artists-Interns-with-John-Hoopers-sculpture-People-Waiting-1-1024x422.jpg 1024w, https:\/\/sheilahughmackay.ca\/wp-content\/uploads\/2016\/09\/2016-Artists-Interns-with-John-Hoopers-sculpture-People-Waiting-1-300x124.jpg 300w, https:\/\/sheilahughmackay.ca\/wp-content\/uploads\/2016\/09\/2016-Artists-Interns-with-John-Hoopers-sculpture-People-Waiting-1-768x317.jpg 768w, https:\/\/sheilahughmackay.ca\/wp-content\/uploads\/2016\/09\/2016-Artists-Interns-with-John-Hoopers-sculpture-People-Waiting-1.jpg 1060w\" sizes=\"(max-width: 640px) 100vw, 640px\" \/><\/a><\/p>\n<p>Le symposium international de la sculpture du Nouveau-Brunswick 2016 a obtenu 20 000 $ pour la prestation d&#8217;un programme d\u2019\u00e9ducation parall\u00e8lement au volet cr\u00e9ation qui a lieu pendant six semaines au cours du symposium. S\u2019inspirant du travail effectu\u00e9 en 2014, <strong>Diana Alexander<\/strong>, directrice administrative de Sculpture Saint John, a d\u00e9clar\u00e9 que l&#8217;\u00e9ducation \u00e9tait au c\u0153ur de cet \u00e9v\u00e9nement. La programmation comprenait des s\u00e9ances professionnelles pour les artistes, des visites guid\u00e9es pour \u00e9l\u00e8ves du primaire et du secondaire, un programme de mentorat pour six stagiaires, un centre d&#8217;interpr\u00e9tation, des visites guid\u00e9es, des d\u00e9pliants, des cartes de rep\u00e9rage et des ateliers sur le travail du m\u00e9tal, du bronze, de l&#8217;argile, du bois et de la pierre.<\/p>\n<p>L\u2019\u00e9v\u00e9nement s\u2019est tenu dans le secteur du bord de l\u2019eau pr\u00e8s du port de Saint John, du 4 ao\u00fbt au 17 septembre 2016. Le public pouvait acc\u00e9der gratuitement \u00e0 l\u2019atelier en plein air, o\u00f9 huit sculptures en granit du Nouveau-Brunswick ont \u00e9t\u00e9 cr\u00e9\u00e9es. <\/p>\n<p>La Fondation Sheila Hugh Mackay, tient \u00e0 souligner la g\u00e9n\u00e9rosit\u00e9 des artistes qui non seulement ont travaill\u00e9 \u00e0 leurs cr\u00e9ations, mais qui ont aussi consacr\u00e9 d&#8217;innombrables heures au programme \u00e9ducatif associ\u00e9 \u00e0 ce concept d\u2019atelier ouvert. <strong>Fetiye Boudevin<\/strong> de France, Jim Boyd de Hampton, Julie Glaspy, une artiste du Nouveau-Brunswick qui vit maintenant en Colombie-Britannique, Janine Kortz-Waintrop de France, Alessio Ranaldi d&#8217;Italie, Jesse Salsibury des \u00c9tats-Unis, Vasilis Vasili de Gr\u00e8ce, et Catherine Leva de France, ont \u00e0 la fois inspir\u00e9 les visiteurs et encadr\u00e9 six stagiaires, Angus Boyd, Maggie Higgins, Mark Pitcher, Stu Ryan, Philip Savage et Glenn Swanson. En tout, 30 000 visiteurs ont assist\u00e9 \u00e0 la transformation de blocs rocheux en \u0153uvres d&#8217;art public qui sont destin\u00e9es \u00e0 embellir bon nombre de communaut\u00e9s du Nouveau-Brunswick. De nombreuses g\u00e9n\u00e9rations profiteront des \u0153uvres d&#8217;art cr\u00e9\u00e9es au cours du symposium. B\u00e9n\u00e9ficiant d&#8217;une grande visibilit\u00e9, cet \u00e9v\u00e9nement artistique a renforc\u00e9 la compr\u00e9hension et l\u2019appr\u00e9ciation du travail contemporain de la pierre.<\/p>\n<p>La Fondation Sheila Hugh Mackay rend hommage au personnel, aux commanditaires et aux b\u00e9n\u00e9voles pour leur vision et leur labeur dans la cr\u00e9ation et le soutien de ce symposium tr\u00e8s remarqu\u00e9.<\/p>\n<p><div id=\"grid-gallery-6-54997\" data-gg-id=\"6\" data-title=\"sj sculpture 2016\" data-grid-type=\"1\" data-offset=\"0\" data-area-position=\"center\" data-icons=\"false\" data-preloader=\"true\" data-width=\"215\" data-height=\"\" data-padding=\"0\" data-quicksand=\"disabled\" data-quicksand-duration=\"none\" data-popup-theme=\"theme_6\" data-popup-type=\"pretty-photo\" data-popup-image-text=\"data-caption\" data-popup-widthsize=\"auto\" data-popup-heightsize=\"auto\" data-popup-i18n-words=\"{&quot;close&quot;:&quot;fermer&quot;,&quot;next&quot;:&quot;suivant&quot;,&quot;previous&quot;:&quot;pr\\u00e9c\\u00e9dent&quot;,&quot;start_slideshow&quot;:&quot;d\\u00e9marrer le diaporama&quot;,&quot;stop_slideshow&quot;:&quot;arr\\u00e9ter le diaporama&quot;,&quot;image&quot;:&quot;image&quot;,&quot;of&quot;:&quot;de&quot;,&quot;prev&quot;:&quot;pr\\u00e9c.&quot;,&quot;cExpand&quot;:&quot;Agrandir&quot;,&quot;cPrevious&quot;:&quot;Pr\\u00e9c\\u00e9dent&quot;,&quot;cNext&quot;:&quot;Suivant&quot;,&quot;cExpandStr&quot;:&quot;Agrandir l&#039;image&quot;,&quot;cRotate&quot;:&quot;Pivoter&quot;,&quot;cDetails&quot;:&quot;Details&quot;}\" data-popup-slideshow=\"false\" data-popup-slideshow-speed=\"2500\" data-popup-hoverstop=\"false\" data-popup-slideshow-auto=\"false\" data-popup-background=\"\" data-popup-transparency=\"30\" data-popup-disable-history=\"\" data-popup-disable-changed-url=\"\" data-popup-border-type=\"\" data-popup-border-color=\"\" data-popup-border-width=\"\" data-popup-border-enable=\"\" data-fullscreen=\"false\" data-hide-tooltip=\"false\" data-caption-font-family=\"Default\" data-caption-text-size=\"14px\" data-is-mobile=\"0\" data-caption-mobile=\"false\" data-hide-long-tltp-title=\"0\" data-caption-disabled-on-mobile=\"false\" data-popup-placement-type=\"0\" data-social-sharing=\"{&quot;enabled&quot;:&quot;&quot;,&quot;gallerySharing&quot;:{&quot;enabled&quot;:null,&quot;position&quot;:null},&quot;imageSharing&quot;:{&quot;enabled&quot;:null,&quot;wrapperClass&quot;:&quot; vertical \\n &quot;},&quot;popupSharing&quot;:{&quot;enabled&quot;:null,&quot;wrapperClass&quot;:&quot; vertical \\n &quot;}}\" class=\"grid-gallery grid-gallery-fluid-height \" style=\" width:100%; height:auto ; margin-left:auto; margin-right:auto; position:relative;\" > <div class=\"gallery-loading\"> <div class=\"blocks\"> <div class=\"block\"><\/div> <div class=\"block\"><\/div> <div class=\"block\"><\/div> <div class=\"block\"><\/div> <\/div> <\/div> <div class=\"gallery-sharing-top\"><\/div> <div id=\"photos-6\" class=\"grid-gallery-photos \" > <a id=\"gg-6-37\" class=\"gg-link \" data-attachment-id=\"5284\" href=\"https:\/\/sheilahughmackay.ca\/wp-content\/uploads\/2016\/09\/2016-Artists.jpg?gid=6\" target=\"_self\" title=\"2016-artists\" data-rel=\"prettyPhoto[pp_gal]\" style=\"border-radius: 0px;\" ><FIGURE class=\"grid-gallery-caption \" data-grid-gallery-type=\"revolving-door-left\" data-index=\"0\" style=\"display:none;border-radius: 0px; ; margin: 0px; width:215px;\" ><div class=\"crop \" style=\" \"><img src=\"http:\/\/sheilahughmackay.ca\/\/wp-content\/uploads\/2016\/09\/2016-Artists-215x143.jpg\" class=\"ggImg\" alt=\"2016-artists\" title=\"2016-artists\" data-description=\"2016-artists\" data-caption=\"2016 artists.\" data-title=\"2016-artists\" style=\" width:215px; \" \/><\/div><FIGCAPTION class=\"\" data-alpha=\"5\" style=\"color:#ffffff; background-color:#292942; font-size:14px; text-align:left; font-family:Default;\" ><div class=\"grid-gallery-figcaption-wrap\" style=\" vertical-align:top; \"><div class=\"gg-image-caption fitvidsignore \" style=\"font-size:14px;\"><object type=\"none\/none\"> 2016 artists. <\/object><\/div><\/div><\/FIGCAPTION><\/FIGURE><\/a> <a id=\"gg-6-47\" class=\"gg-link \" data-attachment-id=\"5581\" href=\"https:\/\/sheilahughmackay.ca\/wp-content\/uploads\/2016\/10\/Gallant-at-closing-e1477675703665.jpg?gid=6\" target=\"_self\" title=\"gallant-at-closing\" data-rel=\"prettyPhoto[pp_gal]\" style=\"border-radius: 0px;\" ><FIGURE class=\"grid-gallery-caption \" data-grid-gallery-type=\"revolving-door-left\" data-index=\"1\" style=\"display:none;border-radius: 0px; ; margin: 0px; width:215px;\" ><div class=\"crop \" style=\" \"><img src=\"http:\/\/sheilahughmackay.ca\/\/wp-content\/uploads\/2016\/10\/Gallant-at-closing-e1477675703665-215x287.jpg\" class=\"ggImg\" alt=\"gallant-at-closing\" title=\"gallant-at-closing\" data-description=\"gallant-at-closing\" data-caption=\"Premier Gallant with sculptor Jim Boyd at closing.\" data-title=\"gallant-at-closing\" style=\" width:215px; \" \/><\/div><FIGCAPTION class=\"\" data-alpha=\"5\" style=\"color:#ffffff; background-color:#292942; font-size:14px; text-align:left; font-family:Default;\" ><div class=\"grid-gallery-figcaption-wrap\" style=\" vertical-align:top; \"><div class=\"gg-image-caption fitvidsignore \" style=\"font-size:14px;\"><object type=\"none\/none\"> Premier Gallant with sculptor Jim Boyd at closing. <\/object><\/div><\/div><\/FIGCAPTION><\/FIGURE><\/a> <a id=\"gg-6-51\" class=\"gg-link \" data-attachment-id=\"5579\" href=\"https:\/\/sheilahughmackay.ca\/wp-content\/uploads\/2016\/10\/DSC_0043-2_resize_resize.jpg?gid=6\" target=\"_self\" title=\"dsc_0043-2_resize_resize\" data-rel=\"prettyPhoto[pp_gal]\" style=\"border-radius: 0px;\" ><FIGURE class=\"grid-gallery-caption \" data-grid-gallery-type=\"revolving-door-left\" data-index=\"2\" style=\"display:none;border-radius: 0px; ; margin: 0px; width:215px;\" ><div class=\"crop \" style=\" \"><img src=\"http:\/\/sheilahughmackay.ca\/\/wp-content\/uploads\/2016\/10\/DSC_0043-2_resize_resize.jpg\" class=\"ggImg\" alt=\"dsc_0043-2_resize_resize\" title=\"dsc_0043-2_resize_resize\" data-description=\"dsc_0043-2_resize_resize\" data-caption=\"dsc_0043-2_resize_resize\" data-title=\"dsc_0043-2_resize_resize\" style=\" width:215px; \" \/><\/div><FIGCAPTION class=\"\" data-alpha=\"5\" style=\"color:#ffffff; background-color:#292942; font-size:14px; text-align:left; font-family:Default;\" ><div class=\"grid-gallery-figcaption-wrap\" style=\" vertical-align:top; \"><\/div><\/FIGCAPTION><\/FIGURE><\/a> <a id=\"gg-6-38\" class=\"gg-link \" data-attachment-id=\"5283\" href=\"https:\/\/sheilahughmackay.ca\/wp-content\/uploads\/2016\/09\/Glenn-Swanson.jpg?gid=6\" target=\"_self\" title=\"glenn-swanson\" data-rel=\"prettyPhoto[pp_gal]\" style=\"border-radius: 0px;\" ><FIGURE class=\"grid-gallery-caption \" data-grid-gallery-type=\"revolving-door-left\" data-index=\"3\" style=\"display:none;border-radius: 0px; ; margin: 0px; width:215px;\" ><div class=\"crop \" style=\" \"><img src=\"http:\/\/sheilahughmackay.ca\/\/wp-content\/uploads\/2016\/09\/Glenn-Swanson-215x324.jpg\" class=\"ggImg\" alt=\"glenn-swanson\" title=\"glenn-swanson\" data-description=\"glenn-swanson\" data-caption=\"Glenn Swanson\" data-title=\"glenn-swanson\" style=\" width:215px; \" \/><\/div><FIGCAPTION class=\"\" data-alpha=\"5\" style=\"color:#ffffff; background-color:#292942; font-size:14px; text-align:left; font-family:Default;\" ><div class=\"grid-gallery-figcaption-wrap\" style=\" vertical-align:top; \"><div class=\"gg-image-caption fitvidsignore \" style=\"font-size:14px;\"><object type=\"none\/none\"> Glenn Swanson <\/object><\/div><\/div><\/FIGCAPTION><\/FIGURE><\/a> <a id=\"gg-6-39\" class=\"gg-link \" data-attachment-id=\"5282\" href=\"https:\/\/sheilahughmackay.ca\/wp-content\/uploads\/2016\/09\/Fetiye-Boudevin.jpg?gid=6\" target=\"_self\" title=\"fetiye-boudevin\" data-rel=\"prettyPhoto[pp_gal]\" style=\"border-radius: 0px;\" ><FIGURE class=\"grid-gallery-caption \" data-grid-gallery-type=\"revolving-door-left\" data-index=\"4\" style=\"display:none;border-radius: 0px; ; margin: 0px; width:215px;\" ><div class=\"crop \" style=\" \"><img src=\"http:\/\/sheilahughmackay.ca\/\/wp-content\/uploads\/2016\/09\/Fetiye-Boudevin-215x324.jpg\" class=\"ggImg\" alt=\"fetiye-boudevin\" title=\"fetiye-boudevin\" data-description=\"fetiye-boudevin\" data-caption=\"Fetiye Boudevin\" data-title=\"fetiye-boudevin\" style=\" width:215px; \" \/><\/div><FIGCAPTION class=\"\" data-alpha=\"5\" style=\"color:#ffffff; background-color:#292942; font-size:14px; text-align:left; font-family:Default;\" ><div class=\"grid-gallery-figcaption-wrap\" style=\" vertical-align:top; \"><div class=\"gg-image-caption fitvidsignore \" style=\"font-size:14px;\"><object type=\"none\/none\"> Fetiye Boudevin <\/object><\/div><\/div><\/FIGCAPTION><\/FIGURE><\/a> <a id=\"gg-6-48\" class=\"gg-link \" data-attachment-id=\"5577\" href=\"https:\/\/sheilahughmackay.ca\/wp-content\/uploads\/2016\/10\/DSC_0554-2_resize.jpg?gid=6\" target=\"_self\" title=\"dsc_0554-2_resize\" data-rel=\"prettyPhoto[pp_gal]\" style=\"border-radius: 0px;\" ><FIGURE class=\"grid-gallery-caption \" data-grid-gallery-type=\"revolving-door-left\" data-index=\"5\" style=\"display:none;border-radius: 0px; ; margin: 0px; width:215px;\" ><div class=\"crop \" style=\" \"><img src=\"http:\/\/sheilahughmackay.ca\/\/wp-content\/uploads\/2016\/10\/DSC_0554-2_resize-215x324.jpg\" class=\"ggImg\" alt=\"dsc_0554-2_resize\" title=\"dsc_0554-2_resize\" data-description=\"dsc_0554-2_resize\" data-caption=\"dsc_0554-2_resize\" data-title=\"dsc_0554-2_resize\" style=\" width:215px; \" \/><\/div><FIGCAPTION class=\"\" data-alpha=\"5\" style=\"color:#ffffff; background-color:#292942; font-size:14px; text-align:left; font-family:Default;\" ><div class=\"grid-gallery-figcaption-wrap\" style=\" vertical-align:top; \"><\/div><\/FIGCAPTION><\/FIGURE><\/a> <a id=\"gg-6-40\" class=\"gg-link \" data-attachment-id=\"5281\" href=\"https:\/\/sheilahughmackay.ca\/wp-content\/uploads\/2016\/09\/Catherine-Leva.jpg?gid=6\" target=\"_self\" title=\"catherine-leva\" data-rel=\"prettyPhoto[pp_gal]\" style=\"border-radius: 0px;\" ><FIGURE class=\"grid-gallery-caption \" data-grid-gallery-type=\"revolving-door-left\" data-index=\"6\" style=\"display:none;border-radius: 0px; ; margin: 0px; width:215px;\" ><div class=\"crop \" style=\" \"><img src=\"http:\/\/sheilahughmackay.ca\/\/wp-content\/uploads\/2016\/09\/Catherine-Leva-215x324.jpg\" class=\"ggImg\" alt=\"catherine-leva\" title=\"catherine-leva\" data-description=\"catherine-leva\" data-caption=\"Catherine Leva\" data-title=\"catherine-leva\" style=\" width:215px; \" \/><\/div><FIGCAPTION class=\"\" data-alpha=\"5\" style=\"color:#ffffff; background-color:#292942; font-size:14px; text-align:left; font-family:Default;\" ><div class=\"grid-gallery-figcaption-wrap\" style=\" vertical-align:top; \"><div class=\"gg-image-caption fitvidsignore \" style=\"font-size:14px;\"><object type=\"none\/none\"> Catherine Leva <\/object><\/div><\/div><\/FIGCAPTION><\/FIGURE><\/a> <a id=\"gg-6-41\" class=\"gg-link \" data-attachment-id=\"5280\" href=\"https:\/\/sheilahughmackay.ca\/wp-content\/uploads\/2016\/09\/Angus-Boyd-2.jpg?gid=6\" target=\"_self\" title=\"angus-boyd-2\" data-rel=\"prettyPhoto[pp_gal]\" style=\"border-radius: 0px;\" ><FIGURE class=\"grid-gallery-caption \" data-grid-gallery-type=\"revolving-door-left\" data-index=\"7\" style=\"display:none;border-radius: 0px; ; margin: 0px; width:215px;\" ><div class=\"crop \" style=\" \"><img src=\"http:\/\/sheilahughmackay.ca\/\/wp-content\/uploads\/2016\/09\/Angus-Boyd-2-215x324.jpg\" class=\"ggImg\" alt=\"angus-boyd-2\" title=\"angus-boyd-2\" data-description=\"angus-boyd-2\" data-caption=\"Angus Boyd\" data-title=\"angus-boyd-2\" style=\" width:215px; \" \/><\/div><FIGCAPTION class=\"\" data-alpha=\"5\" style=\"color:#ffffff; background-color:#292942; font-size:14px; text-align:left; font-family:Default;\" ><div class=\"grid-gallery-figcaption-wrap\" style=\" vertical-align:top; \"><div class=\"gg-image-caption fitvidsignore \" style=\"font-size:14px;\"><object type=\"none\/none\"> Angus Boyd <\/object><\/div><\/div><\/FIGCAPTION><\/FIGURE><\/a> <a id=\"gg-6-42\" class=\"gg-link \" data-attachment-id=\"5279\" href=\"https:\/\/sheilahughmackay.ca\/wp-content\/uploads\/2016\/09\/Alessio-Ranaldi-Fetiye-Boudevin-and-Phil-Savage.jpg?gid=6\" target=\"_self\" title=\"alessio-ranaldi-fetiye-boudevin-and-phil-savage\" data-rel=\"prettyPhoto[pp_gal]\" style=\"border-radius: 0px;\" ><FIGURE class=\"grid-gallery-caption \" data-grid-gallery-type=\"revolving-door-left\" data-index=\"8\" style=\"display:none;border-radius: 0px; ; margin: 0px; width:215px;\" ><div class=\"crop \" style=\" \"><img src=\"http:\/\/sheilahughmackay.ca\/\/wp-content\/uploads\/2016\/09\/Alessio-Ranaldi-Fetiye-Boudevin-and-Phil-Savage-215x143.jpg\" class=\"ggImg\" alt=\"alessio-ranaldi-fetiye-boudevin-and-phil-savage\" title=\"alessio-ranaldi-fetiye-boudevin-and-phil-savage\" data-description=\"alessio-ranaldi-fetiye-boudevin-and-phil-savage\" data-caption=\"Alessio Ranaldi, Fetiye Boudevin and\/et Phil Savage\" data-title=\"alessio-ranaldi-fetiye-boudevin-and-phil-savage\" style=\" width:215px; \" \/><\/div><FIGCAPTION class=\"\" data-alpha=\"5\" style=\"color:#ffffff; background-color:#292942; font-size:14px; text-align:left; font-family:Default;\" ><div class=\"grid-gallery-figcaption-wrap\" style=\" vertical-align:top; \"><div class=\"gg-image-caption fitvidsignore \" style=\"font-size:14px;\"><object type=\"none\/none\"> Alessio Ranaldi, Fetiye Boudevin and\/et Phil Savage <\/object><\/div><\/div><\/FIGCAPTION><\/FIGURE><\/a> <a id=\"gg-6-49\" class=\"gg-link \" data-attachment-id=\"5575\" href=\"https:\/\/sheilahughmackay.ca\/wp-content\/uploads\/2016\/10\/DSC_0305_resize_resize.jpg?gid=6\" target=\"_self\" title=\"dsc_0305_resize_resize\" data-rel=\"prettyPhoto[pp_gal]\" style=\"border-radius: 0px;\" ><FIGURE class=\"grid-gallery-caption \" data-grid-gallery-type=\"revolving-door-left\" data-index=\"9\" style=\"display:none;border-radius: 0px; ; margin: 0px; width:215px;\" ><div class=\"crop \" style=\" \"><img src=\"http:\/\/sheilahughmackay.ca\/\/wp-content\/uploads\/2016\/10\/DSC_0305_resize_resize-215x323.jpg\" class=\"ggImg\" alt=\"dsc_0305_resize_resize\" title=\"dsc_0305_resize_resize\" data-description=\"dsc_0305_resize_resize\" data-caption=\"dsc_0305_resize_resize\" data-title=\"dsc_0305_resize_resize\" style=\" width:215px; \" \/><\/div><FIGCAPTION class=\"\" data-alpha=\"5\" style=\"color:#ffffff; background-color:#292942; font-size:14px; text-align:left; font-family:Default;\" ><div class=\"grid-gallery-figcaption-wrap\" style=\" vertical-align:top; \"><\/div><\/FIGCAPTION><\/FIGURE><\/a> <a id=\"gg-6-43\" class=\"gg-link \" data-attachment-id=\"5278\" href=\"https:\/\/sheilahughmackay.ca\/wp-content\/uploads\/2016\/09\/Stu-Ryan.jpg?gid=6\" target=\"_self\" title=\"stu-ryan\" data-rel=\"prettyPhoto[pp_gal]\" style=\"border-radius: 0px;\" ><FIGURE class=\"grid-gallery-caption \" data-grid-gallery-type=\"revolving-door-left\" data-index=\"10\" style=\"display:none;border-radius: 0px; ; margin: 0px; width:215px;\" ><div class=\"crop \" style=\" \"><img src=\"http:\/\/sheilahughmackay.ca\/\/wp-content\/uploads\/2016\/09\/Stu-Ryan-215x324.jpg\" class=\"ggImg\" alt=\"stu-ryan\" title=\"stu-ryan\" data-description=\"stu-ryan\" data-caption=\"Stu Ryan\" data-title=\"stu-ryan\" style=\" width:215px; \" \/><\/div><FIGCAPTION class=\"\" data-alpha=\"5\" style=\"color:#ffffff; background-color:#292942; font-size:14px; text-align:left; font-family:Default;\" ><div class=\"grid-gallery-figcaption-wrap\" style=\" vertical-align:top; \"><div class=\"gg-image-caption fitvidsignore \" style=\"font-size:14px;\"><object type=\"none\/none\"> Stu Ryan <\/object><\/div><\/div><\/FIGCAPTION><\/FIGURE><\/a> <a id=\"gg-6-44\" class=\"gg-link \" data-attachment-id=\"5277\" href=\"https:\/\/sheilahughmackay.ca\/wp-content\/uploads\/2016\/09\/Phil-Savage.jpg?gid=6\" target=\"_self\" title=\"phil-savage\" data-rel=\"prettyPhoto[pp_gal]\" style=\"border-radius: 0px;\" ><FIGURE class=\"grid-gallery-caption \" data-grid-gallery-type=\"revolving-door-left\" data-index=\"11\" style=\"display:none;border-radius: 0px; ; margin: 0px; width:215px;\" ><div class=\"crop \" style=\" \"><img src=\"http:\/\/sheilahughmackay.ca\/\/wp-content\/uploads\/2016\/09\/Phil-Savage-215x324.jpg\" class=\"ggImg\" alt=\"phil-savage\" title=\"phil-savage\" data-description=\"phil-savage\" data-caption=\"Phil Savage\" data-title=\"phil-savage\" style=\" width:215px; \" \/><\/div><FIGCAPTION class=\"\" data-alpha=\"5\" style=\"color:#ffffff; background-color:#292942; font-size:14px; text-align:left; font-family:Default;\" ><div class=\"grid-gallery-figcaption-wrap\" style=\" vertical-align:top; \"><div class=\"gg-image-caption fitvidsignore \" style=\"font-size:14px;\"><object type=\"none\/none\"> Phil Savage <\/object><\/div><\/div><\/FIGCAPTION><\/FIGURE><\/a> <a id=\"gg-6-50\" class=\"gg-link \" data-attachment-id=\"5576\" href=\"https:\/\/sheilahughmackay.ca\/wp-content\/uploads\/2016\/10\/DSC_0492e_resize.jpg?gid=6\" target=\"_self\" title=\"dsc_0492e_resize\" data-rel=\"prettyPhoto[pp_gal]\" style=\"border-radius: 0px;\" ><FIGURE class=\"grid-gallery-caption \" data-grid-gallery-type=\"revolving-door-left\" data-index=\"12\" style=\"display:none;border-radius: 0px; ; margin: 0px; width:215px;\" ><div class=\"crop \" style=\" \"><img src=\"http:\/\/sheilahughmackay.ca\/\/wp-content\/uploads\/2016\/10\/DSC_0492e_resize-215x276.jpg\" class=\"ggImg\" alt=\"dsc_0492e_resize\" title=\"dsc_0492e_resize\" data-description=\"dsc_0492e_resize\" data-caption=\"dsc_0492e_resize\" data-title=\"dsc_0492e_resize\" style=\" width:215px; \" \/><\/div><FIGCAPTION class=\"\" data-alpha=\"5\" style=\"color:#ffffff; background-color:#292942; font-size:14px; text-align:left; font-family:Default;\" ><div class=\"grid-gallery-figcaption-wrap\" style=\" vertical-align:top; \"><\/div><\/FIGCAPTION><\/FIGURE><\/a> <a id=\"gg-6-45\" class=\"gg-link \" data-attachment-id=\"5276\" href=\"https:\/\/sheilahughmackay.ca\/wp-content\/uploads\/2016\/09\/Maggie-Higgins.jpg?gid=6\" target=\"_self\" title=\"maggie-higgins\" data-rel=\"prettyPhoto[pp_gal]\" style=\"border-radius: 0px;\" ><FIGURE class=\"grid-gallery-caption \" data-grid-gallery-type=\"revolving-door-left\" data-index=\"13\" style=\"display:none;border-radius: 0px; ; margin: 0px; width:215px;\" ><div class=\"crop \" style=\" \"><img src=\"http:\/\/sheilahughmackay.ca\/\/wp-content\/uploads\/2016\/09\/Maggie-Higgins-215x324.jpg\" class=\"ggImg\" alt=\"maggie-higgins\" title=\"maggie-higgins\" data-description=\"maggie-higgins\" data-caption=\"Maggie Higgins\" data-title=\"maggie-higgins\" style=\" width:215px; \" \/><\/div><FIGCAPTION class=\"\" data-alpha=\"5\" style=\"color:#ffffff; background-color:#292942; font-size:14px; text-align:left; font-family:Default;\" ><div class=\"grid-gallery-figcaption-wrap\" style=\" vertical-align:top; \"><div class=\"gg-image-caption fitvidsignore \" style=\"font-size:14px;\"><object type=\"none\/none\"> Maggie Higgins <\/object><\/div><\/div><\/FIGCAPTION><\/FIGURE><\/a> <a id=\"gg-6-46\" class=\"gg-link \" data-attachment-id=\"5275\" href=\"https:\/\/sheilahughmackay.ca\/wp-content\/uploads\/2016\/09\/Julie-Glaspy-with-her-community-partners-from-Riverview.jpg?gid=6\" target=\"_self\" title=\"julie-glaspy-with-her-community-partners-from-riverview\" data-rel=\"prettyPhoto[pp_gal]\" style=\"border-radius: 0px;\" ><FIGURE class=\"grid-gallery-caption \" data-grid-gallery-type=\"revolving-door-left\" data-index=\"14\" style=\"display:none;border-radius: 0px; ; margin: 0px; width:215px;\" ><div class=\"crop \" style=\" \"><img src=\"http:\/\/sheilahughmackay.ca\/\/wp-content\/uploads\/2016\/09\/Julie-Glaspy-with-her-community-partners-from-Riverview-215x143.jpg\" class=\"ggImg\" alt=\"julie-glaspy-with-her-community-partners-from-riverview\" title=\"julie-glaspy-with-her-community-partners-from-riverview\" data-description=\"julie-glaspy-with-her-community-partners-from-riverview\" data-caption=\"Julie Glaspy with her community partners from Riverview\" data-title=\"julie-glaspy-with-her-community-partners-from-riverview\" style=\" width:215px; \" \/><\/div><FIGCAPTION class=\"\" data-alpha=\"5\" style=\"color:#ffffff; background-color:#292942; font-size:14px; text-align:left; font-family:Default;\" ><div class=\"grid-gallery-figcaption-wrap\" style=\" vertical-align:top; \"><div class=\"gg-image-caption fitvidsignore \" style=\"font-size:14px;\"><object type=\"none\/none\"> Julie Glaspy with her community partners from Riverview <\/object><\/div><\/div><\/FIGCAPTION><\/FIGURE><\/a> <div class=\"grid-gallery-clearfix\"><\/div> <\/div> <div class=\"gallery-sharing-bottom\"><\/div> <div class=\"grid-gallery-clearfix\"><\/div> <\/div> <!-- Gallery by Supsystic plugin 1.14.10 --><br \/>\n<\/p>","protected":false},"excerpt":{"rendered":"<p>Le symposium international de la sculpture du Nouveau-Brunswick 2016 a obtenu 20 000 $ pour la prestation d&#8217;un programme d\u2019\u00e9ducation parall\u00e8lement au volet cr\u00e9ation qui a lieu pendant six semaines au cours du symposium. S\u2019inspirant du travail effectu\u00e9 en 2014, Diana Alexander, directrice administrative de Sculpture Saint John, a d\u00e9clar\u00e9 que l&#8217;\u00e9ducation \u00e9tait au c\u0153ur<a href=\"https:\/\/sheilahughmackay.ca\/fr\/subventions\/subventions-signature\/saint-john-international-sculpture-symposium\/\">[&#8230;]<\/a><\/p>\n","protected":false},"author":1,"featured_media":0,"parent":3615,"menu_order":0,"comment_status":"closed","ping_status":"closed","template":"","meta":[],"_links":{"self":[{"href":"https:\/\/sheilahughmackay.ca\/fr\/wp-json\/wp\/v2\/pages\/5269"}],"collection":[{"href":"https:\/\/sheilahughmackay.ca\/fr\/wp-json\/wp\/v2\/pages"}],"about":[{"href":"https:\/\/sheilahughmackay.ca\/fr\/wp-json\/wp\/v2\/types\/page"}],"author":[{"embeddable":true,"href":"https:\/\/sheilahughmackay.ca\/fr\/wp-json\/wp\/v2\/users\/1"}],"replies":[{"embeddable":true,"href":"https:\/\/sheilahughmackay.ca\/fr\/wp-json\/wp\/v2\/comments?post=5269"}],"version-history":[{"count":10,"href":"https:\/\/sheilahughmackay.ca\/fr\/wp-json\/wp\/v2\/pages\/5269\/revisions"}],"predecessor-version":[{"id":5663,"href":"https:\/\/sheilahughmackay.ca\/fr\/wp-json\/wp\/v2\/pages\/5269\/revisions\/5663"}],"up":[{"embeddable":true,"href":"https:\/\/sheilahughmackay.ca\/fr\/wp-json\/wp\/v2\/pages\/3615"}],"wp:attachment":[{"href":"https:\/\/sheilahughmackay.ca\/fr\/wp-json\/wp\/v2\/media?parent=5269"}],"curies":[{"name":"wp","href":"https:\/\/api.w.org\/{rel}","templated":true}]}}