{"id":5271,"date":"2016-09-22T13:55:55","date_gmt":"2016-09-22T16:55:55","guid":{"rendered":"http:\/\/sheilahughmackay.ca\/shmf\/?page_id=5271"},"modified":"2018-03-06T13:45:32","modified_gmt":"2018-03-06T17:45:32","slug":"2016-sheilas","status":"publish","type":"page","link":"https:\/\/sheilahughmackay.ca\/fr\/subventions\/les-sheila\/2016-sheilas\/","title":{"rendered":"2016 Sheilas"},"content":{"rendered":"<p><\/p>\n<h2>\u00c9crits critiques et documentaires 2016<\/h2>\n<p>Les subventions de facilitation 2016 \u00e9taient consacr\u00e9es \u00e0 l&#8217;\u00e9laboration et \u00e0 l&#8217;ex\u00e9cution de programmes visant \u00e0 promouvoir le discours critique et le travail documentaire sur les arts visuels au Nouveau-Brunswick. La fondation Sheila Hugh MacKay est fi\u00e8re de contribuer \u00e0 l\u2019essor des arts visuels en r\u00e9pondant aux besoins exprim\u00e9s par la communaut\u00e9 artistique.<\/p>\n<p>Kathryn McCarroll, directrice g\u00e9n\u00e9rale de la Fondation, fait remarquer que le conseil d\u2019administration de la Fondation a recherch\u00e9 l\u2019opinion de professionnels au sujet des nombreuses propositions pr\u00e9sent\u00e9es en r\u00e9ponse \u00e0 l\u2019appel de projets 2016 visant l\u2019avancement du discours critique \u00e0 propos des arts visuels du Nouveau-Brunswick. \u00ab\u00a0Je tiens \u00e0 exprimer ma gratitude \u00e0 Suzanne Alexander, Phillip Lee et pour leur s\u00e9lection des projets de 2016. Dans leur tentative de maximiser tous les investissements faits pour le bien des artistes du Nouveau-Brunswick, les membres du conseil d&#8217;administration sont tr\u00e8s reconnaissants envers ces personnes d\u2019avoir appliqu\u00e9 leur savoir et leur exp\u00e9rience \u00e0 la s\u00e9lection de projet. \u00bb<\/p>\n<p>Pour en savoir plus sur les projets 2016, suivre les liens suivants\u00a0:<\/p>\n<h3>Galerie Sans Nom &#8211; Mario Doucette (parution)<\/h3>\n<p><a href=\"http:\/\/sheilahughmackay.ca\/\/wp-content\/uploads\/2016\/09\/cover_mariodoucette.jpg\"><img loading=\"lazy\" src=\"http:\/\/sheilahughmackay.ca\/\/wp-content\/uploads\/2016\/09\/cover_mariodoucette-300x273.jpg\" alt=\"\" width=\"300\" height=\"273\" class=\"alignleft size-medium wp-image-5814\" srcset=\"https:\/\/sheilahughmackay.ca\/wp-content\/uploads\/2016\/09\/cover_mariodoucette-300x273.jpg 300w, https:\/\/sheilahughmackay.ca\/wp-content\/uploads\/2016\/09\/cover_mariodoucette-768x699.jpg 768w, https:\/\/sheilahughmackay.ca\/wp-content\/uploads\/2016\/09\/cover_mariodoucette-1024x932.jpg 1024w\" sizes=\"(max-width: 300px) 100vw, 300px\" \/><\/a>La Fondation Sheila Hugh Mackay est fi\u00e8re d\u2019associer \u00e0 la Galerie Sans Nom \u00e0 l\u2019occasion de la parution de <strong>Mario Doucette<\/strong>, un ouvrage qui offer un examen critique ainsi que la documentation d\u2019un important corpus d\u2019\u0153uvres r\u00e9alis\u00e9es par l\u2019une des vedettes montantes du Nouveau-Brunswick, Mario Doucette.  La Fondation travaille au soutien des arts visuels au moyen de prix et de bourses qui reconnaissent l\u2019excellence et appuient l\u2019advancement de nos artistes.  Ce projet offer l\u2019occasion de contribuer \u00e0 l\u2019h\u00e9ritage culturel du Mouveau-Brunswick et de defender l\u2019\u0153uvre de Mario Doucette, un artiste dote d\u2019une force et d\u2019une vision uniques. <\/p>\n<p>En 2014, Mario Doucette a \u00e9t\u00e9 le premier laur\u00e9at de la bourse Marie H\u00e9l\u00e8ne Allain de la Fondation Sheila Hugh Mackay, recompense attribu\u00e9e par un jury en reconnaissance de l\u2019excellence artistique d\u2019un artiste nouveau-brunswickois \u00e0 mi-carri\u00e8re. <a href=\"http:\/\/sheilahughmackay.ca\/\/fr\/subventions\/les-sheila\/2016-sheilas\/subventions-sheila-2016-galerie-san-nom\/\">&#8211; plus<\/a><\/p>\n<h3>La revue Canadian Art<\/h3>\n<p><a href=\"http:\/\/canadianart.ca\" target=\"_blank\"><img src=\"http:\/\/canadianart.ca\/wp-content\/uploads\/2016\/09\/Fall-cover-w-lines-260x318.jpg\" width=\"220\" alt=\"Go to Canadian Art magazine\" class=\"alignleft size-medium\" \/><\/a>La fondation Sheila Hugh MacKay a accord\u00e9 une subvention de facilitation 2016 \u00e0 la Canadian Art Foundation en vue d\u2019une longue s\u00e9rie d\u2019articles consacr\u00e9s \u00e0 l\u2019exploration du monde des arts visuels au Nouveau- Brunswick. \u00c0 partir de mai 2016, Canadian Art Magazine a lanc\u00e9 un appel aux r\u00e9dactrices et r\u00e9dacteurs du Nouveau-Brunswick pour qu\u2019ils pr\u00e9sentent des articles portant sur des \u0153uvres produites au Nouveau-Brunswick. La s\u00e9rie \u00ab\u00a0Spotlight on New Brunswick\u00a0\u00bb contiendra des articles sous forme imprim\u00e9e et num\u00e9rique du magazine artistique national, qui compte plus de 200\u00a0000 lecteurs. <\/p>\n<p>Le r\u00e9dacteur en chef David Balzer explique : \u00ab Cette s\u00e9rie a pour but d\u2019attirer l\u2019attention sur les arts visuels au Nouveau-Brunswick \u2013 y compris les artistes, les conservateurs et les galeries de la province \u2013 et d\u2019\u00e9tablir des relations avec des r\u00e9dacteurs et des critiques \u00e9tablis au Nouveau-Brunswick, de mani\u00e8re \u00e0 stimuler le talent dans le domaine de l\u2019\u00e9criture et \u00e0 augmenter le discours critique portant sur l\u2019art produit et expos\u00e9 dans la province. \u00bb <a href=\"http:\/\/sheilahughmackay.ca\/\/fr\/subventions\/les-sheila\/2016-sheilas\/la-revue-canadian-art\/\">&#8211; plus<\/a><\/p>\n<p><\/p>","protected":false},"excerpt":{"rendered":"<p>\u00c9crits critiques et documentaires 2016 Les subventions de facilitation 2016 \u00e9taient consacr\u00e9es \u00e0 l&#8217;\u00e9laboration et \u00e0 l&#8217;ex\u00e9cution de programmes visant \u00e0 promouvoir le discours critique et le travail documentaire sur les arts visuels au Nouveau-Brunswick. La fondation Sheila Hugh MacKay est fi\u00e8re de contribuer \u00e0 l\u2019essor des arts visuels en r\u00e9pondant aux besoins exprim\u00e9s par<a href=\"https:\/\/sheilahughmackay.ca\/fr\/subventions\/les-sheila\/2016-sheilas\/\">[&#8230;]<\/a><\/p>\n","protected":false},"author":1,"featured_media":0,"parent":2902,"menu_order":1,"comment_status":"closed","ping_status":"closed","template":"","meta":[],"_links":{"self":[{"href":"https:\/\/sheilahughmackay.ca\/fr\/wp-json\/wp\/v2\/pages\/5271"}],"collection":[{"href":"https:\/\/sheilahughmackay.ca\/fr\/wp-json\/wp\/v2\/pages"}],"about":[{"href":"https:\/\/sheilahughmackay.ca\/fr\/wp-json\/wp\/v2\/types\/page"}],"author":[{"embeddable":true,"href":"https:\/\/sheilahughmackay.ca\/fr\/wp-json\/wp\/v2\/users\/1"}],"replies":[{"embeddable":true,"href":"https:\/\/sheilahughmackay.ca\/fr\/wp-json\/wp\/v2\/comments?post=5271"}],"version-history":[{"count":19,"href":"https:\/\/sheilahughmackay.ca\/fr\/wp-json\/wp\/v2\/pages\/5271\/revisions"}],"predecessor-version":[{"id":6137,"href":"https:\/\/sheilahughmackay.ca\/fr\/wp-json\/wp\/v2\/pages\/5271\/revisions\/6137"}],"up":[{"embeddable":true,"href":"https:\/\/sheilahughmackay.ca\/fr\/wp-json\/wp\/v2\/pages\/2902"}],"wp:attachment":[{"href":"https:\/\/sheilahughmackay.ca\/fr\/wp-json\/wp\/v2\/media?parent=5271"}],"curies":[{"name":"wp","href":"https:\/\/api.w.org\/{rel}","templated":true}]}}