{"id":5535,"date":"2016-10-24T17:39:07","date_gmt":"2016-10-24T20:39:07","guid":{"rendered":"http:\/\/sheilahughmackay.ca\/shmf\/?page_id=5535"},"modified":"2020-01-16T13:54:29","modified_gmt":"2020-01-16T17:54:29","slug":"2017-sheilas","status":"publish","type":"page","link":"https:\/\/sheilahughmackay.ca\/fr\/subventions\/les-sheila\/2017-sheilas\/","title":{"rendered":"2017 Sheilas"},"content":{"rendered":"<p><\/p>\n<h2>&#8230; pour leur capacit\u00e9 \u00e0 accentuer l\u2019empreinte de ces organisations sur la croissance des arts visuels &#8230;<\/h2>\n<p>En 2017, la Fondation a lanc\u00e9 un appel \u00e0 candidature pour l\u2019octroi de subventions destin\u00e9es \u00e0 des projets susceptibles d\u2019am\u00e9liorer l\u2019infrastructure d\u2019organisations qui se consacrent au service des arts visuels au Nouveau-Brunswick. Sur les recommandations d\u2019un jury ind\u00e9pendant, les projets suivants ont \u00e9t\u00e9 choisis pour leur capacit\u00e9 \u00e0 accentuer l\u2019empreinte de ces organisations sur la croissance des arts visuels dans la province.<\/p>\n<h3>Restigouche Regional Museum Association<\/h3>\n<p>La Ville de Dalhousie a achet\u00e9 un palais de justice d\u00e9saffect\u00e9 dans lequel elle pr\u00e9voit loger un complexe mus\u00e9al. Sous la direction d\u2019Ann Babin, un nouveau centre de programmes culturels nomm\u00e9 \u00ab\u00a0Le Studio\u00a0\u00bb est en cours de cr\u00e9ation en \u00e9cho au travail r\u00e9alis\u00e9 par le Symposium de la Baie des Chaleurs. La Fondation assurera une aide financi\u00e8re pour l\u2019\u00e9tablissement d\u2019un centre de ressources r\u00e9pondant aux besoins exprim\u00e9s par les artistes des r\u00e9gions du nord-est du Nouveau-Brunswick.<\/p>\n<h3>Andrew and Laura McCain Art Studio\u2019s River Arts Centre<\/h3>\n<p><a href=\"https:\/\/sheilahughmackay.ca\/wp-content\/uploads\/2016\/02\/logo-mcCain.png\"><img loading=\"lazy\" class=\"alignleft wp-image-4535 size-full\" src=\"https:\/\/sheilahughmackay.ca\/wp-content\/uploads\/2016\/02\/logo-mcCain.png\" alt=\"Andrew &amp; Laura McCain Art Gallery\" width=\"128\" height=\"121\" \/><\/a>Fond\u00e9 en 2014, le River Art Centre and Studios cherche \u00e0 s\u2019\u00e9tendre en cr\u00e9ant un studio d\u2019estampes pr\u00e9professionnel. D\u2019apr\u00e8s sa directrice et conservatrice, Jennifer Stead, il est n\u00e9cessaire de fournir une infrastructure capable d\u2019appuyer les pratiques artistiques de la r\u00e9gion du fleuve Saint-Jean. \u00ab\u00a0Le Studio doit soutenir la croissance artistique et le progr\u00e8s de nos \u00e9tudiants en arts et artistes professionnels de la rel\u00e8ve en offrant un programme de r\u00e9sidences artistiques et une installation professionnelle polyvalente d\u00e9di\u00e9e \u00e0 l\u2019exploration artistique et \u00e0 la production\u00a0\u00bb, explique-t-elle. La subvention Sheila servira \u00e0 acheter une presse \u00e0 dessin et le mat\u00e9riel n\u00e9cessaire pour cr\u00e9er des estampes.<\/p>\n<h3>Sunbury Shores Arts and Nature Centre<\/h3>\n<p><a href=\"https:\/\/sheilahughmackay.ca\/wp-content\/uploads\/2020\/01\/logo_sunbury_shores.png\"><img loading=\"lazy\" class=\"size-full wp-image-6632 alignleft\" src=\"https:\/\/sheilahughmackay.ca\/wp-content\/uploads\/2020\/01\/logo_sunbury_shores.png\" alt=\"Sunbury Shores Arts and Nature Centre\" width=\"200\" height=\"64\" \/><\/a>Principal centre communautaire d\u2019exposition et d\u2019art du comt\u00e9 de Charlotte, Sunbury Shores continue \u00e0 investir dans des studios de cr\u00e9ation et d\u2019\u00e9ducation. En 2017, il a \u00e9t\u00e9 \u00e9tabli que l\u2019acquisition d\u2019un nouveau four \u00e0 poterie et d\u2019installations d\u2019entreposage s\u00e9curis\u00e9 \u00e9tait prioritaire pour l\u2019\u00e9volution permanente des studios d\u2019artistes au centre. La Fondation est heureuse d\u2019appuyer ce projet qui renforcera la capacit\u00e9 du centre d\u2019offrir du perfectionnement en art c\u00e9ramique \u00e0 l\u2019intention des artistes locaux et des artistes en visite. Pour la pr\u00e9sidente du conseil Caroline Davies, Sunbury Shores perp\u00e9tue la longue tradition d\u2019enseignement des arts et de l\u2019artisanat.<\/p>\n<h3>Centre d\u2019arts de la rue Charlotte<\/h3>\n<p><a href=\"https:\/\/sheilahughmackay.ca\/wp-content\/uploads\/2020\/01\/logo_charlotte_street_arts_centre.png\"><img loading=\"lazy\" class=\"size-full wp-image-6652 alignleft\" src=\"https:\/\/sheilahughmackay.ca\/wp-content\/uploads\/2020\/01\/logo_charlotte_street_arts_centre.png\" alt=\"Charlotte Street Arts Centre\" width=\"100\" height=\"95\" \/><\/a>La cr\u00e9ation d\u2019une salle des arts communautaire enti\u00e8rement accessible destin\u00e9e \u00e0 \u00eatre la plaque tournante du programme de diffusion communautaire du Centre constitue un \u00e9l\u00e9ment essentiel de l\u2019agrandissement et de la r\u00e9novation du b\u00e2timent historique de l\u2019\u00e9cole. La Fondation Sheila Hugh MacKay est fi\u00e8re de parrainer cet important volet du renouveau dirig\u00e9 par le directeur g\u00e9n\u00e9ral, Jared Peters.<\/p>\n<h3><\/h3>\n<h3>Third Space Artist Run Centre<\/h3>\n<p><a href=\"https:\/\/sheilahughmackay.ca\/wp-content\/uploads\/2020\/01\/logo_third_space.png\"><img loading=\"lazy\" class=\"size-full wp-image-6633 alignleft\" src=\"https:\/\/sheilahughmackay.ca\/wp-content\/uploads\/2020\/01\/logo_third_space.png\" alt=\"Third Space\" width=\"200\" height=\"90\" \/><\/a>L\u2019octroi de fonds contribuera \u00e0 la cr\u00e9ation d\u2019un atelier ou d\u2019une aire d\u2019exposition pour ce centre autog\u00e9r\u00e9 par des artistes de Saint John depuis quinze ann\u00e9es. Le jury a lou\u00e9 les efforts collectifs soutenus en programmation en d\u00e9pit de l\u2019absence de site permanent. Le partenariat strat\u00e9gique \u00e9tabli r\u00e9cemment avec ArtsLinkNB a permis au groupe d\u2019acheter un emplacement pour les programmes artistiques et les r\u00e9sidences. La Fondation est fi\u00e8re d\u2019aider ce groupe dynamique dans son \u00e9volution vers le statut de centre d\u2019excellence.<\/p>\n<h3>ArtsLink NB<\/h3>\n<p><a href=\"https:\/\/sheilahughmackay.ca\/wp-content\/uploads\/2015\/12\/artslinknb-logo.jpg\"><img loading=\"lazy\" class=\"size-full wp-image-4540 alignleft\" src=\"https:\/\/sheilahughmackay.ca\/wp-content\/uploads\/2015\/12\/artslinknb-logo.jpg\" alt=\"\" width=\"160\" height=\"160\" srcset=\"https:\/\/sheilahughmackay.ca\/wp-content\/uploads\/2015\/12\/artslinknb-logo.jpg 160w, https:\/\/sheilahughmackay.ca\/wp-content\/uploads\/2015\/12\/artslinknb-logo-150x150.jpg 150w\" sizes=\"(max-width: 160px) 100vw, 160px\" \/><\/a>Le groupe provincial de d\u00e9fense des arts ArtsLink s\u2019est vu attribuer une subvention Sheila 2017 pour augmenter ses capacit\u00e9s techniques. Comme l\u2019explique sa directrice administrative, Gillian Dykeman, \u00ab\u00a0ArtsLink NB ach\u00e8tera du mat\u00e9riel professionnel de documentation \u00e0 l\u2019usage des membres. Ce mat\u00e9riel nous servira pour notre s\u00e9rie d\u2019ateliers de perfectionnement professionnel Start to Finish tout en nous permettant de mieux r\u00e9pondre aux besoins des artistes. Nos artistes membres pourront l\u2019emprunter, ce qui les aidera \u00e0 mieux repr\u00e9senter leur production artistique \u00e0 l\u2019\u00e9tape de la recherche de d\u00e9bouch\u00e9s ou de l\u2019exposition de leurs \u0153uvres\u00a0\u00bb.<\/p>\n<p>Le conseil d\u2019administration remercie chaleureusement les membres suivants du comit\u00e9 de s\u00e9lection\u00a02017 pour leurs conseils professionnels et leurs recommandations : Marc Braithewaite, pr\u00e9sident du NBCCD; Rosalind Rosenfeld, \u00e9crivaine, critique et organisatrice de centres d\u2019art autog\u00e9r\u00e9s; Maurice Henri, photographe et b\u00e2tisseur de la communaut\u00e9 artistique; Kelly Evans, directrice g\u00e9n\u00e9rale de la Greater Saint John Community Foundation; Elizabeth O\u2019Hara, maire adjointe de Quispamsis.<\/p>","protected":false},"excerpt":{"rendered":"<p>&#8230; pour leur capacit\u00e9 \u00e0 accentuer l\u2019empreinte de ces organisations sur la croissance des arts visuels &#8230; En 2017, la Fondation a lanc\u00e9 un appel \u00e0 candidature pour l\u2019octroi de subventions destin\u00e9es \u00e0 des projets susceptibles d\u2019am\u00e9liorer l\u2019infrastructure d\u2019organisations qui se consacrent au service des arts visuels au Nouveau-Brunswick. Sur les recommandations d\u2019un jury ind\u00e9pendant,<a href=\"https:\/\/sheilahughmackay.ca\/fr\/subventions\/les-sheila\/2017-sheilas\/\">[&#8230;]<\/a><\/p>\n","protected":false},"author":1,"featured_media":0,"parent":2902,"menu_order":0,"comment_status":"closed","ping_status":"closed","template":"","meta":[],"_links":{"self":[{"href":"https:\/\/sheilahughmackay.ca\/fr\/wp-json\/wp\/v2\/pages\/5535"}],"collection":[{"href":"https:\/\/sheilahughmackay.ca\/fr\/wp-json\/wp\/v2\/pages"}],"about":[{"href":"https:\/\/sheilahughmackay.ca\/fr\/wp-json\/wp\/v2\/types\/page"}],"author":[{"embeddable":true,"href":"https:\/\/sheilahughmackay.ca\/fr\/wp-json\/wp\/v2\/users\/1"}],"replies":[{"embeddable":true,"href":"https:\/\/sheilahughmackay.ca\/fr\/wp-json\/wp\/v2\/comments?post=5535"}],"version-history":[{"count":30,"href":"https:\/\/sheilahughmackay.ca\/fr\/wp-json\/wp\/v2\/pages\/5535\/revisions"}],"predecessor-version":[{"id":6654,"href":"https:\/\/sheilahughmackay.ca\/fr\/wp-json\/wp\/v2\/pages\/5535\/revisions\/6654"}],"up":[{"embeddable":true,"href":"https:\/\/sheilahughmackay.ca\/fr\/wp-json\/wp\/v2\/pages\/2902"}],"wp:attachment":[{"href":"https:\/\/sheilahughmackay.ca\/fr\/wp-json\/wp\/v2\/media?parent=5535"}],"curies":[{"name":"wp","href":"https:\/\/api.w.org\/{rel}","templated":true}]}}