{"id":5539,"date":"2016-10-24T18:14:18","date_gmt":"2016-10-24T21:14:18","guid":{"rendered":"http:\/\/sheilahughmackay.ca\/shmf\/?page_id=5539"},"modified":"2016-11-17T14:42:33","modified_gmt":"2016-11-17T18:42:33","slug":"critic-residency-program","status":"publish","type":"page","link":"https:\/\/sheilahughmackay.ca\/fr\/subventions\/subventions-signature\/le-programme-de-residence-en-critique-dart\/","title":{"rendered":"Subventions Signature &#8211; r\u00e9sidence en critique d\u2019art"},"content":{"rendered":"<p><\/p>\n<h3>Le programme de r\u00e9sidence en critique d\u2019art de la Fondation Sheila Hugh Mackay<\/h3>\n<p><a href=\"http:\/\/sheilahughmackay.ca\/\/wp-content\/uploads\/2016\/10\/Buhmann_Workshop.jpg\"><img loading=\"lazy\" src=\"http:\/\/sheilahughmackay.ca\/\/wp-content\/uploads\/2016\/10\/Buhmann_Workshop-194x300.jpg\" alt=\"buhmann_workshop\" width=\"194\" height=\"300\" class=\"alignright size-medium wp-image-5625\" srcset=\"https:\/\/sheilahughmackay.ca\/wp-content\/uploads\/2016\/10\/Buhmann_Workshop-194x300.jpg 194w, https:\/\/sheilahughmackay.ca\/wp-content\/uploads\/2016\/10\/Buhmann_Workshop-768x1187.jpg 768w, https:\/\/sheilahughmackay.ca\/wp-content\/uploads\/2016\/10\/Buhmann_Workshop-663x1024.jpg 663w, https:\/\/sheilahughmackay.ca\/wp-content\/uploads\/2016\/10\/Buhmann_Workshop.jpg 1080w\" sizes=\"(max-width: 194px) 100vw, 194px\" \/><\/a><br \/>\n<a href=\"http:\/\/sheilahughmackay.ca\/\/wp-content\/uploads\/2016\/01\/Edgar-Allen-Beem.jpg\"><img class=\"alignright size-medium wp-image-4114\" src=\"http:\/\/sheilahughmackay.ca\/\/wp-content\/uploads\/2016\/01\/Edgar-Allen-Beem-247x320.jpg\" alt=\"Edgar Allen Beem\" width=\"200\" \/><\/a>La Fondation Sheila Hugh Mackay s\u2019est associ\u00e9e \u00e0 la Galerie d&#8217;art Beaverbrook pour \u00e9tablir un programme de r\u00e9sidence en critique d\u2019art. \u00ab\u00a0En 2014, un processus intensif de consultation a fait ressortir le besoin de discours critique pour favoriser le d\u00e9veloppement professionnel des artistes du Nouveau-Brunswick\u00a0\u00bb, explique Louise Imbeault, pr\u00e9sidente du conseil d\u2019administration de la Fondation Sheila Hugh Mackay. \u00ab\u00a0Nous sommes fiers de collaborer avec la Galerie d&#8217;art Beaverbrook pour mettre sur pied un programme de critique en r\u00e9sidence, qui promet d\u2019enrichir la culture d\u2019appr\u00e9ciation critique [de l\u2019art] dans notre province.\u00a0\u00bb<\/p>\n<p>Selon Terry Graff, directeur et conservateur en chef de la Galerie d&#8217;art Beaverbrook, \u00ab\u00a0Cette nouvelle initiative vise \u00e0 alimenter les \u00e9changes r\u00e9gionaux, nationaux et internationaux dans un courant de pens\u00e9e critique ax\u00e9 sur l\u2019art contemporain. \u00bb<\/p>\n<h3>En 2016, Stephanie Buhmann deviendra la deuxi\u00e8me critique d\u2019art en r\u00e9sidence \u00e0 la Galerie d&#8217;art Beaverbrook.<\/h3>\n<p>Auteure de New York Studio Conversations, collaboratrice \u00e0 la r\u00e9daction d\u2019Artcritical et chroniqueuse artistique pour diverses galeries internationales, des journaux et des magazines d\u2019art, notamment Kunst Bulletin, Sculpture Magazine, The Brooklyn Rail, ARTPulse, Art on Paper, Art Papers, Art Collector et Art Lies et Chelsea Now, Mme\u00a0Buhmann s\u2019y conna\u00eet en critique de l\u2019art. Elle effectuera sa r\u00e9sidence au Nouveau-Brunswick du 9 au 15 novembre 2016. Pendant son s\u00e9jour, elle visitera plusieurs studios d\u2019artistes locaux et donnera une conf\u00e9rence publique et un atelier d\u2019\u00e9criture sur l\u2019art. Ses observations du travail des artistes du Nouveau-Brunswick seront publi\u00e9es dans la revue d\u2019arts visuels de la galerie Billie: Undercurrents in Atlantic Canadian Visual Culture.<\/p>\n<p>Le premier critique en r\u00e9sidence \u00e0 la galerie a \u00e9t\u00e9 Edgar Allen Beem. Sa r\u00e9sidence au Nouveau-Brunswick a eu lieu du 18 au 24 octobre 2015. Les principaux \u00e9l\u00e9ments de son programme consistaient en visites personnelles aux studios des artistes, un atelier d\u2019\u00e9criture critique et une conf\u00e9rence publique. L\u2019essai critique de M.\u00a0Beem a \u00e9t\u00e9 publi\u00e9 par la Galerie d&#8217;art Beaverbrook.<\/p>\n<p><a href=\"http:\/\/sheilahughmackay.ca\/\/fr\/subventions\/subventions-signature\/subventions-signature-pour-residencies\/\">Subventions Signature \u2013 R\u00e9sidences<\/a><br \/>\n<\/p>","protected":false},"excerpt":{"rendered":"<p>Le programme de r\u00e9sidence en critique d\u2019art de la Fondation Sheila Hugh Mackay La Fondation Sheila Hugh Mackay s\u2019est associ\u00e9e \u00e0 la Galerie d&#8217;art Beaverbrook pour \u00e9tablir un programme de r\u00e9sidence en critique d\u2019art. \u00ab\u00a0En 2014, un processus intensif de consultation a fait ressortir le besoin de discours critique pour favoriser le d\u00e9veloppement professionnel des<a href=\"https:\/\/sheilahughmackay.ca\/fr\/subventions\/subventions-signature\/le-programme-de-residence-en-critique-dart\/\">[&#8230;]<\/a><\/p>\n","protected":false},"author":1,"featured_media":0,"parent":3615,"menu_order":0,"comment_status":"closed","ping_status":"closed","template":"","meta":[],"_links":{"self":[{"href":"https:\/\/sheilahughmackay.ca\/fr\/wp-json\/wp\/v2\/pages\/5539"}],"collection":[{"href":"https:\/\/sheilahughmackay.ca\/fr\/wp-json\/wp\/v2\/pages"}],"about":[{"href":"https:\/\/sheilahughmackay.ca\/fr\/wp-json\/wp\/v2\/types\/page"}],"author":[{"embeddable":true,"href":"https:\/\/sheilahughmackay.ca\/fr\/wp-json\/wp\/v2\/users\/1"}],"replies":[{"embeddable":true,"href":"https:\/\/sheilahughmackay.ca\/fr\/wp-json\/wp\/v2\/comments?post=5539"}],"version-history":[{"count":6,"href":"https:\/\/sheilahughmackay.ca\/fr\/wp-json\/wp\/v2\/pages\/5539\/revisions"}],"predecessor-version":[{"id":5627,"href":"https:\/\/sheilahughmackay.ca\/fr\/wp-json\/wp\/v2\/pages\/5539\/revisions\/5627"}],"up":[{"embeddable":true,"href":"https:\/\/sheilahughmackay.ca\/fr\/wp-json\/wp\/v2\/pages\/3615"}],"wp:attachment":[{"href":"https:\/\/sheilahughmackay.ca\/fr\/wp-json\/wp\/v2\/media?parent=5539"}],"curies":[{"name":"wp","href":"https:\/\/api.w.org\/{rel}","templated":true}]}}