{"id":5664,"date":"2016-12-09T13:51:16","date_gmt":"2016-12-09T17:51:16","guid":{"rendered":"http:\/\/sheilahughmackay.ca\/shmf\/?page_id=5664"},"modified":"2016-12-10T19:54:06","modified_gmt":"2016-12-10T23:54:06","slug":"symposium-of-artnature-2017","status":"publish","type":"page","link":"https:\/\/sheilahughmackay.ca\/fr\/subventions\/subventions-signature\/le-symposium-dartnature\/","title":{"rendered":"Le Symposium d\u2019art\/nature 2016"},"content":{"rendered":"<p><a href=\"http:\/\/sheilahughmackay.ca\/\/wp-content\/uploads\/2016\/12\/symposium-dartnature-logo.jpg\"><img loading=\"lazy\" src=\"http:\/\/sheilahughmackay.ca\/\/wp-content\/uploads\/2016\/12\/symposium-dartnature-logo.jpg\" alt=\"\" width=\"200\" height=\"200\" class=\"alignleft size-full wp-image-5665\" srcset=\"https:\/\/sheilahughmackay.ca\/wp-content\/uploads\/2016\/12\/symposium-dartnature-logo.jpg 399w, https:\/\/sheilahughmackay.ca\/wp-content\/uploads\/2016\/12\/symposium-dartnature-logo-150x150.jpg 150w, https:\/\/sheilahughmackay.ca\/wp-content\/uploads\/2016\/12\/symposium-dartnature-logo-300x300.jpg 300w, https:\/\/sheilahughmackay.ca\/wp-content\/uploads\/2016\/12\/symposium-dartnature-logo-73x73.jpg 73w, https:\/\/sheilahughmackay.ca\/wp-content\/uploads\/2016\/12\/symposium-dartnature-logo-174x174.jpg 174w, https:\/\/sheilahughmackay.ca\/wp-content\/uploads\/2016\/12\/symposium-dartnature-logo-250x250.jpg 250w\" sizes=\"(max-width: 200px) 100vw, 200px\" \/><\/a>La Fondation Sheila Hugh Mackay a accord\u00e9 une subvention de 20,000 $ \u00e0 la Galerie d\u2019art Louise-et-Reuben-Cohen pour la documentation des manifestations d\u2019art actuel pendant le  Symposium d\u2019art\/nature : Moncton 2016.  S\u2019est d\u00e9roul\u00e9e du 22 septembre au 2 octobre, principalement au Parc \u00e9cologique du Mill\u00e9naire de l\u2019Universit\u00e9 de Moncton, avec des incursions ailleurs, notamment au Centre culturel Aberdeen, \u00e0 la Galerie d\u2019art Louise-et-Reuben-Cohen et au d\u00e9partement des arts visuels de l\u2019Universit\u00e9 de Moncton. <\/p>\n<p>Pendant dix jours, neuf projets artistiques non permanents ont \u00e9t\u00e9 con\u00e7us et am\u00e9nag\u00e9s \u00e0 m\u00eame l\u2019espace public et ont \u00e9t\u00e9 r\u00e9alis\u00e9s dans divers lieux du parc. \u00c0 part de ces interventions in situ, l\u2019\u00e9v\u00e9nement a \u00e9t\u00e9 h\u00f4te de conf\u00e9rences, d\u2019\u00e9changes et de discussions, de lectures de po\u00e9sie, et autres activit\u00e9s interactives posant la question de n\u00e9gociation de l\u2019interstice entre nature et culture. La dur\u00e9e de l&#8217;\u00e9v\u00e9nement a permis au public de suivre sur place le processus de cr\u00e9ation des artistes et de s&#8217;en informer, particuli\u00e8rement lors de nombreuses visites guid\u00e9es.<\/p>\n<p>Trois volets \u00e9taient au programme :<\/p>\n<h4>Volet cr\u00e9ation<\/h4>\n<p>Choisis par l\u2019entremise d\u2019un processus de s\u00e9lection et par invitation, neuf artistes et collectifs ont r\u00e9alis\u00e9 les oeuvres suivantes dans le cadre du Symposium : Cette vague originelle, de Camille Bernard-Gravel (Qu\u00e9bec, Qc.); La cache, de l\u2019autre c\u00f4t\u00e9 de la route, dans la friche, de Gilles Bruni (Clisson, France); Visible\/Invisible, de Daniel H. Dugas et Valerie LeBlanc (Moncton, N.-B.); M\u00e9andre, de Sonja H\u00e9bert (Vancouver, C.-B.); La face cach\u00e9e du Soleil : m\u00e9tamorphoses duales, de Denis Lanteigne (Caraquet, N.-B.); Kiss &#038; Fly, du Collectif M+M+M (Mathieu Boucher-C\u00f4t\u00e9 et Marika Drolet-Ferguson, Tracadie, N.-B., et Marie-\u00c8ve Cormier, Moncton, N.-B.); Sowing Rubbish\/Les semailles de d\u00e9tritus, de Douglas Scholes (Montr\u00e9al, Qc.); Pulsations, de Scenocosme (St Etienne, France); et D\u2019une autre nature, de Jos\u00e9 Luis Torres (Montmagny, Qc.).<\/p>\n<h4>Volet conf\u00e9rences<\/h4>\n<p>Onze intervenants, professionnels de sp\u00e9cialisations diverses, ont particip\u00e9 \u00e0 sept s\u00e9ances de conf\u00e9rences, table ronde et discussions sur les propositions suivantes : Visions sociales du Parc \u00e9cologique du Mill\u00e9naire, par Ronald Babin, sociologue (Moncton, N.-B.),; Faire le pont entre les Maritimes et le reste du monde pour mieux g\u00e9rer les esp\u00e8ces fauniques d\u2019importance \u00e9cologique, \u00e9conomique et sociale du N.-B., par Marie-Andr\u00e9e Giroux, chercheure (Moncton, N.-B.); OEuvres hybrides et sensorielles, par Gregory Lasserre, artiste (St Etienne, France); N\u00e9gocier le territoire avec l\u2019art public non permanent, par Matthew Williston, organisateur du festival Inspire (Moncton, N.-B.), Christiana Myers, membre du conseil du centre d\u2019artiste Third Space (St-Jean, N.-B.) et Martin Dufrasne, coordonateur de Dare-Dare (Montr\u00e9al, P.Q.); Visible\/Invisible : n\u00e9gocier l\u2019impossible, par Daniel H. Dugas et Valerie LeBlanc, artistes (Moncton, N.-B.); Paysages incertains par Isabelle Hayeur, artiste (Rawdon, Qc.); L\u2019\u00e9cologie et la pratique d\u2019installation paysag\u00e8re dans l\u2019espace social, par Gilles Bruni, artiste (Clisson, France); et Jardins et h\u00e9t\u00e9rotopies urbaines dans l\u2019art contemporain, par Edith-Anne Pageot, historienne de l\u2019art (Montr\u00e9al, Qc.).<\/p>\n<h4>Volet \u00e9criture<\/h4>\n<p>Quatre auteurs de la r\u00e9gion et de diverses occupations professionnelles ont r\u00e9fl\u00e9chi aux interventions et aux activit\u00e9s du Symposium et r\u00e9dig\u00e9 seize textes critiques publi\u00e9s sur le blogue du Symposium : Renaissance, h\u00e9licopt\u00e8res et entretien\u2026 et Sentiers inhabituels, de Sophie Auffrey, travailleuse culturelle; Le parc mill\u00e9naire de l\u2019\u00e9cologique, Touchez SVP, Invasion, Embarqu\u00e9, La Zone et \u00c7a s\u2019grimpe-ti?, de Paul Boss\u00e9, po\u00e8te et cin\u00e9aste; Building as Integral Part of Immigrant Identity, Kiss &#038; Fly, A most Ethereal and Ephemeral Type of Mural et Blurring the Line Between Disruption and Diversion, de Amanda Dawn Christie, artiste; et L\u2019art\/nature et la nature de l\u2019art : mise en contexte, Lumi\u00e8re de l\u2019architecture et architecture de la lumi\u00e8re, La tige et la racine et Questions de topologie et d\u2019identit\u00e9 au Symposium d\u2019art\/nature : Moncton 2016, de S\u00e9bastien Lord-\u00c9mard, \u00e9diteur et po\u00e8te.<\/p>\n<p><strong>Sophie Auffrey :<\/strong><\/p>\n<p><a href=\"http:\/\/www.artnaturemoncton.ca\/fr\/sentiers-inhabituels\/\" >http:\/\/www.artnaturemoncton.ca\/fr\/sentiers-inhabituels\/<\/a><br \/>\n<a href=\"http:\/\/www.artnaturemoncton.ca\/fr\/une-renaissance-des-helicopteres-et-lentretien\/\">http:\/\/www.artnaturemoncton.ca\/fr\/une-renaissance-des-helicopteres-et-lentretien\/<\/a><\/p>\n<p><strong>Paul Boss\u00e9 :<\/strong><\/p>\n<p><a href=\"http:\/\/www.artnaturemoncton.ca\/fr\/parc-millenaire-de-lecologique\/\" >http:\/\/www.artnaturemoncton.ca\/fr\/parc-millenaire-de-lecologique\/<\/a><br \/>\n<a href=\"http:\/\/www.artnaturemoncton.ca\/fr\/touchez-svp\/\" >http:\/\/www.artnaturemoncton.ca\/fr\/touchez-svp\/<\/a><br \/>\n<a href=\"http:\/\/www.artnaturemoncton.ca\/fr\/invasion\/\" >http:\/\/www.artnaturemoncton.ca\/fr\/invasion\/<\/a><br \/>\n<a href=\"http:\/\/www.artnaturemoncton.ca\/fr\/embarque\/\" >http:\/\/www.artnaturemoncton.ca\/fr\/embarque\/<\/a><br \/>\n<a href=\"http:\/\/www.artnaturemoncton.ca\/fr\/la-zone\/\">http:\/\/www.artnaturemoncton.ca\/fr\/la-zone\/<\/a><br \/>\n<a href=\"http:\/\/www.artnaturemoncton.ca\/fr\/ca-sgrimpe-ti\/\">http:\/\/www.artnaturemoncton.ca\/fr\/ca-sgrimpe-ti\/<\/a><\/p>\n<p><strong>Amanda Dawn Christie (anglais) :<\/strong><\/p>\n<p><a href=\"http:\/\/www.artnaturemoncton.ca\/fr\/building-as-integral-part-of-immigrant-identity\/\">http:\/\/www.artnaturemoncton.ca\/fr\/building-as-integral-part-of-immigrant-identity\/<\/a><br \/>\n<a href=\"http:\/\/www.artnaturemoncton.ca\/fr\/kiss-and-fly\/\">http:\/\/www.artnaturemoncton.ca\/fr\/kiss-and-fly\/<\/a><br \/>\n<a href=\"http:\/\/www.artnaturemoncton.ca\/fr\/most-ethereal-and-ephemeral-type-mural\/\">http:\/\/www.artnaturemoncton.ca\/fr\/most-ethereal-and-ephemeral-type-mural\/<\/a><br \/>\n<a href=\"http:\/\/www.artnaturemoncton.ca\/fr\/blurring-the-line-between-disruption-and-diversion\/\">http:\/\/www.artnaturemoncton.ca\/fr\/blurring-the-line-between-disruption-and-diversion\/<\/a><\/p>\n<p><strong>S\u00e9bastien Lord-\u00c9mard :<\/strong><\/p>\n<p><a href=\"http:\/\/www.artnaturemoncton.ca\/fr\/artnature-et-nature-de-lart\/\">http:\/\/www.artnaturemoncton.ca\/fr\/artnature-et-nature-de-lart\/<\/a><br \/>\n<a href=\"http:\/\/www.artnaturemoncton.ca\/fr\/lumieres-de-larchitecture-et-architecture-de-la-lumiere\/\">http:\/\/www.artnaturemoncton.ca\/fr\/lumieres-de-larchitecture-et-architecture-de-la-lumiere\/<\/a><br \/>\n<a href=\"http:\/\/www.artnaturemoncton.ca\/fr\/la-tige-et-la-racine\/\">http:\/\/www.artnaturemoncton.ca\/fr\/la-tige-et-la-racine\/<\/a><\/p>\n<p><div id=\"grid-gallery-7-21428\" data-gg-id=\"7\" data-title=\"art-nature\" data-grid-type=\"1\" data-offset=\"0\" data-area-position=\"center\" data-icons=\"false\" data-preloader=\"true\" data-width=\"215\" data-height=\"\" data-padding=\"0\" data-quicksand=\"disabled\" data-quicksand-duration=\"none\" data-popup-theme=\"theme_6\" data-popup-type=\"pretty-photo\" data-popup-image-text=\"data-caption\" data-popup-widthsize=\"auto\" data-popup-heightsize=\"auto\" data-popup-i18n-words=\"{&quot;close&quot;:&quot;close&quot;,&quot;next&quot;:&quot;next&quot;,&quot;previous&quot;:&quot;previous&quot;,&quot;start_slideshow&quot;:&quot;start slideshow&quot;,&quot;stop_slideshow&quot;:&quot;stop slideshow&quot;,&quot;image&quot;:&quot;image&quot;,&quot;of&quot;:&quot;of&quot;,&quot;prev&quot;:&quot;prev&quot;,&quot;cExpand&quot;:&quot;Expand&quot;,&quot;cPrevious&quot;:&quot;Previous&quot;,&quot;cNext&quot;:&quot;Next&quot;,&quot;cExpandStr&quot;:&quot;Expand the image&quot;,&quot;cRotate&quot;:&quot;Rotate&quot;,&quot;cDetails&quot;:&quot;Details&quot;}\" data-popup-slideshow=\"false\" data-popup-slideshow-speed=\"2500\" data-popup-hoverstop=\"false\" data-popup-slideshow-auto=\"false\" data-popup-background=\"\" data-popup-transparency=\"30\" data-popup-disable-history=\"\" data-popup-disable-changed-url=\"\" data-popup-border-type=\"\" data-popup-border-color=\"\" data-popup-border-width=\"\" data-popup-border-enable=\"\" data-fullscreen=\"false\" data-hide-tooltip=\"false\" data-caption-font-family=\"Default\" data-caption-text-size=\"14px\" data-is-mobile=\"0\" data-caption-mobile=\"false\" data-hide-long-tltp-title=\"0\" data-caption-disabled-on-mobile=\"false\" data-popup-placement-type=\"0\" data-social-sharing=\"{&quot;enabled&quot;:&quot;&quot;,&quot;gallerySharing&quot;:{&quot;enabled&quot;:null,&quot;position&quot;:null},&quot;imageSharing&quot;:{&quot;enabled&quot;:null,&quot;wrapperClass&quot;:&quot; vertical \\n &quot;},&quot;popupSharing&quot;:{&quot;enabled&quot;:null,&quot;wrapperClass&quot;:&quot; vertical \\n &quot;}}\" class=\"grid-gallery grid-gallery-fluid-height \" style=\" width:100%; height:auto ; margin-left:auto; margin-right:auto; position:relative;\" > <div class=\"gallery-loading\"> <div class=\"blocks\"> <div class=\"block\"><\/div> <div class=\"block\"><\/div> <div class=\"block\"><\/div> <div class=\"block\"><\/div> <\/div> <\/div> <div class=\"gallery-sharing-top\"><\/div> <div id=\"photos-7\" class=\"grid-gallery-photos \" > <a id=\"gg-7-52\" class=\"gg-link \" data-attachment-id=\"5675\" href=\"https:\/\/sheilahughmackay.ca\/wp-content\/uploads\/2016\/12\/Opening-reception.jpg?gid=7\" target=\"_self\" title=\"Opening reception\" data-rel=\"prettyPhoto[pp_gal]\" style=\"border-radius: 0px;\" ><FIGURE class=\"grid-gallery-caption \" data-grid-gallery-type=\"revolving-door-left\" data-index=\"0\" style=\"display:none;border-radius: 0px; ; margin: 0px; width:215px;\" ><div class=\"crop \" style=\" \"><img src=\"http:\/\/sheilahughmackay.ca\/\/wp-content\/uploads\/2016\/12\/Opening-reception-215x143.jpg\" class=\"ggImg\" alt=\"Opening reception\" title=\"Opening reception\" data-description=\"Opening reception\" data-caption=\"Opening reception\" data-title=\"Opening reception\" style=\" width:215px; \" \/><\/div><FIGCAPTION class=\"\" data-alpha=\"5\" style=\"color:#ffffff; background-color:#292942; font-size:14px; text-align:left; font-family:Default;\" ><div class=\"grid-gallery-figcaption-wrap\" style=\" vertical-align:top; \"><div class=\"gg-image-caption fitvidsignore \" style=\"font-size:14px;\"><object type=\"none\/none\"> Opening reception <\/object><\/div><\/div><\/FIGCAPTION><\/FIGURE><\/a> <a id=\"gg-7-53\" class=\"gg-link \" data-attachment-id=\"5674\" href=\"https:\/\/sheilahughmackay.ca\/wp-content\/uploads\/2016\/12\/Jose-Luis-Torres.jpg?gid=7\" target=\"_self\" title=\"Jose Luis Torres\" data-rel=\"prettyPhoto[pp_gal]\" style=\"border-radius: 0px;\" ><FIGURE class=\"grid-gallery-caption \" data-grid-gallery-type=\"revolving-door-left\" data-index=\"1\" style=\"display:none;border-radius: 0px; ; margin: 0px; width:215px;\" ><div class=\"crop \" style=\" \"><img src=\"http:\/\/sheilahughmackay.ca\/\/wp-content\/uploads\/2016\/12\/Jose-Luis-Torres-215x143.jpg\" class=\"ggImg\" alt=\"Jose Luis Torres\" title=\"Jose Luis Torres\" data-description=\"Jose Luis Torres\" data-caption=\"Jose Luis Torres\" data-title=\"Jose Luis Torres\" style=\" width:215px; \" \/><\/div><FIGCAPTION class=\"\" data-alpha=\"5\" style=\"color:#ffffff; background-color:#292942; font-size:14px; text-align:left; font-family:Default;\" ><div class=\"grid-gallery-figcaption-wrap\" style=\" vertical-align:top; \"><div class=\"gg-image-caption fitvidsignore \" style=\"font-size:14px;\"><object type=\"none\/none\"> Jose Luis Torres <\/object><\/div><\/div><\/FIGCAPTION><\/FIGURE><\/a> <a id=\"gg-7-54\" class=\"gg-link \" data-attachment-id=\"5673\" href=\"https:\/\/sheilahughmackay.ca\/wp-content\/uploads\/2016\/12\/Denis-Lanteigne.jpg?gid=7\" target=\"_self\" title=\"Denis Lanteigne\" data-rel=\"prettyPhoto[pp_gal]\" style=\"border-radius: 0px;\" ><FIGURE class=\"grid-gallery-caption \" data-grid-gallery-type=\"revolving-door-left\" data-index=\"2\" style=\"display:none;border-radius: 0px; ; margin: 0px; width:215px;\" ><div class=\"crop \" style=\" \"><img src=\"http:\/\/sheilahughmackay.ca\/\/wp-content\/uploads\/2016\/12\/Denis-Lanteigne-215x143.jpg\" class=\"ggImg\" alt=\"Denis Lanteigne\" title=\"Denis Lanteigne\" data-description=\"Denis Lanteigne\" data-caption=\"Denis Lanteigne\" data-title=\"Denis Lanteigne\" style=\" width:215px; \" \/><\/div><FIGCAPTION class=\"\" data-alpha=\"5\" style=\"color:#ffffff; background-color:#292942; font-size:14px; text-align:left; font-family:Default;\" ><div class=\"grid-gallery-figcaption-wrap\" style=\" vertical-align:top; \"><div class=\"gg-image-caption fitvidsignore \" style=\"font-size:14px;\"><object type=\"none\/none\"> Denis Lanteigne <\/object><\/div><\/div><\/FIGCAPTION><\/FIGURE><\/a> <a id=\"gg-7-55\" class=\"gg-link \" data-attachment-id=\"5672\" href=\"https:\/\/sheilahughmackay.ca\/wp-content\/uploads\/2016\/12\/the-artists.jpg?gid=7\" target=\"_self\" title=\"the artists\" data-rel=\"prettyPhoto[pp_gal]\" style=\"border-radius: 0px;\" ><FIGURE class=\"grid-gallery-caption \" data-grid-gallery-type=\"revolving-door-left\" data-index=\"3\" style=\"display:none;border-radius: 0px; ; margin: 0px; width:215px;\" ><div class=\"crop \" style=\" \"><img src=\"http:\/\/sheilahughmackay.ca\/\/wp-content\/uploads\/2016\/12\/the-artists-215x143.jpg\" class=\"ggImg\" alt=\"the artists\" title=\"the artists\" data-description=\"the artists\" data-caption=\"the artists\" data-title=\"the artists\" style=\" width:215px; \" \/><\/div><FIGCAPTION class=\"\" data-alpha=\"5\" style=\"color:#ffffff; background-color:#292942; font-size:14px; text-align:left; font-family:Default;\" ><div class=\"grid-gallery-figcaption-wrap\" style=\" vertical-align:top; \"><div class=\"gg-image-caption fitvidsignore \" style=\"font-size:14px;\"><object type=\"none\/none\"> the artists <\/object><\/div><\/div><\/FIGCAPTION><\/FIGURE><\/a> <a id=\"gg-7-56\" class=\"gg-link \" data-attachment-id=\"5671\" href=\"https:\/\/sheilahughmackay.ca\/wp-content\/uploads\/2016\/12\/sympo_23sept-20_29292808804_o.jpg?gid=7\" target=\"_self\" title=\"sympo_23sept-20_29292808804_o\" data-rel=\"prettyPhoto[pp_gal]\" style=\"border-radius: 0px;\" ><FIGURE class=\"grid-gallery-caption \" data-grid-gallery-type=\"revolving-door-left\" data-index=\"4\" style=\"display:none;border-radius: 0px; ; margin: 0px; width:215px;\" ><div class=\"crop \" style=\" \"><img src=\"http:\/\/sheilahughmackay.ca\/\/wp-content\/uploads\/2016\/12\/sympo_23sept-20_29292808804_o-215x143.jpg\" class=\"ggImg\" alt=\"sympo_23sept-20_29292808804_o\" title=\"sympo_23sept-20_29292808804_o\" data-description=\"sympo_23sept-20_29292808804_o\" data-caption=\"Symposuim 23 Sept 2016 Moncton\" data-title=\"sympo_23sept-20_29292808804_o\" style=\" width:215px; \" \/><\/div><FIGCAPTION class=\"\" data-alpha=\"5\" style=\"color:#ffffff; background-color:#292942; font-size:14px; text-align:left; font-family:Default;\" ><div class=\"grid-gallery-figcaption-wrap\" style=\" vertical-align:top; \"><div class=\"gg-image-caption fitvidsignore \" style=\"font-size:14px;\"><object type=\"none\/none\"> Symposuim 23 Sept 2016 Moncton <\/object><\/div><\/div><\/FIGCAPTION><\/FIGURE><\/a> <div class=\"grid-gallery-clearfix\"><\/div> <\/div> <div class=\"gallery-sharing-bottom\"><\/div> <div class=\"grid-gallery-clearfix\"><\/div> <\/div> <!-- Gallery by Supsystic plugin 1.14.10 --><\/p>","protected":false},"excerpt":{"rendered":"<p>La Fondation Sheila Hugh Mackay a accord\u00e9 une subvention de 20,000 $ \u00e0 la Galerie d\u2019art Louise-et-Reuben-Cohen pour la documentation des manifestations d\u2019art actuel pendant le Symposium d\u2019art\/nature : Moncton 2016. S\u2019est d\u00e9roul\u00e9e du 22 septembre au 2 octobre, principalement au Parc \u00e9cologique du Mill\u00e9naire de l\u2019Universit\u00e9 de Moncton, avec des incursions ailleurs, notamment au<a href=\"https:\/\/sheilahughmackay.ca\/fr\/subventions\/subventions-signature\/le-symposium-dartnature\/\">[&#8230;]<\/a><\/p>\n","protected":false},"author":1,"featured_media":5665,"parent":3615,"menu_order":0,"comment_status":"closed","ping_status":"closed","template":"","meta":[],"_links":{"self":[{"href":"https:\/\/sheilahughmackay.ca\/fr\/wp-json\/wp\/v2\/pages\/5664"}],"collection":[{"href":"https:\/\/sheilahughmackay.ca\/fr\/wp-json\/wp\/v2\/pages"}],"about":[{"href":"https:\/\/sheilahughmackay.ca\/fr\/wp-json\/wp\/v2\/types\/page"}],"author":[{"embeddable":true,"href":"https:\/\/sheilahughmackay.ca\/fr\/wp-json\/wp\/v2\/users\/1"}],"replies":[{"embeddable":true,"href":"https:\/\/sheilahughmackay.ca\/fr\/wp-json\/wp\/v2\/comments?post=5664"}],"version-history":[{"count":7,"href":"https:\/\/sheilahughmackay.ca\/fr\/wp-json\/wp\/v2\/pages\/5664\/revisions"}],"predecessor-version":[{"id":5682,"href":"https:\/\/sheilahughmackay.ca\/fr\/wp-json\/wp\/v2\/pages\/5664\/revisions\/5682"}],"up":[{"embeddable":true,"href":"https:\/\/sheilahughmackay.ca\/fr\/wp-json\/wp\/v2\/pages\/3615"}],"wp:featuredmedia":[{"embeddable":true,"href":"https:\/\/sheilahughmackay.ca\/fr\/wp-json\/wp\/v2\/media\/5665"}],"wp:attachment":[{"href":"https:\/\/sheilahughmackay.ca\/fr\/wp-json\/wp\/v2\/media?parent=5664"}],"curies":[{"name":"wp","href":"https:\/\/api.w.org\/{rel}","templated":true}]}}