{"id":5713,"date":"2017-02-09T11:33:08","date_gmt":"2017-02-09T15:33:08","guid":{"rendered":"http:\/\/sheilahughmackay.ca\/shmf\/?page_id=5713"},"modified":"2023-08-17T17:09:44","modified_gmt":"2023-08-17T20:09:44","slug":"paul-emile-legere","status":"publish","type":"page","link":"https:\/\/sheilahughmackay.ca\/fr\/fondation\/conseil-dadminisration\/paul-emile-legere\/","title":{"rendered":"Paul-\u00c9mile L\u00e9g\u00e8re"},"content":{"rendered":"<p><div id=\"attachment_7921\" style=\"width: 370px\" class=\"wp-caption aligncenter\"><img aria-describedby=\"caption-attachment-7921\" loading=\"lazy\" class=\"wp-image-7921 size-medium\" src=\"https:\/\/sheilahughmackay.ca\/wp-content\/uploads\/2023\/08\/paul-emile-legere-360x345.jpg\" alt=\"Paul-\u00c9mile L\u00e9g\u00e8re\" width=\"360\" height=\"345\" srcset=\"https:\/\/sheilahughmackay.ca\/wp-content\/uploads\/2023\/08\/paul-emile-legere-360x345.jpg 360w, https:\/\/sheilahughmackay.ca\/wp-content\/uploads\/2023\/08\/paul-emile-legere-1024x981.jpg 1024w, https:\/\/sheilahughmackay.ca\/wp-content\/uploads\/2023\/08\/paul-emile-legere-768x736.jpg 768w, https:\/\/sheilahughmackay.ca\/wp-content\/uploads\/2023\/08\/paul-emile-legere.jpg 1127w\" sizes=\"(max-width: 360px) 100vw, 360px\" \/><p id=\"caption-attachment-7921\" class=\"wp-caption-text\">Paul-\u00c9mile L\u00e9g\u00e8re<\/p><\/div><\/p>\n<p>Paul-\u00c9mile L\u00e9g\u00e8re apporte une vaste exp\u00e9rience financi\u00e8re au poste de tr\u00e9sorier de la Fondation Sheila Hugh Mackay. Il a occup\u00e9 le poste de directeur financier et de tr\u00e9sorier de Coop Atlantique, de Chignecto Central Regional School Board et de Major Drilling Group International. \u00c0 titre de cadre sup\u00e9rieur de carri\u00e8re, il a de l&#8217;exp\u00e9rience en affaires internationales, en strat\u00e9gie d&#8217;investissement et en gestion d&#8217;entreprise.<\/p>\n<p>Vivant \u00e0 Grand Barachois, M. L\u00e9g\u00e8re a \u00e9t\u00e9 un chef de file communautaire actif, d\u00e9di\u00e9 \u00e0 l&#8217;\u00e9ducation, \u00e0 l&#8217;emploi et aux questions culturelles.<\/p>\n<p>Photo : Caro Photo (Caroline Langevin)<\/p>","protected":false},"excerpt":{"rendered":"<p>Paul-\u00c9mile L\u00e9g\u00e8re apporte une vaste exp\u00e9rience financi\u00e8re au poste de tr\u00e9sorier de la Fondation Sheila Hugh Mackay. Il a occup\u00e9 le poste de directeur financier et de tr\u00e9sorier de Coop Atlantique, de Chignecto Central Regional School Board et de Major Drilling Group International. \u00c0 titre de cadre sup\u00e9rieur de carri\u00e8re, il a de l&#8217;exp\u00e9rience en<a href=\"https:\/\/sheilahughmackay.ca\/fr\/fondation\/conseil-dadminisration\/paul-emile-legere\/\">[&#8230;]<\/a><\/p>\n","protected":false},"author":1,"featured_media":5714,"parent":18,"menu_order":3,"comment_status":"closed","ping_status":"closed","template":"","meta":[],"_links":{"self":[{"href":"https:\/\/sheilahughmackay.ca\/fr\/wp-json\/wp\/v2\/pages\/5713"}],"collection":[{"href":"https:\/\/sheilahughmackay.ca\/fr\/wp-json\/wp\/v2\/pages"}],"about":[{"href":"https:\/\/sheilahughmackay.ca\/fr\/wp-json\/wp\/v2\/types\/page"}],"author":[{"embeddable":true,"href":"https:\/\/sheilahughmackay.ca\/fr\/wp-json\/wp\/v2\/users\/1"}],"replies":[{"embeddable":true,"href":"https:\/\/sheilahughmackay.ca\/fr\/wp-json\/wp\/v2\/comments?post=5713"}],"version-history":[{"count":5,"href":"https:\/\/sheilahughmackay.ca\/fr\/wp-json\/wp\/v2\/pages\/5713\/revisions"}],"predecessor-version":[{"id":7923,"href":"https:\/\/sheilahughmackay.ca\/fr\/wp-json\/wp\/v2\/pages\/5713\/revisions\/7923"}],"up":[{"embeddable":true,"href":"https:\/\/sheilahughmackay.ca\/fr\/wp-json\/wp\/v2\/pages\/18"}],"wp:featuredmedia":[{"embeddable":true,"href":"https:\/\/sheilahughmackay.ca\/fr\/wp-json\/wp\/v2\/media\/5714"}],"wp:attachment":[{"href":"https:\/\/sheilahughmackay.ca\/fr\/wp-json\/wp\/v2\/media?parent=5713"}],"curies":[{"name":"wp","href":"https:\/\/api.w.org\/{rel}","templated":true}]}}