{"id":5808,"date":"2017-06-04T20:56:50","date_gmt":"2017-06-04T23:56:50","guid":{"rendered":"http:\/\/sheilahughmackay.ca\/shmf\/?page_id=5808"},"modified":"2017-06-04T22:15:00","modified_gmt":"2017-06-05T01:15:00","slug":"sheila-2016-canadian-art-magazine","status":"publish","type":"page","link":"https:\/\/sheilahughmackay.ca\/fr\/subventions\/les-sheila\/2016-sheilas\/la-revue-canadian-art\/","title":{"rendered":"Subvention Sheila 2016 &#8211; La revue Canadian Art"},"content":{"rendered":"<p><a href=\"http:\/\/canadianart.ca\" target=\"_blank\"><img src=\"http:\/\/canadianart.ca\/wp-content\/uploads\/2016\/09\/Fall-cover-w-lines-260x318.jpg\" width=\"220\" alt=\"Go to Canadian Art magazine\" class=\"alignleft size-medium\" \/><\/a>La fondation Sheila Hugh MacKay a accord\u00e9 une subvention de facilitation 2016 \u00e0 la Canadian Art Foundation en vue d\u2019une longue s\u00e9rie d\u2019articles consacr\u00e9s \u00e0 l\u2019exploration du monde des arts visuels au Nouveau- Brunswick. \u00c0 partir de mai 2016, Canadian Art Magazine a lanc\u00e9 un appel aux r\u00e9dactrices et r\u00e9dacteurs du Nouveau-Brunswick pour qu\u2019ils pr\u00e9sentent des articles portant sur des \u0153uvres produites au Nouveau-Brunswick. La s\u00e9rie \u00ab Spotlight on New Brunswick \u00bb contiendra des articles sous forme imprim\u00e9e et num\u00e9rique du magazine artistique national, qui compte plus de 200 000 lecteurs.<\/p>\n<p>Le r\u00e9dacteur en chef David Balzer explique : \u00ab Cette s\u00e9rie a pour but d\u2019attirer l\u2019attention sur les arts visuels au Nouveau-Brunswick \u2013 y compris les artistes, les conservateurs et les galeries de la province \u2013 et d\u2019\u00e9tablir des relations avec des r\u00e9dacteurs et des critiques \u00e9tablis au Nouveau-Brunswick, de mani\u00e8re \u00e0 stimuler le talent dans le domaine de l\u2019\u00e9criture et \u00e0 augmenter le discours critique portant sur l\u2019art produit et expos\u00e9 dans la province. \u00bb<\/p>\n<p>Parmi les articles publi\u00e9s :<\/p>\n<p><a href=\"http:\/\/canadianart.ca\/features\/janice-wright-cheney\/\" target=\"_blank\">The Lumbering Beauty of Janice Wright Cheney\u2019s Bears <\/a><br \/>\nBy Susan Sinclear<\/p>\n<p><a href=\"http:\/\/canadianart.ca\/features\/darren-emenau\/\" target=\"_blank\">Gifts of the Earth: Crafting Ceramics from Maritime Mud<\/a><br \/>\nBy Kate Wallace<\/p>\n<p><a href=\"http:\/\/canadianart.ca\/features\/rudi-aker\/\">Old Music for New Paintings: In the Studio with Rudi Aker<\/a><br \/>\nBy Sophia Bartholomew<\/p>\n<p><a href=\"http:\/\/canadianart.ca\/reviews\/ok-quoi\/\">Big Art in a Small Town: A Report on Sackville\u2019s Ok.Quoi?!<\/a><br \/>\nBY Geordie Miller<\/p>\n<p><a href=\"http:\/\/canadianart.ca\/features\/mathieu-leger-pushing-the-boundaries-of-acadie\/\">Mathieu L\u00e9ger: Pushing the Boundaries of Acadie<\/a><br \/>\nBY Thomas Hodd<\/p>\n<p><a href=\"http:\/\/canadianart.ca\/features\/fortune-not-future-bennie-allain-new-brunswick-tarot\/\">A Fortune Isn\u2019t a Future: Bennie Allain\u2019s New Brunswick Tarot<\/a><br \/>\nBy Sophia Bartholomew<\/p>\n<p><a href=\"http:\/\/canadianart.ca\/reviews\/deep-swamp-magic-new-sappyfest-residency-marries-art-music\/\">SappyFest Residency Melds Art, Music, Collaboration and Chaos<\/a><br \/>\nBY C. Elizabeth Grant<\/p>\n<p><a href=\"http:\/\/canadianart.ca\/features\/third-space-creating-gallery-without-walls\/\">Third Space: On Making a Gallery Without Walls<\/a><br \/>\nBy Kate Wallace<\/p>","protected":false},"excerpt":{"rendered":"<p>La fondation Sheila Hugh MacKay a accord\u00e9 une subvention de facilitation 2016 \u00e0 la Canadian Art Foundation en vue d\u2019une longue s\u00e9rie d\u2019articles consacr\u00e9s \u00e0 l\u2019exploration du monde des arts visuels au Nouveau- Brunswick. \u00c0 partir de mai 2016, Canadian Art Magazine a lanc\u00e9 un appel aux r\u00e9dactrices et r\u00e9dacteurs du Nouveau-Brunswick pour qu\u2019ils pr\u00e9sentent<a href=\"https:\/\/sheilahughmackay.ca\/fr\/subventions\/les-sheila\/2016-sheilas\/la-revue-canadian-art\/\">[&#8230;]<\/a><\/p>\n","protected":false},"author":1,"featured_media":0,"parent":5271,"menu_order":0,"comment_status":"closed","ping_status":"closed","template":"","meta":[],"_links":{"self":[{"href":"https:\/\/sheilahughmackay.ca\/fr\/wp-json\/wp\/v2\/pages\/5808"}],"collection":[{"href":"https:\/\/sheilahughmackay.ca\/fr\/wp-json\/wp\/v2\/pages"}],"about":[{"href":"https:\/\/sheilahughmackay.ca\/fr\/wp-json\/wp\/v2\/types\/page"}],"author":[{"embeddable":true,"href":"https:\/\/sheilahughmackay.ca\/fr\/wp-json\/wp\/v2\/users\/1"}],"replies":[{"embeddable":true,"href":"https:\/\/sheilahughmackay.ca\/fr\/wp-json\/wp\/v2\/comments?post=5808"}],"version-history":[{"count":3,"href":"https:\/\/sheilahughmackay.ca\/fr\/wp-json\/wp\/v2\/pages\/5808\/revisions"}],"predecessor-version":[{"id":5822,"href":"https:\/\/sheilahughmackay.ca\/fr\/wp-json\/wp\/v2\/pages\/5808\/revisions\/5822"}],"up":[{"embeddable":true,"href":"https:\/\/sheilahughmackay.ca\/fr\/wp-json\/wp\/v2\/pages\/5271"}],"wp:attachment":[{"href":"https:\/\/sheilahughmackay.ca\/fr\/wp-json\/wp\/v2\/media?parent=5808"}],"curies":[{"name":"wp","href":"https:\/\/api.w.org\/{rel}","templated":true}]}}