{"id":5811,"date":"2017-06-04T21:25:52","date_gmt":"2017-06-05T00:25:52","guid":{"rendered":"http:\/\/sheilahughmackay.ca\/shmf\/?page_id=5811"},"modified":"2017-06-04T22:03:07","modified_gmt":"2017-06-05T01:03:07","slug":"sheila-grant-2016-galerie-san-nom","status":"publish","type":"page","link":"https:\/\/sheilahughmackay.ca\/fr\/subventions\/les-sheila\/2016-sheilas\/subventions-sheila-2016-galerie-san-nom\/","title":{"rendered":"Subventions Sheila 2016 &#8211; Galerie Sans Nom"},"content":{"rendered":"<p><a href=\"http:\/\/sheilahughmackay.ca\/\/wp-content\/uploads\/2016\/09\/cover_mariodoucette.jpg\"><img loading=\"lazy\" src=\"http:\/\/sheilahughmackay.ca\/\/wp-content\/uploads\/2016\/09\/cover_mariodoucette-1024x932.jpg\" alt=\"\" width=\"640\" height=\"583\" class=\"aligncenter size-large wp-image-5814\" srcset=\"https:\/\/sheilahughmackay.ca\/wp-content\/uploads\/2016\/09\/cover_mariodoucette-1024x932.jpg 1024w, https:\/\/sheilahughmackay.ca\/wp-content\/uploads\/2016\/09\/cover_mariodoucette-300x273.jpg 300w, https:\/\/sheilahughmackay.ca\/wp-content\/uploads\/2016\/09\/cover_mariodoucette-768x699.jpg 768w\" sizes=\"(max-width: 640px) 100vw, 640px\" \/><\/a><\/p>\n<p>La Fondation Sheila Hugh Mackay est fi\u00e8re d\u2019associer \u00e0 la <a href=\"https:\/\/galeriesansnom.org\" title=\"galeriesansnom.org\" target=\"_blank\">Galerie Sans Nom<\/a> \u00e0 l\u2019occasion de la parution de <strong>Mario Doucette<\/strong>, un ouvrage qui offer un examen critique ainsi que la documentation d\u2019un important corpus d\u2019\u0153uvres r\u00e9alis\u00e9es par l\u2019une des vedettes montantes du Nouveau-Brunswick, Mario Doucette.  La Fondation travaille au soutien des arts visuels au moyen de prix et de bourses qui reconnaissent l\u2019excellence et appuient l\u2019advancement de nos artistes.  Ce projet offer l\u2019occasion de contribuer \u00e0 l\u2019h\u00e9ritage culturel du Mouveau-Brunswick et de defender l\u2019\u0153uvre de Mario Doucette, un artiste dote d\u2019une force et d\u2019une vision uniques.<\/p>\n<p><div id=\"attachment_5816\" style=\"width: 310px\" class=\"wp-caption alignright\"><a href=\"http:\/\/sheilahughmackay.ca\/\/wp-content\/uploads\/2017\/06\/1-shmf_doucette.jpg\"><img aria-describedby=\"caption-attachment-5816\" loading=\"lazy\" src=\"http:\/\/sheilahughmackay.ca\/\/wp-content\/uploads\/2017\/06\/1-shmf_doucette-300x178.jpg\" alt=\"\" width=\"300\" height=\"178\" class=\"size-medium wp-image-5816\" srcset=\"https:\/\/sheilahughmackay.ca\/wp-content\/uploads\/2017\/06\/1-shmf_doucette-300x178.jpg 300w, https:\/\/sheilahughmackay.ca\/wp-content\/uploads\/2017\/06\/1-shmf_doucette-768x455.jpg 768w, https:\/\/sheilahughmackay.ca\/wp-content\/uploads\/2017\/06\/1-shmf_doucette.jpg 1024w\" sizes=\"(max-width: 300px) 100vw, 300px\" \/><\/a><p id=\"caption-attachment-5816\" class=\"wp-caption-text\">Book Launch at Aberdeen Centre in Moncton, April 2017, R\u00e9mi Belliveau, Kathryn McCarroll, Mario Doucette,  Annie France No\u00ebl<\/p><\/div>En 2014, Mario Doucette a \u00e9t\u00e9 le premier laur\u00e9at de la bourse Marie H\u00e9l\u00e8ne Allain de la Fondation Sheila Hugh Mackay, recompense attribu\u00e9e par un jury en reconnaissance de l\u2019excellence artistique d\u2019un artiste nouveau-brunswickois \u00e0 mi-carri\u00e8re.  Il a \u00e9t\u00e8 tr\u00e8s gratifiant d\u2019observer l\u2019\u00e9volution de la demarche de Doucette tout au long de l\u2019ann\u00e9e ou il a b\u00e9n\u00e9fici\u00e9 de son prix.  Puisant fortement dans la riche tradition de l\u2019histoire de la peinture, il met \u00e0 mal les mythes du colonialism, r\u00e9examinant avec une main de maitre l\u2019historie de l\u2019Acadie. Harias, son plus recent corpus, est un reel tour de force.<\/p>\n<p>La Fondation Sheila Hugh Mackay remercie R\u00e9mi Belliveau et Annie France No\u00ebl de la Galerie Sans Nom de leur leadership dans l\u2019\u00e9largissement du discours critique sur l\u2019\u0153uvre d\u2019un artiste important du Canada.  Leur objectif de cr\u00e9er des publications qui rendent l\u2019art contemporain accessible au public est louable et nous les f\u00e9licitons du travail qu\u2019ils poursuivent.  Nous souhaitons \u00e9galement souligner l\u2019apport de Mike Landry, d\u2019Elise Anne LaPlante et d\u2019Herm\u00e9n\u00e9gilde Chiasson don\u2019t les points de vue p\u00e9n\u00e9trants sur l\u2019art du Nouveau-Brunswick ne cessent de nous enricher tous.<\/p>\n<p><iframe loading=\"lazy\" width=\"560\" height=\"315\" src=\"https:\/\/www.youtube.com\/embed\/sEZ0ZGUGPgU\" frameborder=\"0\" allowfullscreen><\/iframe><\/p>","protected":false},"excerpt":{"rendered":"<p>La Fondation Sheila Hugh Mackay est fi\u00e8re d\u2019associer \u00e0 la Galerie Sans Nom \u00e0 l\u2019occasion de la parution de Mario Doucette, un ouvrage qui offer un examen critique ainsi que la documentation d\u2019un important corpus d\u2019\u0153uvres r\u00e9alis\u00e9es par l\u2019une des vedettes montantes du Nouveau-Brunswick, Mario Doucette. La Fondation travaille au soutien des arts visuels au<a href=\"https:\/\/sheilahughmackay.ca\/fr\/subventions\/les-sheila\/2016-sheilas\/subventions-sheila-2016-galerie-san-nom\/\">[&#8230;]<\/a><\/p>\n","protected":false},"author":1,"featured_media":0,"parent":5271,"menu_order":0,"comment_status":"closed","ping_status":"closed","template":"","meta":[],"_links":{"self":[{"href":"https:\/\/sheilahughmackay.ca\/fr\/wp-json\/wp\/v2\/pages\/5811"}],"collection":[{"href":"https:\/\/sheilahughmackay.ca\/fr\/wp-json\/wp\/v2\/pages"}],"about":[{"href":"https:\/\/sheilahughmackay.ca\/fr\/wp-json\/wp\/v2\/types\/page"}],"author":[{"embeddable":true,"href":"https:\/\/sheilahughmackay.ca\/fr\/wp-json\/wp\/v2\/users\/1"}],"replies":[{"embeddable":true,"href":"https:\/\/sheilahughmackay.ca\/fr\/wp-json\/wp\/v2\/comments?post=5811"}],"version-history":[{"count":5,"href":"https:\/\/sheilahughmackay.ca\/fr\/wp-json\/wp\/v2\/pages\/5811\/revisions"}],"predecessor-version":[{"id":5820,"href":"https:\/\/sheilahughmackay.ca\/fr\/wp-json\/wp\/v2\/pages\/5811\/revisions\/5820"}],"up":[{"embeddable":true,"href":"https:\/\/sheilahughmackay.ca\/fr\/wp-json\/wp\/v2\/pages\/5271"}],"wp:attachment":[{"href":"https:\/\/sheilahughmackay.ca\/fr\/wp-json\/wp\/v2\/media?parent=5811"}],"curies":[{"name":"wp","href":"https:\/\/api.w.org\/{rel}","templated":true}]}}