{"id":6006,"date":"2018-01-10T13:58:54","date_gmt":"2018-01-10T17:58:54","guid":{"rendered":"http:\/\/sheilahughmackay.ca\/shmf\/?page_id=6006"},"modified":"2026-03-10T21:37:34","modified_gmt":"2026-03-11T00:37:34","slug":"sheila-hugh-mackay-international-creative-residency","status":"publish","type":"page","link":"https:\/\/sheilahughmackay.ca\/fr\/programme-de-bourses\/residence-internationale-de-la-fondation-sheila-hugh-mackay-pour-la-creativite\/","title":{"rendered":"R\u00e9sidence internationale de la Fondation Sheila Hugh Mackay"},"content":{"rendered":"<p><!--\n\n\n<div style=\"background-color: #f0d3d1; padding: 20px; text-align: center; margin-bottom: 10px;\"><span data-mce-type=\"bookmark\" style=\"display: inline-block; width: 0px; overflow: hidden; line-height: 0;\" class=\"mce_SELRES_start\"><\/span><em>Compte tenu des restrictions de voyage complexes impos\u00e9es par la pand\u00e9mie, la SHMF n'offrira pas de programme de r\u00e9sidence internationale en 2021.<\/em><\/div>\n\n\n--><br \/>\nLa R\u00e9sidence internationale de la Fondation Sheila Hugh Mackay pour la cr\u00e9ativit\u00e9 est une initiative visant \u00e0 promouvoir la carri\u00e8re d\u2019artistes professionnels en arts visuels du Nouveau-Brunswick. Par l&#8217;entremise de ce programme, des bourses d&#8217;\u00e9tudes d&#8217;un montant maximal de 10\u00a0000\u00a0$ sont offertes\u00a0aux fins suivantes\u00a0:<\/p>\n<ul>\n<li>Encourager les artistes \u00e0 perfectionner leurs comp\u00e9tences et \u00e0 acc\u00e9der \u00e0 de nouveaux milieux culturels stimulants.<\/li>\n<li>Favoriser les \u00e9changes de points de vue artistiques et contribuer \u00e0 l&#8217;\u00e9tablissement de liens durables entre les artistes et les communaut\u00e9s internationales.<\/li>\n<li>Soutenir la cr\u00e9ation de nouvelles \u0153uvres.<\/li>\n<li>Offrir un acc\u00e8s \u00e0 une formation avanc\u00e9e.<\/li>\n<\/ul>\n<p>Fournir des fonds pour l&#8217;exploration cr\u00e9ative est un investissement dans la croissance professionnelle des artistes du Nouveau-Brunswick.<br \/>\n<!--\n\n\n<blockquote><a href=\"https:\/\/sheilahughmackay.ca\/wp-content\/uploads\/2025\/11\/SHMF-Residency-Application-2026-FR.pdf\" target=\"_blank\" rel=\"noopener noreferrer\">R\u00e9sidence internationale de la Fondation Sheila Hugh Mackay<\/a><\/blockquote>\n\n\n--><\/p>\n<div style=\"background-color: #272727; padding: 35px; color: #b7b7b7; margin-top: 35px;\">\n<p><strong>F\u00e9licitations aux anciens destinataires<\/strong> :<\/p>\n<p>Un jury compos\u00e9 d\u2019artistes professionnels a attribu\u00e9 des bourses aux personnes suivantes :<\/p>\n<p><strong>2025<\/strong><\/p>\n<p><img loading=\"lazy\" class=\"alignleft size-full wp-image-6018\" src=\"https:\/\/sheilahughmackay.ca\/wp-content\/uploads\/2025\/11\/Flag_of_China.png\" alt=\"\" width=\"39\" height=\"26\" \/> <strong>Wendy Johnston<\/strong> pour une r\u00e9sidence au China<\/p>\n<p>&nbsp;<\/p>\n<p><strong>2024<\/strong><\/p>\n<p><img loading=\"lazy\" class=\"alignleft wp-image-6018 size-full\" src=\"https:\/\/sheilahughmackay.ca\/wp-content\/uploads\/2024\/05\/Flag_of_Chile.png\" alt=\"\" width=\"39\" height=\"26\" \/> <strong>Linda Rae Dornan<\/strong> pour une r\u00e9sidence au Chili<\/p>\n<p>&nbsp;<\/p>\n<p><strong>2023<\/strong><\/p>\n<p><img loading=\"lazy\" class=\"alignleft wp-image-6018 size-full\" src=\"https:\/\/sheilahughmackay.ca\/wp-content\/uploads\/2018\/01\/Flag_of_Ireland.svg_-e1515608713916.png\" alt=\"\" width=\"52\" height=\"26\" \/> <strong>Alisha Arseneault<\/strong> pour une r\u00e9sidence en Irlande<\/p>\n<p>&nbsp;<\/p>\n<p><strong>2022<\/strong><\/p>\n<p><img loading=\"lazy\" class=\"alignleft wp-image-8061 size-full\" src=\"https:\/\/sheilahughmackay.ca\/wp-content\/uploads\/2023\/12\/artic_circle_flag_sm.png\" alt=\"Artic Circle\" width=\"36\" height=\"26\" \/> <strong>Julie Forgues<\/strong> pour une r\u00e9sidence dans le Artic Circle<\/p>\n<p>&nbsp;<\/p>\n<p><strong>2019<\/strong><\/p>\n<p><img loading=\"lazy\" class=\"alignleft size-full wp-image-6020\" src=\"http:\/\/sheilahughmackay.ca\/\/wp-content\/uploads\/2018\/01\/Flag_of_the_United_States.svg_-e1515608662474.png\" alt=\"\" width=\"49\" height=\"26\" \/> <strong>Amanda Fauteux<\/strong> pour une r\u00e9sidence aux \u00c9tats-Unis<\/p>\n<p>&nbsp;<\/p>\n<p><strong>2018<\/strong><\/p>\n<p><img loading=\"lazy\" class=\"wp-image-6678 size-full alignleft\" src=\"https:\/\/sheilahughmackay.ca\/wp-content\/uploads\/2020\/01\/italy_flag.png\" alt=\"Italy\" width=\"39\" height=\"26\" \/> <strong>Anna Torma<\/strong> pour une r\u00e9sidence en Italie<\/p>\n<p>&nbsp;<\/p>\n<p><strong>2016<\/strong><\/p>\n<p><img loading=\"lazy\" class=\"alignleft wp-image-6021 size-full\" src=\"https:\/\/sheilahughmackay.ca\/wp-content\/uploads\/2018\/01\/belgian-flag-small-e1515608103848.jpg\" alt=\"\" width=\"30\" height=\"26\" \/><strong>Mathieu L\u00e9ger<\/strong> pour une r\u00e9sidence en Belgique<\/p>\n<p><img loading=\"lazy\" class=\"alignleft wp-image-6020 size-full\" src=\"http:\/\/sheilahughmackay.ca\/\/wp-content\/uploads\/2018\/01\/Flag_of_the_United_States.svg_-e1515608662474.png\" alt=\"\" width=\"49\" height=\"26\" \/>Nick Paul pour une r\u00e9sidence aux \u00c9tats-Unis<\/p>\n<p><img loading=\"lazy\" class=\"alignleft wp-image-6019 size-full\" src=\"https:\/\/sheilahughmackay.ca\/wp-content\/uploads\/2018\/01\/Flag_of_Spain.svg_-e1515608690950.png\" alt=\"\" width=\"39\" height=\"26\" \/><strong>Danielle Hogan<\/strong> pour une r\u00e9sidence en Espagne<\/p>\n<p>&nbsp;<\/p>\n<p><strong>2015<\/strong><\/p>\n<p><img loading=\"lazy\" class=\"alignleft wp-image-6017 size-full\" src=\"https:\/\/sheilahughmackay.ca\/wp-content\/uploads\/2018\/01\/900px-Flag_of_Japan.svg_-e1515608731639.png\" alt=\"\" width=\"39\" height=\"26\" \/><strong>Jules Forgues<\/strong> pour une r\u00e9sidence au Japon<\/p>\n<p><img loading=\"lazy\" class=\"alignleft wp-image-6018 size-full\" src=\"https:\/\/sheilahughmackay.ca\/wp-content\/uploads\/2018\/01\/Flag_of_Ireland.svg_-e1515608713916.png\" alt=\"\" width=\"52\" height=\"26\" \/><strong>Leah Garnett<\/strong> pour une r\u00e9sidence dans le Comt\u00e9 de Cork, en Irlande<\/p>\n<p><img loading=\"lazy\" class=\"alignleft wp-image-6016 size-full\" src=\"https:\/\/sheilahughmackay.ca\/wp-content\/uploads\/2018\/01\/150px-Flag_of_Switzerland_Pantone.svg_-e1515608744312.png\" alt=\"\" width=\"26\" height=\"26\" \/><strong>Mathieu L\u00e9ger<\/strong> pour une r\u00e9sidence \u00e0 Gen\u00e8ve, en Suisse<\/p>\n<\/div>\n<p><\/p>","protected":false},"excerpt":{"rendered":"<p>La R\u00e9sidence internationale de la Fondation Sheila Hugh Mackay pour la cr\u00e9ativit\u00e9 est une initiative visant \u00e0 promouvoir la carri\u00e8re d\u2019artistes professionnels en arts visuels du Nouveau-Brunswick. Par l&#8217;entremise de ce programme, des bourses d&#8217;\u00e9tudes d&#8217;un montant maximal de 10\u00a0000\u00a0$ sont offertes\u00a0aux fins suivantes\u00a0: Encourager les artistes \u00e0 perfectionner leurs comp\u00e9tences et \u00e0 acc\u00e9der \u00e0<a href=\"https:\/\/sheilahughmackay.ca\/fr\/programme-de-bourses\/residence-internationale-de-la-fondation-sheila-hugh-mackay-pour-la-creativite\/\">[&#8230;]<\/a><\/p>\n","protected":false},"author":1,"featured_media":0,"parent":76,"menu_order":4,"comment_status":"closed","ping_status":"closed","template":"template-fullwidth.php","meta":[],"_links":{"self":[{"href":"https:\/\/sheilahughmackay.ca\/fr\/wp-json\/wp\/v2\/pages\/6006"}],"collection":[{"href":"https:\/\/sheilahughmackay.ca\/fr\/wp-json\/wp\/v2\/pages"}],"about":[{"href":"https:\/\/sheilahughmackay.ca\/fr\/wp-json\/wp\/v2\/types\/page"}],"author":[{"embeddable":true,"href":"https:\/\/sheilahughmackay.ca\/fr\/wp-json\/wp\/v2\/users\/1"}],"replies":[{"embeddable":true,"href":"https:\/\/sheilahughmackay.ca\/fr\/wp-json\/wp\/v2\/comments?post=6006"}],"version-history":[{"count":63,"href":"https:\/\/sheilahughmackay.ca\/fr\/wp-json\/wp\/v2\/pages\/6006\/revisions"}],"predecessor-version":[{"id":8404,"href":"https:\/\/sheilahughmackay.ca\/fr\/wp-json\/wp\/v2\/pages\/6006\/revisions\/8404"}],"up":[{"embeddable":true,"href":"https:\/\/sheilahughmackay.ca\/fr\/wp-json\/wp\/v2\/pages\/76"}],"wp:attachment":[{"href":"https:\/\/sheilahughmackay.ca\/fr\/wp-json\/wp\/v2\/media?parent=6006"}],"curies":[{"name":"wp","href":"https:\/\/api.w.org\/{rel}","templated":true}]}}